{"id":112981,"date":"2024-01-29T10:44:23","date_gmt":"2024-01-29T10:44:23","guid":{"rendered":"https:\/\/staging.wewhale.co\/?page_id=112981"},"modified":"2024-07-03T11:18:47","modified_gmt":"2024-07-03T10:18:47","slug":"conservation-programm-lanzarote","status":"publish","type":"page","link":"https:\/\/staging.wewhale.co\/de\/conservation-programm-lanzarote\/","title":{"rendered":"Conservation Programm auf Lanzarote"},"content":{"rendered":"<div class=\"wpb-content-wrapper\"><p>[vc_row unlock_row_content=&#8221;yes&#8221; row_height_percent=&#8221;40&#8243; override_padding=&#8221;yes&#8221; h_padding=&#8221;2&#8243; top_padding=&#8221;4&#8243; bottom_padding=&#8221;2&#8243; back_color=&#8221;color-180534&#8243; back_image=&#8221;112611&#8243; back_position=&#8221;center center&#8221; overlay_color=&#8221;color-180534&#8243; overlay_alpha=&#8221;0&#8243; gutter_size=&#8221;3&#8243; column_width_percent=&#8221;100&#8243; shift_y=&#8221;0&#8243; z_index=&#8221;0&#8243; uncode_shortcode_id=&#8221;247845&#8243; overlay_color_type=&#8221;uncode-palette&#8221; back_color_type=&#8221;uncode-palette&#8221;][vc_column column_width_percent=&#8221;100&#8243; align_horizontal=&#8221;align_center&#8221; gutter_size=&#8221;2&#8243; style=&#8221;dark&#8221; overlay_alpha=&#8221;50&#8243; shift_x=&#8221;0&#8243; shift_y=&#8221;0&#8243; shift_y_down=&#8221;0&#8243; z_index=&#8221;0&#8243; medium_width=&#8221;0&#8243; mobile_width=&#8221;0&#8243; width=&#8221;1\/1&#8243; uncode_shortcode_id=&#8221;711861&#8243;][vc_single_image media=&#8221;139&#8243; media_width_use_pixel=&#8221;yes&#8221; alignment=&#8221;center&#8221; uncode_shortcode_id=&#8221;111104&#8243; media_width_pixel=&#8221;100&#8243;][vc_custom_heading heading_semantic=&#8221;h1&#8243; text_size=&#8221;h1&#8243; uncode_shortcode_id=&#8221;990680&#8243;]<strong>Conservation Programm auf Lanzarote<\/strong>[\/vc_custom_heading][\/vc_column][\/vc_row][vc_row unlock_row=&#8221;&#8221; row_height_percent=&#8221;90&#8243; overlay_alpha=&#8221;50&#8243; equal_height=&#8221;yes&#8221; gutter_size=&#8221;2&#8243; column_width_percent=&#8221;100&#8243; shift_y=&#8221;0&#8243; z_index=&#8221;0&#8243; uncode_shortcode_id=&#8221;204705&#8243; css=&#8221;.vc_custom_1708526414715{margin-top: 30px !important;margin-bottom: -30px !important;}&#8221;][vc_column column_width_percent=&#8221;100&#8243; align_horizontal=&#8221;align_center&#8221; gutter_size=&#8221;2&#8243; expand_height=&#8221;yes&#8221; overlay_alpha=&#8221;50&#8243; shift_x=&#8221;0&#8243; shift_y=&#8221;0&#8243; shift_y_down=&#8221;0&#8243; z_index=&#8221;0&#8243; medium_width=&#8221;0&#8243; mobile_width=&#8221;0&#8243; width=&#8221;1\/2&#8243; uncode_shortcode_id=&#8221;146898&#8243;][vc_single_image media=&#8221;112618&#8243; media_width_percent=&#8221;100&#8243; media_ratio=&#8221;four-five&#8221; uncode_shortcode_id=&#8221;548740&#8243;][vc_single_image media=&#8221;112621&#8243; media_width_percent=&#8221;100&#8243; media_ratio=&#8221;three-two&#8221; alignment=&#8221;center&#8221; uncode_shortcode_id=&#8221;446225&#8243;][\/vc_column][vc_column width=&#8221;1\/2&#8243;][vc_custom_heading heading_semantic=&#8221;h3&#8243; uncode_shortcode_id=&#8221;875456&#8243;]Lust bei unserem Wal- und Delfinschutzprogramm auf den Kanarischen Inseln mitzumachen?[\/vc_custom_heading][vc_column_text uncode_shortcode_id=&#8221;268711&#8243;]Unser Freiwilligenprogramm f\u00fcr Meeresschutz auf Lanzarote erstreckt sich \u00fcber einen Zeitraum von 1 bis 6 Wochen. Dort hast du die M\u00f6glichkeit, Teil unserer Initiative zu werden und dabei zu helfen, Wal- und Delfinbeobachtungstouren leise und umweltfreundlich zu gestalten.<\/p>\n<p>Du erweiterst dein Wissen \u00fcber verschiedene Arten von Walen und Delfinen, tr\u00e4gst dazu bei, das Bewusstsein f\u00fcr ihre spezifischen Herausforderungen zu sch\u00e4rfen, und sammelst praktische Erfahrungen durch deine Mitarbeit im Team von WeWhale.[\/vc_column_text][vc_column_text uncode_shortcode_id=&#8221;110637&#8243;]<\/p>\n<h3><strong>Highlights<\/strong><\/h3>\n<ul>\n<li>Erlebe Wale und Delfine in ihrer nat\u00fcrlichen Umgebung auf Lanzarote (die Kanarischen Inseln sind einer der wenigen Orte der Welt, an denen du das ganze Jahr \u00fcber Wale und Delfine beobachten und studieren kannst!)<\/li>\n<li>\u2022 Lerne Insights \u00fcber die meist gesehenen Arten auf Lanzarote, darunter Atlantische Fleckendelfine, Risso\u2019s Delfine, Rauzahndelfine und Schnabelwale<\/li>\n<li>Sei Teil einer coolen Bewegung und Mission, um Walbeobachtungsexkursionen respektvoll, ger\u00e4usch- und emissionsfrei zu gestalten<\/li>\n<li>Sammle wertvolle Einblicke und Erkenntnisse, w\u00e4hrend du aktiv am Schutz und der Erhaltung von Walen und Delfinen teilnimmst<\/li>\n<li>Tauche ein in die spanische Kultur und die atemberaubende Insel Lanzarote<\/li>\n<\/ul>\n<p>[\/vc_column_text][vc_column_text uncode_shortcode_id=&#8221;589605&#8243;]<\/p>\n<h3>Was wirst du im Programm machen?<\/h3>\n<ul>\n<li>Sei Teil unserer Crew vor Ort (Kapit\u00e4n und Biologe) und unterst\u00fctze diese bei ihren t\u00e4glichen Aufgaben<\/li>\n<li>Hilf unserer Meeresbiologin bei der Entwicklung von Bildungsmaterialien und Pr\u00e4sentationen<\/li>\n<li>Erfasse Bilder, Videos und Hydrofon-Aufnahmen von Walen und Delfinen an Bord w\u00e4hrend unserer Erlebnisse<\/li>\n<li>Aufbereitung und Analyse der gesammelten Daten zur Nutzung unserer \u2018Awareness-Kampagnen\u2018<\/li>\n<li>Hilfe bei der Instandhaltung unseres Katamarans \u2018La Santa Maria\u2019 \u2013 der erste ger\u00e4usch- und emissionsfreie Katamaran f\u00fcr Wal- und Delfinbeobachtungen in der EU<\/li>\n<li>Teilnahme an lokalen Meereserhaltungsveranstaltungen<\/li>\n<li>Verbringe einen Tag im Canary Island Cetaceans Research Center und erhalte Einblicke in die Biologie verschiedener Wal- und Delfinarten<\/li>\n<\/ul>\n<p>[\/vc_column_text][\/vc_column][\/vc_row][vc_row unlock_row_content=&#8221;yes&#8221; row_height_percent=&#8221;0&#8243; override_padding=&#8221;yes&#8221; h_padding=&#8221;0&#8243; top_padding=&#8221;3&#8243; bottom_padding=&#8221;0&#8243; overlay_alpha=&#8221;50&#8243; gutter_size=&#8221;3&#8243; column_width_percent=&#8221;100&#8243; shift_y=&#8221;0&#8243; z_index=&#8221;0&#8243; uncode_shortcode_id=&#8221;100453&#8243; front_end_with_slider=&#8221;true&#8221;][vc_column column_width_percent=&#8221;100&#8243; gutter_size=&#8221;3&#8243; overlay_alpha=&#8221;50&#8243; shift_x=&#8221;0&#8243; shift_y=&#8221;0&#8243; shift_y_down=&#8221;0&#8243; z_index=&#8221;0&#8243; medium_width=&#8221;0&#8243; mobile_width=&#8221;0&#8243; width=&#8221;1\/1&#8243; uncode_shortcode_id=&#8221;555542&#8243; css=&#8221;.vc_custom_1708524513053{border-top-width: -20px !important;padding-top: -10px !important;}&#8221;][vc_gallery el_id=&#8221;gallery-101239&#8243; type=&#8221;carousel&#8221; medias=&#8221;112625,112628,112631,112634,112637,112640,112643,112655,112661,112664,112667,112673,112679,112676,112682,112685,112688,112670,112729&#8243; carousel_lg=&#8221;3&#8243; carousel_md=&#8221;3&#8243; carousel_sm=&#8221;1&#8243; thumb_size=&#8221;one-one&#8221; gutter_size=&#8221;0&#8243; media_items=&#8221;media|lightbox|original&#8221; carousel_interval=&#8221;3000&#8243; carousel_navspeed=&#8221;400&#8243; carousel_loop=&#8221;yes&#8221; stage_padding=&#8221;0&#8243; single_overlay_opacity=&#8221;50&#8243; single_padding=&#8221;2&#8243; single_border=&#8221;yes&#8221; uncode_shortcode_id=&#8221;349759&#8243; items=&#8221;eyIxNDc3X2kiOnsic2luZ2xlX3dpZHRoIjoiMiJ9LCIxNDQ0X2kiOnsic2luZ2xlX3dpZHRoIjoiNiJ9LCIxNDcxX2kiOnsic2luZ2xlX3dpZHRoIjoiNSJ9LCIxOTBfaSI6eyJzaW5nbGVfd2lkdGgiOiIzIn0sIjE0MzhfaSI6eyJzaW5nbGVfd2lkdGgiOiI2In0sIjE0NDdfaSI6eyJzaW5nbGVfd2lkdGgiOiI2In0sIjE0NTBfaSI6eyJzaW5nbGVfd2lkdGgiOiI0In0sIjE5Ml9pIjp7InNpbmdsZV93aWR0aCI6IjQifSwiMTQ1Nl9pIjp7InNpbmdsZV93aWR0aCI6IjYifSwiMzA1MV9pIjp7InNpbmdsZV93aWR0aCI6IjMifSwiMzA2MF9pIjp7InNpbmdsZV93aWR0aCI6IjUifSwiMzA2Nl9pIjp7InNpbmdsZV93aWR0aCI6IjUifSwiMzA1N19pIjp7InNpbmdsZV93aWR0aCI6IjMifSwiMzA0OF9pIjp7InNpbmdsZV93aWR0aCI6IjMifSwiMzgyMl9pIjp7InNpbmdsZV93aWR0aCI6IjUifSwiMzgyNV9pIjp7InNpbmdsZV93aWR0aCI6IjcifSwiNDI4OV9pIjp7InNpbmdsZV93aWR0aCI6IjgifSwiNDI2OF9pIjp7InNpbmdsZV93aWR0aCI6IjYifSwiNDI4MF9pIjp7InNpbmdsZV93aWR0aCI6IjYifX0=&#8221;][\/vc_column][\/vc_row][vc_row row_height_percent=&#8221;0&#8243; override_padding=&#8221;yes&#8221; h_padding=&#8221;2&#8243; top_padding=&#8221;2&#8243; bottom_padding=&#8221;2&#8243; overlay_alpha=&#8221;50&#8243; equal_height=&#8221;yes&#8221; gutter_size=&#8221;3&#8243; column_width_percent=&#8221;100&#8243; preserve_border=&#8221;yes&#8221; preserve_border_tablet=&#8221;yes&#8221; preserve_border_mobile=&#8221;yes&#8221; shift_y=&#8221;0&#8243; z_index=&#8221;0&#8243; uncode_shortcode_id=&#8221;100767&#8243; front_end_with_slider=&#8221;true&#8221; css=&#8221;.vc_custom_1710338314535{margin-bottom: 20px !important;padding-left: 30px !important;}&#8221;][vc_column column_width_percent=&#8221;75&#8243; gutter_size=&#8221;3&#8243; overlay_alpha=&#8221;50&#8243; shift_x=&#8221;0&#8243; shift_y=&#8221;0&#8243; shift_y_down=&#8221;0&#8243; z_index=&#8221;0&#8243; medium_width=&#8221;0&#8243; mobile_width=&#8221;0&#8243; width=&#8221;1\/1&#8243; uncode_shortcode_id=&#8221;159575&#8243;][vc_column_text uncode_shortcode_id=&#8221;545460&#8243;]<\/p>\n<h2><strong>Was ist inbegriffen?<\/strong><\/h2>\n<ul>\n<li>T\u00e4gliche Wal- und Delfinbeobachtungsexpeditionen (au\u00dfer Sonntag und Montag, da diese unsere Ruhetage sind)<\/li>\n<li>Fr\u00fcchte, Snacks und Getr\u00e4nke w\u00e4hrend der Ausfahrten<\/li>\n<li>Die Unterkunft wird von uns im WeWhale Ocean House in Puerto del Carmen gestellt (10 Minuten von Puerto Calero entfernt, dem Zuhause unseres Katamarans \u2018La Santa Maria\u2019)<\/li>\n<li>Flughafentransfer<\/li>\n<li>Kostenlose Fahrradnutzung<\/li>\n<\/ul>\n<p>Dieses Programm ist das ganze Jahr verf\u00fcgbar und kann an jedem beliebigen Datum begonnen werden (je nach Verf\u00fcgbarkeit).<\/p>\n<p>Dies ist ein bezahltes Programm \u2013 von der Geb\u00fchr werden 22,5% f\u00fcr die Arbeit des <em><strong><a href=\"https:\/\/staging.wewhale.co\/de\/association-2\/\" target=\"_blank\" rel=\"noopener\">WeWhale-Vereins verwendet<\/a>.<\/strong><\/em><\/p>\n<p>Preis auf Anfrage erh\u00e4ltlich \u2013 kontaktiere uns, um mehr zu erfahren und dich zu bewerben.[\/vc_column_text][vc_row_inner row_inner_height_percent=&#8221;0&#8243; overlay_alpha=&#8221;50&#8243; gutter_size=&#8221;3&#8243; preserve_border=&#8221;yes&#8221; preserve_border_tablet=&#8221;yes&#8221; preserve_border_mobile=&#8221;yes&#8221; shift_y=&#8221;0&#8243; z_index=&#8221;0&#8243; limit_content=&#8221;&#8221; uncode_shortcode_id=&#8221;123817&#8243;][vc_column_inner column_width_percent=&#8221;100&#8243; position_vertical=&#8221;middle&#8221; align_horizontal=&#8221;align_center&#8221; gutter_size=&#8221;3&#8243; overlay_alpha=&#8221;50&#8243; shift_x=&#8221;0&#8243; shift_y=&#8221;0&#8243; shift_y_down=&#8221;0&#8243; z_index=&#8221;0&#8243; medium_width=&#8221;0&#8243; mobile_width=&#8221;0&#8243; width=&#8221;1\/1&#8243; uncode_shortcode_id=&#8221;203180&#8243;][vc_raw_html]W3NnX3BvcHVwIGlkPSIxMTI0NDYiIGluc2lkZXBvcHVwPSJvbiJdCjxidXR0b24gY2xhc3M9InNncGItaHRtbC1jdXN0b20tYnV0dG9uIHNncGItaHRtbC1jdXN0b20tYnV0dG9uLTIzNzc3IiBzdHlsZT0id2lkdGg6IDIwMHB4OyBoZWlnaHQ6IDQwcHg7IGJvcmRlci13aWR0aDogMXB4OyBib3JkZXItcmFkaXVzOiA0cHg7IGJvcmRlci1jb2xvcjogIzE1NDE1NDsgYmFja2dyb3VuZC1jb2xvcjogIzE1NDE1NDsgY29sb3I6ICNmZmZmZmY7IHBhZGRpbmc6IDA7IGZvbnQtc2l6ZTogMTRweDsgZm9udC13ZWlnaHQ6IDgwMDsiIGRhdGEtb3B0aW9ucz0iJTdCJTIyc2dwYi1jdXN0b20tYnRuLXRpdGxlJTIyOiUyMlByb2dyYW1tZSUyMGlucXVpcnklMjIsJTIyc2dwYi1jdXN0b20tYnRuLXdpZHRoJTIyOiUyMjIyMHB4JTIyLCUyMnNncGItY3VzdG9tLWJ0bi1oZWlnaHQlMjI6JTIyNjBweCUyMiwlMjJzZ3BiLWN1c3RvbS1idG4tYm9yZGVyLXdpZHRoJTIyOiUyMjFweCUyMiwlMjJzZ3BiLWN1c3RvbS1idG4tYm9yZGVyLXJhZGl1cyUyMjolMjI0cHglMjIsJTIyc2dwYi1jdXN0b20tYnRuLWJvcmRlci1jb2xvciUyMjolMjIjMTU0MTU0JTIyLCUyMnVuZGVmaW5lZCUyMjolMjJDYW5jZWwlMjIsJTIyc2dwYi1jdXN0b20tYnRuLWJnLWNvbG9yJTIyOiUyMiM0NTczODYlMjIsJTIyc2dwYi1jdXN0b20tYnRuLXRleHQtY29sb3IlMjI6JTIyI0ZGRkZGRiUyMiwlMjJzZ3BiLWN1c3RvbS1idXR0b24lMjI6JTIyb3BlblBvcHVwJTIyLCUyMnNncGItY3VzdG9tLWJ1dHRvbi1wb3B1cCUyMjolMjIxMTI0NDYlMjIsJTIyc2dwYi1jdXN0b20tYnV0dG9uLWNvcHktdG8tY2xpcGJvYXJkLXRleHQlMjI6JTIyc29tZSUyMHRleHQlMjBoZXJlJTIyLCUyMnNncGItY3VzdG9tLWJ1dHRvbi1jb3B5LXRvLWNsaXBib2FyZC1tZXNzYWdlJTIyOiUyMkNvcGllZCUyMHRvJTIwY2xpcGJvYXJkISUyMiwlMjJzZ3BiLWN1c3RvbS1idXR0b24tcmVkaXJlY3QtVVJMJTIyOiUyMiUyMiU3RCI+UFJPR1JBTU1BTkZSQUdFPC9idXR0b24+Cgo8c3R5bGU+Ci5zZ3BiLWh0bWwtY3VzdG9tLWJ1dHRvbi0yMzc3Nzpob3ZlciB7CiAgICBiYWNrZ3JvdW5kLWNvbG9yOiAjRkZGRkZGICFpbXBvcnRhbnQ7IC8qIEJhY2tncm91bmQgY29sb3Igb24gaG92ZXIgaXMgd2hpdGUgKi8KICAgIGNvbG9yOiAjMTU0MTU0ICFpbXBvcnRhbnQ7IC8qIFRleHQgY29sb3Igb24gaG92ZXIgbWF0Y2hlcyB0aGUgb3JpZ2luYWwgYmFja2dyb3VuZCBjb2xvciAqLwogICAgYm9yZGVyOiAxcHggc29saWQgIzE1NDE1NCAhaW1wb3J0YW50OyAvKiAxcHggYm9yZGVyIG9mIGNvbG9yICMxNTQxNTQgb24gaG92ZXIgKi8KfQo8L3N0eWxlPgoKWy9zZ19wb3B1cF0=[\/vc_raw_html][\/vc_column_inner][\/vc_row_inner][\/vc_column][\/vc_row][vc_section][vc_row][vc_column width=&#8221;1\/1&#8243;][uncode_block id=&#8221;112579&#8243;][\/vc_column][\/vc_row][vc_row][vc_column width=&#8221;1\/1&#8243;][uncode_block id=&#8221;112524&#8243;][\/vc_column][\/vc_row][\/vc_section]<\/p>\n<\/div>","protected":false},"excerpt":{"rendered":"<p>[vc_row unlock_row_content=&#8221;yes&#8221; row_height_percent=&#8221;40&#8243; override_padding=&#8221;yes&#8221; h_padding=&#8221;2&#8243; top_padding=&#8221;4&#8243; bottom_padding=&#8221;2&#8243; back_color=&#8221;color-180534&#8243; back_image=&#8221;112611&#8243; back_position=&#8221;center center&#8221; overlay_color=&#8221;color-180534&#8243; overlay_alpha=&#8221;0&#8243; gutter_size=&#8221;3&#8243; column_width_percent=&#8221;100&#8243; shift_y=&#8221;0&#8243; z_index=&#8221;0&#8243; uncode_shortcode_id=&#8221;247845&#8243; overlay_color_type=&#8221;uncode-palette&#8221; back_color_type=&#8221;uncode-palette&#8221;][vc_column [&hellip;]<\/p>\n","protected":false},"author":2,"featured_media":0,"parent":0,"menu_order":0,"comment_status":"closed","ping_status":"closed","template":"","meta":{"footnotes":""},"class_list":["post-112981","page","type-page","status-publish","hentry","page_category-lanzarote-de"],"yoast_head":"<!-- This site is optimized with the Yoast SEO Premium plugin v23.2 (Yoast SEO v23.2) - https:\/\/yoast.com\/wordpress\/plugins\/seo\/ -->\n<title>Conservation Programm auf Lanzarote - WeWhale<\/title>\n<meta name=\"description\" content=\"Sei Teil des Lanzarote-Schutzprogramms, einer einzigartigen Bewegung und Mission zum Schutz und Erhalt von Walen und Delfinen.\" \/>\n<meta name=\"robots\" content=\"index, follow, max-snippet:-1, max-image-preview:large, max-video-preview:-1\" \/>\n<link rel=\"canonical\" href=\"https:\/\/staging.wewhale.co\/de\/conservation-programm-lanzarote\/\" \/>\n<meta property=\"og:locale\" content=\"de_DE\" \/>\n<meta property=\"og:type\" content=\"article\" \/>\n<meta property=\"og:title\" content=\"Conservation Programm auf Lanzarote\" \/>\n<meta property=\"og:description\" content=\"Sei Teil des Lanzarote-Schutzprogramms, einer einzigartigen Bewegung und Mission zum Schutz und Erhalt von Walen und Delfinen.\" \/>\n<meta property=\"og:url\" content=\"https:\/\/staging.wewhale.co\/de\/conservation-programm-lanzarote\/\" \/>\n<meta property=\"og:site_name\" content=\"WeWhale\" \/>\n<meta property=\"article:modified_time\" content=\"2024-07-03T10:18:47+00:00\" \/>\n<meta name=\"twitter:card\" content=\"summary_large_image\" \/>\n<meta name=\"twitter:site\" content=\"@WeWhaleCo\" \/>\n<meta name=\"twitter:label1\" content=\"Gesch\u00e4tzte Lesezeit\" \/>\n\t<meta name=\"twitter:data1\" content=\"3\u00a0Minuten\" \/>\n<script type=\"application\/ld+json\" class=\"yoast-schema-graph\">{\"@context\":\"https:\/\/schema.org\",\"@graph\":[{\"@type\":\"WebPage\",\"@id\":\"https:\/\/staging.wewhale.co\/de\/conservation-programm-lanzarote\/\",\"url\":\"https:\/\/staging.wewhale.co\/de\/conservation-programm-lanzarote\/\",\"name\":\"Conservation Programm auf Lanzarote - WeWhale\",\"isPartOf\":{\"@id\":\"https:\/\/staging.wewhale.co\/de\/#website\"},\"datePublished\":\"2024-01-29T10:44:23+00:00\",\"dateModified\":\"2024-07-03T10:18:47+00:00\",\"description\":\"Sei Teil des Lanzarote-Schutzprogramms, einer einzigartigen Bewegung und Mission zum Schutz und Erhalt von Walen und Delfinen.\",\"breadcrumb\":{\"@id\":\"https:\/\/staging.wewhale.co\/de\/conservation-programm-lanzarote\/#breadcrumb\"},\"inLanguage\":\"de\",\"potentialAction\":[{\"@type\":\"ReadAction\",\"target\":[\"https:\/\/staging.wewhale.co\/de\/conservation-programm-lanzarote\/\"]}]},{\"@type\":\"BreadcrumbList\",\"@id\":\"https:\/\/staging.wewhale.co\/de\/conservation-programm-lanzarote\/#breadcrumb\",\"itemListElement\":[{\"@type\":\"ListItem\",\"position\":1,\"name\":\"Home\",\"item\":\"https:\/\/staging.wewhale.co\/de\/wewhale-home-2\/\"},{\"@type\":\"ListItem\",\"position\":2,\"name\":\"Conservation Programm auf Lanzarote\"}]},{\"@type\":\"WebSite\",\"@id\":\"https:\/\/staging.wewhale.co\/de\/#website\",\"url\":\"https:\/\/staging.wewhale.co\/de\/\",\"name\":\"WeWhale\",\"description\":\"\",\"publisher\":{\"@id\":\"https:\/\/staging.wewhale.co\/de\/#organization\"},\"potentialAction\":[{\"@type\":\"SearchAction\",\"target\":{\"@type\":\"EntryPoint\",\"urlTemplate\":\"https:\/\/staging.wewhale.co\/de\/?s={search_term_string}\"},\"query-input\":\"required name=search_term_string\"}],\"inLanguage\":\"de\"},{\"@type\":\"Organization\",\"@id\":\"https:\/\/staging.wewhale.co\/de\/#organization\",\"name\":\"WeWhale\",\"url\":\"https:\/\/staging.wewhale.co\/de\/\",\"logo\":{\"@type\":\"ImageObject\",\"inLanguage\":\"de\",\"@id\":\"https:\/\/staging.wewhale.co\/de\/#\/schema\/logo\/image\/\",\"url\":\"https:\/\/staging.wewhale.co\/wp-content\/uploads\/2022\/06\/wewhale_stamp_rgb.png\",\"contentUrl\":\"https:\/\/staging.wewhale.co\/wp-content\/uploads\/2022\/06\/wewhale_stamp_rgb.png\",\"width\":1000,\"height\":1000,\"caption\":\"WeWhale\"},\"image\":{\"@id\":\"https:\/\/staging.wewhale.co\/de\/#\/schema\/logo\/image\/\"},\"sameAs\":[\"https:\/\/x.com\/WeWhaleCo\"]}]}<\/script>\n<!-- \/ Yoast SEO Premium plugin. -->","yoast_head_json":{"title":"Conservation Programm auf Lanzarote - WeWhale","description":"Sei Teil des Lanzarote-Schutzprogramms, einer einzigartigen Bewegung und Mission zum Schutz und Erhalt von Walen und Delfinen.","robots":{"index":"index","follow":"follow","max-snippet":"max-snippet:-1","max-image-preview":"max-image-preview:large","max-video-preview":"max-video-preview:-1"},"canonical":"https:\/\/staging.wewhale.co\/de\/conservation-programm-lanzarote\/","og_locale":"de_DE","og_type":"article","og_title":"Conservation Programm auf Lanzarote","og_description":"Sei Teil des Lanzarote-Schutzprogramms, einer einzigartigen Bewegung und Mission zum Schutz und Erhalt von Walen und Delfinen.","og_url":"https:\/\/staging.wewhale.co\/de\/conservation-programm-lanzarote\/","og_site_name":"WeWhale","article_modified_time":"2024-07-03T10:18:47+00:00","twitter_card":"summary_large_image","twitter_site":"@WeWhaleCo","twitter_misc":{"Gesch\u00e4tzte Lesezeit":"3\u00a0Minuten"},"schema":{"@context":"https:\/\/schema.org","@graph":[{"@type":"WebPage","@id":"https:\/\/staging.wewhale.co\/de\/conservation-programm-lanzarote\/","url":"https:\/\/staging.wewhale.co\/de\/conservation-programm-lanzarote\/","name":"Conservation Programm auf Lanzarote - WeWhale","isPartOf":{"@id":"https:\/\/staging.wewhale.co\/de\/#website"},"datePublished":"2024-01-29T10:44:23+00:00","dateModified":"2024-07-03T10:18:47+00:00","description":"Sei Teil des Lanzarote-Schutzprogramms, einer einzigartigen Bewegung und Mission zum Schutz und Erhalt von Walen und Delfinen.","breadcrumb":{"@id":"https:\/\/staging.wewhale.co\/de\/conservation-programm-lanzarote\/#breadcrumb"},"inLanguage":"de","potentialAction":[{"@type":"ReadAction","target":["https:\/\/staging.wewhale.co\/de\/conservation-programm-lanzarote\/"]}]},{"@type":"BreadcrumbList","@id":"https:\/\/staging.wewhale.co\/de\/conservation-programm-lanzarote\/#breadcrumb","itemListElement":[{"@type":"ListItem","position":1,"name":"Home","item":"https:\/\/staging.wewhale.co\/de\/wewhale-home-2\/"},{"@type":"ListItem","position":2,"name":"Conservation Programm auf Lanzarote"}]},{"@type":"WebSite","@id":"https:\/\/staging.wewhale.co\/de\/#website","url":"https:\/\/staging.wewhale.co\/de\/","name":"WeWhale","description":"","publisher":{"@id":"https:\/\/staging.wewhale.co\/de\/#organization"},"potentialAction":[{"@type":"SearchAction","target":{"@type":"EntryPoint","urlTemplate":"https:\/\/staging.wewhale.co\/de\/?s={search_term_string}"},"query-input":"required name=search_term_string"}],"inLanguage":"de"},{"@type":"Organization","@id":"https:\/\/staging.wewhale.co\/de\/#organization","name":"WeWhale","url":"https:\/\/staging.wewhale.co\/de\/","logo":{"@type":"ImageObject","inLanguage":"de","@id":"https:\/\/staging.wewhale.co\/de\/#\/schema\/logo\/image\/","url":"https:\/\/staging.wewhale.co\/wp-content\/uploads\/2022\/06\/wewhale_stamp_rgb.png","contentUrl":"https:\/\/staging.wewhale.co\/wp-content\/uploads\/2022\/06\/wewhale_stamp_rgb.png","width":1000,"height":1000,"caption":"WeWhale"},"image":{"@id":"https:\/\/staging.wewhale.co\/de\/#\/schema\/logo\/image\/"},"sameAs":["https:\/\/x.com\/WeWhaleCo"]}]}},"_links":{"self":[{"href":"https:\/\/staging.wewhale.co\/de\/wp-json\/wp\/v2\/pages\/112981","targetHints":{"allow":["GET"]}}],"collection":[{"href":"https:\/\/staging.wewhale.co\/de\/wp-json\/wp\/v2\/pages"}],"about":[{"href":"https:\/\/staging.wewhale.co\/de\/wp-json\/wp\/v2\/types\/page"}],"author":[{"embeddable":true,"href":"https:\/\/staging.wewhale.co\/de\/wp-json\/wp\/v2\/users\/2"}],"replies":[{"embeddable":true,"href":"https:\/\/staging.wewhale.co\/de\/wp-json\/wp\/v2\/comments?post=112981"}],"version-history":[{"count":12,"href":"https:\/\/staging.wewhale.co\/de\/wp-json\/wp\/v2\/pages\/112981\/revisions"}],"predecessor-version":[{"id":115086,"href":"https:\/\/staging.wewhale.co\/de\/wp-json\/wp\/v2\/pages\/112981\/revisions\/115086"}],"wp:attachment":[{"href":"https:\/\/staging.wewhale.co\/de\/wp-json\/wp\/v2\/media?parent=112981"}],"curies":[{"name":"wp","href":"https:\/\/api.w.org\/{rel}","templated":true}]}}