{"id":114236,"date":"2024-05-15T12:35:14","date_gmt":"2024-05-15T10:35:14","guid":{"rendered":"https:\/\/staging.wewhale.co\/erlebnisse\/denia-sonnenuntergangserlebnis-privates-erlebnis\/"},"modified":"2024-06-04T18:43:46","modified_gmt":"2024-06-04T16:43:46","slug":"denia-sonnenuntergangserlebnis-privates-erlebnis","status":"publish","type":"page","link":"https:\/\/staging.wewhale.co\/de\/erlebnisse\/denia-sonnenuntergangserlebnis-privates-erlebnis\/","title":{"rendered":"Denia Sunset Experience (privates Erlebnis)"},"content":{"rendered":"<div class=\"wpb-content-wrapper\"><p>[vc_row unlock_row_content=&#8221;yes&#8221; row_height_percent=&#8221;40&#8243; override_padding=&#8221;yes&#8221; h_padding=&#8221;2&#8243; top_padding=&#8221;4&#8243; bottom_padding=&#8221;2&#8243; back_image=&#8221;113824&#8243; back_position=&#8221;center center&#8221; parallax=&#8221;yes&#8221; overlay_color=&#8221;color-180534&#8243; overlay_alpha=&#8221;30&#8243; gutter_size=&#8221;3&#8243; column_width_percent=&#8221;100&#8243; shift_y=&#8221;0&#8243; z_index=&#8221;0&#8243; uncode_shortcode_id=&#8221;156997&#8243; overlay_color_type=&#8221;uncode-palette&#8221;][vc_column column_width_percent=&#8221;100&#8243; align_horizontal=&#8221;align_center&#8221; gutter_size=&#8221;2&#8243; style=&#8221;dark&#8221; overlay_alpha=&#8221;50&#8243; shift_x=&#8221;0&#8243; shift_y=&#8221;0&#8243; shift_y_down=&#8221;0&#8243; z_index=&#8221;0&#8243; medium_width=&#8221;0&#8243; mobile_width=&#8221;0&#8243; width=&#8221;1\/1&#8243; uncode_shortcode_id=&#8221;711861&#8243;][vc_single_image media=&#8221;139&#8243; media_width_use_pixel=&#8221;yes&#8221; alignment=&#8221;center&#8221; uncode_shortcode_id=&#8221;189634&#8243; media_width_pixel=&#8221;100&#8243;][vc_custom_heading heading_semantic=&#8221;h1&#8243; text_size=&#8221;h1&#8243; uncode_shortcode_id=&#8221;584173&#8243;]Denia Sunset Experience[\/vc_custom_heading][vc_custom_heading uncode_shortcode_id=&#8221;116056&#8243;](Privates Erlebnis)[\/vc_custom_heading][\/vc_column][\/vc_row][vc_row unlock_row_content=&#8221;yes&#8221; row_height_percent=&#8221;0&#8243; override_padding=&#8221;yes&#8221; h_padding=&#8221;2&#8243; top_padding=&#8221;4&#8243; bottom_padding=&#8221;4&#8243; overlay_alpha=&#8221;50&#8243; gutter_size=&#8221;3&#8243; column_width_percent=&#8221;100&#8243; shift_y=&#8221;0&#8243; z_index=&#8221;0&#8243; uncode_shortcode_id=&#8221;130434&#8243;][vc_column column_width_percent=&#8221;100&#8243; align_horizontal=&#8221;align_center&#8221; gutter_size=&#8221;3&#8243; overlay_alpha=&#8221;50&#8243; shift_x=&#8221;0&#8243; shift_y=&#8221;0&#8243; shift_y_down=&#8221;0&#8243; z_index=&#8221;0&#8243; medium_width=&#8221;0&#8243; mobile_width=&#8221;0&#8243; width=&#8221;1\/12&#8243; uncode_shortcode_id=&#8221;324484&#8243;][\/vc_column][vc_column width=&#8221;4\/12&#8243;][vc_single_image media=&#8221;113828&#8243; media_width_use_pixel=&#8221;yes&#8221; alignment=&#8221;center&#8221; uncode_shortcode_id=&#8221;154725&#8243; media_width_pixel=&#8221;600&#8243;][vc_raw_html]PCEtLSBGYXJlSGFyYm9yIGNhbGVuZGFyIG9mIGl0ZW0gIzU1MDY1NSAtLT4KPHNjcmlwdCBzcmM9Imh0dHBzOi8vZmFyZWhhcmJvci5jb20vZW1iZWRzL3NjcmlwdC9jYWxlbmRhci1zbWFsbC93ZXdoYWxlLWNhbmFyaWFzLXNsL2l0ZW1zLzU1MDY1NS8\/ZmFsbGJhY2s9c2ltcGxlJmFtcDtmdWxsLWl0ZW1zPXllcyZhbXA7Zmxvdz1ubyI+PC9zY3JpcHQ+[\/vc_raw_html][\/vc_column][vc_column width=&#8221;5\/12&#8243;][vc_custom_heading heading_semantic=&#8221;h3&#8243; uncode_shortcode_id=&#8221;563963&#8243;]<span class=\"TextRun MacChromeBold SCXW140160292 BCX0\" lang=\"EN-GB\" xml:lang=\"EN-GB\" data-contrast=\"none\"><span class=\"NormalTextRun SCXW140160292 BCX0\">W<\/span><span class=\"NormalTextRun SCXW140160292 BCX0\">ir laden dich ein<\/span> <span class=\"NormalTextRun SCXW140160292 BCX0\">an Bor<\/span><span class=\"NormalTextRun SCXW140160292 BCX0\">d des <\/span> <span class=\"SpellingError SCXW140160292 BCX0\">WeWhale<\/span> <span class=\"NormalTextRun SCXW140160292 BCX0\">Sonnenuntergangserlebnisses zu<\/span> <span class=\"NormalTextRun SCXW140160292 BCX0\">kommen,<\/span> <span class=\"NormalTextRun SCXW140160292 BCX0\">zu einer Reise, die dich deinen Tag ideal mit einem privaten Wal- und Delfinbeobachtungsabenteuer auf unserem elektrischen Segelboot beenden l\u00e4sst<\/span><span class=\"NormalTextRun SCXW140160292 BCX0\">.<\/span><\/span> [\/vc_custom_heading][vc_column_text uncode_shortcode_id=&#8221;167359&#8243;]<span data-contrast=\"none\">W\u00e4hrend dieses individuell angepassten Erlebnisses wird dir unsere Meeresbiologin einzigartige Einblicke in die Welt der Meeress\u00e4ugetiere bieten. Erfahre etwas \u00fcber die Bedeutung der K\u00fcstenlinie von Denia als dem Hauptwalbeobachtungsort an der K\u00fcste von Valencia.<\/span><\/p>\n<p><span data-contrast=\"none\">Unser Segelboot, \u2018El Som Mar\u2019, zu 100% elektrisch, erm\u00f6glicht eine intensive Begegnung mit dem Meeresleben. Dank unserer 360-Grad-Kamera und einem Hydrophon an Bord kannst du die Sichtweite vergr\u00f6\u00dfern und dich den fesselnden Ger\u00e4uschen der Wale und Delfine in einer nahezu dialogischen Form hingeben<\/span><\/p>\n<p><span data-contrast=\"none\">Wenn die D\u00e4mmerung einsetzt, erh\u00e4ltst du die Gelegenheit eine Vielzahl an Meerestieren zu beobachten. Es gibt im Mittelmeer 22 identifizierte Arten von Meeress\u00e4ugetieren, von denen sechs feste Populationen aufrechterhalten: <\/span><span data-contrast=\"auto\"><a href=\"https:\/\/staging.wewhale.co\/de\/2022\/06\/16\/deep-dive-into-fin-whales\/\" target=\"_blank\" rel=\"noopener\">Finnwale<\/a>, <a href=\"https:\/\/staging.wewhale.co\/de\/2024\/01\/11\/tiefer-einblick-in-grosse-tuemmler\/\" target=\"_blank\" rel=\"noopener\">Gro\u00dfe T\u00fcmmler<\/a>, <a href=\"https:\/\/staging.wewhale.co\/de\/2022\/09\/01\/tief-eintauchen-in-pottwale\/\" target=\"_blank\" rel=\"noopener\">Pottwale<\/a>, <a href=\"https:\/\/staging.wewhale.co\/de\/2022\/08\/11\/tief-tauchen-in-grindwale\/\" target=\"_blank\" rel=\"noopener\">Grindwale<\/a>, <a href=\"https:\/\/staging.wewhale.co\/de\/2023\/08\/03\/tief-eintauchen-in-risso-delphine\/\" target=\"_blank\" rel=\"noopener\">Risso-Delfine<\/a> und <a href=\"https:\/\/staging.wewhale.co\/de\/2023\/05\/25\/tiefes-eintauchen-in-gemeine-delfine\/\" target=\"_blank\" rel=\"noopener\">Gemeine Delfine<\/a><\/span><span data-contrast=\"none\">. <\/span><\/p>\n<p><span data-contrast=\"none\">Getr\u00e4nke und Snacks sind w\u00e4hrend der Tour inklusive. Diese werden durch Partnerschaften mit Projekten, die mit unseren Werten \u00fcbereinstimmen, bereitgestellt.<\/span><\/p>\n<p><span data-contrast=\"none\">Das Team an Bord tr\u00e4gt aktiv zum Schutz der Meere bei, indem es M\u00fcll aus dem Meer fischt und nach Tieren Ausschau h\u00e4lt, die sich in Fischernetzen verfangen haben. Dar\u00fcber hinaus achtet das Team auf jegliche Formen von Umweltvergehen in dieser Gegend, wie etwa Bedrohungen und Bedr\u00e4ngungen von Delfinschulen oder Walen.<\/span><\/p>\n<p><b><span data-contrast=\"auto\">Was du wissen solltest:<\/span><\/b><\/p>\n<ul>\n<li data-leveltext=\"\uf0b7\" data-font=\"Symbol\" data-listid=\"6\" data-list-defn-props=\"{\" aria-setsize=\"-1\" data-aria-posinset=\"1\" data-aria-level=\"1\"><span data-contrast=\"auto\">Diese gef\u00fchrte Tour ist in Englisch und Spanisch verf\u00fcgbar.<\/span><\/li>\n<li data-leveltext=\"\uf0b7\" data-font=\"Symbol\" data-listid=\"6\" data-list-defn-props=\"{\" aria-setsize=\"-1\" data-aria-posinset=\"2\" data-aria-level=\"1\"><span data-contrast=\"auto\">Wir legen vom Hafen El Portet Denia ab<\/span> <span data-ccp-props=\"{\">(Pontoon 5 number 40)<\/span><\/li>\n<li data-leveltext=\"\uf0b7\" data-font=\"Symbol\" data-listid=\"6\" data-list-defn-props=\"{\" aria-setsize=\"-1\" data-aria-posinset=\"3\" data-aria-level=\"1\"><span data-contrast=\"auto\">Dauer: etwa 2,5 Stunden auf dem Meer<\/span><\/li>\n<li data-leveltext=\"\uf0b7\" data-font=\"Symbol\" data-listid=\"6\" data-list-defn-props=\"{\" aria-setsize=\"-1\" data-aria-posinset=\"4\" data-aria-level=\"1\"><span data-contrast=\"auto\">W\u00e4hrend der Tour sind Wasser, Bier, alkoholfreie Bio-Getr\u00e4nke, Snacks von regionalen Anbietern und frisches Obst inklusive<\/span><\/li>\n<li data-leveltext=\"\uf0b7\" data-font=\"Symbol\" data-listid=\"6\" data-list-defn-props=\"{\" aria-setsize=\"-1\" data-aria-posinset=\"5\" data-aria-level=\"1\"><span data-contrast=\"auto\">Es gibt f\u00fcr diese Tour keine Altersbeschr\u00e4nkungen<\/span><\/li>\n<li data-leveltext=\"\uf0b7\" data-font=\"Symbol\" data-listid=\"6\" data-list-defn-props=\"{\" aria-setsize=\"-1\" data-aria-posinset=\"6\" data-aria-level=\"1\"><span data-contrast=\"auto\">Preis pro Gruppe (maximal 10 Personen): 650 Eur<\/span><\/li>\n<\/ul>\n<p>[\/vc_column_text][vc_column_text uncode_shortcode_id=&#8221;174474&#8243;]<\/p>\n<h3>Wusstest du schon?<\/h3>\n<p><span data-contrast=\"auto\">Durch deine Buchung einer WeWhale Wal- und Delfinbeobachtungstour unterst\u00fctzt du direkt den Schutz von Walen und Delfinen, da 7,5% des Nettoumsatzes dieser Touren an die Non-Profit-Organisation <\/span><a href=\"https:\/\/staging.wewhale.co\/de\/association-2\/\"><span data-contrast=\"none\">WeWhale Association.<\/span><\/a><span data-contrast=\"auto\"> Diese Spende ist nur dank unserer G\u00e4ste m\u00f6glich, die sich f\u00fcr unser Wal-und Delfinbeobachtungs-Abenteuer entscheiden.<\/span><\/p>\n<p><span data-contrast=\"auto\">Die Mission von WeWhale besteht darin, die Welt zu einem Ort f\u00fcr ger\u00e4usch- und emissionsfreie Wal- und Delfinbeobachtungen zu machen, an dem Tiere gedeihen k\u00f6nnen und Menschen lernen k\u00f6nnen. Erfahre mehr \u00fcber unsere Arbeit auf unser <a href=\"https:\/\/staging.wewhale.co\/de\/uber\/\">About-Seite<\/a>. <\/span> [\/vc_column_text][vc_column_text uncode_shortcode_id=&#8221;147778&#8243;]Hast du noch Fragen? Vielleicht finden Sie die Antwort in unseren <a href=\"https:\/\/staging.wewhale.co\/de\/faq\/\">FAQ<\/a> oder schreiben Sie uns einfach eine WhatsApp oder rufen Sie uns an unter +34 674 030 974.[\/vc_column_text][\/vc_column][vc_column width=&#8221;2\/12&#8243;][\/vc_column][\/vc_row][vc_row unlock_row_content=&#8221;yes&#8221; row_height_percent=&#8221;0&#8243; override_padding=&#8221;yes&#8221; h_padding=&#8221;0&#8243; top_padding=&#8221;3&#8243; bottom_padding=&#8221;0&#8243; overlay_alpha=&#8221;50&#8243; gutter_size=&#8221;3&#8243; column_width_percent=&#8221;100&#8243; shift_y=&#8221;0&#8243; z_index=&#8221;0&#8243; uncode_shortcode_id=&#8221;100453&#8243;][vc_column width=&#8221;1\/1&#8243;][vc_gallery el_id=&#8221;gallery-101235&#8243; medias=&#8221;113841,113838,113835,113844,112543&#8243; style_preset=&#8221;metro&#8221; gutter_size=&#8221;0&#8243; media_items=&#8221;media|lightbox|original&#8221; screen_lg=&#8221;&#8221; screen_md=&#8221;&#8221; screen_sm=&#8221;&#8221; single_overlay_opacity=&#8221;50&#8243; single_padding=&#8221;2&#8243; single_border=&#8221;yes&#8221; uncode_shortcode_id=&#8221;289192&#8243; items=&#8221;eyIxNDc3X2kiOnsic2luZ2xlX3dpZHRoIjoiMiJ9LCIxNDQ0X2kiOnsic2luZ2xlX3dpZHRoIjoiNiJ9LCIxNDcxX2kiOnsic2luZ2xlX3dpZHRoIjoiNSJ9LCIxOTBfaSI6eyJzaW5nbGVfd2lkdGgiOiIzIn0sIjE0MzhfaSI6eyJzaW5nbGVfd2lkdGgiOiI2In0sIjE0NDdfaSI6eyJzaW5nbGVfd2lkdGgiOiI2In0sIjE0NTBfaSI6eyJzaW5nbGVfd2lkdGgiOiI0In0sIjE5Ml9pIjp7InNpbmdsZV93aWR0aCI6IjQifSwiMTQ1Nl9pIjp7InNpbmdsZV93aWR0aCI6IjYifSwiMzA1MV9pIjp7InNpbmdsZV93aWR0aCI6IjMifSwiMzA2MF9pIjp7InNpbmdsZV93aWR0aCI6IjUifSwiMzA2Nl9pIjp7InNpbmdsZV93aWR0aCI6IjUifSwiMzA1N19pIjp7InNpbmdsZV93aWR0aCI6IjMifSwiMzA0OF9pIjp7InNpbmdsZV93aWR0aCI6IjMifSwiMzgyMl9pIjp7InNpbmdsZV93aWR0aCI6IjUifSwiMzgyNV9pIjp7InNpbmdsZV93aWR0aCI6IjcifSwiMTEzODM4X2kiOnsic2luZ2xlX3dpZHRoIjoiNCJ9LCIxMTM4MzVfaSI6eyJzaW5nbGVfd2lkdGgiOiI0In0sIjExMzg0MV9pIjp7InNpbmdsZV93aWR0aCI6IjQifSwiMTEzODQ0X2kiOnsic2luZ2xlX3dpZHRoIjoiNiJ9LCIxMTM4MzJfaSI6eyJzaW5nbGVfd2lkdGgiOiI2In0sIjExMjU0M19pIjp7InNpbmdsZV93aWR0aCI6IjYifX0=&#8221;][\/vc_column][\/vc_row][vc_row][vc_column width=&#8221;1\/1&#8243;][uncode_block id=&#8221;113994&#8243;][\/vc_column][\/vc_row][vc_row unlock_row_content=&#8221;yes&#8221; row_height_percent=&#8221;0&#8243; override_padding=&#8221;yes&#8221; h_padding=&#8221;2&#8243; top_padding=&#8221;3&#8243; bottom_padding=&#8221;3&#8243; overlay_alpha=&#8221;50&#8243; gutter_size=&#8221;3&#8243; column_width_percent=&#8221;100&#8243; shift_y=&#8221;0&#8243; z_index=&#8221;0&#8243; uncode_shortcode_id=&#8221;147448&#8243;][vc_column column_width_percent=&#8221;100&#8243; align_horizontal=&#8221;align_center&#8221; gutter_size=&#8221;3&#8243; overlay_alpha=&#8221;50&#8243; shift_x=&#8221;0&#8243; shift_y=&#8221;0&#8243; shift_y_down=&#8221;0&#8243; z_index=&#8221;0&#8243; medium_width=&#8221;0&#8243; mobile_width=&#8221;0&#8243; width=&#8221;1\/1&#8243; uncode_shortcode_id=&#8221;120214&#8243;][vc_custom_heading uncode_shortcode_id=&#8221;178010&#8243;]Eindr\u00fccke von der Tour[\/vc_custom_heading][vc_gallery el_id=&#8221;gallery-205674&#8243; type=&#8221;carousel&#8221; medias=&#8221;113853,113856,113787,114005,113859,114008,113744,113735,113862,113800,114011,113770,113692,113759,113756,113683,113704,114014,113813,114017,114020&#8243; carousel_lg=&#8221;4&#8243; carousel_md=&#8221;3&#8243; carousel_sm=&#8221;1&#8243; thumb_size=&#8221;four-three&#8221; gutter_size=&#8221;2&#8243; media_items=&#8221;media|lightbox|poster&#8221; carousel_height=&#8221;equal&#8221; carousel_interval=&#8221;3000&#8243; carousel_navspeed=&#8221;400&#8243; carousel_loop=&#8221;yes&#8221; carousel_overflow=&#8221;yes&#8221; carousel_dots=&#8221;yes&#8221; carousel_dots_mobile=&#8221;yes&#8221; stage_padding=&#8221;0&#8243; single_overlay_opacity=&#8221;1&#8243; single_padding=&#8221;2&#8243; uncode_shortcode_id=&#8221;537899&#8243;][\/vc_column][\/vc_row]<\/p>\n<\/div>","protected":false},"excerpt":{"rendered":"<p>[vc_row unlock_row_content=&#8221;yes&#8221; row_height_percent=&#8221;40&#8243; override_padding=&#8221;yes&#8221; h_padding=&#8221;2&#8243; top_padding=&#8221;4&#8243; bottom_padding=&#8221;2&#8243; back_image=&#8221;113824&#8243; back_position=&#8221;center center&#8221; parallax=&#8221;yes&#8221; overlay_color=&#8221;color-180534&#8243; overlay_alpha=&#8221;30&#8243; gutter_size=&#8221;3&#8243; column_width_percent=&#8221;100&#8243; shift_y=&#8221;0&#8243; z_index=&#8221;0&#8243; uncode_shortcode_id=&#8221;156997&#8243; overlay_color_type=&#8221;uncode-palette&#8221;][vc_column column_width_percent=&#8221;100&#8243; [&hellip;]<\/p>\n","protected":false},"author":3,"featured_media":113825,"parent":3267,"menu_order":0,"comment_status":"closed","ping_status":"closed","template":"","meta":{"footnotes":""},"class_list":["post-114236","page","type-page","status-publish","has-post-thumbnail","hentry","page_category-denia-3"],"yoast_head":"<!-- This site is optimized with the Yoast SEO Premium plugin v23.2 (Yoast SEO v23.2) - https:\/\/yoast.com\/wordpress\/plugins\/seo\/ -->\n<title>Denia Sunset Experience (privates Erlebnis) - WeWhale<\/title>\n<meta name=\"description\" content=\"Bei der privaten Sonnenuntergangserfahrung in Denia wirst du eine einzigartige Reise an Bord unseres 100% elektrischen Segelboots zur Beobachtung von Walen und Delfinen genie\u00dfen.\" \/>\n<meta name=\"robots\" content=\"index, follow, max-snippet:-1, max-image-preview:large, max-video-preview:-1\" \/>\n<link rel=\"canonical\" href=\"https:\/\/staging.wewhale.co\/de\/erlebnisse\/denia-sonnenuntergangserlebnis-privates-erlebnis\/\" \/>\n<meta property=\"og:locale\" content=\"de_DE\" \/>\n<meta property=\"og:type\" content=\"article\" \/>\n<meta property=\"og:title\" content=\"Denia Sunset Experience (privates Erlebnis)\" \/>\n<meta property=\"og:description\" content=\"Bei der privaten Sonnenuntergangserfahrung in Denia wirst du eine einzigartige Reise an Bord unseres 100% elektrischen Segelboots zur Beobachtung von Walen und Delfinen genie\u00dfen.\" \/>\n<meta property=\"og:url\" content=\"https:\/\/staging.wewhale.co\/de\/erlebnisse\/denia-sonnenuntergangserlebnis-privates-erlebnis\/\" \/>\n<meta property=\"og:site_name\" content=\"WeWhale\" \/>\n<meta property=\"article:modified_time\" content=\"2024-06-04T16:43:46+00:00\" \/>\n<meta property=\"og:image\" content=\"https:\/\/staging.wewhale.co\/wp-content\/uploads\/2024\/05\/Captura-de-pantalla-2024-02-08-162506-1024x589.png\" \/>\n\t<meta property=\"og:image:width\" content=\"1024\" \/>\n\t<meta property=\"og:image:height\" content=\"589\" \/>\n\t<meta property=\"og:image:type\" content=\"image\/png\" \/>\n<meta name=\"twitter:card\" content=\"summary_large_image\" \/>\n<meta name=\"twitter:site\" content=\"@WeWhaleCo\" \/>\n<meta name=\"twitter:label1\" content=\"Gesch\u00e4tzte Lesezeit\" \/>\n\t<meta name=\"twitter:data1\" content=\"3\u00a0Minuten\" \/>\n<script type=\"application\/ld+json\" class=\"yoast-schema-graph\">{\"@context\":\"https:\/\/schema.org\",\"@graph\":[{\"@type\":\"WebPage\",\"@id\":\"https:\/\/staging.wewhale.co\/de\/erlebnisse\/denia-sonnenuntergangserlebnis-privates-erlebnis\/\",\"url\":\"https:\/\/staging.wewhale.co\/de\/erlebnisse\/denia-sonnenuntergangserlebnis-privates-erlebnis\/\",\"name\":\"Denia Sunset Experience (privates Erlebnis) - WeWhale\",\"isPartOf\":{\"@id\":\"https:\/\/staging.wewhale.co\/de\/#website\"},\"primaryImageOfPage\":{\"@id\":\"https:\/\/staging.wewhale.co\/de\/erlebnisse\/denia-sonnenuntergangserlebnis-privates-erlebnis\/#primaryimage\"},\"image\":{\"@id\":\"https:\/\/staging.wewhale.co\/de\/erlebnisse\/denia-sonnenuntergangserlebnis-privates-erlebnis\/#primaryimage\"},\"thumbnailUrl\":\"https:\/\/staging.wewhale.co\/wp-content\/uploads\/2024\/05\/Captura-de-pantalla-2024-02-08-162506.png\",\"datePublished\":\"2024-05-15T10:35:14+00:00\",\"dateModified\":\"2024-06-04T16:43:46+00:00\",\"description\":\"Bei der privaten Sonnenuntergangserfahrung in Denia wirst du eine einzigartige Reise an Bord unseres 100% elektrischen Segelboots zur Beobachtung von Walen und Delfinen genie\u00dfen.\",\"breadcrumb\":{\"@id\":\"https:\/\/staging.wewhale.co\/de\/erlebnisse\/denia-sonnenuntergangserlebnis-privates-erlebnis\/#breadcrumb\"},\"inLanguage\":\"de\",\"potentialAction\":[{\"@type\":\"ReadAction\",\"target\":[\"https:\/\/staging.wewhale.co\/de\/erlebnisse\/denia-sonnenuntergangserlebnis-privates-erlebnis\/\"]}]},{\"@type\":\"ImageObject\",\"inLanguage\":\"de\",\"@id\":\"https:\/\/staging.wewhale.co\/de\/erlebnisse\/denia-sonnenuntergangserlebnis-privates-erlebnis\/#primaryimage\",\"url\":\"https:\/\/staging.wewhale.co\/wp-content\/uploads\/2024\/05\/Captura-de-pantalla-2024-02-08-162506.png\",\"contentUrl\":\"https:\/\/staging.wewhale.co\/wp-content\/uploads\/2024\/05\/Captura-de-pantalla-2024-02-08-162506.png\",\"width\":1596,\"height\":918,\"caption\":\"Denia private sunset experience\"},{\"@type\":\"BreadcrumbList\",\"@id\":\"https:\/\/staging.wewhale.co\/de\/erlebnisse\/denia-sonnenuntergangserlebnis-privates-erlebnis\/#breadcrumb\",\"itemListElement\":[{\"@type\":\"ListItem\",\"position\":1,\"name\":\"Home\",\"item\":\"https:\/\/staging.wewhale.co\/de\/wewhale-home-2\/\"},{\"@type\":\"ListItem\",\"position\":2,\"name\":\"Erlebnisse\",\"item\":\"https:\/\/staging.wewhale.co\/de\/erlebnisse\/\"},{\"@type\":\"ListItem\",\"position\":3,\"name\":\"Denia Sunset Experience (privates Erlebnis)\"}]},{\"@type\":\"WebSite\",\"@id\":\"https:\/\/staging.wewhale.co\/de\/#website\",\"url\":\"https:\/\/staging.wewhale.co\/de\/\",\"name\":\"WeWhale\",\"description\":\"\",\"publisher\":{\"@id\":\"https:\/\/staging.wewhale.co\/de\/#organization\"},\"potentialAction\":[{\"@type\":\"SearchAction\",\"target\":{\"@type\":\"EntryPoint\",\"urlTemplate\":\"https:\/\/staging.wewhale.co\/de\/?s={search_term_string}\"},\"query-input\":\"required name=search_term_string\"}],\"inLanguage\":\"de\"},{\"@type\":\"Organization\",\"@id\":\"https:\/\/staging.wewhale.co\/de\/#organization\",\"name\":\"WeWhale\",\"url\":\"https:\/\/staging.wewhale.co\/de\/\",\"logo\":{\"@type\":\"ImageObject\",\"inLanguage\":\"de\",\"@id\":\"https:\/\/staging.wewhale.co\/de\/#\/schema\/logo\/image\/\",\"url\":\"https:\/\/staging.wewhale.co\/wp-content\/uploads\/2022\/06\/wewhale_stamp_rgb.png\",\"contentUrl\":\"https:\/\/staging.wewhale.co\/wp-content\/uploads\/2022\/06\/wewhale_stamp_rgb.png\",\"width\":1000,\"height\":1000,\"caption\":\"WeWhale\"},\"image\":{\"@id\":\"https:\/\/staging.wewhale.co\/de\/#\/schema\/logo\/image\/\"},\"sameAs\":[\"https:\/\/x.com\/WeWhaleCo\"]}]}<\/script>\n<!-- \/ Yoast SEO Premium plugin. -->","yoast_head_json":{"title":"Denia Sunset Experience (privates Erlebnis) - WeWhale","description":"Bei der privaten Sonnenuntergangserfahrung in Denia wirst du eine einzigartige Reise an Bord unseres 100% elektrischen Segelboots zur Beobachtung von Walen und Delfinen genie\u00dfen.","robots":{"index":"index","follow":"follow","max-snippet":"max-snippet:-1","max-image-preview":"max-image-preview:large","max-video-preview":"max-video-preview:-1"},"canonical":"https:\/\/staging.wewhale.co\/de\/erlebnisse\/denia-sonnenuntergangserlebnis-privates-erlebnis\/","og_locale":"de_DE","og_type":"article","og_title":"Denia Sunset Experience (privates Erlebnis)","og_description":"Bei der privaten Sonnenuntergangserfahrung in Denia wirst du eine einzigartige Reise an Bord unseres 100% elektrischen Segelboots zur Beobachtung von Walen und Delfinen genie\u00dfen.","og_url":"https:\/\/staging.wewhale.co\/de\/erlebnisse\/denia-sonnenuntergangserlebnis-privates-erlebnis\/","og_site_name":"WeWhale","article_modified_time":"2024-06-04T16:43:46+00:00","og_image":[{"width":1024,"height":589,"url":"https:\/\/staging.wewhale.co\/wp-content\/uploads\/2024\/05\/Captura-de-pantalla-2024-02-08-162506-1024x589.png","type":"image\/png"}],"twitter_card":"summary_large_image","twitter_site":"@WeWhaleCo","twitter_misc":{"Gesch\u00e4tzte Lesezeit":"3\u00a0Minuten"},"schema":{"@context":"https:\/\/schema.org","@graph":[{"@type":"WebPage","@id":"https:\/\/staging.wewhale.co\/de\/erlebnisse\/denia-sonnenuntergangserlebnis-privates-erlebnis\/","url":"https:\/\/staging.wewhale.co\/de\/erlebnisse\/denia-sonnenuntergangserlebnis-privates-erlebnis\/","name":"Denia Sunset Experience (privates Erlebnis) - WeWhale","isPartOf":{"@id":"https:\/\/staging.wewhale.co\/de\/#website"},"primaryImageOfPage":{"@id":"https:\/\/staging.wewhale.co\/de\/erlebnisse\/denia-sonnenuntergangserlebnis-privates-erlebnis\/#primaryimage"},"image":{"@id":"https:\/\/staging.wewhale.co\/de\/erlebnisse\/denia-sonnenuntergangserlebnis-privates-erlebnis\/#primaryimage"},"thumbnailUrl":"https:\/\/staging.wewhale.co\/wp-content\/uploads\/2024\/05\/Captura-de-pantalla-2024-02-08-162506.png","datePublished":"2024-05-15T10:35:14+00:00","dateModified":"2024-06-04T16:43:46+00:00","description":"Bei der privaten Sonnenuntergangserfahrung in Denia wirst du eine einzigartige Reise an Bord unseres 100% elektrischen Segelboots zur Beobachtung von Walen und Delfinen genie\u00dfen.","breadcrumb":{"@id":"https:\/\/staging.wewhale.co\/de\/erlebnisse\/denia-sonnenuntergangserlebnis-privates-erlebnis\/#breadcrumb"},"inLanguage":"de","potentialAction":[{"@type":"ReadAction","target":["https:\/\/staging.wewhale.co\/de\/erlebnisse\/denia-sonnenuntergangserlebnis-privates-erlebnis\/"]}]},{"@type":"ImageObject","inLanguage":"de","@id":"https:\/\/staging.wewhale.co\/de\/erlebnisse\/denia-sonnenuntergangserlebnis-privates-erlebnis\/#primaryimage","url":"https:\/\/staging.wewhale.co\/wp-content\/uploads\/2024\/05\/Captura-de-pantalla-2024-02-08-162506.png","contentUrl":"https:\/\/staging.wewhale.co\/wp-content\/uploads\/2024\/05\/Captura-de-pantalla-2024-02-08-162506.png","width":1596,"height":918,"caption":"Denia private sunset experience"},{"@type":"BreadcrumbList","@id":"https:\/\/staging.wewhale.co\/de\/erlebnisse\/denia-sonnenuntergangserlebnis-privates-erlebnis\/#breadcrumb","itemListElement":[{"@type":"ListItem","position":1,"name":"Home","item":"https:\/\/staging.wewhale.co\/de\/wewhale-home-2\/"},{"@type":"ListItem","position":2,"name":"Erlebnisse","item":"https:\/\/staging.wewhale.co\/de\/erlebnisse\/"},{"@type":"ListItem","position":3,"name":"Denia Sunset Experience (privates Erlebnis)"}]},{"@type":"WebSite","@id":"https:\/\/staging.wewhale.co\/de\/#website","url":"https:\/\/staging.wewhale.co\/de\/","name":"WeWhale","description":"","publisher":{"@id":"https:\/\/staging.wewhale.co\/de\/#organization"},"potentialAction":[{"@type":"SearchAction","target":{"@type":"EntryPoint","urlTemplate":"https:\/\/staging.wewhale.co\/de\/?s={search_term_string}"},"query-input":"required name=search_term_string"}],"inLanguage":"de"},{"@type":"Organization","@id":"https:\/\/staging.wewhale.co\/de\/#organization","name":"WeWhale","url":"https:\/\/staging.wewhale.co\/de\/","logo":{"@type":"ImageObject","inLanguage":"de","@id":"https:\/\/staging.wewhale.co\/de\/#\/schema\/logo\/image\/","url":"https:\/\/staging.wewhale.co\/wp-content\/uploads\/2022\/06\/wewhale_stamp_rgb.png","contentUrl":"https:\/\/staging.wewhale.co\/wp-content\/uploads\/2022\/06\/wewhale_stamp_rgb.png","width":1000,"height":1000,"caption":"WeWhale"},"image":{"@id":"https:\/\/staging.wewhale.co\/de\/#\/schema\/logo\/image\/"},"sameAs":["https:\/\/x.com\/WeWhaleCo"]}]}},"_links":{"self":[{"href":"https:\/\/staging.wewhale.co\/de\/wp-json\/wp\/v2\/pages\/114236","targetHints":{"allow":["GET"]}}],"collection":[{"href":"https:\/\/staging.wewhale.co\/de\/wp-json\/wp\/v2\/pages"}],"about":[{"href":"https:\/\/staging.wewhale.co\/de\/wp-json\/wp\/v2\/types\/page"}],"author":[{"embeddable":true,"href":"https:\/\/staging.wewhale.co\/de\/wp-json\/wp\/v2\/users\/3"}],"replies":[{"embeddable":true,"href":"https:\/\/staging.wewhale.co\/de\/wp-json\/wp\/v2\/comments?post=114236"}],"version-history":[{"count":34,"href":"https:\/\/staging.wewhale.co\/de\/wp-json\/wp\/v2\/pages\/114236\/revisions"}],"predecessor-version":[{"id":114458,"href":"https:\/\/staging.wewhale.co\/de\/wp-json\/wp\/v2\/pages\/114236\/revisions\/114458"}],"up":[{"embeddable":true,"href":"https:\/\/staging.wewhale.co\/de\/wp-json\/wp\/v2\/pages\/3267"}],"wp:featuredmedia":[{"embeddable":true,"href":"https:\/\/staging.wewhale.co\/de\/wp-json\/wp\/v2\/media\/113825"}],"wp:attachment":[{"href":"https:\/\/staging.wewhale.co\/de\/wp-json\/wp\/v2\/media?parent=114236"}],"curies":[{"name":"wp","href":"https:\/\/api.w.org\/{rel}","templated":true}]}}