{"id":114242,"date":"2024-05-15T10:53:01","date_gmt":"2024-05-15T08:53:01","guid":{"rendered":"https:\/\/staging.wewhale.co\/erlebnisse\/denia-sonnenuntergangserlebnis-gemeinsames-gruppenerlebnis\/"},"modified":"2024-06-04T19:00:51","modified_gmt":"2024-06-04T17:00:51","slug":"denia-sonnenuntergangserlebnis-gemeinsames-gruppenerlebnis","status":"publish","type":"page","link":"https:\/\/staging.wewhale.co\/de\/erlebnisse\/denia-sonnenuntergangserlebnis-gemeinsames-gruppenerlebnis\/","title":{"rendered":"Denia Sunset Experience (Gemeinsames Gruppenerlebnis)"},"content":{"rendered":"<div class=\"wpb-content-wrapper\"><p>[vc_row unlock_row_content=&#8221;yes&#8221; row_height_percent=&#8221;40&#8243; override_padding=&#8221;yes&#8221; h_padding=&#8221;2&#8243; top_padding=&#8221;4&#8243; bottom_padding=&#8221;2&#8243; back_image=&#8221;113787&#8243; back_position=&#8221;center center&#8221; parallax=&#8221;yes&#8221; overlay_color=&#8221;color-180534&#8243; overlay_alpha=&#8221;30&#8243; gutter_size=&#8221;3&#8243; column_width_percent=&#8221;100&#8243; shift_y=&#8221;0&#8243; z_index=&#8221;0&#8243; uncode_shortcode_id=&#8221;912384&#8243; overlay_color_type=&#8221;uncode-palette&#8221;][vc_column column_width_percent=&#8221;100&#8243; align_horizontal=&#8221;align_center&#8221; gutter_size=&#8221;2&#8243; style=&#8221;dark&#8221; overlay_alpha=&#8221;50&#8243; shift_x=&#8221;0&#8243; shift_y=&#8221;0&#8243; shift_y_down=&#8221;0&#8243; z_index=&#8221;0&#8243; medium_width=&#8221;0&#8243; mobile_width=&#8221;0&#8243; width=&#8221;1\/1&#8243; uncode_shortcode_id=&#8221;711861&#8243;][vc_single_image media=&#8221;139&#8243; media_width_use_pixel=&#8221;yes&#8221; alignment=&#8221;center&#8221; uncode_shortcode_id=&#8221;111104&#8243; media_width_pixel=&#8221;100&#8243;][vc_custom_heading heading_semantic=&#8221;h1&#8243; text_size=&#8221;h1&#8243; uncode_shortcode_id=&#8221;176305&#8243;]Denia Sunset Experience[\/vc_custom_heading][vc_custom_heading uncode_shortcode_id=&#8221;155695&#8243;](Gemeinsames Gruppenerlebnis)[\/vc_custom_heading][\/vc_column][\/vc_row][vc_row unlock_row_content=&#8221;yes&#8221; row_height_percent=&#8221;0&#8243; override_padding=&#8221;yes&#8221; h_padding=&#8221;2&#8243; top_padding=&#8221;4&#8243; bottom_padding=&#8221;4&#8243; overlay_alpha=&#8221;50&#8243; gutter_size=&#8221;3&#8243; column_width_percent=&#8221;100&#8243; shift_y=&#8221;0&#8243; z_index=&#8221;0&#8243; uncode_shortcode_id=&#8221;130434&#8243;][vc_column column_width_percent=&#8221;100&#8243; align_horizontal=&#8221;align_center&#8221; gutter_size=&#8221;3&#8243; overlay_alpha=&#8221;50&#8243; shift_x=&#8221;0&#8243; shift_y=&#8221;0&#8243; shift_y_down=&#8221;0&#8243; z_index=&#8221;0&#8243; medium_width=&#8221;0&#8243; mobile_width=&#8221;0&#8243; width=&#8221;1\/12&#8243; uncode_shortcode_id=&#8221;324484&#8243;][\/vc_column][vc_column width=&#8221;4\/12&#8243;][vc_single_image media=&#8221;114320&#8243; media_width_use_pixel=&#8221;yes&#8221; alignment=&#8221;center&#8221; uncode_shortcode_id=&#8221;477558&#8243; media_width_pixel=&#8221;600&#8243;][vc_raw_html]PCEtLSBGYXJlSGFyYm9yIGNhbGVuZGFyIG9mIGl0ZW0gIzU1MDY0NyAtLT4KPHNjcmlwdCBzcmM9Imh0dHBzOi8vZmFyZWhhcmJvci5jb20vZW1iZWRzL3NjcmlwdC9jYWxlbmRhci1zbWFsbC93ZXdoYWxlLWNhbmFyaWFzLXNsL2l0ZW1zLzU1MDY0Ny8\/ZmFsbGJhY2s9c2ltcGxlJmFtcDtmdWxsLWl0ZW1zPXllcyZhbXA7Zmxvdz1ubyI+PC9zY3JpcHQ+[\/vc_raw_html][\/vc_column][vc_column width=&#8221;5\/12&#8243;][vc_custom_heading heading_semantic=&#8221;h3&#8243; uncode_shortcode_id=&#8221;193666&#8243;]<span class=\"TextRun MacChromeBold SCXW210815436 BCX0\" lang=\"EN-US\" xml:lang=\"EN-US\" data-contrast=\"auto\"><span class=\"NormalTextRun SCXW210815436 BCX0\">Erlebe eine einmalige Reise an Bord unseres zu 100% elektrischen Segelbootes,<\/span> <span class=\"NormalTextRun SCXW210815436 BCX0\">mit dem wir entlang der <\/span> <span class=\"NormalTextRun SCXW210815436 BCX0\">Mittelmeerk\u00fcste von Denia und Cabo de San Antonia<\/span><span class=\"NormalTextRun SCXW210815436 BCX0\"> segeln. Tauche bei Sonnenuntergang in die besondere Stille ein, w\u00e4hrend du verschiedene Arten von Delfinen<\/span> <span class=\"NormalTextRun SCXW210815436 BCX0\">und Walen<\/span> <span class=\"NormalTextRun SCXW210815436 BCX0\">sehen kannst, unter anderem<\/span> <span class=\"NormalTextRun SCXW210815436 BCX0\">G<\/span><span class=\"NormalTextRun SCXW210815436 BCX0\">ro\u00dfe <\/span> <span class=\"NormalTextRun SCXW210815436 BCX0\">T<\/span><span class=\"NormalTextRun SCXW210815436 BCX0\">\u00fcmmle<\/span><span class=\"NormalTextRun SCXW210815436 BCX0\">r und Finnwale.<\/span><\/span> [\/vc_custom_heading][vc_column_text uncode_shortcode_id=&#8221;746407&#8243;]<span data-contrast=\"auto\">Unser leises elektrisches Motorsytem garantiert eine ger\u00e4uschfreie Umgebung, die die Delfine zur \u201aEl Som Mar\u2018, unserem Segelboot, zieht und so respektvolle und friedliche Sichtungen erm\u00f6glicht, unterst\u00fctzt durch unsere Technologie an Bord: einem Hydrophon und einer 360-Grad-Kamera, die f\u00fcr eine besseres Sichtbarkeit sorgen und uns erm\u00f6glichen den fesselnden Ger\u00e4uschen der Wale und Delfine zu lauschen.<\/span><\/p>\n<p>All dies tr\u00e4gt zu der verzaubernden Atmosph\u00e4re an Bord bei.<\/p>\n<p><span data-contrast=\"auto\">Angeleitet durch unser Team, das eine Meeresbiologin beinhaltet, kannst du wertvolle Einblicke in das Leben und Verhalten von Walen und Delfinen und die diversen Arten, die in dieser Region vorkommen, gewinnen. <\/span><\/p>\n<p><span data-contrast=\"auto\">Du wirst w\u00e4hrend dieser Tour die Gelegenheit haben einer Vielzahl von Meerestieren zu begegnen. Es gibt 22 dokumentierte Arten von Meeress\u00e4ugetieren im Mittelmeer, wovon sechs eine feste Population haben: <\/span><span data-contrast=\"auto\"><a href=\"https:\/\/staging.wewhale.co\/de\/2022\/06\/16\/deep-dive-into-fin-whales\/\" target=\"_blank\" rel=\"noopener\">Finnwale<\/a>, <a href=\"https:\/\/staging.wewhale.co\/de\/2024\/01\/11\/tiefer-einblick-in-grosse-tuemmler\/\" target=\"_blank\" rel=\"noopener\">Gro\u00dfe T\u00fcmmler,<\/a> <a href=\"https:\/\/staging.wewhale.co\/de\/2022\/09\/01\/tief-eintauchen-in-pottwale\/\" target=\"_blank\" rel=\"noopener\">Pottwale<\/a>, <a href=\"https:\/\/staging.wewhale.co\/de\/2022\/08\/11\/tief-tauchen-in-grindwale\/\" target=\"_blank\" rel=\"noopener\">Grindwale<\/a>, <a href=\"https:\/\/staging.wewhale.co\/de\/2023\/08\/03\/tief-eintauchen-in-risso-delphine\/\" target=\"_blank\" rel=\"noopener\">Risso-Delfine<\/a> und <a href=\"https:\/\/staging.wewhale.co\/de\/2023\/05\/25\/tiefes-eintauchen-in-gemeine-delfine\/\" target=\"_blank\" rel=\"noopener\">Gemeine Delfine<\/a>.<\/span><\/p>\n<p><span data-contrast=\"auto\">Unsere Crew engagiert sich aktiv f\u00fcr den Meeresschutz, indem sie M\u00fcll aus dem Meer fischt, verletzten Tieren hilft sowie entsprechend offizieller Vorgaben jegliche Form von Aggression und Bedrohung gegen\u00fcber Walen, Delfinen oder anderen Meerestieren dokumentiert.<\/span><\/p>\n<p><span data-contrast=\"auto\">W\u00e4hrend der Tour werden kostenlose Getr\u00e4nke und Snacks angeboten, dank unserer Partnerschaften mit Projekten, die unsere Werte teilen.<\/span><\/p>\n<p><b><span data-contrast=\"none\">Was du wissen solltest:<\/span><\/b><\/p>\n<ul>\n<li data-leveltext=\"\uf0b7\" data-font=\"Symbol\" data-listid=\"6\" data-list-defn-props=\"{\" aria-setsize=\"-1\" data-aria-posinset=\"1\" data-aria-level=\"1\"><span data-contrast=\"none\">Diese gef\u00fchrte Tour ist in Englisch und Spanisch verf\u00fcgbar.<\/span><\/li>\n<li data-leveltext=\"\uf0b7\" data-font=\"Symbol\" data-listid=\"6\" data-list-defn-props=\"{\" aria-setsize=\"-1\" data-aria-posinset=\"2\" data-aria-level=\"1\"><span data-contrast=\"none\">Wir legen vom Hafen El Portet Denia ab<\/span> <span data-ccp-props=\"{\">(Pontoon 5 number 40)<\/span><\/li>\n<li data-leveltext=\"\uf0b7\" data-font=\"Symbol\" data-listid=\"6\" data-list-defn-props=\"{\" aria-setsize=\"-1\" data-aria-posinset=\"3\" data-aria-level=\"1\"><span data-contrast=\"none\">Dauer: etwa 2,5 Stunden auf dem Meer<\/span><\/li>\n<li data-leveltext=\"\uf0b7\" data-font=\"Symbol\" data-listid=\"6\" data-list-defn-props=\"{\" aria-setsize=\"-1\" data-aria-posinset=\"4\" data-aria-level=\"1\"><span data-contrast=\"none\">W\u00e4hrend der Tour sind Wasser, Bier, alkoholfreie Bio-Getr\u00e4nke, Snacks von regionalen Anbietern und frisches Obst inklusive<\/span><\/li>\n<li data-leveltext=\"\uf0b7\" data-font=\"Symbol\" data-listid=\"6\" data-list-defn-props=\"{\" aria-setsize=\"-1\" data-aria-posinset=\"5\" data-aria-level=\"1\"><span data-contrast=\"none\">Es gibt f\u00fcr diese Tour keine Altersbeschr\u00e4nkungen<\/span><\/li>\n<li data-leveltext=\"\uf0b7\" data-font=\"Symbol\" data-listid=\"6\" data-list-defn-props=\"{\" aria-setsize=\"-1\" data-aria-posinset=\"6\" data-aria-level=\"1\"><span data-contrast=\"none\">Preis f\u00fcr Kinder von 5 -12 Jahren: 60 Eur<\/span> <span data-contrast=\"none\">(Kinder unter 5 Jahren frei<\/span><span data-contrast=\"none\">)<\/span><\/li>\n<li data-leveltext=\"\uf0b7\" data-font=\"Symbol\" data-listid=\"6\" data-list-defn-props=\"{\" aria-setsize=\"-1\" data-aria-posinset=\"7\" data-aria-level=\"1\"><span data-contrast=\"none\">Preis f\u00fcr Personen ab 13 Jahren: 75 Eur<\/span><\/li>\n<\/ul>\n<p>[\/vc_column_text][vc_column_text uncode_shortcode_id=&#8221;175515&#8243;]<\/p>\n<h3>Wusstest du schon?<\/h3>\n<p><span data-contrast=\"auto\">Durch deine Buchung einer WeWhale Wal- und Delfinbeobachtungstour unterst\u00fctzt du direkt den Schutz von Walen und Delfinen, da 7,5% des Nettoumsatzes dieser Touren an die Non-Profit-Organisation <\/span><a href=\"https:\/\/staging.wewhale.co\/de\/association-2\/\"><span data-contrast=\"none\">WeWhale Association.<\/span><\/a><span data-contrast=\"auto\"> Diese Spende ist nur dank unserer G\u00e4ste m\u00f6glich, die sich f\u00fcr unser Wal-und Delfinbeobachtungs-Abenteuer entscheiden.<\/span><\/p>\n<p><span data-contrast=\"auto\">Die Mission von WeWhale besteht darin, die Welt zu einem Ort f\u00fcr ger\u00e4usch- und emissionsfreie Wal- und Delfinbeobachtungen zu machen, an dem Tiere gedeihen k\u00f6nnen und Menschen lernen k\u00f6nnen. Erfahre mehr \u00fcber unsere Arbeit auf unser <a href=\"https:\/\/staging.wewhale.co\/de\/uber\/\">About-<\/a>Seite.<\/span> [\/vc_column_text][vc_column_text uncode_shortcode_id=&#8221;147778&#8243;]Hast du noch Fragen? Vielleicht finden Sie die Antwort in unseren <a href=\"https:\/\/staging.wewhale.co\/de\/faq\/\">FAQ<\/a> oder schreiben Sie uns einfach eine WhatsApp oder rufen Sie uns an unter +34 674 030 974.[\/vc_column_text][\/vc_column][vc_column width=&#8221;2\/12&#8243;][\/vc_column][\/vc_row][vc_row unlock_row_content=&#8221;yes&#8221; row_height_percent=&#8221;0&#8243; override_padding=&#8221;yes&#8221; h_padding=&#8221;0&#8243; top_padding=&#8221;3&#8243; bottom_padding=&#8221;0&#8243; overlay_alpha=&#8221;50&#8243; gutter_size=&#8221;3&#8243; column_width_percent=&#8221;100&#8243; shift_y=&#8221;0&#8243; z_index=&#8221;0&#8243; uncode_shortcode_id=&#8221;100453&#8243;][vc_column width=&#8221;1\/1&#8243;][vc_gallery el_id=&#8221;gallery-101235&#8243; medias=&#8221;113803,3066,113800,113797,113794&#8243; style_preset=&#8221;metro&#8221; gutter_size=&#8221;0&#8243; media_items=&#8221;media|lightbox|original&#8221; screen_lg=&#8221;&#8221; screen_md=&#8221;&#8221; screen_sm=&#8221;&#8221; single_overlay_opacity=&#8221;50&#8243; single_padding=&#8221;2&#8243; single_border=&#8221;yes&#8221; uncode_shortcode_id=&#8221;472546&#8243; items=&#8221;eyIxNDc3X2kiOnsic2luZ2xlX3dpZHRoIjoiMiJ9LCIxNDQ0X2kiOnsic2luZ2xlX3dpZHRoIjoiNiJ9LCIxNDcxX2kiOnsic2luZ2xlX3dpZHRoIjoiNSJ9LCIxOTBfaSI6eyJzaW5nbGVfd2lkdGgiOiIzIn0sIjE0MzhfaSI6eyJzaW5nbGVfd2lkdGgiOiI2In0sIjE0NDdfaSI6eyJzaW5nbGVfd2lkdGgiOiI2In0sIjE0NTBfaSI6eyJzaW5nbGVfd2lkdGgiOiI0In0sIjE5Ml9pIjp7InNpbmdsZV93aWR0aCI6IjQifSwiMTQ1Nl9pIjp7InNpbmdsZV93aWR0aCI6IjYifSwiMzA1MV9pIjp7InNpbmdsZV93aWR0aCI6IjMifSwiMzA2MF9pIjp7InNpbmdsZV93aWR0aCI6IjUifSwiMzA2Nl9pIjp7InNpbmdsZV93aWR0aCI6IjQifSwiMzA1N19pIjp7InNpbmdsZV93aWR0aCI6IjMifSwiMzA0OF9pIjp7InNpbmdsZV93aWR0aCI6IjMifSwiMzgyMl9pIjp7InNpbmdsZV93aWR0aCI6IjUifSwiMzgyNV9pIjp7InNpbmdsZV93aWR0aCI6IjcifSwiMTEzNzk3X2kiOnsic2luZ2xlX3dpZHRoIjoiNiJ9LCIxMTM3OTRfaSI6eyJzaW5nbGVfd2lkdGgiOiI2In19&#8243;][\/vc_column][\/vc_row][vc_row][vc_column width=&#8221;1\/1&#8243;][uncode_block id=&#8221;113994&#8243;][\/vc_column][\/vc_row][vc_row unlock_row_content=&#8221;yes&#8221; row_height_percent=&#8221;0&#8243; override_padding=&#8221;yes&#8221; h_padding=&#8221;2&#8243; top_padding=&#8221;3&#8243; bottom_padding=&#8221;3&#8243; overlay_alpha=&#8221;50&#8243; gutter_size=&#8221;3&#8243; column_width_percent=&#8221;100&#8243; shift_y=&#8221;0&#8243; z_index=&#8221;0&#8243; uncode_shortcode_id=&#8221;147448&#8243;][vc_column column_width_percent=&#8221;100&#8243; align_horizontal=&#8221;align_center&#8221; gutter_size=&#8221;3&#8243; overlay_alpha=&#8221;50&#8243; shift_x=&#8221;0&#8243; shift_y=&#8221;0&#8243; shift_y_down=&#8221;0&#8243; z_index=&#8221;0&#8243; medium_width=&#8221;0&#8243; mobile_width=&#8221;0&#8243; width=&#8221;1\/1&#8243; uncode_shortcode_id=&#8221;120214&#8243;][vc_custom_heading uncode_shortcode_id=&#8221;178010&#8243;]Eindr\u00fccke von der Tour[\/vc_custom_heading][vc_gallery el_id=&#8221;gallery-205674&#8243; type=&#8221;carousel&#8221; medias=&#8221;113807,114008,113813,113698,113714,113683,113692,114017,113704,114020,113759,113810,113770,114005,113787,114014,113797,114011&#8243; carousel_lg=&#8221;4&#8243; carousel_md=&#8221;3&#8243; carousel_sm=&#8221;1&#8243; thumb_size=&#8221;four-three&#8221; gutter_size=&#8221;2&#8243; media_items=&#8221;media|lightbox|poster&#8221; carousel_height=&#8221;equal&#8221; carousel_interval=&#8221;3000&#8243; carousel_navspeed=&#8221;400&#8243; carousel_loop=&#8221;yes&#8221; carousel_overflow=&#8221;yes&#8221; carousel_dots=&#8221;yes&#8221; carousel_dots_mobile=&#8221;yes&#8221; stage_padding=&#8221;0&#8243; single_overlay_opacity=&#8221;1&#8243; single_padding=&#8221;2&#8243; uncode_shortcode_id=&#8221;187821&#8243;][\/vc_column][\/vc_row]<\/p>\n<\/div>","protected":false},"excerpt":{"rendered":"<p>[vc_row unlock_row_content=&#8221;yes&#8221; row_height_percent=&#8221;40&#8243; override_padding=&#8221;yes&#8221; h_padding=&#8221;2&#8243; top_padding=&#8221;4&#8243; bottom_padding=&#8221;2&#8243; back_image=&#8221;113787&#8243; back_position=&#8221;center center&#8221; parallax=&#8221;yes&#8221; overlay_color=&#8221;color-180534&#8243; overlay_alpha=&#8221;30&#8243; gutter_size=&#8221;3&#8243; column_width_percent=&#8221;100&#8243; shift_y=&#8221;0&#8243; z_index=&#8221;0&#8243; uncode_shortcode_id=&#8221;912384&#8243; overlay_color_type=&#8221;uncode-palette&#8221;][vc_column column_width_percent=&#8221;100&#8243; [&hellip;]<\/p>\n","protected":false},"author":3,"featured_media":113788,"parent":3267,"menu_order":0,"comment_status":"closed","ping_status":"closed","template":"","meta":{"footnotes":""},"class_list":["post-114242","page","type-page","status-publish","has-post-thumbnail","hentry","page_category-denia-3"],"yoast_head":"<!-- This site is optimized with the Yoast SEO Premium plugin v23.2 (Yoast SEO v23.2) - https:\/\/yoast.com\/wordpress\/plugins\/seo\/ -->\n<title>Denia Sunset Experience (Gemeinsames Gruppenerlebnis) - WeWhale<\/title>\n<meta name=\"description\" content=\"Auf dem gemeinsamen Sonnenuntergangserlebnis in Denia wirst du eine einzigartige Reise auf unserem zu 100% elektrischen Segelboot zur Wal- und Delfinbeobachtung genie\u00dfen.\" \/>\n<meta name=\"robots\" content=\"index, follow, max-snippet:-1, max-image-preview:large, max-video-preview:-1\" \/>\n<link rel=\"canonical\" href=\"https:\/\/staging.wewhale.co\/de\/erlebnisse\/denia-sonnenuntergangserlebnis-gemeinsames-gruppenerlebnis\/\" \/>\n<meta property=\"og:locale\" content=\"de_DE\" \/>\n<meta property=\"og:type\" content=\"article\" \/>\n<meta property=\"og:title\" content=\"Denia Sunset Experience (Gemeinsames Gruppenerlebnis)\" \/>\n<meta property=\"og:description\" content=\"Auf dem gemeinsamen Sonnenuntergangserlebnis in Denia wirst du eine einzigartige Reise auf unserem zu 100% elektrischen Segelboot zur Wal- und Delfinbeobachtung genie\u00dfen.\" \/>\n<meta property=\"og:url\" content=\"https:\/\/staging.wewhale.co\/de\/erlebnisse\/denia-sonnenuntergangserlebnis-gemeinsames-gruppenerlebnis\/\" \/>\n<meta property=\"og:site_name\" content=\"WeWhale\" \/>\n<meta property=\"article:modified_time\" content=\"2024-06-04T17:00:51+00:00\" \/>\n<meta property=\"og:image\" content=\"https:\/\/staging.wewhale.co\/wp-content\/uploads\/2024\/05\/foto_sommar_18.jpg\" \/>\n\t<meta property=\"og:image:width\" content=\"1834\" \/>\n\t<meta property=\"og:image:height\" content=\"1032\" \/>\n\t<meta property=\"og:image:type\" content=\"image\/jpeg\" \/>\n<meta name=\"twitter:card\" content=\"summary_large_image\" \/>\n<meta name=\"twitter:site\" content=\"@WeWhaleCo\" \/>\n<meta name=\"twitter:label1\" content=\"Gesch\u00e4tzte Lesezeit\" \/>\n\t<meta name=\"twitter:data1\" content=\"3\u00a0Minuten\" \/>\n<script type=\"application\/ld+json\" class=\"yoast-schema-graph\">{\"@context\":\"https:\/\/schema.org\",\"@graph\":[{\"@type\":\"WebPage\",\"@id\":\"https:\/\/staging.wewhale.co\/de\/erlebnisse\/denia-sonnenuntergangserlebnis-gemeinsames-gruppenerlebnis\/\",\"url\":\"https:\/\/staging.wewhale.co\/de\/erlebnisse\/denia-sonnenuntergangserlebnis-gemeinsames-gruppenerlebnis\/\",\"name\":\"Denia Sunset Experience (Gemeinsames Gruppenerlebnis) - WeWhale\",\"isPartOf\":{\"@id\":\"https:\/\/staging.wewhale.co\/de\/#website\"},\"primaryImageOfPage\":{\"@id\":\"https:\/\/staging.wewhale.co\/de\/erlebnisse\/denia-sonnenuntergangserlebnis-gemeinsames-gruppenerlebnis\/#primaryimage\"},\"image\":{\"@id\":\"https:\/\/staging.wewhale.co\/de\/erlebnisse\/denia-sonnenuntergangserlebnis-gemeinsames-gruppenerlebnis\/#primaryimage\"},\"thumbnailUrl\":\"https:\/\/staging.wewhale.co\/wp-content\/uploads\/2024\/05\/foto_sommar_18.jpg\",\"datePublished\":\"2024-05-15T08:53:01+00:00\",\"dateModified\":\"2024-06-04T17:00:51+00:00\",\"description\":\"Auf dem gemeinsamen Sonnenuntergangserlebnis in Denia wirst du eine einzigartige Reise auf unserem zu 100% elektrischen Segelboot zur Wal- und Delfinbeobachtung genie\u00dfen.\",\"breadcrumb\":{\"@id\":\"https:\/\/staging.wewhale.co\/de\/erlebnisse\/denia-sonnenuntergangserlebnis-gemeinsames-gruppenerlebnis\/#breadcrumb\"},\"inLanguage\":\"de\",\"potentialAction\":[{\"@type\":\"ReadAction\",\"target\":[\"https:\/\/staging.wewhale.co\/de\/erlebnisse\/denia-sonnenuntergangserlebnis-gemeinsames-gruppenerlebnis\/\"]}]},{\"@type\":\"ImageObject\",\"inLanguage\":\"de\",\"@id\":\"https:\/\/staging.wewhale.co\/de\/erlebnisse\/denia-sonnenuntergangserlebnis-gemeinsames-gruppenerlebnis\/#primaryimage\",\"url\":\"https:\/\/staging.wewhale.co\/wp-content\/uploads\/2024\/05\/foto_sommar_18.jpg\",\"contentUrl\":\"https:\/\/staging.wewhale.co\/wp-content\/uploads\/2024\/05\/foto_sommar_18.jpg\",\"width\":1834,\"height\":1032,\"caption\":\"Denia shared sunset experience\"},{\"@type\":\"BreadcrumbList\",\"@id\":\"https:\/\/staging.wewhale.co\/de\/erlebnisse\/denia-sonnenuntergangserlebnis-gemeinsames-gruppenerlebnis\/#breadcrumb\",\"itemListElement\":[{\"@type\":\"ListItem\",\"position\":1,\"name\":\"Home\",\"item\":\"https:\/\/staging.wewhale.co\/de\/wewhale-home-2\/\"},{\"@type\":\"ListItem\",\"position\":2,\"name\":\"Erlebnisse\",\"item\":\"https:\/\/staging.wewhale.co\/de\/erlebnisse\/\"},{\"@type\":\"ListItem\",\"position\":3,\"name\":\"Denia Sunset Experience (Gemeinsames Gruppenerlebnis)\"}]},{\"@type\":\"WebSite\",\"@id\":\"https:\/\/staging.wewhale.co\/de\/#website\",\"url\":\"https:\/\/staging.wewhale.co\/de\/\",\"name\":\"WeWhale\",\"description\":\"\",\"publisher\":{\"@id\":\"https:\/\/staging.wewhale.co\/de\/#organization\"},\"potentialAction\":[{\"@type\":\"SearchAction\",\"target\":{\"@type\":\"EntryPoint\",\"urlTemplate\":\"https:\/\/staging.wewhale.co\/de\/?s={search_term_string}\"},\"query-input\":\"required name=search_term_string\"}],\"inLanguage\":\"de\"},{\"@type\":\"Organization\",\"@id\":\"https:\/\/staging.wewhale.co\/de\/#organization\",\"name\":\"WeWhale\",\"url\":\"https:\/\/staging.wewhale.co\/de\/\",\"logo\":{\"@type\":\"ImageObject\",\"inLanguage\":\"de\",\"@id\":\"https:\/\/staging.wewhale.co\/de\/#\/schema\/logo\/image\/\",\"url\":\"https:\/\/staging.wewhale.co\/wp-content\/uploads\/2022\/06\/wewhale_stamp_rgb.png\",\"contentUrl\":\"https:\/\/staging.wewhale.co\/wp-content\/uploads\/2022\/06\/wewhale_stamp_rgb.png\",\"width\":1000,\"height\":1000,\"caption\":\"WeWhale\"},\"image\":{\"@id\":\"https:\/\/staging.wewhale.co\/de\/#\/schema\/logo\/image\/\"},\"sameAs\":[\"https:\/\/x.com\/WeWhaleCo\"]}]}<\/script>\n<!-- \/ Yoast SEO Premium plugin. -->","yoast_head_json":{"title":"Denia Sunset Experience (Gemeinsames Gruppenerlebnis) - WeWhale","description":"Auf dem gemeinsamen Sonnenuntergangserlebnis in Denia wirst du eine einzigartige Reise auf unserem zu 100% elektrischen Segelboot zur Wal- und Delfinbeobachtung genie\u00dfen.","robots":{"index":"index","follow":"follow","max-snippet":"max-snippet:-1","max-image-preview":"max-image-preview:large","max-video-preview":"max-video-preview:-1"},"canonical":"https:\/\/staging.wewhale.co\/de\/erlebnisse\/denia-sonnenuntergangserlebnis-gemeinsames-gruppenerlebnis\/","og_locale":"de_DE","og_type":"article","og_title":"Denia Sunset Experience (Gemeinsames Gruppenerlebnis)","og_description":"Auf dem gemeinsamen Sonnenuntergangserlebnis in Denia wirst du eine einzigartige Reise auf unserem zu 100% elektrischen Segelboot zur Wal- und Delfinbeobachtung genie\u00dfen.","og_url":"https:\/\/staging.wewhale.co\/de\/erlebnisse\/denia-sonnenuntergangserlebnis-gemeinsames-gruppenerlebnis\/","og_site_name":"WeWhale","article_modified_time":"2024-06-04T17:00:51+00:00","og_image":[{"width":1834,"height":1032,"url":"https:\/\/staging.wewhale.co\/wp-content\/uploads\/2024\/05\/foto_sommar_18.jpg","type":"image\/jpeg"}],"twitter_card":"summary_large_image","twitter_site":"@WeWhaleCo","twitter_misc":{"Gesch\u00e4tzte Lesezeit":"3\u00a0Minuten"},"schema":{"@context":"https:\/\/schema.org","@graph":[{"@type":"WebPage","@id":"https:\/\/staging.wewhale.co\/de\/erlebnisse\/denia-sonnenuntergangserlebnis-gemeinsames-gruppenerlebnis\/","url":"https:\/\/staging.wewhale.co\/de\/erlebnisse\/denia-sonnenuntergangserlebnis-gemeinsames-gruppenerlebnis\/","name":"Denia Sunset Experience (Gemeinsames Gruppenerlebnis) - WeWhale","isPartOf":{"@id":"https:\/\/staging.wewhale.co\/de\/#website"},"primaryImageOfPage":{"@id":"https:\/\/staging.wewhale.co\/de\/erlebnisse\/denia-sonnenuntergangserlebnis-gemeinsames-gruppenerlebnis\/#primaryimage"},"image":{"@id":"https:\/\/staging.wewhale.co\/de\/erlebnisse\/denia-sonnenuntergangserlebnis-gemeinsames-gruppenerlebnis\/#primaryimage"},"thumbnailUrl":"https:\/\/staging.wewhale.co\/wp-content\/uploads\/2024\/05\/foto_sommar_18.jpg","datePublished":"2024-05-15T08:53:01+00:00","dateModified":"2024-06-04T17:00:51+00:00","description":"Auf dem gemeinsamen Sonnenuntergangserlebnis in Denia wirst du eine einzigartige Reise auf unserem zu 100% elektrischen Segelboot zur Wal- und Delfinbeobachtung genie\u00dfen.","breadcrumb":{"@id":"https:\/\/staging.wewhale.co\/de\/erlebnisse\/denia-sonnenuntergangserlebnis-gemeinsames-gruppenerlebnis\/#breadcrumb"},"inLanguage":"de","potentialAction":[{"@type":"ReadAction","target":["https:\/\/staging.wewhale.co\/de\/erlebnisse\/denia-sonnenuntergangserlebnis-gemeinsames-gruppenerlebnis\/"]}]},{"@type":"ImageObject","inLanguage":"de","@id":"https:\/\/staging.wewhale.co\/de\/erlebnisse\/denia-sonnenuntergangserlebnis-gemeinsames-gruppenerlebnis\/#primaryimage","url":"https:\/\/staging.wewhale.co\/wp-content\/uploads\/2024\/05\/foto_sommar_18.jpg","contentUrl":"https:\/\/staging.wewhale.co\/wp-content\/uploads\/2024\/05\/foto_sommar_18.jpg","width":1834,"height":1032,"caption":"Denia shared sunset experience"},{"@type":"BreadcrumbList","@id":"https:\/\/staging.wewhale.co\/de\/erlebnisse\/denia-sonnenuntergangserlebnis-gemeinsames-gruppenerlebnis\/#breadcrumb","itemListElement":[{"@type":"ListItem","position":1,"name":"Home","item":"https:\/\/staging.wewhale.co\/de\/wewhale-home-2\/"},{"@type":"ListItem","position":2,"name":"Erlebnisse","item":"https:\/\/staging.wewhale.co\/de\/erlebnisse\/"},{"@type":"ListItem","position":3,"name":"Denia Sunset Experience (Gemeinsames Gruppenerlebnis)"}]},{"@type":"WebSite","@id":"https:\/\/staging.wewhale.co\/de\/#website","url":"https:\/\/staging.wewhale.co\/de\/","name":"WeWhale","description":"","publisher":{"@id":"https:\/\/staging.wewhale.co\/de\/#organization"},"potentialAction":[{"@type":"SearchAction","target":{"@type":"EntryPoint","urlTemplate":"https:\/\/staging.wewhale.co\/de\/?s={search_term_string}"},"query-input":"required name=search_term_string"}],"inLanguage":"de"},{"@type":"Organization","@id":"https:\/\/staging.wewhale.co\/de\/#organization","name":"WeWhale","url":"https:\/\/staging.wewhale.co\/de\/","logo":{"@type":"ImageObject","inLanguage":"de","@id":"https:\/\/staging.wewhale.co\/de\/#\/schema\/logo\/image\/","url":"https:\/\/staging.wewhale.co\/wp-content\/uploads\/2022\/06\/wewhale_stamp_rgb.png","contentUrl":"https:\/\/staging.wewhale.co\/wp-content\/uploads\/2022\/06\/wewhale_stamp_rgb.png","width":1000,"height":1000,"caption":"WeWhale"},"image":{"@id":"https:\/\/staging.wewhale.co\/de\/#\/schema\/logo\/image\/"},"sameAs":["https:\/\/x.com\/WeWhaleCo"]}]}},"_links":{"self":[{"href":"https:\/\/staging.wewhale.co\/de\/wp-json\/wp\/v2\/pages\/114242","targetHints":{"allow":["GET"]}}],"collection":[{"href":"https:\/\/staging.wewhale.co\/de\/wp-json\/wp\/v2\/pages"}],"about":[{"href":"https:\/\/staging.wewhale.co\/de\/wp-json\/wp\/v2\/types\/page"}],"author":[{"embeddable":true,"href":"https:\/\/staging.wewhale.co\/de\/wp-json\/wp\/v2\/users\/3"}],"replies":[{"embeddable":true,"href":"https:\/\/staging.wewhale.co\/de\/wp-json\/wp\/v2\/comments?post=114242"}],"version-history":[{"count":31,"href":"https:\/\/staging.wewhale.co\/de\/wp-json\/wp\/v2\/pages\/114242\/revisions"}],"predecessor-version":[{"id":114461,"href":"https:\/\/staging.wewhale.co\/de\/wp-json\/wp\/v2\/pages\/114242\/revisions\/114461"}],"up":[{"embeddable":true,"href":"https:\/\/staging.wewhale.co\/de\/wp-json\/wp\/v2\/pages\/3267"}],"wp:featuredmedia":[{"embeddable":true,"href":"https:\/\/staging.wewhale.co\/de\/wp-json\/wp\/v2\/media\/113788"}],"wp:attachment":[{"href":"https:\/\/staging.wewhale.co\/de\/wp-json\/wp\/v2\/media?parent=114242"}],"curies":[{"name":"wp","href":"https:\/\/api.w.org\/{rel}","templated":true}]}}