{"id":114254,"date":"2024-05-08T17:42:45","date_gmt":"2024-05-08T15:42:45","guid":{"rendered":"https:\/\/staging.wewhale.co\/erlebnisse\/denia-wal-und-delfinbeobachtung-gemeinsames-gruppenerlebnis\/"},"modified":"2024-06-11T13:37:06","modified_gmt":"2024-06-11T11:37:06","slug":"denia-wal-und-delfinbeobachtung-gemeinsames-gruppenerlebnis","status":"publish","type":"page","link":"https:\/\/staging.wewhale.co\/de\/erlebnisse\/denia-wal-und-delfinbeobachtung-gemeinsames-gruppenerlebnis\/","title":{"rendered":"Denia Wal- und Delfinbeobachtung (Gemeinsames Gruppenerlebnis)"},"content":{"rendered":"<div class=\"wpb-content-wrapper\"><p>[vc_row unlock_row_content=&#8221;yes&#8221; row_height_percent=&#8221;40&#8243; override_padding=&#8221;yes&#8221; h_padding=&#8221;2&#8243; top_padding=&#8221;4&#8243; bottom_padding=&#8221;2&#8243; back_image=&#8221;113683&#8243; back_position=&#8221;center center&#8221; parallax=&#8221;yes&#8221; overlay_color=&#8221;color-180534&#8243; overlay_alpha=&#8221;30&#8243; gutter_size=&#8221;3&#8243; column_width_percent=&#8221;100&#8243; shift_y=&#8221;0&#8243; z_index=&#8221;0&#8243; uncode_shortcode_id=&#8221;109759&#8243; overlay_color_type=&#8221;uncode-palette&#8221;][vc_column column_width_percent=&#8221;100&#8243; align_horizontal=&#8221;align_center&#8221; gutter_size=&#8221;2&#8243; style=&#8221;dark&#8221; overlay_alpha=&#8221;50&#8243; shift_x=&#8221;0&#8243; shift_y=&#8221;0&#8243; shift_y_down=&#8221;0&#8243; z_index=&#8221;0&#8243; medium_width=&#8221;0&#8243; mobile_width=&#8221;0&#8243; width=&#8221;1\/1&#8243; uncode_shortcode_id=&#8221;711861&#8243;][vc_single_image media=&#8221;139&#8243; media_width_use_pixel=&#8221;yes&#8221; alignment=&#8221;center&#8221; uncode_shortcode_id=&#8221;111104&#8243; media_width_pixel=&#8221;100&#8243;][vc_custom_heading heading_semantic=&#8221;h1&#8243; text_size=&#8221;h1&#8243; uncode_shortcode_id=&#8221;184399&#8243;]Denia Wal- und Delfinbeobachtung[\/vc_custom_heading][vc_custom_heading uncode_shortcode_id=&#8221;191327&#8243;](Gemeinsames Gruppenerlebnis)[\/vc_custom_heading][\/vc_column][\/vc_row][vc_row unlock_row_content=&#8221;yes&#8221; row_height_percent=&#8221;0&#8243; override_padding=&#8221;yes&#8221; h_padding=&#8221;2&#8243; top_padding=&#8221;4&#8243; bottom_padding=&#8221;4&#8243; overlay_alpha=&#8221;50&#8243; gutter_size=&#8221;3&#8243; column_width_percent=&#8221;100&#8243; shift_y=&#8221;0&#8243; z_index=&#8221;0&#8243; uncode_shortcode_id=&#8221;130434&#8243;][vc_column column_width_percent=&#8221;100&#8243; align_horizontal=&#8221;align_center&#8221; gutter_size=&#8221;3&#8243; overlay_alpha=&#8221;50&#8243; shift_x=&#8221;0&#8243; shift_y=&#8221;0&#8243; shift_y_down=&#8221;0&#8243; z_index=&#8221;0&#8243; medium_width=&#8221;0&#8243; mobile_width=&#8221;0&#8243; width=&#8221;1\/12&#8243; uncode_shortcode_id=&#8221;324484&#8243;][\/vc_column][vc_column width=&#8221;4\/12&#8243;][vc_single_image media=&#8221;113688&#8243; media_width_use_pixel=&#8221;yes&#8221; alignment=&#8221;center&#8221; uncode_shortcode_id=&#8221;394421&#8243; media_width_pixel=&#8221;600&#8243;][vc_raw_html]PCEtLSBGYXJlSGFyYm9yIGNhbGVuZGFyIG9mIGl0ZW0gIzU1MDY0OSAtLT4KPHNjcmlwdCBzcmM9Imh0dHBzOi8vZmFyZWhhcmJvci5jb20vZW1iZWRzL3NjcmlwdC9jYWxlbmRhci1zbWFsbC93ZXdoYWxlLWNhbmFyaWFzLXNsL2l0ZW1zLzU1MDY0OS8\/ZmFsbGJhY2s9c2ltcGxlJmFtcDtmdWxsLWl0ZW1zPXllcyZhbXA7Zmxvdz1ubyI+PC9zY3JpcHQ+[\/vc_raw_html][\/vc_column][vc_column width=&#8221;5\/12&#8243;][vc_custom_heading heading_semantic=&#8221;h3&#8243; uncode_shortcode_id=&#8221;212498&#8243;]<span class=\"TextRun MacChromeBold SCXW83883774 BCX0\" lang=\"EN-IE\" xml:lang=\"EN-IE\" data-contrast=\"auto\"><span class=\"NormalTextRun SCXW83883774 BCX0\">Komme mit uns auf das WeWhale Denia <\/span> <span class=\"NormalTextRun SCXW83883774 BCX0\">Morgenerlebnis,<\/span> <span class=\"NormalTextRun SCXW83883774 BCX0\">eine fesselnde<\/span> <span class=\"NormalTextRun SCXW83883774 BCX0\">4-<\/span><span class=\"NormalTextRun SCXW83883774 BCX0\">Stunden Tour, die dir einen magischen Start in den Tag <\/span> <span class=\"NormalTextRun SCXW83883774 BCX0\">bietet, auf der <\/span> d<span class=\"NormalTextRun SCXW83883774 BCX0\">u ein einzigartiges Wal- und Delfinbeobachtungsabenteuer<\/span> <span class=\"NormalTextRun SCXW83883774 BCX0\">an Bord unseres elektrischen Segelbootes erleben wirst.<\/span><\/span> [\/vc_custom_heading][vc_column_text uncode_shortcode_id=&#8221;427675&#8243;]<span data-contrast=\"auto\">Du wirst eine handverlesene \u201aMasterclass\u2018, angeleitet durch unsere Meeresbiologin an Bord, erleben, bei der du alles \u00fcber Meeress\u00e4ugetiere lernen und die Bedeutung der K\u00fcste vor Denia als gr\u00f6\u00dfter Wal- und Delfinbeobachtungsspot an der K\u00fcste Valencias erfahren wirst. <\/span><\/p>\n<p><span data-contrast=\"auto\">Unser elektrisches Segelboot \u201cEl Som Mar\u201c ist perfekt f\u00fcr 10 Personen und bietet eine intensive Erfahrung durch unsere Ausstattung an Bord, wie zum Beispiel eine 360 -Grad-Kamera und ein Hydrophon, die dir erm\u00f6glichen sie noch besser zu sehen und die fesselnden Ger\u00e4usche von Walen und Delfinen zu h\u00f6ren, und somit eine nahezu kommunikative Atmosph\u00e4re zu erleben.<\/span><\/p>\n<p><span data-contrast=\"auto\">Du hast die Gelegenheit w\u00e4hrend der Tour einer Vielzahl unterschiedlicher Meeresbewohner zu begegnen. Im Mittelmeer gibt es 22 katalogisierte Arten von Meeress\u00e4ugetieren, wovon sechs regelm\u00e4\u00dfig vorkommende Populationen sind: <a href=\"https:\/\/staging.wewhale.co\/de\/2022\/06\/16\/deep-dive-into-fin-whales\/\" target=\"_blank\" rel=\"noopener\">Finnwale<\/a>, <a href=\"https:\/\/staging.wewhale.co\/de\/2024\/01\/11\/tiefer-einblick-in-grosse-tuemmler\/\" target=\"_blank\" rel=\"noopener\">Gro\u00dfe T\u00fcmmler<\/a>, <a href=\"https:\/\/staging.wewhale.co\/de\/2022\/09\/01\/tief-eintauchen-in-pottwale\/\" target=\"_blank\" rel=\"noopener\">Pottwale<\/a>, <a href=\"https:\/\/staging.wewhale.co\/de\/2022\/08\/11\/tief-tauchen-in-grindwale\/\" target=\"_blank\" rel=\"noopener\">Grindwale<\/a>, <a href=\"https:\/\/staging.wewhale.co\/de\/2023\/08\/03\/tief-eintauchen-in-risso-delphine\/\" target=\"_blank\" rel=\"noopener\">Risso-Delfine<\/a> und <a href=\"https:\/\/staging.wewhale.co\/de\/2023\/05\/25\/tiefes-eintauchen-in-gemeine-delfine\/\" target=\"_blank\" rel=\"noopener\">Gemeine Delfine<\/a>.<\/span><\/p>\n<p><span data-contrast=\"auto\">Unsere Crew engagiert sich w\u00e4hrend der Touren aktiv f\u00fcr den Meeresschutz, indem sie M\u00fcll aus dem Meer fischt, nach Meeress\u00e4ugern, Schildkr\u00f6ten oder Seev\u00f6geln Ausschau haltet, die sich in Fischernetzen verfangen haben, und unangebrachte Verhaltensweisen von Menschen gegen\u00fcber Walen und Delfinen verhindert und dokumentiert.<\/span><\/p>\n<p><span data-contrast=\"auto\">W\u00e4hrend der gesamten Fahrt kannst du Getr\u00e4nke und Snacks genie\u00dfen, dank unserer Partnerschaften mit Projekten, die unsere Werte teilen. <\/span><span data-contrast=\"auto\">Bei diesen Zusammenarbeiten geht es nicht nur ums Gesch\u00e4ft; vielmehr geht es darum Werte zu teilen und euch Produkte vorzustellen, die einen echten Unterschied in der Welt machen.<\/span><\/p>\n<p><b><span data-contrast=\"none\">Was du wissen solltest:<\/span><\/b><\/p>\n<ul>\n<li data-leveltext=\"\uf0b7\" data-font=\"Symbol\" data-listid=\"6\" data-list-defn-props=\"{\" aria-setsize=\"-1\" data-aria-posinset=\"1\" data-aria-level=\"1\"><span data-contrast=\"none\">Diese gef\u00fchrte Tour ist in Englisch und Spanisch verf\u00fcgbar.<\/span><\/li>\n<li data-leveltext=\"\uf0b7\" data-font=\"Symbol\" data-listid=\"6\" data-list-defn-props=\"{\" aria-setsize=\"-1\" data-aria-posinset=\"2\" data-aria-level=\"1\"><span data-contrast=\"none\">Wir legen vom Hafen El Portet Denia ab<\/span> <span data-ccp-props=\"{\">(Pontoon 5 number 40)<\/span><\/li>\n<li data-leveltext=\"\uf0b7\" data-font=\"Symbol\" data-listid=\"6\" data-list-defn-props=\"{\" aria-setsize=\"-1\" data-aria-posinset=\"3\" data-aria-level=\"1\"><span data-contrast=\"none\">Dauer: etwa 4 Stunden auf dem Meer<\/span><\/li>\n<li data-leveltext=\"\uf0b7\" data-font=\"Symbol\" data-listid=\"6\" data-list-defn-props=\"{\" aria-setsize=\"-1\" data-aria-posinset=\"4\" data-aria-level=\"1\"><span data-contrast=\"none\">W\u00e4hrend der Tour sind Wasser, Bier, alkoholfreie Bio-Getr\u00e4nke, Snacks von regionalen Anbietern und frisches Obst inklusive<\/span><\/li>\n<li data-leveltext=\"\uf0b7\" data-font=\"Symbol\" data-listid=\"6\" data-list-defn-props=\"{\" aria-setsize=\"-1\" data-aria-posinset=\"4\" data-aria-level=\"1\"><span data-contrast=\"none\">Es gibt f\u00fcr diese Tour keine Altersbeschr\u00e4nkungen<\/span><\/li>\n<li data-leveltext=\"\uf0b7\" data-font=\"Symbol\" data-listid=\"6\" data-list-defn-props=\"{\" aria-setsize=\"-1\" data-aria-posinset=\"4\" data-aria-level=\"1\"><span data-contrast=\"none\">Preis f\u00fcr Personen von 5 \u2013 12 Jahren: 75 Eur <span class=\"s12\">(Kinder unter 5 frei<\/span><span class=\"s12\">)<\/span><\/span><\/li>\n<li data-leveltext=\"\uf0b7\" data-font=\"Symbol\" data-listid=\"6\" data-list-defn-props=\"{\" aria-setsize=\"-1\" data-aria-posinset=\"4\" data-aria-level=\"1\"><span data-contrast=\"none\">Preis f\u00fcr Personen ab 13 Jahren: 95 Eur<\/span><\/li>\n<\/ul>\n<p>[\/vc_column_text][vc_column_text uncode_shortcode_id=&#8221;543054&#8243;]<\/p>\n<h3>Wusstest du schon?<\/h3>\n<p><span data-contrast=\"auto\">Durch deine Buchung einer WeWhale Wal- und Delfinbeobachtungstour unterst\u00fctzt du direkt den Schutz von Walen und Delfinen, da 7,5% des Nettoumsatzes dieser Touren an die Non-Profit-Organisation <\/span><a href=\"https:\/\/staging.wewhale.co\/de\/association-2\/\"><span data-contrast=\"none\">WeWhale Association.<\/span><\/a><span data-contrast=\"auto\"> Diese Spende ist nur dank unserer G\u00e4ste m\u00f6glich, die sich f\u00fcr unser Wal-und Delfinbeobachtungs-Abenteuer entscheiden.<\/span><\/p>\n<p><span data-contrast=\"auto\">Die Mission von WeWhale besteht darin, die Welt zu einem Ort f\u00fcr ger\u00e4usch- und emissionsfreie Wal- und Delfinbeobachtungen zu machen, an dem Tiere gedeihen k\u00f6nnen und Menschen lernen k\u00f6nnen. Erfahre mehr \u00fcber unsere Arbeit auf unser <a href=\"https:\/\/staging.wewhale.co\/de\/uber\/\">About-<\/a>Seite.<\/span> [\/vc_column_text][vc_column_text uncode_shortcode_id=&#8221;147778&#8243;]Hast du noch Fragen? Vielleicht finden Sie die Antwort in unseren <a href=\"https:\/\/staging.wewhale.co\/de\/faq\/\">FAQ<\/a> oder schreiben Sie uns einfach eine WhatsApp oder rufen Sie uns an unter +34 674 030 974.[\/vc_column_text][\/vc_column][vc_column width=&#8221;2\/12&#8243;][\/vc_column][\/vc_row][vc_row unlock_row_content=&#8221;yes&#8221; row_height_percent=&#8221;0&#8243; override_padding=&#8221;yes&#8221; h_padding=&#8221;0&#8243; top_padding=&#8221;3&#8243; bottom_padding=&#8221;0&#8243; overlay_alpha=&#8221;50&#8243; gutter_size=&#8221;3&#8243; column_width_percent=&#8221;100&#8243; shift_y=&#8221;0&#8243; z_index=&#8221;0&#8243; uncode_shortcode_id=&#8221;100453&#8243;][vc_column width=&#8221;1\/1&#8243;][vc_gallery el_id=&#8221;gallery-101235&#8243; medias=&#8221;113698,113692,113695,113701,113704&#8243; style_preset=&#8221;metro&#8221; gutter_size=&#8221;0&#8243; media_items=&#8221;media|lightbox|original&#8221; screen_lg=&#8221;&#8221; screen_md=&#8221;&#8221; screen_sm=&#8221;&#8221; single_overlay_opacity=&#8221;50&#8243; single_padding=&#8221;2&#8243; single_border=&#8221;yes&#8221; uncode_shortcode_id=&#8221;110093&#8243; items=&#8221;eyIxNDc3X2kiOnsic2luZ2xlX3dpZHRoIjoiMiJ9LCIxNDQ0X2kiOnsic2luZ2xlX3dpZHRoIjoiNiJ9LCIxNDcxX2kiOnsic2luZ2xlX3dpZHRoIjoiNSJ9LCIxOTBfaSI6eyJzaW5nbGVfd2lkdGgiOiIzIn0sIjE0MzhfaSI6eyJzaW5nbGVfd2lkdGgiOiI2In0sIjE0NDdfaSI6eyJzaW5nbGVfd2lkdGgiOiI2In0sIjE0NTBfaSI6eyJzaW5nbGVfd2lkdGgiOiI0In0sIjE5Ml9pIjp7InNpbmdsZV93aWR0aCI6IjQifSwiMTQ1Nl9pIjp7InNpbmdsZV93aWR0aCI6IjYifSwiMzA1MV9pIjp7InNpbmdsZV93aWR0aCI6IjMifSwiMzA2MF9pIjp7InNpbmdsZV93aWR0aCI6IjUifSwiMzA2Nl9pIjp7InNpbmdsZV93aWR0aCI6IjUifSwiMzA1N19pIjp7InNpbmdsZV93aWR0aCI6IjMifSwiMzA0OF9pIjp7InNpbmdsZV93aWR0aCI6IjMifSwiMzgyMl9pIjp7InNpbmdsZV93aWR0aCI6IjUifSwiMzgyNV9pIjp7InNpbmdsZV93aWR0aCI6IjcifSwiMTEzNzAxX2kiOnsic2luZ2xlX3dpZHRoIjoiNiJ9LCIxMTM3MDRfaSI6eyJzaW5nbGVfd2lkdGgiOiI2In19&#8243;][\/vc_column][\/vc_row][vc_row][vc_column width=&#8221;1\/1&#8243;][uncode_block id=&#8221;113994&#8243;][\/vc_column][\/vc_row][vc_row unlock_row_content=&#8221;yes&#8221; row_height_percent=&#8221;0&#8243; override_padding=&#8221;yes&#8221; h_padding=&#8221;2&#8243; top_padding=&#8221;3&#8243; bottom_padding=&#8221;3&#8243; overlay_alpha=&#8221;50&#8243; gutter_size=&#8221;3&#8243; column_width_percent=&#8221;100&#8243; shift_y=&#8221;0&#8243; z_index=&#8221;0&#8243; uncode_shortcode_id=&#8221;147448&#8243;][vc_column column_width_percent=&#8221;100&#8243; align_horizontal=&#8221;align_center&#8221; gutter_size=&#8221;3&#8243; overlay_alpha=&#8221;50&#8243; shift_x=&#8221;0&#8243; shift_y=&#8221;0&#8243; shift_y_down=&#8221;0&#8243; z_index=&#8221;0&#8243; medium_width=&#8221;0&#8243; mobile_width=&#8221;0&#8243; width=&#8221;1\/1&#8243; uncode_shortcode_id=&#8221;120214&#8243;][vc_custom_heading uncode_shortcode_id=&#8221;178010&#8243;]Eindr\u00fccke von der Tour[\/vc_custom_heading][vc_gallery el_id=&#8221;gallery-205674&#8243; type=&#8221;carousel&#8221; medias=&#8221;113711,113683,113717,113797,113714,113770,114011,113704,113750,114020,113767,114005,113764,113835,114008,113756,113853,114017,113813,114014&#8243; carousel_lg=&#8221;4&#8243; carousel_md=&#8221;3&#8243; carousel_sm=&#8221;1&#8243; thumb_size=&#8221;four-three&#8221; gutter_size=&#8221;2&#8243; media_items=&#8221;media|lightbox|poster&#8221; carousel_height=&#8221;equal&#8221; carousel_interval=&#8221;3000&#8243; carousel_navspeed=&#8221;400&#8243; carousel_loop=&#8221;yes&#8221; carousel_overflow=&#8221;yes&#8221; carousel_dots=&#8221;yes&#8221; carousel_dots_mobile=&#8221;yes&#8221; stage_padding=&#8221;0&#8243; single_overlay_opacity=&#8221;1&#8243; single_padding=&#8221;2&#8243; uncode_shortcode_id=&#8221;199347&#8243;][\/vc_column][\/vc_row]<\/p>\n<\/div>","protected":false},"excerpt":{"rendered":"<p>[vc_row unlock_row_content=&#8221;yes&#8221; row_height_percent=&#8221;40&#8243; override_padding=&#8221;yes&#8221; h_padding=&#8221;2&#8243; top_padding=&#8221;4&#8243; bottom_padding=&#8221;2&#8243; back_image=&#8221;113683&#8243; back_position=&#8221;center center&#8221; parallax=&#8221;yes&#8221; overlay_color=&#8221;color-180534&#8243; overlay_alpha=&#8221;30&#8243; gutter_size=&#8221;3&#8243; column_width_percent=&#8221;100&#8243; shift_y=&#8221;0&#8243; z_index=&#8221;0&#8243; uncode_shortcode_id=&#8221;109759&#8243; overlay_color_type=&#8221;uncode-palette&#8221;][vc_column column_width_percent=&#8221;100&#8243; [&hellip;]<\/p>\n","protected":false},"author":3,"featured_media":114301,"parent":3267,"menu_order":0,"comment_status":"closed","ping_status":"closed","template":"","meta":{"footnotes":""},"class_list":["post-114254","page","type-page","status-publish","has-post-thumbnail","hentry","page_category-denia-3"],"yoast_head":"<!-- This site is optimized with the Yoast SEO Premium plugin v23.2 (Yoast SEO v23.2) - https:\/\/yoast.com\/wordpress\/plugins\/seo\/ -->\n<title>Denia Wal- und Delfinbeobachtung (Gemeinsames Gruppenerlebnis) - WeWhale<\/title>\n<meta name=\"description\" content=\"Komm mit uns zur Wal- und Delfinbeobachtung in Denia, ein einzigartiges Abenteuer und eine 4-st\u00fcndige Reise auf unserem elektrischen Segelboot.\" \/>\n<meta name=\"robots\" content=\"index, follow, max-snippet:-1, max-image-preview:large, max-video-preview:-1\" \/>\n<link rel=\"canonical\" href=\"https:\/\/staging.wewhale.co\/de\/erlebnisse\/denia-wal-und-delfinbeobachtung-gemeinsames-gruppenerlebnis\/\" \/>\n<meta property=\"og:locale\" content=\"de_DE\" \/>\n<meta property=\"og:type\" content=\"article\" \/>\n<meta property=\"og:title\" content=\"Denia Wal- und Delfinbeobachtung (Gemeinsames Gruppenerlebnis)\" \/>\n<meta property=\"og:description\" content=\"Komm mit uns zur Wal- und Delfinbeobachtung in Denia, ein einzigartiges Abenteuer und eine 4-st\u00fcndige Reise auf unserem elektrischen Segelboot.\" \/>\n<meta property=\"og:url\" content=\"https:\/\/staging.wewhale.co\/de\/erlebnisse\/denia-wal-und-delfinbeobachtung-gemeinsames-gruppenerlebnis\/\" \/>\n<meta property=\"og:site_name\" content=\"WeWhale\" \/>\n<meta property=\"article:modified_time\" content=\"2024-06-11T11:37:06+00:00\" \/>\n<meta property=\"og:image\" content=\"https:\/\/staging.wewhale.co\/wp-content\/uploads\/2024\/05\/IMG_2952-scaled.jpg\" \/>\n\t<meta property=\"og:image:width\" content=\"2560\" \/>\n\t<meta property=\"og:image:height\" content=\"1920\" \/>\n\t<meta property=\"og:image:type\" content=\"image\/jpeg\" \/>\n<meta name=\"twitter:card\" content=\"summary_large_image\" \/>\n<meta name=\"twitter:site\" content=\"@WeWhaleCo\" \/>\n<meta name=\"twitter:label1\" content=\"Gesch\u00e4tzte Lesezeit\" \/>\n\t<meta name=\"twitter:data1\" content=\"3\u00a0Minuten\" \/>\n<script type=\"application\/ld+json\" class=\"yoast-schema-graph\">{\"@context\":\"https:\/\/schema.org\",\"@graph\":[{\"@type\":\"WebPage\",\"@id\":\"https:\/\/staging.wewhale.co\/de\/erlebnisse\/denia-wal-und-delfinbeobachtung-gemeinsames-gruppenerlebnis\/\",\"url\":\"https:\/\/staging.wewhale.co\/de\/erlebnisse\/denia-wal-und-delfinbeobachtung-gemeinsames-gruppenerlebnis\/\",\"name\":\"Denia Wal- und Delfinbeobachtung (Gemeinsames Gruppenerlebnis) - WeWhale\",\"isPartOf\":{\"@id\":\"https:\/\/staging.wewhale.co\/de\/#website\"},\"primaryImageOfPage\":{\"@id\":\"https:\/\/staging.wewhale.co\/de\/erlebnisse\/denia-wal-und-delfinbeobachtung-gemeinsames-gruppenerlebnis\/#primaryimage\"},\"image\":{\"@id\":\"https:\/\/staging.wewhale.co\/de\/erlebnisse\/denia-wal-und-delfinbeobachtung-gemeinsames-gruppenerlebnis\/#primaryimage\"},\"thumbnailUrl\":\"https:\/\/staging.wewhale.co\/wp-content\/uploads\/2024\/05\/IMG_2952-scaled.jpg\",\"datePublished\":\"2024-05-08T15:42:45+00:00\",\"dateModified\":\"2024-06-11T11:37:06+00:00\",\"description\":\"Komm mit uns zur Wal- und Delfinbeobachtung in Denia, ein einzigartiges Abenteuer und eine 4-st\u00fcndige Reise auf unserem elektrischen Segelboot.\",\"breadcrumb\":{\"@id\":\"https:\/\/staging.wewhale.co\/de\/erlebnisse\/denia-wal-und-delfinbeobachtung-gemeinsames-gruppenerlebnis\/#breadcrumb\"},\"inLanguage\":\"de\",\"potentialAction\":[{\"@type\":\"ReadAction\",\"target\":[\"https:\/\/staging.wewhale.co\/de\/erlebnisse\/denia-wal-und-delfinbeobachtung-gemeinsames-gruppenerlebnis\/\"]}]},{\"@type\":\"ImageObject\",\"inLanguage\":\"de\",\"@id\":\"https:\/\/staging.wewhale.co\/de\/erlebnisse\/denia-wal-und-delfinbeobachtung-gemeinsames-gruppenerlebnis\/#primaryimage\",\"url\":\"https:\/\/staging.wewhale.co\/wp-content\/uploads\/2024\/05\/IMG_2952-scaled.jpg\",\"contentUrl\":\"https:\/\/staging.wewhale.co\/wp-content\/uploads\/2024\/05\/IMG_2952-scaled.jpg\",\"width\":2560,\"height\":1920,\"caption\":\"Denia Whale & Dolphin Observation\"},{\"@type\":\"BreadcrumbList\",\"@id\":\"https:\/\/staging.wewhale.co\/de\/erlebnisse\/denia-wal-und-delfinbeobachtung-gemeinsames-gruppenerlebnis\/#breadcrumb\",\"itemListElement\":[{\"@type\":\"ListItem\",\"position\":1,\"name\":\"Home\",\"item\":\"https:\/\/staging.wewhale.co\/de\/wewhale-home-2\/\"},{\"@type\":\"ListItem\",\"position\":2,\"name\":\"Erlebnisse\",\"item\":\"https:\/\/staging.wewhale.co\/de\/erlebnisse\/\"},{\"@type\":\"ListItem\",\"position\":3,\"name\":\"Denia Wal- und Delfinbeobachtung (Gemeinsames Gruppenerlebnis)\"}]},{\"@type\":\"WebSite\",\"@id\":\"https:\/\/staging.wewhale.co\/de\/#website\",\"url\":\"https:\/\/staging.wewhale.co\/de\/\",\"name\":\"WeWhale\",\"description\":\"\",\"publisher\":{\"@id\":\"https:\/\/staging.wewhale.co\/de\/#organization\"},\"potentialAction\":[{\"@type\":\"SearchAction\",\"target\":{\"@type\":\"EntryPoint\",\"urlTemplate\":\"https:\/\/staging.wewhale.co\/de\/?s={search_term_string}\"},\"query-input\":\"required name=search_term_string\"}],\"inLanguage\":\"de\"},{\"@type\":\"Organization\",\"@id\":\"https:\/\/staging.wewhale.co\/de\/#organization\",\"name\":\"WeWhale\",\"url\":\"https:\/\/staging.wewhale.co\/de\/\",\"logo\":{\"@type\":\"ImageObject\",\"inLanguage\":\"de\",\"@id\":\"https:\/\/staging.wewhale.co\/de\/#\/schema\/logo\/image\/\",\"url\":\"https:\/\/staging.wewhale.co\/wp-content\/uploads\/2022\/06\/wewhale_stamp_rgb.png\",\"contentUrl\":\"https:\/\/staging.wewhale.co\/wp-content\/uploads\/2022\/06\/wewhale_stamp_rgb.png\",\"width\":1000,\"height\":1000,\"caption\":\"WeWhale\"},\"image\":{\"@id\":\"https:\/\/staging.wewhale.co\/de\/#\/schema\/logo\/image\/\"},\"sameAs\":[\"https:\/\/x.com\/WeWhaleCo\"]}]}<\/script>\n<!-- \/ Yoast SEO Premium plugin. -->","yoast_head_json":{"title":"Denia Wal- und Delfinbeobachtung (Gemeinsames Gruppenerlebnis) - WeWhale","description":"Komm mit uns zur Wal- und Delfinbeobachtung in Denia, ein einzigartiges Abenteuer und eine 4-st\u00fcndige Reise auf unserem elektrischen Segelboot.","robots":{"index":"index","follow":"follow","max-snippet":"max-snippet:-1","max-image-preview":"max-image-preview:large","max-video-preview":"max-video-preview:-1"},"canonical":"https:\/\/staging.wewhale.co\/de\/erlebnisse\/denia-wal-und-delfinbeobachtung-gemeinsames-gruppenerlebnis\/","og_locale":"de_DE","og_type":"article","og_title":"Denia Wal- und Delfinbeobachtung (Gemeinsames Gruppenerlebnis)","og_description":"Komm mit uns zur Wal- und Delfinbeobachtung in Denia, ein einzigartiges Abenteuer und eine 4-st\u00fcndige Reise auf unserem elektrischen Segelboot.","og_url":"https:\/\/staging.wewhale.co\/de\/erlebnisse\/denia-wal-und-delfinbeobachtung-gemeinsames-gruppenerlebnis\/","og_site_name":"WeWhale","article_modified_time":"2024-06-11T11:37:06+00:00","og_image":[{"width":2560,"height":1920,"url":"https:\/\/staging.wewhale.co\/wp-content\/uploads\/2024\/05\/IMG_2952-scaled.jpg","type":"image\/jpeg"}],"twitter_card":"summary_large_image","twitter_site":"@WeWhaleCo","twitter_misc":{"Gesch\u00e4tzte Lesezeit":"3\u00a0Minuten"},"schema":{"@context":"https:\/\/schema.org","@graph":[{"@type":"WebPage","@id":"https:\/\/staging.wewhale.co\/de\/erlebnisse\/denia-wal-und-delfinbeobachtung-gemeinsames-gruppenerlebnis\/","url":"https:\/\/staging.wewhale.co\/de\/erlebnisse\/denia-wal-und-delfinbeobachtung-gemeinsames-gruppenerlebnis\/","name":"Denia Wal- und Delfinbeobachtung (Gemeinsames Gruppenerlebnis) - WeWhale","isPartOf":{"@id":"https:\/\/staging.wewhale.co\/de\/#website"},"primaryImageOfPage":{"@id":"https:\/\/staging.wewhale.co\/de\/erlebnisse\/denia-wal-und-delfinbeobachtung-gemeinsames-gruppenerlebnis\/#primaryimage"},"image":{"@id":"https:\/\/staging.wewhale.co\/de\/erlebnisse\/denia-wal-und-delfinbeobachtung-gemeinsames-gruppenerlebnis\/#primaryimage"},"thumbnailUrl":"https:\/\/staging.wewhale.co\/wp-content\/uploads\/2024\/05\/IMG_2952-scaled.jpg","datePublished":"2024-05-08T15:42:45+00:00","dateModified":"2024-06-11T11:37:06+00:00","description":"Komm mit uns zur Wal- und Delfinbeobachtung in Denia, ein einzigartiges Abenteuer und eine 4-st\u00fcndige Reise auf unserem elektrischen Segelboot.","breadcrumb":{"@id":"https:\/\/staging.wewhale.co\/de\/erlebnisse\/denia-wal-und-delfinbeobachtung-gemeinsames-gruppenerlebnis\/#breadcrumb"},"inLanguage":"de","potentialAction":[{"@type":"ReadAction","target":["https:\/\/staging.wewhale.co\/de\/erlebnisse\/denia-wal-und-delfinbeobachtung-gemeinsames-gruppenerlebnis\/"]}]},{"@type":"ImageObject","inLanguage":"de","@id":"https:\/\/staging.wewhale.co\/de\/erlebnisse\/denia-wal-und-delfinbeobachtung-gemeinsames-gruppenerlebnis\/#primaryimage","url":"https:\/\/staging.wewhale.co\/wp-content\/uploads\/2024\/05\/IMG_2952-scaled.jpg","contentUrl":"https:\/\/staging.wewhale.co\/wp-content\/uploads\/2024\/05\/IMG_2952-scaled.jpg","width":2560,"height":1920,"caption":"Denia Whale & Dolphin Observation"},{"@type":"BreadcrumbList","@id":"https:\/\/staging.wewhale.co\/de\/erlebnisse\/denia-wal-und-delfinbeobachtung-gemeinsames-gruppenerlebnis\/#breadcrumb","itemListElement":[{"@type":"ListItem","position":1,"name":"Home","item":"https:\/\/staging.wewhale.co\/de\/wewhale-home-2\/"},{"@type":"ListItem","position":2,"name":"Erlebnisse","item":"https:\/\/staging.wewhale.co\/de\/erlebnisse\/"},{"@type":"ListItem","position":3,"name":"Denia Wal- und Delfinbeobachtung (Gemeinsames Gruppenerlebnis)"}]},{"@type":"WebSite","@id":"https:\/\/staging.wewhale.co\/de\/#website","url":"https:\/\/staging.wewhale.co\/de\/","name":"WeWhale","description":"","publisher":{"@id":"https:\/\/staging.wewhale.co\/de\/#organization"},"potentialAction":[{"@type":"SearchAction","target":{"@type":"EntryPoint","urlTemplate":"https:\/\/staging.wewhale.co\/de\/?s={search_term_string}"},"query-input":"required name=search_term_string"}],"inLanguage":"de"},{"@type":"Organization","@id":"https:\/\/staging.wewhale.co\/de\/#organization","name":"WeWhale","url":"https:\/\/staging.wewhale.co\/de\/","logo":{"@type":"ImageObject","inLanguage":"de","@id":"https:\/\/staging.wewhale.co\/de\/#\/schema\/logo\/image\/","url":"https:\/\/staging.wewhale.co\/wp-content\/uploads\/2022\/06\/wewhale_stamp_rgb.png","contentUrl":"https:\/\/staging.wewhale.co\/wp-content\/uploads\/2022\/06\/wewhale_stamp_rgb.png","width":1000,"height":1000,"caption":"WeWhale"},"image":{"@id":"https:\/\/staging.wewhale.co\/de\/#\/schema\/logo\/image\/"},"sameAs":["https:\/\/x.com\/WeWhaleCo"]}]}},"_links":{"self":[{"href":"https:\/\/staging.wewhale.co\/de\/wp-json\/wp\/v2\/pages\/114254","targetHints":{"allow":["GET"]}}],"collection":[{"href":"https:\/\/staging.wewhale.co\/de\/wp-json\/wp\/v2\/pages"}],"about":[{"href":"https:\/\/staging.wewhale.co\/de\/wp-json\/wp\/v2\/types\/page"}],"author":[{"embeddable":true,"href":"https:\/\/staging.wewhale.co\/de\/wp-json\/wp\/v2\/users\/3"}],"replies":[{"embeddable":true,"href":"https:\/\/staging.wewhale.co\/de\/wp-json\/wp\/v2\/comments?post=114254"}],"version-history":[{"count":38,"href":"https:\/\/staging.wewhale.co\/de\/wp-json\/wp\/v2\/pages\/114254\/revisions"}],"predecessor-version":[{"id":114526,"href":"https:\/\/staging.wewhale.co\/de\/wp-json\/wp\/v2\/pages\/114254\/revisions\/114526"}],"up":[{"embeddable":true,"href":"https:\/\/staging.wewhale.co\/de\/wp-json\/wp\/v2\/pages\/3267"}],"wp:featuredmedia":[{"embeddable":true,"href":"https:\/\/staging.wewhale.co\/de\/wp-json\/wp\/v2\/media\/114301"}],"wp:attachment":[{"href":"https:\/\/staging.wewhale.co\/de\/wp-json\/wp\/v2\/media?parent=114254"}],"curies":[{"name":"wp","href":"https:\/\/api.w.org\/{rel}","templated":true}]}}