{"id":3275,"date":"2023-02-28T10:34:06","date_gmt":"2023-02-28T10:34:06","guid":{"rendered":"https:\/\/staging.wewhale.co\/erlebnisse\/lanzarote-walbeobachtung-gemeinsames-gruppenerlebnis\/"},"modified":"2024-09-24T15:45:11","modified_gmt":"2024-09-24T14:45:11","slug":"lanzarote-walbeobachtung-delfinbeobachtung-gemeinsames-gruppenerlebnis","status":"publish","type":"page","link":"https:\/\/staging.wewhale.co\/de\/erlebnisse\/lanzarote-walbeobachtung-delfinbeobachtung-gemeinsames-gruppenerlebnis\/","title":{"rendered":"Lanzarote Wal- und Delfinbeobachtung (Gruppenerlebnis)"},"content":{"rendered":"<div class=\"wpb-content-wrapper\"><p>[vc_row unlock_row_content=&#8221;yes&#8221; row_height_percent=&#8221;40&#8243; override_padding=&#8221;yes&#8221; h_padding=&#8221;2&#8243; top_padding=&#8221;4&#8243; bottom_padding=&#8221;2&#8243; back_image=&#8221;111633&#8243; back_position=&#8221;center center&#8221; parallax=&#8221;yes&#8221; overlay_color=&#8221;color-180534&#8243; overlay_alpha=&#8221;30&#8243; gutter_size=&#8221;3&#8243; column_width_percent=&#8221;100&#8243; shift_y=&#8221;0&#8243; z_index=&#8221;0&#8243; uncode_shortcode_id=&#8221;884995&#8243; overlay_color_type=&#8221;uncode-palette&#8221;][vc_column column_width_percent=&#8221;100&#8243; align_horizontal=&#8221;align_center&#8221; gutter_size=&#8221;2&#8243; style=&#8221;dark&#8221; overlay_alpha=&#8221;50&#8243; shift_x=&#8221;0&#8243; shift_y=&#8221;0&#8243; shift_y_down=&#8221;0&#8243; z_index=&#8221;0&#8243; medium_width=&#8221;0&#8243; mobile_width=&#8221;0&#8243; width=&#8221;1\/1&#8243; uncode_shortcode_id=&#8221;711861&#8243;][vc_single_image media=&#8221;139&#8243; media_width_use_pixel=&#8221;yes&#8221; alignment=&#8221;center&#8221; uncode_shortcode_id=&#8221;111104&#8243; media_width_pixel=&#8221;100&#8243;][vc_custom_heading heading_semantic=&#8221;h1&#8243; text_size=&#8221;h1&#8243; uncode_shortcode_id=&#8221;109385&#8243;]Lanzarote Wal- und Delfinbeobachtung[\/vc_custom_heading][vc_custom_heading uncode_shortcode_id=&#8221;155695&#8243;](Gemeinsames Gruppenerlebnis)[\/vc_custom_heading][\/vc_column][\/vc_row][vc_row unlock_row_content=&#8221;yes&#8221; row_height_percent=&#8221;0&#8243; override_padding=&#8221;yes&#8221; h_padding=&#8221;2&#8243; top_padding=&#8221;4&#8243; bottom_padding=&#8221;4&#8243; overlay_alpha=&#8221;50&#8243; gutter_size=&#8221;3&#8243; column_width_percent=&#8221;100&#8243; shift_y=&#8221;0&#8243; z_index=&#8221;0&#8243; uncode_shortcode_id=&#8221;130434&#8243;][vc_column column_width_percent=&#8221;100&#8243; align_horizontal=&#8221;align_center&#8221; gutter_size=&#8221;3&#8243; overlay_alpha=&#8221;50&#8243; shift_x=&#8221;0&#8243; shift_y=&#8221;0&#8243; shift_y_down=&#8221;0&#8243; z_index=&#8221;0&#8243; medium_width=&#8221;0&#8243; mobile_width=&#8221;0&#8243; width=&#8221;1\/12&#8243; uncode_shortcode_id=&#8221;324484&#8243;][\/vc_column][vc_column width=&#8221;4\/12&#8243;][vc_single_image media=&#8221;111416&#8243; media_width_use_pixel=&#8221;yes&#8221; alignment=&#8221;center&#8221; uncode_shortcode_id=&#8221;793011&#8243; media_width_pixel=&#8221;600&#8243;][vc_raw_html]PCEtLSBGYXJlSGFyYm9yIGNhbGVuZGFyIG9mIGl0ZW0gIzQ0NjY5MSAtLT4KPHNjcmlwdCBzcmM9Imh0dHBzOi8vZmFyZWhhcmJvci5jb20vZW1iZWRzL3NjcmlwdC9jYWxlbmRhci93ZXdoYWxlLWNhbmFyaWFzLXNsL2l0ZW1zLzQ0NjY5MS8\/ZmFsbGJhY2s9c2ltcGxlJmFtcDtmdWxsLWl0ZW1zPXllcyZhbXA7Zmxvdz05MTYxNTEiPjwvc2NyaXB0Pg==[\/vc_raw_html][\/vc_column][vc_column width=&#8221;5\/12&#8243;][vc_custom_heading heading_semantic=&#8221;h3&#8243; uncode_shortcode_id=&#8221;328986&#8243;]Begleite uns auf unserem v\u00f6llig ger\u00e4usch- und emissionsfreien 14 Meter langen Katamaran, um verschiedene majest\u00e4tische Wal- und Delfinarten wie Gro\u00dfe T\u00fcmmler, Gemeine Delfine, Risso-Delfine und Bryde-Wale zu entdecken und zu h\u00f6ren.[\/vc_custom_heading][vc_column_text uncode_shortcode_id=&#8221;124749&#8243;]Die Tour findet in einer kleinen Gruppe mit maximal 12 Personen statt. \u201eLa Santa Maria\u201c, ist mit einem Hydrofon und einer 360-Grad-Kamera ausgestattet, um dir das beste Erlebnis bei der Beobachtung von Walen und Delfinen zu bieten.<\/p>\n<p>Du wirst von einem erfahrenen Skipper und Guide begleitet, der dir alles \u00fcber diese faszinierenden Tiere erkl\u00e4rt.<\/p>\n<p>Dank des ger\u00e4uschlosen Antriebs, des Hydrophons und der 360-Grad-Kamera erlebst du eine ganz besondere Atmosph\u00e4re w\u00e4hrend der Tour.<\/p>\n<p>Ob du zum ersten Mal Whale Watching machst oder schon Erfahrung hast \u2013 diese Tour wird dich begeistern. Einzigartig sind die lautlose Fahrt und das Unterwassermikrofon, mit dem du die Tiere \u201ebelauschen\u201c kannst.<\/p>\n<p>Au\u00dferdem hast du die M\u00f6glichkeit, eine landschaftlich beeindruckende Fahrt entlang der wundersch\u00f6nen Vulkank\u00fcste von Lanzarote zu genie\u00dfen.<\/p>\n<p class=\"p1\">Die Tour wird auf Englisch, Spanisch und Franz\u00f6sisch gef\u00fchrt.<span class=\"Apple-converted-space\"> <\/span><\/p>\n<p>Wir starten von Puerto Calero, Anleger F22, und fahren aufs offene Meer hinaus. Nach etwa vier Stunden kehren wir zur\u00fcck.<\/p>\n<p>Wasser, Bio-Erfrischungsgetr\u00e4nke, Snacks von lokalen Gourmet-Anbietern und frisches Obst sind inklusive.<\/p>\n<p>Altersbeschr\u00e4nkungen gibt es keine.<\/p>\n<p>Preise: Kinder von 5-12 Jahren: 90 Euro<br \/>\n<strong>Herbst Spezial-Angebot im September und Oktober 2024: 70 Euro<\/strong><\/p>\n<p>Preise: Personen ab 13 Jahren: 120 Euro<br \/>\n<strong>Herbst Spezial-Angebot im September und Oktober 2024: 95<\/strong><\/p>\n<p>(Kinder unter 5 Jahren haben freien Eintritt)<\/p>\n<p>Wirf einen Blick auf \u201eLa Santa Maria\u201c in einer kurzen Videopr\u00e4sentation von unserem Tourleiter Gonzalo:\u202f<a href=\"https:\/\/youtu.be\/jIvh2q6X4Wk\" target=\"_blank\" rel=\"noopener\">https:\/\/youtu.be\/jIvh2q6X4Wk<\/a><\/p>\n<p>Sieh dir an, wie die Delfine uns dank der L\u00e4rmvermeidung begleiten:\u202f<a href=\"https:\/\/youtu.be\/FGMQ6Qqyr8Q\" target=\"_blank\" rel=\"noopener\">https:\/\/youtu.be\/FGMQ6Qqyr8Q<\/a>[\/vc_column_text][vc_column_text uncode_shortcode_id=&#8221;352092&#8243;]<\/p>\n<h3>Wusstest du schon?<\/h3>\n<p>Die Buchung von WeWhale-Wal- und Delfinbeobachtungstouren tr\u00e4gt direkt zum Schutz von Walen und Delfinen bei. Gemeinsam spenden wir 7,5 % von jedem Ticket f\u00fcr die Arbeit unserer Schwesterorganisation <a href=\"https:\/\/staging.wewhale.co\/association\/\">WeWhale Association<\/a>.[\/vc_column_text][vc_column_text uncode_shortcode_id=&#8221;147778&#8243;]Hast du noch Fragen? Vielleicht findest du die Antwort in unseren <a href=\"https:\/\/staging.wewhale.co\/de\/faq\/\">FAQ<\/a> oder schreibe uns einfach eine WhatsApp, oder rufe uns an unter +34 674 030 974.[\/vc_column_text][\/vc_column][vc_column width=&#8221;2\/12&#8243;][\/vc_column][\/vc_row][vc_row unlock_row_content=&#8221;yes&#8221; row_height_percent=&#8221;0&#8243; override_padding=&#8221;yes&#8221; h_padding=&#8221;0&#8243; top_padding=&#8221;3&#8243; bottom_padding=&#8221;0&#8243; overlay_alpha=&#8221;50&#8243; gutter_size=&#8221;3&#8243; column_width_percent=&#8221;100&#8243; shift_y=&#8221;0&#8243; z_index=&#8221;0&#8243; uncode_shortcode_id=&#8221;100453&#8243;][vc_column width=&#8221;1\/1&#8243;][vc_gallery el_id=&#8221;gallery-101235&#8243; medias=&#8221;3822,3051,3819,3066,3825&#8243; style_preset=&#8221;metro&#8221; gutter_size=&#8221;0&#8243; media_items=&#8221;media|lightbox|original&#8221; screen_lg=&#8221;&#8221; screen_md=&#8221;&#8221; screen_sm=&#8221;&#8221; single_overlay_opacity=&#8221;50&#8243; single_padding=&#8221;2&#8243; single_border=&#8221;yes&#8221; uncode_shortcode_id=&#8221;187989&#8243; items=&#8221;eyIxNDc3X2kiOnsic2luZ2xlX3dpZHRoIjoiMiJ9LCIxNDQ0X2kiOnsic2luZ2xlX3dpZHRoIjoiNiJ9LCIxNDcxX2kiOnsic2luZ2xlX3dpZHRoIjoiNSJ9LCIxOTBfaSI6eyJzaW5nbGVfd2lkdGgiOiIzIn0sIjE0MzhfaSI6eyJzaW5nbGVfd2lkdGgiOiI2In0sIjE0NDdfaSI6eyJzaW5nbGVfd2lkdGgiOiI2In0sIjE0NTBfaSI6eyJzaW5nbGVfd2lkdGgiOiI0In0sIjE5Ml9pIjp7InNpbmdsZV93aWR0aCI6IjQifSwiMTQ1Nl9pIjp7InNpbmdsZV93aWR0aCI6IjYifSwiMzA1MV9pIjp7InNpbmdsZV93aWR0aCI6IjMifSwiMzA2MF9pIjp7InNpbmdsZV93aWR0aCI6IjUifSwiMzA2Nl9pIjp7InNpbmdsZV93aWR0aCI6IjUifSwiMzA1N19pIjp7InNpbmdsZV93aWR0aCI6IjMifSwiMzA0OF9pIjp7InNpbmdsZV93aWR0aCI6IjMifSwiMzgyMl9pIjp7InNpbmdsZV93aWR0aCI6IjUifSwiMzgyNV9pIjp7InNpbmdsZV93aWR0aCI6IjcifX0=&#8221;][\/vc_column][\/vc_row][vc_row][vc_column width=&#8221;1\/1&#8243;][uncode_block id=&#8221;3234&#8243;][\/vc_column][\/vc_row][vc_row][vc_column width=&#8221;1\/1&#8243;][uncode_block id=&#8221;4720&#8243;][\/vc_column][\/vc_row][vc_row][vc_column width=&#8221;1\/1&#8243;][uncode_block id=&#8221;4973&#8243;][\/vc_column][\/vc_row][vc_row][vc_column width=&#8221;1\/1&#8243;][uncode_block id=&#8221;5355&#8243;][\/vc_column][\/vc_row]<\/p>\n<\/div>","protected":false},"excerpt":{"rendered":"<p>[vc_row unlock_row_content=&#8221;yes&#8221; row_height_percent=&#8221;40&#8243; override_padding=&#8221;yes&#8221; h_padding=&#8221;2&#8243; top_padding=&#8221;4&#8243; bottom_padding=&#8221;2&#8243; back_image=&#8221;111633&#8243; back_position=&#8221;center center&#8221; parallax=&#8221;yes&#8221; overlay_color=&#8221;color-180534&#8243; overlay_alpha=&#8221;30&#8243; gutter_size=&#8221;3&#8243; column_width_percent=&#8221;100&#8243; shift_y=&#8221;0&#8243; z_index=&#8221;0&#8243; uncode_shortcode_id=&#8221;884995&#8243; overlay_color_type=&#8221;uncode-palette&#8221;][vc_column column_width_percent=&#8221;100&#8243; [&hellip;]<\/p>\n","protected":false},"author":1,"featured_media":111634,"parent":3267,"menu_order":0,"comment_status":"closed","ping_status":"closed","template":"","meta":{"footnotes":""},"class_list":["post-3275","page","type-page","status-publish","has-post-thumbnail","hentry","page_category-lanzarote-de"],"yoast_head":"<!-- This site is optimized with the Yoast SEO Premium plugin v23.2 (Yoast SEO v23.2) - https:\/\/yoast.com\/wordpress\/plugins\/seo\/ -->\n<title>Lanzarote Wal- und Delfinbeobachtung (Gruppenerlebnis) - WeWhale<\/title>\n<meta name=\"description\" content=\"Begleiten Sie uns auf unserem l\u00e4rm- und emissionsfreien Katamaran auf den Kanarischen Inseln zu einem einzigartigen Wal- und Delfinbeobachtungserlebnis auf Lanzarote.\" \/>\n<meta name=\"robots\" content=\"index, follow, max-snippet:-1, max-image-preview:large, max-video-preview:-1\" \/>\n<link rel=\"canonical\" href=\"https:\/\/staging.wewhale.co\/de\/erlebnisse\/lanzarote-walbeobachtung-delfinbeobachtung-gemeinsames-gruppenerlebnis\/\" \/>\n<meta property=\"og:locale\" content=\"de_DE\" \/>\n<meta property=\"og:type\" content=\"article\" \/>\n<meta property=\"og:title\" content=\"Lanzarote Wal- und Delfinbeobachtung (Gruppenerlebnis)\" \/>\n<meta property=\"og:description\" content=\"Begleiten Sie uns auf unserem l\u00e4rm- und emissionsfreien Katamaran auf den Kanarischen Inseln zu einem einzigartigen Wal- und Delfinbeobachtungserlebnis auf Lanzarote.\" \/>\n<meta property=\"og:url\" content=\"https:\/\/staging.wewhale.co\/de\/erlebnisse\/lanzarote-walbeobachtung-delfinbeobachtung-gemeinsames-gruppenerlebnis\/\" \/>\n<meta property=\"og:site_name\" content=\"WeWhale\" \/>\n<meta property=\"article:modified_time\" content=\"2024-09-24T14:45:11+00:00\" \/>\n<meta property=\"og:image\" content=\"https:\/\/staging.wewhale.co\/wp-content\/uploads\/2023\/09\/Risso-Lanz-09-23-scaled.jpg\" \/>\n\t<meta property=\"og:image:width\" content=\"2560\" \/>\n\t<meta property=\"og:image:height\" content=\"1503\" \/>\n\t<meta property=\"og:image:type\" content=\"image\/jpeg\" \/>\n<meta name=\"twitter:card\" content=\"summary_large_image\" \/>\n<meta name=\"twitter:site\" content=\"@WeWhaleCo\" \/>\n<meta name=\"twitter:label1\" content=\"Gesch\u00e4tzte Lesezeit\" \/>\n\t<meta name=\"twitter:data1\" content=\"3\u00a0Minuten\" \/>\n<script type=\"application\/ld+json\" class=\"yoast-schema-graph\">{\"@context\":\"https:\/\/schema.org\",\"@graph\":[{\"@type\":\"WebPage\",\"@id\":\"https:\/\/staging.wewhale.co\/de\/erlebnisse\/lanzarote-walbeobachtung-delfinbeobachtung-gemeinsames-gruppenerlebnis\/\",\"url\":\"https:\/\/staging.wewhale.co\/de\/erlebnisse\/lanzarote-walbeobachtung-delfinbeobachtung-gemeinsames-gruppenerlebnis\/\",\"name\":\"Lanzarote Wal- und Delfinbeobachtung (Gruppenerlebnis) - WeWhale\",\"isPartOf\":{\"@id\":\"https:\/\/staging.wewhale.co\/de\/#website\"},\"primaryImageOfPage\":{\"@id\":\"https:\/\/staging.wewhale.co\/de\/erlebnisse\/lanzarote-walbeobachtung-delfinbeobachtung-gemeinsames-gruppenerlebnis\/#primaryimage\"},\"image\":{\"@id\":\"https:\/\/staging.wewhale.co\/de\/erlebnisse\/lanzarote-walbeobachtung-delfinbeobachtung-gemeinsames-gruppenerlebnis\/#primaryimage\"},\"thumbnailUrl\":\"https:\/\/staging.wewhale.co\/wp-content\/uploads\/2023\/09\/Risso-Lanz-09-23-scaled.jpg\",\"datePublished\":\"2023-02-28T10:34:06+00:00\",\"dateModified\":\"2024-09-24T14:45:11+00:00\",\"description\":\"Begleiten Sie uns auf unserem l\u00e4rm- und emissionsfreien Katamaran auf den Kanarischen Inseln zu einem einzigartigen Wal- und Delfinbeobachtungserlebnis auf Lanzarote.\",\"breadcrumb\":{\"@id\":\"https:\/\/staging.wewhale.co\/de\/erlebnisse\/lanzarote-walbeobachtung-delfinbeobachtung-gemeinsames-gruppenerlebnis\/#breadcrumb\"},\"inLanguage\":\"de\",\"potentialAction\":[{\"@type\":\"ReadAction\",\"target\":[\"https:\/\/staging.wewhale.co\/de\/erlebnisse\/lanzarote-walbeobachtung-delfinbeobachtung-gemeinsames-gruppenerlebnis\/\"]}]},{\"@type\":\"ImageObject\",\"inLanguage\":\"de\",\"@id\":\"https:\/\/staging.wewhale.co\/de\/erlebnisse\/lanzarote-walbeobachtung-delfinbeobachtung-gemeinsames-gruppenerlebnis\/#primaryimage\",\"url\":\"https:\/\/staging.wewhale.co\/wp-content\/uploads\/2023\/09\/Risso-Lanz-09-23-scaled.jpg\",\"contentUrl\":\"https:\/\/staging.wewhale.co\/wp-content\/uploads\/2023\/09\/Risso-Lanz-09-23-scaled.jpg\",\"width\":2560,\"height\":1503,\"caption\":\"Lanzarote whale and dolphin observation\"},{\"@type\":\"BreadcrumbList\",\"@id\":\"https:\/\/staging.wewhale.co\/de\/erlebnisse\/lanzarote-walbeobachtung-delfinbeobachtung-gemeinsames-gruppenerlebnis\/#breadcrumb\",\"itemListElement\":[{\"@type\":\"ListItem\",\"position\":1,\"name\":\"Home\",\"item\":\"https:\/\/staging.wewhale.co\/de\/wewhale-home-2\/\"},{\"@type\":\"ListItem\",\"position\":2,\"name\":\"Erlebnisse\",\"item\":\"https:\/\/staging.wewhale.co\/de\/erlebnisse\/\"},{\"@type\":\"ListItem\",\"position\":3,\"name\":\"Lanzarote Wal- und Delfinbeobachtung (Gruppenerlebnis)\"}]},{\"@type\":\"WebSite\",\"@id\":\"https:\/\/staging.wewhale.co\/de\/#website\",\"url\":\"https:\/\/staging.wewhale.co\/de\/\",\"name\":\"WeWhale\",\"description\":\"\",\"publisher\":{\"@id\":\"https:\/\/staging.wewhale.co\/de\/#organization\"},\"potentialAction\":[{\"@type\":\"SearchAction\",\"target\":{\"@type\":\"EntryPoint\",\"urlTemplate\":\"https:\/\/staging.wewhale.co\/de\/?s={search_term_string}\"},\"query-input\":\"required name=search_term_string\"}],\"inLanguage\":\"de\"},{\"@type\":\"Organization\",\"@id\":\"https:\/\/staging.wewhale.co\/de\/#organization\",\"name\":\"WeWhale\",\"url\":\"https:\/\/staging.wewhale.co\/de\/\",\"logo\":{\"@type\":\"ImageObject\",\"inLanguage\":\"de\",\"@id\":\"https:\/\/staging.wewhale.co\/de\/#\/schema\/logo\/image\/\",\"url\":\"https:\/\/staging.wewhale.co\/wp-content\/uploads\/2022\/06\/wewhale_stamp_rgb.png\",\"contentUrl\":\"https:\/\/staging.wewhale.co\/wp-content\/uploads\/2022\/06\/wewhale_stamp_rgb.png\",\"width\":1000,\"height\":1000,\"caption\":\"WeWhale\"},\"image\":{\"@id\":\"https:\/\/staging.wewhale.co\/de\/#\/schema\/logo\/image\/\"},\"sameAs\":[\"https:\/\/x.com\/WeWhaleCo\"]}]}<\/script>\n<!-- \/ Yoast SEO Premium plugin. -->","yoast_head_json":{"title":"Lanzarote Wal- und Delfinbeobachtung (Gruppenerlebnis) - WeWhale","description":"Begleiten Sie uns auf unserem l\u00e4rm- und emissionsfreien Katamaran auf den Kanarischen Inseln zu einem einzigartigen Wal- und Delfinbeobachtungserlebnis auf Lanzarote.","robots":{"index":"index","follow":"follow","max-snippet":"max-snippet:-1","max-image-preview":"max-image-preview:large","max-video-preview":"max-video-preview:-1"},"canonical":"https:\/\/staging.wewhale.co\/de\/erlebnisse\/lanzarote-walbeobachtung-delfinbeobachtung-gemeinsames-gruppenerlebnis\/","og_locale":"de_DE","og_type":"article","og_title":"Lanzarote Wal- und Delfinbeobachtung (Gruppenerlebnis)","og_description":"Begleiten Sie uns auf unserem l\u00e4rm- und emissionsfreien Katamaran auf den Kanarischen Inseln zu einem einzigartigen Wal- und Delfinbeobachtungserlebnis auf Lanzarote.","og_url":"https:\/\/staging.wewhale.co\/de\/erlebnisse\/lanzarote-walbeobachtung-delfinbeobachtung-gemeinsames-gruppenerlebnis\/","og_site_name":"WeWhale","article_modified_time":"2024-09-24T14:45:11+00:00","og_image":[{"width":2560,"height":1503,"url":"https:\/\/staging.wewhale.co\/wp-content\/uploads\/2023\/09\/Risso-Lanz-09-23-scaled.jpg","type":"image\/jpeg"}],"twitter_card":"summary_large_image","twitter_site":"@WeWhaleCo","twitter_misc":{"Gesch\u00e4tzte Lesezeit":"3\u00a0Minuten"},"schema":{"@context":"https:\/\/schema.org","@graph":[{"@type":"WebPage","@id":"https:\/\/staging.wewhale.co\/de\/erlebnisse\/lanzarote-walbeobachtung-delfinbeobachtung-gemeinsames-gruppenerlebnis\/","url":"https:\/\/staging.wewhale.co\/de\/erlebnisse\/lanzarote-walbeobachtung-delfinbeobachtung-gemeinsames-gruppenerlebnis\/","name":"Lanzarote Wal- und Delfinbeobachtung (Gruppenerlebnis) - WeWhale","isPartOf":{"@id":"https:\/\/staging.wewhale.co\/de\/#website"},"primaryImageOfPage":{"@id":"https:\/\/staging.wewhale.co\/de\/erlebnisse\/lanzarote-walbeobachtung-delfinbeobachtung-gemeinsames-gruppenerlebnis\/#primaryimage"},"image":{"@id":"https:\/\/staging.wewhale.co\/de\/erlebnisse\/lanzarote-walbeobachtung-delfinbeobachtung-gemeinsames-gruppenerlebnis\/#primaryimage"},"thumbnailUrl":"https:\/\/staging.wewhale.co\/wp-content\/uploads\/2023\/09\/Risso-Lanz-09-23-scaled.jpg","datePublished":"2023-02-28T10:34:06+00:00","dateModified":"2024-09-24T14:45:11+00:00","description":"Begleiten Sie uns auf unserem l\u00e4rm- und emissionsfreien Katamaran auf den Kanarischen Inseln zu einem einzigartigen Wal- und Delfinbeobachtungserlebnis auf Lanzarote.","breadcrumb":{"@id":"https:\/\/staging.wewhale.co\/de\/erlebnisse\/lanzarote-walbeobachtung-delfinbeobachtung-gemeinsames-gruppenerlebnis\/#breadcrumb"},"inLanguage":"de","potentialAction":[{"@type":"ReadAction","target":["https:\/\/staging.wewhale.co\/de\/erlebnisse\/lanzarote-walbeobachtung-delfinbeobachtung-gemeinsames-gruppenerlebnis\/"]}]},{"@type":"ImageObject","inLanguage":"de","@id":"https:\/\/staging.wewhale.co\/de\/erlebnisse\/lanzarote-walbeobachtung-delfinbeobachtung-gemeinsames-gruppenerlebnis\/#primaryimage","url":"https:\/\/staging.wewhale.co\/wp-content\/uploads\/2023\/09\/Risso-Lanz-09-23-scaled.jpg","contentUrl":"https:\/\/staging.wewhale.co\/wp-content\/uploads\/2023\/09\/Risso-Lanz-09-23-scaled.jpg","width":2560,"height":1503,"caption":"Lanzarote whale and dolphin observation"},{"@type":"BreadcrumbList","@id":"https:\/\/staging.wewhale.co\/de\/erlebnisse\/lanzarote-walbeobachtung-delfinbeobachtung-gemeinsames-gruppenerlebnis\/#breadcrumb","itemListElement":[{"@type":"ListItem","position":1,"name":"Home","item":"https:\/\/staging.wewhale.co\/de\/wewhale-home-2\/"},{"@type":"ListItem","position":2,"name":"Erlebnisse","item":"https:\/\/staging.wewhale.co\/de\/erlebnisse\/"},{"@type":"ListItem","position":3,"name":"Lanzarote Wal- und Delfinbeobachtung (Gruppenerlebnis)"}]},{"@type":"WebSite","@id":"https:\/\/staging.wewhale.co\/de\/#website","url":"https:\/\/staging.wewhale.co\/de\/","name":"WeWhale","description":"","publisher":{"@id":"https:\/\/staging.wewhale.co\/de\/#organization"},"potentialAction":[{"@type":"SearchAction","target":{"@type":"EntryPoint","urlTemplate":"https:\/\/staging.wewhale.co\/de\/?s={search_term_string}"},"query-input":"required name=search_term_string"}],"inLanguage":"de"},{"@type":"Organization","@id":"https:\/\/staging.wewhale.co\/de\/#organization","name":"WeWhale","url":"https:\/\/staging.wewhale.co\/de\/","logo":{"@type":"ImageObject","inLanguage":"de","@id":"https:\/\/staging.wewhale.co\/de\/#\/schema\/logo\/image\/","url":"https:\/\/staging.wewhale.co\/wp-content\/uploads\/2022\/06\/wewhale_stamp_rgb.png","contentUrl":"https:\/\/staging.wewhale.co\/wp-content\/uploads\/2022\/06\/wewhale_stamp_rgb.png","width":1000,"height":1000,"caption":"WeWhale"},"image":{"@id":"https:\/\/staging.wewhale.co\/de\/#\/schema\/logo\/image\/"},"sameAs":["https:\/\/x.com\/WeWhaleCo"]}]}},"_links":{"self":[{"href":"https:\/\/staging.wewhale.co\/de\/wp-json\/wp\/v2\/pages\/3275","targetHints":{"allow":["GET"]}}],"collection":[{"href":"https:\/\/staging.wewhale.co\/de\/wp-json\/wp\/v2\/pages"}],"about":[{"href":"https:\/\/staging.wewhale.co\/de\/wp-json\/wp\/v2\/types\/page"}],"author":[{"embeddable":true,"href":"https:\/\/staging.wewhale.co\/de\/wp-json\/wp\/v2\/users\/1"}],"replies":[{"embeddable":true,"href":"https:\/\/staging.wewhale.co\/de\/wp-json\/wp\/v2\/comments?post=3275"}],"version-history":[{"count":59,"href":"https:\/\/staging.wewhale.co\/de\/wp-json\/wp\/v2\/pages\/3275\/revisions"}],"predecessor-version":[{"id":115720,"href":"https:\/\/staging.wewhale.co\/de\/wp-json\/wp\/v2\/pages\/3275\/revisions\/115720"}],"up":[{"embeddable":true,"href":"https:\/\/staging.wewhale.co\/de\/wp-json\/wp\/v2\/pages\/3267"}],"wp:featuredmedia":[{"embeddable":true,"href":"https:\/\/staging.wewhale.co\/de\/wp-json\/wp\/v2\/media\/111634"}],"wp:attachment":[{"href":"https:\/\/staging.wewhale.co\/de\/wp-json\/wp\/v2\/media?parent=3275"}],"curies":[{"name":"wp","href":"https:\/\/api.w.org\/{rel}","templated":true}]}}