{"id":3293,"date":"2023-02-28T10:33:46","date_gmt":"2023-02-28T09:33:46","guid":{"rendered":"https:\/\/staging.wewhale.co\/erlebnisse\/lanzarote-walbeobachtung-privates-erlebnis\/"},"modified":"2024-01-10T13:31:48","modified_gmt":"2024-01-10T12:31:48","slug":"lanzarote-walbeobachtung-delfinbeobachtung-privates-erlebnis","status":"publish","type":"page","link":"https:\/\/staging.wewhale.co\/de\/erlebnisse\/lanzarote-walbeobachtung-delfinbeobachtung-privates-erlebnis\/","title":{"rendered":"Lanzarote Wal- und Delfinbeobachtung (Privates Erlebnis)"},"content":{"rendered":"<div class=\"wpb-content-wrapper\"><p>[vc_row unlock_row_content=&#8221;yes&#8221; row_height_percent=&#8221;40&#8243; override_padding=&#8221;yes&#8221; h_padding=&#8221;2&#8243; top_padding=&#8221;4&#8243; bottom_padding=&#8221;2&#8243; back_image=&#8221;3084&#8243; parallax=&#8221;yes&#8221; overlay_color=&#8221;color-180534&#8243; overlay_alpha=&#8221;40&#8243; gutter_size=&#8221;3&#8243; column_width_percent=&#8221;100&#8243; shift_y=&#8221;0&#8243; z_index=&#8221;0&#8243; uncode_shortcode_id=&#8221;744458&#8243; overlay_color_type=&#8221;uncode-palette&#8221;][vc_column column_width_percent=&#8221;100&#8243; align_horizontal=&#8221;align_center&#8221; gutter_size=&#8221;2&#8243; style=&#8221;dark&#8221; overlay_alpha=&#8221;50&#8243; shift_x=&#8221;0&#8243; shift_y=&#8221;0&#8243; shift_y_down=&#8221;0&#8243; z_index=&#8221;0&#8243; medium_width=&#8221;0&#8243; mobile_width=&#8221;0&#8243; width=&#8221;1\/1&#8243; uncode_shortcode_id=&#8221;711861&#8243;][vc_single_image media=&#8221;139&#8243; media_width_use_pixel=&#8221;yes&#8221; alignment=&#8221;center&#8221; uncode_shortcode_id=&#8221;111104&#8243; media_width_pixel=&#8221;100&#8243;][vc_custom_heading heading_semantic=&#8221;h1&#8243; text_size=&#8221;h1&#8243; uncode_shortcode_id=&#8221;355232&#8243;]Lanzarote Wal- und Delfinbeobachtung[\/vc_custom_heading][vc_custom_heading uncode_shortcode_id=&#8221;137644&#8243;](Privates Erlebnis)[\/vc_custom_heading][\/vc_column][\/vc_row][vc_row unlock_row_content=&#8221;yes&#8221; row_height_percent=&#8221;0&#8243; override_padding=&#8221;yes&#8221; h_padding=&#8221;2&#8243; top_padding=&#8221;4&#8243; bottom_padding=&#8221;4&#8243; overlay_alpha=&#8221;50&#8243; gutter_size=&#8221;3&#8243; column_width_percent=&#8221;100&#8243; shift_y=&#8221;0&#8243; z_index=&#8221;0&#8243; uncode_shortcode_id=&#8221;130434&#8243;][vc_column column_width_percent=&#8221;100&#8243; align_horizontal=&#8221;align_center&#8221; gutter_size=&#8221;3&#8243; overlay_alpha=&#8221;50&#8243; shift_x=&#8221;0&#8243; shift_y=&#8221;0&#8243; shift_y_down=&#8221;0&#8243; z_index=&#8221;0&#8243; medium_width=&#8221;0&#8243; mobile_width=&#8221;0&#8243; width=&#8221;1\/12&#8243; uncode_shortcode_id=&#8221;324484&#8243;][\/vc_column][vc_column width=&#8221;4\/12&#8243;][vc_single_image media=&#8221;111413&#8243; media_width_use_pixel=&#8221;yes&#8221; alignment=&#8221;center&#8221; uncode_shortcode_id=&#8221;156598&#8243; media_width_pixel=&#8221;600&#8243;][vc_column_text uncode_shortcode_id=&#8221;134762&#8243;]<script src=\"https:\/\/fareharbor.com\/embeds\/script\/calendar\/wewhale-canarias-sl\/items\/446693\/?fallback=simple&flow=916151\"><\/script>[\/vc_column_text][\/vc_column][vc_column width=&#8221;5\/12&#8243;][vc_custom_heading heading_semantic=&#8221;h3&#8243; uncode_shortcode_id=&#8221;826392&#8243;]W\u00e4hle unser privates Tageserlebnis und buche eine geschlossene Buchung f\u00fcr dich und deine Freunde und\/oder Familie, um das Beste aus beiden Welten zu genie\u00dfen &#8211; eine ger\u00e4uschlose Wal- und Delfinbeobachtung und eine Schnorchel-Expedition zu einem der sch\u00f6nsten Str\u00e4nde der Kanarischen Inseln.[\/vc_custom_heading][vc_column_text uncode_shortcode_id=&#8221;153814&#8243;]Unser vollelektrischer Katamaran ist 14 Meter lang und verf\u00fcgt \u00fcber ein Hydrophon und eine 360-Grad-Kamera an Bord, was ein einzigartiges Erlebnis garantiert. Diese private Buchung erm\u00f6glicht Platz f\u00fcr 12 G\u00e4ste.<\/p>\n<p>Unser erfahrener Skipper und Guide begleiten dich w\u00e4hrend der gesamten Fahrt und erm\u00f6glichen es dir, tief in die faszinierende Unterwasserwelt von Lanzarote einzutauchen und gleichzeitig absolute Privatsph\u00e4re zu genie\u00dfen. Wir werden verschiedene majest\u00e4tische Wal- und Delfinarten wie Gro\u00dfe T\u00fcmmler, Gemeine Delfine, Risso-Delfine und Bryde-Wale entdecken und ihnen mit unserem Hydrophon und dank unseres elektrischen Antriebs zuh\u00f6ren k\u00f6nnen.<\/p>\n<p>Wasser, Bio-Erfrischungsgetr\u00e4nke, Snacks, frische Fr\u00fcchte, Sandwiches von \u00f6rtlichen Gourmet-Anbietern, und OceanBeer sind in diesem Ausflug inbegriffen.<\/p>\n<p>Diese Tour wird auf Englisch, Spanisch und Franz\u00f6sisch gef\u00fchrt.<\/p>\n<p>Wir starten in Puerto Calero, Anlegestelle F22, und segeln hinaus ins offene Meer, um nach Walen und Delfinen Ausschau zu halten. Anschlie\u00dfend steuern wir s\u00fcdw\u00e4rts zur Playa Papagayo, wo wir eine Weile verweilen, um zu schnorcheln und zu entspannen. Danach kehren wir zur\u00fcck nach Puerto Calero. Die Dauer dieses privaten Ausflugs betr\u00e4gt je nach Wind- und Wetterbedingungen etwa 5-7 Stunden.<\/p>\n<p>Alternativ kann auch die Route nach &#8220;Isla de Lobos&#8221; gew\u00e4hlt werden &#8211; die Entscheidung liegt bei dir \ud83d\ude42<\/p>\n<p>Altersspanne f\u00fcr den Ausflug: Keine Altersbeschr\u00e4nkungen<\/p>\n<p>Preis: 1200 Eur[\/vc_column_text][vc_column_text uncode_shortcode_id=&#8221;120380&#8243;]<\/p>\n<h3>Wusstest du schon?<\/h3>\n<p>Die Buchung von WeWhale Wal- und Delfinbeobachtungstouren tr\u00e4gt direkt zum Schutz von Walen und Delfine bei. Gemeinsam spenden wir 7,5 % von jedem Ticket f\u00fcr die Arbeit unserer Schwesterorganisation <a href=\"https:\/\/staging.wewhale.co\/association\/\">WeWhale Association<\/a>.[\/vc_column_text][vc_column_text uncode_shortcode_id=&#8221;925742&#8243;]Hast du noch Fragen? Vielleicht findest du die Antwort in unseren <a href=\"https:\/\/staging.wewhale.co\/de\/faq\/\">FAQ,<\/a> schreib uns einfach eine WhatsApp, oder ruf uns an unter +34 674 030 974.[\/vc_column_text][\/vc_column][vc_column width=&#8221;2\/12&#8243;][\/vc_column][\/vc_row][vc_row unlock_row_content=&#8221;yes&#8221; row_height_percent=&#8221;0&#8243; override_padding=&#8221;yes&#8221; h_padding=&#8221;0&#8243; top_padding=&#8221;3&#8243; bottom_padding=&#8221;0&#8243; overlay_alpha=&#8221;50&#8243; gutter_size=&#8221;3&#8243; column_width_percent=&#8221;100&#8243; shift_y=&#8221;0&#8243; z_index=&#8221;0&#8243; uncode_shortcode_id=&#8221;193642&#8243;][vc_column width=&#8221;1\/1&#8243;][vc_gallery el_id=&#8221;gallery-101235&#8243; medias=&#8221;3810,3084,3090,3819,3804&#8243; style_preset=&#8221;metro&#8221; gutter_size=&#8221;0&#8243; media_items=&#8221;media|lightbox|original&#8221; screen_lg=&#8221;&#8221; screen_md=&#8221;&#8221; screen_sm=&#8221;&#8221; single_overlay_opacity=&#8221;50&#8243; single_padding=&#8221;2&#8243; single_border=&#8221;yes&#8221; uncode_shortcode_id=&#8221;124920&#8243; items=&#8221;eyIxNDc3X2kiOnsic2luZ2xlX3dpZHRoIjoiMiJ9LCIxNDQ0X2kiOnsic2luZ2xlX3dpZHRoIjoiNiJ9LCIxNDcxX2kiOnsic2luZ2xlX3dpZHRoIjoiNSJ9LCIxOTBfaSI6eyJzaW5nbGVfd2lkdGgiOiIzIn0sIjE0MzhfaSI6eyJzaW5nbGVfd2lkdGgiOiI2In0sIjE0NDdfaSI6eyJzaW5nbGVfd2lkdGgiOiI2In0sIjE0NTBfaSI6eyJzaW5nbGVfd2lkdGgiOiI0In0sIjE5Ml9pIjp7InNpbmdsZV93aWR0aCI6IjQifSwiMTQ1Nl9pIjp7InNpbmdsZV93aWR0aCI6IjYifSwiMzA3OF9pIjp7InNpbmdsZV93aWR0aCI6IjMifSwiMzA4NF9pIjp7InNpbmdsZV93aWR0aCI6IjYifSwiMzA3NV9pIjp7InNpbmdsZV93aWR0aCI6IjMifSwiMzA4N19pIjp7InNpbmdsZV93aWR0aCI6IjYifSwiMzA5MF9pIjp7InNpbmdsZV93aWR0aCI6IjYifSwiMzgxMF9pIjp7InNpbmdsZV93aWR0aCI6IjYifSwiMzgxM19pIjp7InNpbmdsZV93aWR0aCI6IjMifSwiMzgxNl9pIjp7InNpbmdsZV93aWR0aCI6IjMifSwiMzgxOV9pIjp7InNpbmdsZV93aWR0aCI6IjMifSwiMzgwNF9pIjp7InNpbmdsZV93aWR0aCI6IjMifX0=&#8221;][\/vc_column][\/vc_row][vc_row][vc_column width=&#8221;1\/1&#8243;][uncode_block id=&#8221;3234&#8243;][\/vc_column][\/vc_row][vc_row][vc_column width=&#8221;1\/1&#8243;][uncode_block id=&#8221;4885&#8243;][\/vc_column][\/vc_row][vc_row][vc_column width=&#8221;1\/1&#8243;][uncode_block id=&#8221;4977&#8243;][\/vc_column][\/vc_row]<\/p>\n<\/div>","protected":false},"excerpt":{"rendered":"<p>[vc_row unlock_row_content=&#8221;yes&#8221; row_height_percent=&#8221;40&#8243; override_padding=&#8221;yes&#8221; h_padding=&#8221;2&#8243; top_padding=&#8221;4&#8243; bottom_padding=&#8221;2&#8243; back_image=&#8221;3084&#8243; parallax=&#8221;yes&#8221; overlay_color=&#8221;color-180534&#8243; overlay_alpha=&#8221;40&#8243; gutter_size=&#8221;3&#8243; column_width_percent=&#8221;100&#8243; shift_y=&#8221;0&#8243; z_index=&#8221;0&#8243; uncode_shortcode_id=&#8221;744458&#8243; overlay_color_type=&#8221;uncode-palette&#8221;][vc_column column_width_percent=&#8221;100&#8243; align_horizontal=&#8221;align_center&#8221; gutter_size=&#8221;2&#8243; [&hellip;]<\/p>\n","protected":false},"author":1,"featured_media":3084,"parent":3267,"menu_order":0,"comment_status":"closed","ping_status":"closed","template":"","meta":{"footnotes":""},"class_list":["post-3293","page","type-page","status-publish","has-post-thumbnail","hentry","page_category-lanzarote-de"],"yoast_head":"<!-- This site is optimized with the Yoast SEO Premium plugin v23.2 (Yoast SEO v23.2) - https:\/\/yoast.com\/wordpress\/plugins\/seo\/ -->\n<title>Lanzarote Wal- und Delfinbeobachtung (Privates Erlebnis) - WeWhale<\/title>\n<meta name=\"description\" content=\"Erleben Sie eine private, l\u00e4rmfreie Wal- und Delfinbeobachtung und eine Schnorchel-Expedition in Playa Papagayo auf Lanzarote.\" \/>\n<meta name=\"robots\" content=\"index, follow, max-snippet:-1, max-image-preview:large, max-video-preview:-1\" \/>\n<link rel=\"canonical\" href=\"https:\/\/staging.wewhale.co\/de\/erlebnisse\/lanzarote-walbeobachtung-delfinbeobachtung-privates-erlebnis\/\" \/>\n<meta property=\"og:locale\" content=\"de_DE\" \/>\n<meta property=\"og:type\" content=\"article\" \/>\n<meta property=\"og:title\" content=\"Lanzarote Wal- und Delfinbeobachtung (Privates Erlebnis)\" \/>\n<meta property=\"og:description\" content=\"Erleben Sie eine private, l\u00e4rmfreie Wal- und Delfinbeobachtung und eine Schnorchel-Expedition in Playa Papagayo auf Lanzarote.\" \/>\n<meta property=\"og:url\" content=\"https:\/\/staging.wewhale.co\/de\/erlebnisse\/lanzarote-walbeobachtung-delfinbeobachtung-privates-erlebnis\/\" \/>\n<meta property=\"og:site_name\" content=\"WeWhale\" \/>\n<meta property=\"article:modified_time\" content=\"2024-01-10T12:31:48+00:00\" \/>\n<meta property=\"og:image\" content=\"https:\/\/staging.wewhale.co\/wp-content\/uploads\/2023\/02\/l_private_experience4-scaled.jpg\" \/>\n\t<meta property=\"og:image:width\" content=\"2560\" \/>\n\t<meta property=\"og:image:height\" content=\"1707\" \/>\n\t<meta property=\"og:image:type\" content=\"image\/jpeg\" \/>\n<meta name=\"twitter:card\" content=\"summary_large_image\" \/>\n<meta name=\"twitter:site\" content=\"@WeWhaleCo\" \/>\n<meta name=\"twitter:label1\" content=\"Gesch\u00e4tzte Lesezeit\" \/>\n\t<meta name=\"twitter:data1\" content=\"3\u00a0Minuten\" \/>\n<script type=\"application\/ld+json\" class=\"yoast-schema-graph\">{\"@context\":\"https:\/\/schema.org\",\"@graph\":[{\"@type\":\"WebPage\",\"@id\":\"https:\/\/staging.wewhale.co\/de\/erlebnisse\/lanzarote-walbeobachtung-delfinbeobachtung-privates-erlebnis\/\",\"url\":\"https:\/\/staging.wewhale.co\/de\/erlebnisse\/lanzarote-walbeobachtung-delfinbeobachtung-privates-erlebnis\/\",\"name\":\"Lanzarote Wal- und Delfinbeobachtung (Privates Erlebnis) - WeWhale\",\"isPartOf\":{\"@id\":\"https:\/\/staging.wewhale.co\/de\/#website\"},\"primaryImageOfPage\":{\"@id\":\"https:\/\/staging.wewhale.co\/de\/erlebnisse\/lanzarote-walbeobachtung-delfinbeobachtung-privates-erlebnis\/#primaryimage\"},\"image\":{\"@id\":\"https:\/\/staging.wewhale.co\/de\/erlebnisse\/lanzarote-walbeobachtung-delfinbeobachtung-privates-erlebnis\/#primaryimage\"},\"thumbnailUrl\":\"https:\/\/staging.wewhale.co\/wp-content\/uploads\/2023\/02\/l_private_experience4-scaled.jpg\",\"datePublished\":\"2023-02-28T09:33:46+00:00\",\"dateModified\":\"2024-01-10T12:31:48+00:00\",\"description\":\"Erleben Sie eine private, l\u00e4rmfreie Wal- und Delfinbeobachtung und eine Schnorchel-Expedition in Playa Papagayo auf Lanzarote.\",\"breadcrumb\":{\"@id\":\"https:\/\/staging.wewhale.co\/de\/erlebnisse\/lanzarote-walbeobachtung-delfinbeobachtung-privates-erlebnis\/#breadcrumb\"},\"inLanguage\":\"de\",\"potentialAction\":[{\"@type\":\"ReadAction\",\"target\":[\"https:\/\/staging.wewhale.co\/de\/erlebnisse\/lanzarote-walbeobachtung-delfinbeobachtung-privates-erlebnis\/\"]}]},{\"@type\":\"ImageObject\",\"inLanguage\":\"de\",\"@id\":\"https:\/\/staging.wewhale.co\/de\/erlebnisse\/lanzarote-walbeobachtung-delfinbeobachtung-privates-erlebnis\/#primaryimage\",\"url\":\"https:\/\/staging.wewhale.co\/wp-content\/uploads\/2023\/02\/l_private_experience4-scaled.jpg\",\"contentUrl\":\"https:\/\/staging.wewhale.co\/wp-content\/uploads\/2023\/02\/l_private_experience4-scaled.jpg\",\"width\":2560,\"height\":1707,\"caption\":\"private whale and dolphin watching experience in Lanzarote\"},{\"@type\":\"BreadcrumbList\",\"@id\":\"https:\/\/staging.wewhale.co\/de\/erlebnisse\/lanzarote-walbeobachtung-delfinbeobachtung-privates-erlebnis\/#breadcrumb\",\"itemListElement\":[{\"@type\":\"ListItem\",\"position\":1,\"name\":\"Home\",\"item\":\"https:\/\/staging.wewhale.co\/de\/wewhale-home-2\/\"},{\"@type\":\"ListItem\",\"position\":2,\"name\":\"Erlebnisse\",\"item\":\"https:\/\/staging.wewhale.co\/de\/erlebnisse\/\"},{\"@type\":\"ListItem\",\"position\":3,\"name\":\"Lanzarote Wal- und Delfinbeobachtung (Privates Erlebnis)\"}]},{\"@type\":\"WebSite\",\"@id\":\"https:\/\/staging.wewhale.co\/de\/#website\",\"url\":\"https:\/\/staging.wewhale.co\/de\/\",\"name\":\"WeWhale\",\"description\":\"\",\"publisher\":{\"@id\":\"https:\/\/staging.wewhale.co\/de\/#organization\"},\"potentialAction\":[{\"@type\":\"SearchAction\",\"target\":{\"@type\":\"EntryPoint\",\"urlTemplate\":\"https:\/\/staging.wewhale.co\/de\/?s={search_term_string}\"},\"query-input\":\"required name=search_term_string\"}],\"inLanguage\":\"de\"},{\"@type\":\"Organization\",\"@id\":\"https:\/\/staging.wewhale.co\/de\/#organization\",\"name\":\"WeWhale\",\"url\":\"https:\/\/staging.wewhale.co\/de\/\",\"logo\":{\"@type\":\"ImageObject\",\"inLanguage\":\"de\",\"@id\":\"https:\/\/staging.wewhale.co\/de\/#\/schema\/logo\/image\/\",\"url\":\"https:\/\/staging.wewhale.co\/wp-content\/uploads\/2022\/06\/wewhale_stamp_rgb.png\",\"contentUrl\":\"https:\/\/staging.wewhale.co\/wp-content\/uploads\/2022\/06\/wewhale_stamp_rgb.png\",\"width\":1000,\"height\":1000,\"caption\":\"WeWhale\"},\"image\":{\"@id\":\"https:\/\/staging.wewhale.co\/de\/#\/schema\/logo\/image\/\"},\"sameAs\":[\"https:\/\/x.com\/WeWhaleCo\"]}]}<\/script>\n<!-- \/ Yoast SEO Premium plugin. -->","yoast_head_json":{"title":"Lanzarote Wal- und Delfinbeobachtung (Privates Erlebnis) - WeWhale","description":"Erleben Sie eine private, l\u00e4rmfreie Wal- und Delfinbeobachtung und eine Schnorchel-Expedition in Playa Papagayo auf Lanzarote.","robots":{"index":"index","follow":"follow","max-snippet":"max-snippet:-1","max-image-preview":"max-image-preview:large","max-video-preview":"max-video-preview:-1"},"canonical":"https:\/\/staging.wewhale.co\/de\/erlebnisse\/lanzarote-walbeobachtung-delfinbeobachtung-privates-erlebnis\/","og_locale":"de_DE","og_type":"article","og_title":"Lanzarote Wal- und Delfinbeobachtung (Privates Erlebnis)","og_description":"Erleben Sie eine private, l\u00e4rmfreie Wal- und Delfinbeobachtung und eine Schnorchel-Expedition in Playa Papagayo auf Lanzarote.","og_url":"https:\/\/staging.wewhale.co\/de\/erlebnisse\/lanzarote-walbeobachtung-delfinbeobachtung-privates-erlebnis\/","og_site_name":"WeWhale","article_modified_time":"2024-01-10T12:31:48+00:00","og_image":[{"width":2560,"height":1707,"url":"https:\/\/staging.wewhale.co\/wp-content\/uploads\/2023\/02\/l_private_experience4-scaled.jpg","type":"image\/jpeg"}],"twitter_card":"summary_large_image","twitter_site":"@WeWhaleCo","twitter_misc":{"Gesch\u00e4tzte Lesezeit":"3\u00a0Minuten"},"schema":{"@context":"https:\/\/schema.org","@graph":[{"@type":"WebPage","@id":"https:\/\/staging.wewhale.co\/de\/erlebnisse\/lanzarote-walbeobachtung-delfinbeobachtung-privates-erlebnis\/","url":"https:\/\/staging.wewhale.co\/de\/erlebnisse\/lanzarote-walbeobachtung-delfinbeobachtung-privates-erlebnis\/","name":"Lanzarote Wal- und Delfinbeobachtung (Privates Erlebnis) - WeWhale","isPartOf":{"@id":"https:\/\/staging.wewhale.co\/de\/#website"},"primaryImageOfPage":{"@id":"https:\/\/staging.wewhale.co\/de\/erlebnisse\/lanzarote-walbeobachtung-delfinbeobachtung-privates-erlebnis\/#primaryimage"},"image":{"@id":"https:\/\/staging.wewhale.co\/de\/erlebnisse\/lanzarote-walbeobachtung-delfinbeobachtung-privates-erlebnis\/#primaryimage"},"thumbnailUrl":"https:\/\/staging.wewhale.co\/wp-content\/uploads\/2023\/02\/l_private_experience4-scaled.jpg","datePublished":"2023-02-28T09:33:46+00:00","dateModified":"2024-01-10T12:31:48+00:00","description":"Erleben Sie eine private, l\u00e4rmfreie Wal- und Delfinbeobachtung und eine Schnorchel-Expedition in Playa Papagayo auf Lanzarote.","breadcrumb":{"@id":"https:\/\/staging.wewhale.co\/de\/erlebnisse\/lanzarote-walbeobachtung-delfinbeobachtung-privates-erlebnis\/#breadcrumb"},"inLanguage":"de","potentialAction":[{"@type":"ReadAction","target":["https:\/\/staging.wewhale.co\/de\/erlebnisse\/lanzarote-walbeobachtung-delfinbeobachtung-privates-erlebnis\/"]}]},{"@type":"ImageObject","inLanguage":"de","@id":"https:\/\/staging.wewhale.co\/de\/erlebnisse\/lanzarote-walbeobachtung-delfinbeobachtung-privates-erlebnis\/#primaryimage","url":"https:\/\/staging.wewhale.co\/wp-content\/uploads\/2023\/02\/l_private_experience4-scaled.jpg","contentUrl":"https:\/\/staging.wewhale.co\/wp-content\/uploads\/2023\/02\/l_private_experience4-scaled.jpg","width":2560,"height":1707,"caption":"private whale and dolphin watching experience in Lanzarote"},{"@type":"BreadcrumbList","@id":"https:\/\/staging.wewhale.co\/de\/erlebnisse\/lanzarote-walbeobachtung-delfinbeobachtung-privates-erlebnis\/#breadcrumb","itemListElement":[{"@type":"ListItem","position":1,"name":"Home","item":"https:\/\/staging.wewhale.co\/de\/wewhale-home-2\/"},{"@type":"ListItem","position":2,"name":"Erlebnisse","item":"https:\/\/staging.wewhale.co\/de\/erlebnisse\/"},{"@type":"ListItem","position":3,"name":"Lanzarote Wal- und Delfinbeobachtung (Privates Erlebnis)"}]},{"@type":"WebSite","@id":"https:\/\/staging.wewhale.co\/de\/#website","url":"https:\/\/staging.wewhale.co\/de\/","name":"WeWhale","description":"","publisher":{"@id":"https:\/\/staging.wewhale.co\/de\/#organization"},"potentialAction":[{"@type":"SearchAction","target":{"@type":"EntryPoint","urlTemplate":"https:\/\/staging.wewhale.co\/de\/?s={search_term_string}"},"query-input":"required name=search_term_string"}],"inLanguage":"de"},{"@type":"Organization","@id":"https:\/\/staging.wewhale.co\/de\/#organization","name":"WeWhale","url":"https:\/\/staging.wewhale.co\/de\/","logo":{"@type":"ImageObject","inLanguage":"de","@id":"https:\/\/staging.wewhale.co\/de\/#\/schema\/logo\/image\/","url":"https:\/\/staging.wewhale.co\/wp-content\/uploads\/2022\/06\/wewhale_stamp_rgb.png","contentUrl":"https:\/\/staging.wewhale.co\/wp-content\/uploads\/2022\/06\/wewhale_stamp_rgb.png","width":1000,"height":1000,"caption":"WeWhale"},"image":{"@id":"https:\/\/staging.wewhale.co\/de\/#\/schema\/logo\/image\/"},"sameAs":["https:\/\/x.com\/WeWhaleCo"]}]}},"_links":{"self":[{"href":"https:\/\/staging.wewhale.co\/de\/wp-json\/wp\/v2\/pages\/3293","targetHints":{"allow":["GET"]}}],"collection":[{"href":"https:\/\/staging.wewhale.co\/de\/wp-json\/wp\/v2\/pages"}],"about":[{"href":"https:\/\/staging.wewhale.co\/de\/wp-json\/wp\/v2\/types\/page"}],"author":[{"embeddable":true,"href":"https:\/\/staging.wewhale.co\/de\/wp-json\/wp\/v2\/users\/1"}],"replies":[{"embeddable":true,"href":"https:\/\/staging.wewhale.co\/de\/wp-json\/wp\/v2\/comments?post=3293"}],"version-history":[{"count":46,"href":"https:\/\/staging.wewhale.co\/de\/wp-json\/wp\/v2\/pages\/3293\/revisions"}],"predecessor-version":[{"id":112372,"href":"https:\/\/staging.wewhale.co\/de\/wp-json\/wp\/v2\/pages\/3293\/revisions\/112372"}],"up":[{"embeddable":true,"href":"https:\/\/staging.wewhale.co\/de\/wp-json\/wp\/v2\/pages\/3267"}],"wp:featuredmedia":[{"embeddable":true,"href":"https:\/\/staging.wewhale.co\/de\/wp-json\/wp\/v2\/media\/3084"}],"wp:attachment":[{"href":"https:\/\/staging.wewhale.co\/de\/wp-json\/wp\/v2\/media?parent=3293"}],"curies":[{"name":"wp","href":"https:\/\/api.w.org\/{rel}","templated":true}]}}