{"id":5306,"date":"2023-06-07T12:41:45","date_gmt":"2023-06-07T10:41:45","guid":{"rendered":"https:\/\/staging.wewhale.co\/erlebnisse\/teneriffa-wal-und-delfinbeobachtung-gemeinsames-gruppenerlebnis\/"},"modified":"2024-01-30T12:13:50","modified_gmt":"2024-01-30T11:13:50","slug":"teneriffa-wal-und-delfinbeobachtung-gemeinsames-gruppenerlebnis","status":"publish","type":"page","link":"https:\/\/staging.wewhale.co\/de\/erlebnisse\/teneriffa-wal-und-delfinbeobachtung-gemeinsames-gruppenerlebnis\/","title":{"rendered":"Teneriffa Wal- und Delfinbeobachtung (Gemeinsames Gruppenerlebnis)"},"content":{"rendered":"<div class=\"wpb-content-wrapper\"><p>[vc_row unlock_row_content=&#8221;yes&#8221; row_height_percent=&#8221;40&#8243; override_padding=&#8221;yes&#8221; h_padding=&#8221;2&#8243; top_padding=&#8221;4&#8243; bottom_padding=&#8221;2&#8243; back_image=&#8221;112200&#8243; parallax=&#8221;yes&#8221; overlay_color=&#8221;color-180534&#8243; overlay_alpha=&#8221;40&#8243; gutter_size=&#8221;3&#8243; column_width_percent=&#8221;100&#8243; shift_y=&#8221;0&#8243; z_index=&#8221;0&#8243; uncode_shortcode_id=&#8221;144476&#8243; overlay_color_type=&#8221;uncode-palette&#8221;][vc_column column_width_percent=&#8221;100&#8243; align_horizontal=&#8221;align_center&#8221; gutter_size=&#8221;2&#8243; style=&#8221;dark&#8221; overlay_alpha=&#8221;50&#8243; shift_x=&#8221;0&#8243; shift_y=&#8221;0&#8243; shift_y_down=&#8221;0&#8243; z_index=&#8221;0&#8243; medium_width=&#8221;0&#8243; mobile_width=&#8221;0&#8243; width=&#8221;1\/1&#8243; uncode_shortcode_id=&#8221;711861&#8243;][vc_single_image media=&#8221;139&#8243; media_width_use_pixel=&#8221;yes&#8221; alignment=&#8221;center&#8221; uncode_shortcode_id=&#8221;111104&#8243; media_width_pixel=&#8221;100&#8243;][vc_custom_heading heading_semantic=&#8221;h1&#8243; text_size=&#8221;h1&#8243; uncode_shortcode_id=&#8221;213874&#8243;]Teneriffa Wal- und Delfinbeobachtung[\/vc_custom_heading][vc_custom_heading uncode_shortcode_id=&#8221;105957&#8243;](Gemeinsames Gruppenerlebnis)[\/vc_custom_heading][\/vc_column][\/vc_row][vc_row unlock_row_content=&#8221;yes&#8221; row_height_percent=&#8221;0&#8243; override_padding=&#8221;yes&#8221; h_padding=&#8221;2&#8243; top_padding=&#8221;4&#8243; bottom_padding=&#8221;4&#8243; overlay_alpha=&#8221;50&#8243; gutter_size=&#8221;3&#8243; column_width_percent=&#8221;100&#8243; shift_y=&#8221;0&#8243; z_index=&#8221;0&#8243; uncode_shortcode_id=&#8221;130434&#8243;][vc_column column_width_percent=&#8221;100&#8243; align_horizontal=&#8221;align_center&#8221; gutter_size=&#8221;3&#8243; overlay_alpha=&#8221;50&#8243; shift_x=&#8221;0&#8243; shift_y=&#8221;0&#8243; shift_y_down=&#8221;0&#8243; z_index=&#8221;0&#8243; medium_width=&#8221;0&#8243; mobile_width=&#8221;0&#8243; width=&#8221;1\/12&#8243; uncode_shortcode_id=&#8221;324484&#8243;][\/vc_column][vc_column width=&#8221;4\/12&#8243;][vc_single_image media=&#8221;112115&#8243; media_width_use_pixel=&#8221;yes&#8221; media_ratio=&#8221;nine-sixteen&#8221; alignment=&#8221;center&#8221; uncode_shortcode_id=&#8221;854671&#8243; media_width_pixel=&#8221;600&#8243;][vc_column_text uncode_shortcode_id=&#8221;213847&#8243;]<!-- FareHarbor calendar of item #472313 --><br \/>\n<script src=\"https:\/\/fareharbor.com\/embeds\/script\/calendar\/wewhale-canarias-sl\/items\/472313\/?fallback=simple&#038;full-items=yes&#038;flow=985870&#038;language=de\"><\/script>[\/vc_column_text][\/vc_column][vc_column width=&#8221;5\/12&#8243;][vc_custom_heading heading_semantic=&#8221;h3&#8243; uncode_shortcode_id=&#8221;113857&#8243;]Komm mit uns auf die Esiel, unser einzigartiges Hybridboot (das Leiseste auf der Insel), w\u00e4hrend wir die Gew\u00e4sser und die Tierwelt an der Westku\u0308ste von Teneriffa erkunden (im Jahr 2021 zum Welterbe fu\u0308r Walbeobachtung erkl\u00e4rt). Du befindest dich an einem der besten Orte der Welt, um das ganze Jahr u\u0308ber Wale und Delfine zu beobachten.[\/vc_custom_heading][vc_column_text uncode_shortcode_id=&#8221;590125&#8243;]Die Tour besteht aus einer kleinen Gruppe von bis zu max. 8 Personen. Die &#8220;Esiel&#8221; ist mit einem Hydrophon und einer 360-Grad-Kamera ausgestattet, um die bestm\u00f6glichen Eindru\u0308cke w\u00e4hrend der Beobachtung von Walen und Delfinen zu bieten.<\/p>\n<p>Die am h\u00e4ufigsten beobachteten Arten bei dieser Tour sind Kurzflossen-Grindwale und Gro\u00dfe Tu\u0308mmler. Jedoch wurden in den Gew\u00e4ssern rund um Teneriffa u\u0308ber 20 verschiedene Walarten, einige ans\u00e4ssige und einige Wanderer, registriert.<\/p>\n<p>Unsere Tour hat eine hohe Sichtungsrate von 99,9% fu\u0308r Wale und Delfine. Jeder Tag ist anders, manchmal begegnen wir einer Art, an anderen Tagen k\u00f6nnen wir bis zu sechs verschiedene Arten sehen.<\/p>\n<p>Dank unserer ger\u00e4uschreduzierten Navigation, des Hydrophons und der 360-Grad-Kamera wirst du eine Beobachtungstour in einer ganz besonderen Atmosph\u00e4re erleben. Unsere G\u00e4ste werden von einem erfahrenen Kapit\u00e4n und Biologen begleitet, die alles u\u0308ber die Wale und Delfine in Teneriffa erkl\u00e4ren.<\/p>\n<p>Zus\u00e4tzlich genie\u00dft du eine malerische Fahrt entlang der wundersch\u00f6nen Ku\u0308ste der &#8220;Los Acantilados de Los Gigantes&#8221;.<\/p>\n<p>Zeiten: 9.30 Uhr oder 12.30 Uhr.<\/p>\n<p>Wir starten vom Steg 1 im Puerto Deportivo Los Gigantes an der Westku\u0308ste von Teneriffa und kehren nach ca. 2,5 Stunden zuru\u0308ck.<\/p>\n<p>Wasser, Bio-Erfrischungsgetr\u00e4nke, Snacks von lokalen Gourmet-Anbietern und frisches Obst sind in diesem Ausflug enthalten.<\/p>\n<p>Preis fu\u0308r Personen ab 13 Jahren: 85 Euro<\/p>\n<p>Preis fu\u0308r Personen im Alter von 2-12 Jahren: 75 Euro<br \/>\n(Kinder unter 2 Jahren fahren frei mit)<\/p>\n<p>Preis fu\u0308r Residenten (Einwohner der Kanaren) ab 13 Jahren: 75 Euro<\/p>\n<p>Preis fu\u0308r Residenten (Einwohner der Kanaren) im Alter von 2-12 Jahren: 65 Euro<br \/>\n(Kinder unter 2 Jahren haben freien Eintritt)[\/vc_column_text][vc_column_text uncode_shortcode_id=&#8221;211571&#8243;]<\/p>\n<h3>Wusstest du schon?<\/h3>\n<p>Die Buchung von WeWhale-Wal- und Delfinbeobachtungstouren tr\u00e4gt direkt zum Schutz von Walen und Delfinen bei. Gemeinsam spenden wir 7,5 % von jedem Ticket f\u00fcr die Arbeit unserer Schwesterorganisation <a href=\"https:\/\/staging.wewhale.co\/association\/\">WeWhale Association<\/a>.[\/vc_column_text][vc_column_text uncode_shortcode_id=&#8221;169127&#8243;]Hast du noch Fragen? Vielleicht findest du die Antwort in unseren <a href=\"https:\/\/staging.wewhale.co\/de\/faq\/\">FAQ<\/a> oder schreibe uns einfach eine WhatsApp, oder rufe uns an unter +34 674 030 974.[\/vc_column_text][\/vc_column][vc_column width=&#8221;2\/12&#8243;][\/vc_column][\/vc_row][vc_row unlock_row_content=&#8221;yes&#8221; row_height_percent=&#8221;0&#8243; override_padding=&#8221;yes&#8221; h_padding=&#8221;0&#8243; top_padding=&#8221;3&#8243; bottom_padding=&#8221;0&#8243; overlay_alpha=&#8221;50&#8243; gutter_size=&#8221;3&#8243; column_width_percent=&#8221;100&#8243; shift_y=&#8221;0&#8243; z_index=&#8221;0&#8243; uncode_shortcode_id=&#8221;193642&#8243;][vc_column width=&#8221;1\/1&#8243;][vc_gallery el_id=&#8221;gallery-101235&#8243; medias=&#8221;5060,5051,5054,112111,5057&#8243; style_preset=&#8221;metro&#8221; gutter_size=&#8221;0&#8243; media_items=&#8221;media|lightbox|original&#8221; screen_lg=&#8221;&#8221; screen_md=&#8221;&#8221; screen_sm=&#8221;&#8221; single_overlay_opacity=&#8221;50&#8243; single_padding=&#8221;2&#8243; single_border=&#8221;yes&#8221; uncode_shortcode_id=&#8221;200386&#8243; items=&#8221;eyIxNDc3X2kiOnsic2luZ2xlX3dpZHRoIjoiMiJ9LCIxNDQ0X2kiOnsic2luZ2xlX3dpZHRoIjoiNiJ9LCIxNDcxX2kiOnsic2luZ2xlX3dpZHRoIjoiNSJ9LCIxOTBfaSI6eyJzaW5nbGVfd2lkdGgiOiIzIn0sIjE0MzhfaSI6eyJzaW5nbGVfd2lkdGgiOiI2In0sIjE0NDdfaSI6eyJzaW5nbGVfd2lkdGgiOiI2In0sIjE0NTBfaSI6eyJzaW5nbGVfd2lkdGgiOiI0In0sIjE5Ml9pIjp7InNpbmdsZV93aWR0aCI6IjQifSwiMTQ1Nl9pIjp7InNpbmdsZV93aWR0aCI6IjYifSwiMzA3OF9pIjp7InNpbmdsZV93aWR0aCI6IjMifSwiMzA4NF9pIjp7InNpbmdsZV93aWR0aCI6IjYifSwiMzA3NV9pIjp7InNpbmdsZV93aWR0aCI6IjMifSwiMzA4N19pIjp7InNpbmdsZV93aWR0aCI6IjYifSwiMzA5MF9pIjp7InNpbmdsZV93aWR0aCI6IjYifSwiMzgxMF9pIjp7InNpbmdsZV93aWR0aCI6IjYifSwiMzgxM19pIjp7InNpbmdsZV93aWR0aCI6IjMifSwiMzgxNl9pIjp7InNpbmdsZV93aWR0aCI6IjMifSwiMzgxOV9pIjp7InNpbmdsZV93aWR0aCI6IjMifSwiMzgwNF9pIjp7InNpbmdsZV93aWR0aCI6IjMifSwiNDI3N19pIjp7InNpbmdsZV93aWR0aCI6IjIifSwiNDMxNl9pIjp7InNpbmdsZV93aWR0aCI6IjYifSwiNDMwN19pIjp7InNpbmdsZV93aWR0aCI6IjYifSwiNDMzMV9pIjp7InNpbmdsZV93aWR0aCI6IjYifSwiNDI4M19pIjp7InNpbmdsZV93aWR0aCI6IjYifSwiNTA1MV9pIjp7InNpbmdsZV93aWR0aCI6IjcifSwiNTA2M19pIjp7InNpbmdsZV93aWR0aCI6IjMifSwiNTA2MF9pIjp7InNpbmdsZV93aWR0aCI6IjUifSwiNTA1N19pIjp7InNpbmdsZV93aWR0aCI6IjUifSwiNTA1NF9pIjp7InNpbmdsZV93aWR0aCI6IjIifSwiMTEyMTExX2kiOnsic2luZ2xlX3dpZHRoIjoiNSJ9fQ==&#8221;][\/vc_column][\/vc_row][vc_row][vc_column width=&#8221;1\/1&#8243;][uncode_block id=&#8221;5219&#8243;][\/vc_column][\/vc_row][vc_row][vc_column width=&#8221;1\/1&#8243;][uncode_block id=&#8221;5181&#8243;][\/vc_column][\/vc_row][vc_row][vc_column width=&#8221;1\/1&#8243;][uncode_block id=&#8221;5134&#8243;][\/vc_column][\/vc_row]<\/p>\n<\/div>","protected":false},"excerpt":{"rendered":"<p>[vc_row unlock_row_content=&#8221;yes&#8221; row_height_percent=&#8221;40&#8243; override_padding=&#8221;yes&#8221; h_padding=&#8221;2&#8243; top_padding=&#8221;4&#8243; bottom_padding=&#8221;2&#8243; back_image=&#8221;112200&#8243; parallax=&#8221;yes&#8221; overlay_color=&#8221;color-180534&#8243; overlay_alpha=&#8221;40&#8243; gutter_size=&#8221;3&#8243; column_width_percent=&#8221;100&#8243; shift_y=&#8221;0&#8243; z_index=&#8221;0&#8243; uncode_shortcode_id=&#8221;144476&#8243; overlay_color_type=&#8221;uncode-palette&#8221;][vc_column column_width_percent=&#8221;100&#8243; align_horizontal=&#8221;align_center&#8221; gutter_size=&#8221;2&#8243; [&hellip;]<\/p>\n","protected":false},"author":1,"featured_media":112199,"parent":3267,"menu_order":0,"comment_status":"closed","ping_status":"closed","template":"","meta":{"footnotes":""},"class_list":["post-5306","page","type-page","status-publish","has-post-thumbnail","hentry","page_category-tenerife-de"],"yoast_head":"<!-- This site is optimized with the Yoast SEO Premium plugin v23.2 (Yoast SEO v23.2) - https:\/\/yoast.com\/wordpress\/plugins\/seo\/ -->\n<title>Teneriffa Wal- und Delfinbeobachtung (Gemeinsames Gruppenerlebnis) - WeWhale<\/title>\n<meta name=\"robots\" content=\"index, follow, max-snippet:-1, max-image-preview:large, max-video-preview:-1\" \/>\n<link rel=\"canonical\" href=\"https:\/\/staging.wewhale.co\/de\/erlebnisse\/teneriffa-wal-und-delfinbeobachtung-gemeinsames-gruppenerlebnis\/\" \/>\n<meta property=\"og:locale\" content=\"de_DE\" \/>\n<meta property=\"og:type\" content=\"article\" \/>\n<meta property=\"og:title\" content=\"Teneriffa Wal- und Delfinbeobachtung (Gemeinsames Gruppenerlebnis)\" \/>\n<meta property=\"og:description\" content=\"[vc_row unlock_row_content=&#8221;yes&#8221; row_height_percent=&#8221;40&#8243; override_padding=&#8221;yes&#8221; h_padding=&#8221;2&#8243; top_padding=&#8221;4&#8243; bottom_padding=&#8221;2&#8243; back_image=&#8221;112200&#8243; parallax=&#8221;yes&#8221; overlay_color=&#8221;color-180534&#8243; overlay_alpha=&#8221;40&#8243; gutter_size=&#8221;3&#8243; column_width_percent=&#8221;100&#8243; shift_y=&#8221;0&#8243; z_index=&#8221;0&#8243; uncode_shortcode_id=&#8221;144476&#8243; overlay_color_type=&#8221;uncode-palette&#8221;][vc_column column_width_percent=&#8221;100&#8243; align_horizontal=&#8221;align_center&#8221; gutter_size=&#8221;2&#8243; [&hellip;]\" \/>\n<meta property=\"og:url\" content=\"https:\/\/staging.wewhale.co\/de\/erlebnisse\/teneriffa-wal-und-delfinbeobachtung-gemeinsames-gruppenerlebnis\/\" \/>\n<meta property=\"og:site_name\" content=\"WeWhale\" \/>\n<meta property=\"article:modified_time\" content=\"2024-01-30T11:13:50+00:00\" \/>\n<meta property=\"og:image\" content=\"https:\/\/staging.wewhale.co\/wp-content\/uploads\/2023\/11\/pilot-whale_08.23-scaled.jpg\" \/>\n\t<meta property=\"og:image:width\" content=\"2560\" \/>\n\t<meta property=\"og:image:height\" content=\"1707\" \/>\n\t<meta property=\"og:image:type\" content=\"image\/jpeg\" \/>\n<meta name=\"twitter:card\" content=\"summary_large_image\" \/>\n<meta name=\"twitter:site\" content=\"@WeWhaleCo\" \/>\n<meta name=\"twitter:label1\" content=\"Gesch\u00e4tzte Lesezeit\" \/>\n\t<meta name=\"twitter:data1\" content=\"3\u00a0Minuten\" \/>\n<script type=\"application\/ld+json\" class=\"yoast-schema-graph\">{\"@context\":\"https:\/\/schema.org\",\"@graph\":[{\"@type\":\"WebPage\",\"@id\":\"https:\/\/staging.wewhale.co\/de\/erlebnisse\/teneriffa-wal-und-delfinbeobachtung-gemeinsames-gruppenerlebnis\/\",\"url\":\"https:\/\/staging.wewhale.co\/de\/erlebnisse\/teneriffa-wal-und-delfinbeobachtung-gemeinsames-gruppenerlebnis\/\",\"name\":\"Teneriffa Wal- und Delfinbeobachtung (Gemeinsames Gruppenerlebnis) - WeWhale\",\"isPartOf\":{\"@id\":\"https:\/\/staging.wewhale.co\/de\/#website\"},\"primaryImageOfPage\":{\"@id\":\"https:\/\/staging.wewhale.co\/de\/erlebnisse\/teneriffa-wal-und-delfinbeobachtung-gemeinsames-gruppenerlebnis\/#primaryimage\"},\"image\":{\"@id\":\"https:\/\/staging.wewhale.co\/de\/erlebnisse\/teneriffa-wal-und-delfinbeobachtung-gemeinsames-gruppenerlebnis\/#primaryimage\"},\"thumbnailUrl\":\"https:\/\/staging.wewhale.co\/wp-content\/uploads\/2023\/11\/pilot-whale_08.23-scaled.jpg\",\"datePublished\":\"2023-06-07T10:41:45+00:00\",\"dateModified\":\"2024-01-30T11:13:50+00:00\",\"breadcrumb\":{\"@id\":\"https:\/\/staging.wewhale.co\/de\/erlebnisse\/teneriffa-wal-und-delfinbeobachtung-gemeinsames-gruppenerlebnis\/#breadcrumb\"},\"inLanguage\":\"de\",\"potentialAction\":[{\"@type\":\"ReadAction\",\"target\":[\"https:\/\/staging.wewhale.co\/de\/erlebnisse\/teneriffa-wal-und-delfinbeobachtung-gemeinsames-gruppenerlebnis\/\"]}]},{\"@type\":\"ImageObject\",\"inLanguage\":\"de\",\"@id\":\"https:\/\/staging.wewhale.co\/de\/erlebnisse\/teneriffa-wal-und-delfinbeobachtung-gemeinsames-gruppenerlebnis\/#primaryimage\",\"url\":\"https:\/\/staging.wewhale.co\/wp-content\/uploads\/2023\/11\/pilot-whale_08.23-scaled.jpg\",\"contentUrl\":\"https:\/\/staging.wewhale.co\/wp-content\/uploads\/2023\/11\/pilot-whale_08.23-scaled.jpg\",\"width\":2560,\"height\":1707,\"caption\":\"Tenerife shared whale dolphin\"},{\"@type\":\"BreadcrumbList\",\"@id\":\"https:\/\/staging.wewhale.co\/de\/erlebnisse\/teneriffa-wal-und-delfinbeobachtung-gemeinsames-gruppenerlebnis\/#breadcrumb\",\"itemListElement\":[{\"@type\":\"ListItem\",\"position\":1,\"name\":\"Home\",\"item\":\"https:\/\/staging.wewhale.co\/de\/wewhale-home-2\/\"},{\"@type\":\"ListItem\",\"position\":2,\"name\":\"Erlebnisse\",\"item\":\"https:\/\/staging.wewhale.co\/de\/erlebnisse\/\"},{\"@type\":\"ListItem\",\"position\":3,\"name\":\"Teneriffa Wal- und Delfinbeobachtung (Gemeinsames Gruppenerlebnis)\"}]},{\"@type\":\"WebSite\",\"@id\":\"https:\/\/staging.wewhale.co\/de\/#website\",\"url\":\"https:\/\/staging.wewhale.co\/de\/\",\"name\":\"WeWhale\",\"description\":\"\",\"publisher\":{\"@id\":\"https:\/\/staging.wewhale.co\/de\/#organization\"},\"potentialAction\":[{\"@type\":\"SearchAction\",\"target\":{\"@type\":\"EntryPoint\",\"urlTemplate\":\"https:\/\/staging.wewhale.co\/de\/?s={search_term_string}\"},\"query-input\":\"required name=search_term_string\"}],\"inLanguage\":\"de\"},{\"@type\":\"Organization\",\"@id\":\"https:\/\/staging.wewhale.co\/de\/#organization\",\"name\":\"WeWhale\",\"url\":\"https:\/\/staging.wewhale.co\/de\/\",\"logo\":{\"@type\":\"ImageObject\",\"inLanguage\":\"de\",\"@id\":\"https:\/\/staging.wewhale.co\/de\/#\/schema\/logo\/image\/\",\"url\":\"https:\/\/staging.wewhale.co\/wp-content\/uploads\/2022\/06\/wewhale_stamp_rgb.png\",\"contentUrl\":\"https:\/\/staging.wewhale.co\/wp-content\/uploads\/2022\/06\/wewhale_stamp_rgb.png\",\"width\":1000,\"height\":1000,\"caption\":\"WeWhale\"},\"image\":{\"@id\":\"https:\/\/staging.wewhale.co\/de\/#\/schema\/logo\/image\/\"},\"sameAs\":[\"https:\/\/x.com\/WeWhaleCo\"]}]}<\/script>\n<!-- \/ Yoast SEO Premium plugin. -->","yoast_head_json":{"title":"Teneriffa Wal- und Delfinbeobachtung (Gemeinsames Gruppenerlebnis) - WeWhale","robots":{"index":"index","follow":"follow","max-snippet":"max-snippet:-1","max-image-preview":"max-image-preview:large","max-video-preview":"max-video-preview:-1"},"canonical":"https:\/\/staging.wewhale.co\/de\/erlebnisse\/teneriffa-wal-und-delfinbeobachtung-gemeinsames-gruppenerlebnis\/","og_locale":"de_DE","og_type":"article","og_title":"Teneriffa Wal- und Delfinbeobachtung (Gemeinsames Gruppenerlebnis)","og_description":"[vc_row unlock_row_content=&#8221;yes&#8221; row_height_percent=&#8221;40&#8243; override_padding=&#8221;yes&#8221; h_padding=&#8221;2&#8243; top_padding=&#8221;4&#8243; bottom_padding=&#8221;2&#8243; back_image=&#8221;112200&#8243; parallax=&#8221;yes&#8221; overlay_color=&#8221;color-180534&#8243; overlay_alpha=&#8221;40&#8243; gutter_size=&#8221;3&#8243; column_width_percent=&#8221;100&#8243; shift_y=&#8221;0&#8243; z_index=&#8221;0&#8243; uncode_shortcode_id=&#8221;144476&#8243; overlay_color_type=&#8221;uncode-palette&#8221;][vc_column column_width_percent=&#8221;100&#8243; align_horizontal=&#8221;align_center&#8221; gutter_size=&#8221;2&#8243; [&hellip;]","og_url":"https:\/\/staging.wewhale.co\/de\/erlebnisse\/teneriffa-wal-und-delfinbeobachtung-gemeinsames-gruppenerlebnis\/","og_site_name":"WeWhale","article_modified_time":"2024-01-30T11:13:50+00:00","og_image":[{"width":2560,"height":1707,"url":"https:\/\/staging.wewhale.co\/wp-content\/uploads\/2023\/11\/pilot-whale_08.23-scaled.jpg","type":"image\/jpeg"}],"twitter_card":"summary_large_image","twitter_site":"@WeWhaleCo","twitter_misc":{"Gesch\u00e4tzte Lesezeit":"3\u00a0Minuten"},"schema":{"@context":"https:\/\/schema.org","@graph":[{"@type":"WebPage","@id":"https:\/\/staging.wewhale.co\/de\/erlebnisse\/teneriffa-wal-und-delfinbeobachtung-gemeinsames-gruppenerlebnis\/","url":"https:\/\/staging.wewhale.co\/de\/erlebnisse\/teneriffa-wal-und-delfinbeobachtung-gemeinsames-gruppenerlebnis\/","name":"Teneriffa Wal- und Delfinbeobachtung (Gemeinsames Gruppenerlebnis) - WeWhale","isPartOf":{"@id":"https:\/\/staging.wewhale.co\/de\/#website"},"primaryImageOfPage":{"@id":"https:\/\/staging.wewhale.co\/de\/erlebnisse\/teneriffa-wal-und-delfinbeobachtung-gemeinsames-gruppenerlebnis\/#primaryimage"},"image":{"@id":"https:\/\/staging.wewhale.co\/de\/erlebnisse\/teneriffa-wal-und-delfinbeobachtung-gemeinsames-gruppenerlebnis\/#primaryimage"},"thumbnailUrl":"https:\/\/staging.wewhale.co\/wp-content\/uploads\/2023\/11\/pilot-whale_08.23-scaled.jpg","datePublished":"2023-06-07T10:41:45+00:00","dateModified":"2024-01-30T11:13:50+00:00","breadcrumb":{"@id":"https:\/\/staging.wewhale.co\/de\/erlebnisse\/teneriffa-wal-und-delfinbeobachtung-gemeinsames-gruppenerlebnis\/#breadcrumb"},"inLanguage":"de","potentialAction":[{"@type":"ReadAction","target":["https:\/\/staging.wewhale.co\/de\/erlebnisse\/teneriffa-wal-und-delfinbeobachtung-gemeinsames-gruppenerlebnis\/"]}]},{"@type":"ImageObject","inLanguage":"de","@id":"https:\/\/staging.wewhale.co\/de\/erlebnisse\/teneriffa-wal-und-delfinbeobachtung-gemeinsames-gruppenerlebnis\/#primaryimage","url":"https:\/\/staging.wewhale.co\/wp-content\/uploads\/2023\/11\/pilot-whale_08.23-scaled.jpg","contentUrl":"https:\/\/staging.wewhale.co\/wp-content\/uploads\/2023\/11\/pilot-whale_08.23-scaled.jpg","width":2560,"height":1707,"caption":"Tenerife shared whale dolphin"},{"@type":"BreadcrumbList","@id":"https:\/\/staging.wewhale.co\/de\/erlebnisse\/teneriffa-wal-und-delfinbeobachtung-gemeinsames-gruppenerlebnis\/#breadcrumb","itemListElement":[{"@type":"ListItem","position":1,"name":"Home","item":"https:\/\/staging.wewhale.co\/de\/wewhale-home-2\/"},{"@type":"ListItem","position":2,"name":"Erlebnisse","item":"https:\/\/staging.wewhale.co\/de\/erlebnisse\/"},{"@type":"ListItem","position":3,"name":"Teneriffa Wal- und Delfinbeobachtung (Gemeinsames Gruppenerlebnis)"}]},{"@type":"WebSite","@id":"https:\/\/staging.wewhale.co\/de\/#website","url":"https:\/\/staging.wewhale.co\/de\/","name":"WeWhale","description":"","publisher":{"@id":"https:\/\/staging.wewhale.co\/de\/#organization"},"potentialAction":[{"@type":"SearchAction","target":{"@type":"EntryPoint","urlTemplate":"https:\/\/staging.wewhale.co\/de\/?s={search_term_string}"},"query-input":"required name=search_term_string"}],"inLanguage":"de"},{"@type":"Organization","@id":"https:\/\/staging.wewhale.co\/de\/#organization","name":"WeWhale","url":"https:\/\/staging.wewhale.co\/de\/","logo":{"@type":"ImageObject","inLanguage":"de","@id":"https:\/\/staging.wewhale.co\/de\/#\/schema\/logo\/image\/","url":"https:\/\/staging.wewhale.co\/wp-content\/uploads\/2022\/06\/wewhale_stamp_rgb.png","contentUrl":"https:\/\/staging.wewhale.co\/wp-content\/uploads\/2022\/06\/wewhale_stamp_rgb.png","width":1000,"height":1000,"caption":"WeWhale"},"image":{"@id":"https:\/\/staging.wewhale.co\/de\/#\/schema\/logo\/image\/"},"sameAs":["https:\/\/x.com\/WeWhaleCo"]}]}},"_links":{"self":[{"href":"https:\/\/staging.wewhale.co\/de\/wp-json\/wp\/v2\/pages\/5306","targetHints":{"allow":["GET"]}}],"collection":[{"href":"https:\/\/staging.wewhale.co\/de\/wp-json\/wp\/v2\/pages"}],"about":[{"href":"https:\/\/staging.wewhale.co\/de\/wp-json\/wp\/v2\/types\/page"}],"author":[{"embeddable":true,"href":"https:\/\/staging.wewhale.co\/de\/wp-json\/wp\/v2\/users\/1"}],"replies":[{"embeddable":true,"href":"https:\/\/staging.wewhale.co\/de\/wp-json\/wp\/v2\/comments?post=5306"}],"version-history":[{"count":12,"href":"https:\/\/staging.wewhale.co\/de\/wp-json\/wp\/v2\/pages\/5306\/revisions"}],"predecessor-version":[{"id":112436,"href":"https:\/\/staging.wewhale.co\/de\/wp-json\/wp\/v2\/pages\/5306\/revisions\/112436"}],"up":[{"embeddable":true,"href":"https:\/\/staging.wewhale.co\/de\/wp-json\/wp\/v2\/pages\/3267"}],"wp:featuredmedia":[{"embeddable":true,"href":"https:\/\/staging.wewhale.co\/de\/wp-json\/wp\/v2\/media\/112199"}],"wp:attachment":[{"href":"https:\/\/staging.wewhale.co\/de\/wp-json\/wp\/v2\/media?parent=5306"}],"curies":[{"name":"wp","href":"https:\/\/api.w.org\/{rel}","templated":true}]}}