{"id":826,"date":"2022-05-13T15:21:41","date_gmt":"2022-05-13T13:21:41","guid":{"rendered":"https:\/\/staging.wewhale.co\/legal-notice\/"},"modified":"2023-10-27T14:33:35","modified_gmt":"2023-10-27T12:33:35","slug":"legal-notice","status":"publish","type":"page","link":"https:\/\/staging.wewhale.co\/de\/legal-notice\/","title":{"rendered":"Rechtliche Hinweise \/ Impressum"},"content":{"rendered":"<div class=\"wpb-content-wrapper\"><p>[vc_row row_height_percent=&#8221;0&#8243; override_padding=&#8221;yes&#8221; h_padding=&#8221;2&#8243; top_padding=&#8221;4&#8243; bottom_padding=&#8221;4&#8243; back_color=&#8221;color-309892&#8243; overlay_alpha=&#8221;50&#8243; gutter_size=&#8221;3&#8243; column_width_percent=&#8221;100&#8243; shift_y=&#8221;0&#8243; z_index=&#8221;0&#8243; uncode_shortcode_id=&#8221;680297&#8243; back_color_type=&#8221;uncode-palette&#8221;][vc_column column_width_percent=&#8221;100&#8243; gutter_size=&#8221;3&#8243; overlay_alpha=&#8221;50&#8243; shift_x=&#8221;0&#8243; shift_y=&#8221;0&#8243; shift_y_down=&#8221;0&#8243; z_index=&#8221;0&#8243; medium_width=&#8221;0&#8243; mobile_width=&#8221;0&#8243; width=&#8221;1\/1&#8243; uncode_shortcode_id=&#8221;893695&#8243;][vc_custom_heading heading_semantic=&#8221;h1&#8243; text_size=&#8221;h1&#8243; uncode_shortcode_id=&#8221;119546&#8243;]Rechtliche Hinweise[\/vc_custom_heading][\/vc_column][\/vc_row][vc_row row_height_percent=&#8221;0&#8243; override_padding=&#8221;yes&#8221; h_padding=&#8221;2&#8243; top_padding=&#8221;3&#8243; bottom_padding=&#8221;4&#8243; overlay_alpha=&#8221;50&#8243; gutter_size=&#8221;3&#8243; column_width_percent=&#8221;100&#8243; shift_y=&#8221;0&#8243; z_index=&#8221;0&#8243; uncode_shortcode_id=&#8221;310145&#8243;][vc_column width=&#8221;1\/1&#8243;][vc_column_text uncode_shortcode_id=&#8221;108706&#8243;]<\/p>\n<h2>Allgemeines<\/h2>\n<p>Der Anbieter dieser Website www.wewhale.co ist:<\/p>\n<p>WeWhale Ltd, 151 Thomas St, The Liberties, Dublin, D08 PY5E, Irland.<\/p>\n<p>Mit dem Zugriff auf unsere Website erkl\u00e4ren Sie sich mit den folgenden Bedingungen in vollem Umfang einverstanden. Die Bedingungen unterliegen irischem, europ\u00e4ischem und internationalem Recht und sind in \u00dcbereinstimmung mit diesem auszulegen.<\/p>\n<h2>Impressum<\/h2>\n<p>Verantwortlich im Sinne des \u00a7 5 TMG ist:<\/p>\n<p>WeWhale Limited (Ltd.)<br \/>\n151 Thomas St, The Liberties<br \/>\nDublin, D08 PY5E<br \/>\nIrland<\/p>\n<p>Tel.: +34 674 030 974<br \/>\nEmail: contact@staging.wewhale.co<\/p>\n<p>Vertreten durch den gesch\u00e4ftsf\u00fchrenden Direktor: Janek Andre<br \/>\nRegistergericht der Ltd: Dublin<br \/>\nRegisternummer der Ltd: 715760<br \/>\nUSt-IdNr.: IE3950850FH<\/p>\n<h2>Begrenzung der Haftung<\/h2>\n<p>Die auf dieser Website enthaltenen Informationen sollen \u00fcber unsere Dienstleistungen informieren und einen n\u00fctzlichen Leitfaden f\u00fcr Wale und Delfine auf globaler Ebene darstellen. Sie k\u00f6nnen nicht als endg\u00fcltige Informationen zu diesem Thema angesehen werden, und wir \u00fcbernehmen daher keine Haftung f\u00fcr Sch\u00e4den, die durch die Nutzung der auf dieser Website enthaltenen Informationen entstehen.<br \/>\nSoweit es das geltende Recht zul\u00e4sst, haften weder WeWhale noch Partner, Mitarbeiter, Berater, Angestellte, verbundene Unternehmen oder andere Vertreter von WeWhale f\u00fcr Verluste oder Sch\u00e4den, die sich aus oder in Verbindung mit Ihrer Nutzung der Materialien oder jeglicher Einrichtungen oder Dienstleistungen ergeben, die \u00fcber diese Website angeboten werden (einschlie\u00dflich, aber nicht beschr\u00e4nkt auf indirekte Verluste oder Folgesch\u00e4den, Verlust von Daten, Einkommen, Gewinn oder M\u00f6glichkeiten, Verlust oder Besch\u00e4digung von Eigentum und Anspr\u00fcche Dritter), selbst wenn WeWhale \u00fcber solche Verluste oder Sch\u00e4den informiert wurde oder solche Verluste oder Sch\u00e4den vern\u00fcnftigerweise vorhersehbar waren.<\/p>\n<p>Allgemeine und spezifische Verweise auf dieser Website auf einen Partner oder Partner sind entsprechend auszulegen.<\/p>\n<h2>Urheberrecht<\/h2>\n<p>Das Urheberrecht und andere geistige Eigentumsrechte an allen Materialien auf dieser Website, einschlie\u00dflich Text, Grafiken und Fotos, sind Eigentum von WeWhale Ltd. und\/oder werden von ihr lizenziert, sofern nicht anders angegeben. Es ist gestattet, Ausz\u00fcge aus dieser Website zu drucken und herunterzuladen, sofern sie in keiner Weise bearbeitet werden, nur f\u00fcr nicht-kommerzielle Zwecke verwendet werden und als Quelle &#8220;www.wewhale.co&#8221; angegeben wird.<br \/>\nDie Verwendung von Fotos oder die Vervielf\u00e4ltigung von Teilen dieser Website in anderen elektronischen, gedruckten oder sonstigen Publikationen bedarf der schriftlichen Genehmigung von WeWhale Ltd. Bitte verwenden Sie die E-Mail-Adresse <a href=\"mailto:contact@staging.wewhale.co\">contact@staging.wewhale.co<\/a>, um die Genehmigung anzufordern.<\/p>\n<h2>Haftungsausschluss<\/h2>\n<p>Diese Website wird ohne jegliche ausdr\u00fcckliche oder stillschweigende Zusicherungen oder Garantien zur Verf\u00fcgung gestellt. WeWhale gibt keine Zusicherungen, Garantien oder Verpflichtungen in Bezug auf die Materialien, Inhalte oder Informationen auf anderen Websites, auf die \u00fcber diese Website verwiesen wird oder auf die \u00fcber Hypertext-Links oder auf andere Weise zugegriffen werden kann (&#8220;Websites Dritter&#8221;). WeWhale bef\u00fcrwortet oder billigt den Inhalt von Websites Dritter nicht und \u00fcbernimmt keine Haftung in Verbindung mit Websites Dritter.<\/p>\n<h2>Datenschutzrichtlinien<\/h2>\n<p>Besuchen Sie unsere Seite zum <a href=\"https:\/\/staging.wewhale.co\/de\/privacy-policy\/\">Datenschutz<\/a> f\u00fcr weitere Informationen.[\/vc_column_text][\/vc_column][\/vc_row]<\/p>\n<\/div>","protected":false},"excerpt":{"rendered":"<p>[vc_row row_height_percent=&#8221;0&#8243; override_padding=&#8221;yes&#8221; h_padding=&#8221;2&#8243; top_padding=&#8221;4&#8243; bottom_padding=&#8221;4&#8243; back_color=&#8221;color-309892&#8243; overlay_alpha=&#8221;50&#8243; gutter_size=&#8221;3&#8243; column_width_percent=&#8221;100&#8243; shift_y=&#8221;0&#8243; z_index=&#8221;0&#8243; uncode_shortcode_id=&#8221;680297&#8243; back_color_type=&#8221;uncode-palette&#8221;][vc_column column_width_percent=&#8221;100&#8243; gutter_size=&#8221;3&#8243; overlay_alpha=&#8221;50&#8243; shift_x=&#8221;0&#8243; shift_y=&#8221;0&#8243; shift_y_down=&#8221;0&#8243; [&hellip;]<\/p>\n","protected":false},"author":1,"featured_media":0,"parent":0,"menu_order":0,"comment_status":"closed","ping_status":"closed","template":"","meta":{"footnotes":""},"class_list":["post-826","page","type-page","status-publish","hentry"],"yoast_head":"<!-- This site is optimized with the Yoast SEO Premium plugin v23.2 (Yoast SEO v23.2) - https:\/\/yoast.com\/wordpress\/plugins\/seo\/ -->\n<title>Rechtliche Hinweise \/ Impressum - WeWhale<\/title>\n<meta name=\"description\" content=\"Rechtliche Hinweise zur Nutzung dieser Website, einschlie\u00dflich Haftungsbeschr\u00e4nkung, Urheberrecht, Haftungsausschluss und Link zu unserer Datenschutzrichtlinie.\" \/>\n<meta name=\"robots\" content=\"index, follow, max-snippet:-1, max-image-preview:large, max-video-preview:-1\" \/>\n<link rel=\"canonical\" href=\"https:\/\/staging.wewhale.co\/de\/legal-notice\/\" \/>\n<meta property=\"og:locale\" content=\"de_DE\" \/>\n<meta property=\"og:type\" content=\"article\" \/>\n<meta property=\"og:title\" content=\"Rechtliche Hinweise \/ Impressum\" \/>\n<meta property=\"og:description\" content=\"Rechtliche Hinweise zur Nutzung dieser Website, einschlie\u00dflich Haftungsbeschr\u00e4nkung, Urheberrecht, Haftungsausschluss und Link zu unserer Datenschutzrichtlinie.\" \/>\n<meta property=\"og:url\" content=\"https:\/\/staging.wewhale.co\/de\/legal-notice\/\" \/>\n<meta property=\"og:site_name\" content=\"WeWhale\" \/>\n<meta property=\"article:modified_time\" content=\"2023-10-27T12:33:35+00:00\" \/>\n<meta name=\"twitter:card\" content=\"summary_large_image\" \/>\n<meta name=\"twitter:site\" content=\"@WeWhaleCo\" \/>\n<meta name=\"twitter:label1\" content=\"Gesch\u00e4tzte Lesezeit\" \/>\n\t<meta name=\"twitter:data1\" content=\"3\u00a0Minuten\" \/>\n<script type=\"application\/ld+json\" class=\"yoast-schema-graph\">{\"@context\":\"https:\/\/schema.org\",\"@graph\":[{\"@type\":\"WebPage\",\"@id\":\"https:\/\/staging.wewhale.co\/de\/legal-notice\/\",\"url\":\"https:\/\/staging.wewhale.co\/de\/legal-notice\/\",\"name\":\"Rechtliche Hinweise \/ Impressum - WeWhale\",\"isPartOf\":{\"@id\":\"https:\/\/staging.wewhale.co\/de\/#website\"},\"datePublished\":\"2022-05-13T13:21:41+00:00\",\"dateModified\":\"2023-10-27T12:33:35+00:00\",\"description\":\"Rechtliche Hinweise zur Nutzung dieser Website, einschlie\u00dflich Haftungsbeschr\u00e4nkung, Urheberrecht, Haftungsausschluss und Link zu unserer Datenschutzrichtlinie.\",\"breadcrumb\":{\"@id\":\"https:\/\/staging.wewhale.co\/de\/legal-notice\/#breadcrumb\"},\"inLanguage\":\"de\",\"potentialAction\":[{\"@type\":\"ReadAction\",\"target\":[\"https:\/\/staging.wewhale.co\/de\/legal-notice\/\"]}]},{\"@type\":\"BreadcrumbList\",\"@id\":\"https:\/\/staging.wewhale.co\/de\/legal-notice\/#breadcrumb\",\"itemListElement\":[{\"@type\":\"ListItem\",\"position\":1,\"name\":\"Home\",\"item\":\"https:\/\/staging.wewhale.co\/de\/wewhale-home-2\/\"},{\"@type\":\"ListItem\",\"position\":2,\"name\":\"Rechtliche Hinweise \/ Impressum\"}]},{\"@type\":\"WebSite\",\"@id\":\"https:\/\/staging.wewhale.co\/de\/#website\",\"url\":\"https:\/\/staging.wewhale.co\/de\/\",\"name\":\"WeWhale\",\"description\":\"\",\"publisher\":{\"@id\":\"https:\/\/staging.wewhale.co\/de\/#organization\"},\"potentialAction\":[{\"@type\":\"SearchAction\",\"target\":{\"@type\":\"EntryPoint\",\"urlTemplate\":\"https:\/\/staging.wewhale.co\/de\/?s={search_term_string}\"},\"query-input\":\"required name=search_term_string\"}],\"inLanguage\":\"de\"},{\"@type\":\"Organization\",\"@id\":\"https:\/\/staging.wewhale.co\/de\/#organization\",\"name\":\"WeWhale\",\"url\":\"https:\/\/staging.wewhale.co\/de\/\",\"logo\":{\"@type\":\"ImageObject\",\"inLanguage\":\"de\",\"@id\":\"https:\/\/staging.wewhale.co\/de\/#\/schema\/logo\/image\/\",\"url\":\"https:\/\/staging.wewhale.co\/wp-content\/uploads\/2022\/06\/wewhale_stamp_rgb.png\",\"contentUrl\":\"https:\/\/staging.wewhale.co\/wp-content\/uploads\/2022\/06\/wewhale_stamp_rgb.png\",\"width\":1000,\"height\":1000,\"caption\":\"WeWhale\"},\"image\":{\"@id\":\"https:\/\/staging.wewhale.co\/de\/#\/schema\/logo\/image\/\"},\"sameAs\":[\"https:\/\/x.com\/WeWhaleCo\"]}]}<\/script>\n<!-- \/ Yoast SEO Premium plugin. -->","yoast_head_json":{"title":"Rechtliche Hinweise \/ Impressum - WeWhale","description":"Rechtliche Hinweise zur Nutzung dieser Website, einschlie\u00dflich Haftungsbeschr\u00e4nkung, Urheberrecht, Haftungsausschluss und Link zu unserer Datenschutzrichtlinie.","robots":{"index":"index","follow":"follow","max-snippet":"max-snippet:-1","max-image-preview":"max-image-preview:large","max-video-preview":"max-video-preview:-1"},"canonical":"https:\/\/staging.wewhale.co\/de\/legal-notice\/","og_locale":"de_DE","og_type":"article","og_title":"Rechtliche Hinweise \/ Impressum","og_description":"Rechtliche Hinweise zur Nutzung dieser Website, einschlie\u00dflich Haftungsbeschr\u00e4nkung, Urheberrecht, Haftungsausschluss und Link zu unserer Datenschutzrichtlinie.","og_url":"https:\/\/staging.wewhale.co\/de\/legal-notice\/","og_site_name":"WeWhale","article_modified_time":"2023-10-27T12:33:35+00:00","twitter_card":"summary_large_image","twitter_site":"@WeWhaleCo","twitter_misc":{"Gesch\u00e4tzte Lesezeit":"3\u00a0Minuten"},"schema":{"@context":"https:\/\/schema.org","@graph":[{"@type":"WebPage","@id":"https:\/\/staging.wewhale.co\/de\/legal-notice\/","url":"https:\/\/staging.wewhale.co\/de\/legal-notice\/","name":"Rechtliche Hinweise \/ Impressum - WeWhale","isPartOf":{"@id":"https:\/\/staging.wewhale.co\/de\/#website"},"datePublished":"2022-05-13T13:21:41+00:00","dateModified":"2023-10-27T12:33:35+00:00","description":"Rechtliche Hinweise zur Nutzung dieser Website, einschlie\u00dflich Haftungsbeschr\u00e4nkung, Urheberrecht, Haftungsausschluss und Link zu unserer Datenschutzrichtlinie.","breadcrumb":{"@id":"https:\/\/staging.wewhale.co\/de\/legal-notice\/#breadcrumb"},"inLanguage":"de","potentialAction":[{"@type":"ReadAction","target":["https:\/\/staging.wewhale.co\/de\/legal-notice\/"]}]},{"@type":"BreadcrumbList","@id":"https:\/\/staging.wewhale.co\/de\/legal-notice\/#breadcrumb","itemListElement":[{"@type":"ListItem","position":1,"name":"Home","item":"https:\/\/staging.wewhale.co\/de\/wewhale-home-2\/"},{"@type":"ListItem","position":2,"name":"Rechtliche Hinweise \/ Impressum"}]},{"@type":"WebSite","@id":"https:\/\/staging.wewhale.co\/de\/#website","url":"https:\/\/staging.wewhale.co\/de\/","name":"WeWhale","description":"","publisher":{"@id":"https:\/\/staging.wewhale.co\/de\/#organization"},"potentialAction":[{"@type":"SearchAction","target":{"@type":"EntryPoint","urlTemplate":"https:\/\/staging.wewhale.co\/de\/?s={search_term_string}"},"query-input":"required name=search_term_string"}],"inLanguage":"de"},{"@type":"Organization","@id":"https:\/\/staging.wewhale.co\/de\/#organization","name":"WeWhale","url":"https:\/\/staging.wewhale.co\/de\/","logo":{"@type":"ImageObject","inLanguage":"de","@id":"https:\/\/staging.wewhale.co\/de\/#\/schema\/logo\/image\/","url":"https:\/\/staging.wewhale.co\/wp-content\/uploads\/2022\/06\/wewhale_stamp_rgb.png","contentUrl":"https:\/\/staging.wewhale.co\/wp-content\/uploads\/2022\/06\/wewhale_stamp_rgb.png","width":1000,"height":1000,"caption":"WeWhale"},"image":{"@id":"https:\/\/staging.wewhale.co\/de\/#\/schema\/logo\/image\/"},"sameAs":["https:\/\/x.com\/WeWhaleCo"]}]}},"_links":{"self":[{"href":"https:\/\/staging.wewhale.co\/de\/wp-json\/wp\/v2\/pages\/826","targetHints":{"allow":["GET"]}}],"collection":[{"href":"https:\/\/staging.wewhale.co\/de\/wp-json\/wp\/v2\/pages"}],"about":[{"href":"https:\/\/staging.wewhale.co\/de\/wp-json\/wp\/v2\/types\/page"}],"author":[{"embeddable":true,"href":"https:\/\/staging.wewhale.co\/de\/wp-json\/wp\/v2\/users\/1"}],"replies":[{"embeddable":true,"href":"https:\/\/staging.wewhale.co\/de\/wp-json\/wp\/v2\/comments?post=826"}],"version-history":[{"count":14,"href":"https:\/\/staging.wewhale.co\/de\/wp-json\/wp\/v2\/pages\/826\/revisions"}],"predecessor-version":[{"id":111891,"href":"https:\/\/staging.wewhale.co\/de\/wp-json\/wp\/v2\/pages\/826\/revisions\/111891"}],"wp:attachment":[{"href":"https:\/\/staging.wewhale.co\/de\/wp-json\/wp\/v2\/media?parent=826"}],"curies":[{"name":"wp","href":"https:\/\/api.w.org\/{rel}","templated":true}]}}