{"id":829,"date":"2022-05-13T15:22:13","date_gmt":"2022-05-13T14:22:13","guid":{"rendered":"https:\/\/staging.wewhale.co\/privacy-policy\/"},"modified":"2023-04-06T11:02:29","modified_gmt":"2023-04-06T10:02:29","slug":"privacy-policy","status":"publish","type":"page","link":"https:\/\/staging.wewhale.co\/de\/privacy-policy\/","title":{"rendered":"Datenschutzrichtlinie"},"content":{"rendered":"<div class=\"wpb-content-wrapper\"><p>[vc_row row_height_percent=&#8221;0&#8243; override_padding=&#8221;yes&#8221; h_padding=&#8221;2&#8243; top_padding=&#8221;4&#8243; bottom_padding=&#8221;4&#8243; back_color=&#8221;color-309892&#8243; overlay_alpha=&#8221;50&#8243; gutter_size=&#8221;3&#8243; column_width_percent=&#8221;100&#8243; shift_y=&#8221;0&#8243; z_index=&#8221;0&#8243; uncode_shortcode_id=&#8221;680297&#8243; back_color_type=&#8221;uncode-palette&#8221;][vc_column column_width_percent=&#8221;100&#8243; gutter_size=&#8221;3&#8243; overlay_alpha=&#8221;50&#8243; shift_x=&#8221;0&#8243; shift_y=&#8221;0&#8243; shift_y_down=&#8221;0&#8243; z_index=&#8221;0&#8243; medium_width=&#8221;0&#8243; mobile_width=&#8221;0&#8243; width=&#8221;1\/1&#8243; uncode_shortcode_id=&#8221;893695&#8243;][vc_custom_heading heading_semantic=&#8221;h1&#8243; text_size=&#8221;h1&#8243; uncode_shortcode_id=&#8221;565879&#8243;]Datenschutzrichtlinie[\/vc_custom_heading][\/vc_column][\/vc_row][vc_row row_height_percent=&#8221;0&#8243; override_padding=&#8221;yes&#8221; h_padding=&#8221;2&#8243; top_padding=&#8221;3&#8243; bottom_padding=&#8221;4&#8243; overlay_alpha=&#8221;50&#8243; gutter_size=&#8221;3&#8243; column_width_percent=&#8221;100&#8243; shift_y=&#8221;0&#8243; z_index=&#8221;0&#8243; uncode_shortcode_id=&#8221;310145&#8243;][vc_column width=&#8221;1\/1&#8243;][vc_column_text uncode_shortcode_id=&#8221;316152&#8243;]<\/p>\n<h2>Allgemein<\/h2>\n<p>Der Zweck dieser Richtlinie ist es, Informationen dar\u00fcber zu geben, wie wir mit Daten umgehen, die wir von Besuchern unserer Website sammeln oder wenn jemand pers\u00f6nliche Informationen \u00fcber unsere Website \u00fcbermittelt. Wir verpflichten uns, die Privatsph\u00e4re der Nutzer unserer Website in \u00dcbereinstimmung mit den irischen Datenschutzgesetzen von 1998, 2003 und 2018 zu sch\u00fctzen.<\/p>\n<p>Die Website enth\u00e4lt Links zu anderen Websites, die nicht von WeWhale kontrolliert oder betrieben werden. Sie werden nur als Referenz zur Verf\u00fcgung gestellt und stellen keine Empfehlung dar. Wir \u00fcbernehmen keine Verantwortung f\u00fcr die Informationen, die auf diesen Seiten enthalten sind, noch f\u00fcr Seiten, die von diesen Seiten aus verlinkt sind.<\/p>\n<h2>Erfassung und Verwendung pers\u00f6nlicher Informationen<\/h2>\n<p>Um unsere Dienstleistungen anbieten zu k\u00f6nnen, ben\u00f6tigt WeWhale Ltd. bestimmte Informationen \u00fcber Sie und\/oder Personen, f\u00fcr die Sie ein Ticket, Waren oder einen Geschenkgutschein kaufen. Es ist wichtig, dass unsere Kunden sich darauf verlassen k\u00f6nnen, dass wir mit diesen Informationen richtig umgehen. Um dies zu erreichen, haben wir die folgenden Datenschutzrichtlinien aufgestellt:<\/p>\n<ul>\n<li>Wir werden die uns zur Verf\u00fcgung gestellten Informationen nur f\u00fcr den Zweck verwenden, f\u00fcr den sie bestimmt sind (d.h. Organisation einer Walbeobachtungstour, Bearbeitung einer Bestellung unserer Waren usw.)<\/li>\n<li>Diese Informationen werden nicht an Dritte weitergegeben oder mit ihnen besprochen, es sei denn, dies ist notwendig, um Ihre Bestellung\/Anfrage zu bearbeiten (z. B. Buchung einer Unterkunft, Auslieferung der bestellten Waren usw.)<\/li>\n<li>Der Zugang zu diesen Daten ist auf die Mitarbeiter beschr\u00e4nkt, die unserer Meinung nach vern\u00fcnftigerweise mit diesen Daten in Kontakt kommen m\u00fcssen, um Ihnen Dienstleistungen zu erbringen oder um ihre Arbeit zu erledigen.<\/li>\n<li>Wir haben physische, elektronische und verfahrenstechnische Sicherheitsvorkehrungen zum Schutz von Kundendaten<\/li>\n<\/ul>\n<p>WeWhale sammelt auf dieser Website keine pers\u00f6nlichen Daten \u00fcber Sie, abgesehen von Informationen, die Sie uns freiwillig zur Verf\u00fcgung stellen (z. B. durch eine E-Mail an uns, die Nutzung unseres Online-Reservierungsformulars oder einen Kauf). Zu diesen pers\u00f6nlichen Daten k\u00f6nnen geh\u00f6ren:<\/p>\n<ul>\n<li>Ihr Name und Ihre Kontaktangaben, einschlie\u00dflich Ihrer Telefonnummer und E-Mail-Adresse<\/li>\n<li>Angaben zu Ihrer Kredit-\/Debitkarte<\/li>\n<li>Ihre Nationalit\u00e4t (die wir f\u00fcr aggregierte Marketinginformationen verwenden)<\/li>\n<li>Alle anderen pers\u00f6nlichen Daten, die Sie uns zur Verf\u00fcgung stellen oder die wir in Verbindung mit Ihrer Nutzung dieser Website \u00fcber Sie generieren<\/li>\n<\/ul>\n<p>WeWhale gibt Ihre pers\u00f6nlichen Daten an unsere WeWhale-Reisepartner ausschlie\u00dflich zum Zwecke der Organisation Ihrer \u00d6kotour weiter.<\/p>\n<h2>Aufbewahrung von personenbezogenen Daten<\/h2>\n<p>Wir werden Ihre pers\u00f6nlichen Daten nicht l\u00e4nger als n\u00f6tig aufbewahren. Wir bewahren Ihre personenbezogenen Daten so lange auf, wie wir sie f\u00fcr die in dieser Richtlinie beschriebenen Zwecke ben\u00f6tigen, oder um unseren Verpflichtungen nach geltendem Recht nachzukommen und um gegebenenfalls Anspr\u00fcche oder Streitigkeiten zwischen Ihnen und uns beizulegen.<\/p>\n<h2>Erfassung und Verwendung technischer Informationen<\/h2>\n<p>Wenn Sie unsere Website besuchen, werden die folgenden Informationen \u00fcber diesen Besuch gespeichert:<\/p>\n<ul>\n<li>die IP-Adresse des Webservers des Besuchers<\/li>\n<li>Der verwendete Top-Level-Domain-Name (zum Beispiel .ie, .com, .org, .net, .es, .de)<\/li>\n<li>die vorherige Website-Adresse, \u00fcber die der Besucher zu uns gelangt ist, einschlie\u00dflich der verwendeten Suchbegriffe<\/li>\n<li>Google Analytics, das den Besucherverkehr auf dieser Website anzeigt (z. B. aufgerufene Seiten und heruntergeladene Dokumente)<\/li>\n<li>die Art des Webbrowsers und des Betriebssystems, das der Besucher der Website verwendet<\/li>\n<\/ul>\n<p>WeWhale unternimmt keinen Versuch, einzelne Besucher zu identifizieren oder die oben aufgef\u00fchrten technischen Details mit einer Person in Verbindung zu bringen. Es ist die Politik von WeWhale, solche technischen Informationen in Bezug auf einzelne Website-Besucher niemals an Dritte weiterzugeben (mit Ausnahme unseres Internet-Service-Providers, der solche Daten in unserem Namen aufzeichnet und an diesbez\u00fcgliche Vertraulichkeitsbestimmungen gebunden ist), es sei denn, er ist gesetzlich zur Weitergabe solcher Informationen verpflichtet.<\/p>\n<p>Die technischen Informationen werden nur von WeWhale und nur f\u00fcr statistische und andere administrative Zwecke verwendet.<\/p>\n<h2>Cookie-Richtlinie<\/h2>\n<p>Ein Cookie ist ein kleiner Datensatz in Form einer Textdatei, der nach dem Besuch einer Website auf Ihrem Computer oder Mobilger\u00e4t gespeichert werden kann. Sie erm\u00f6glichen es einer Website, sich Ihre Aktionen oder Pr\u00e4ferenzen \u00fcber einen gewissen Zeitraum zu merken&#8221; und helfen uns, Ihre Erfahrung bei jedem Besuch zu verbessern. Dies ist eine g\u00e4ngige Praxis f\u00fcr Websites. Cookies helfen uns zu verstehen, welche Teile unserer Website am beliebtesten sind, wohin unsere Besucher gehen und wie viel Zeit sie dort verbringen. Wir verwenden daf\u00fcr Google Analytics.<\/p>\n<p>Diese Tracking-Aufzeichnungen werden so durchgef\u00fchrt und gepflegt, dass die Daten nicht identifizierbar sind. Beim Besuch der WeWhale-Website haben die Besucher die M\u00f6glichkeit, \u00fcber ein Pop-up-Fenster ihre Zustimmung zu ihrer Verwendung zu geben. Durch die Nutzung der WeWhale-Website erkl\u00e4ren Sie sich mit der Verwendung von Cookies in \u00dcbereinstimmung mit unserer Richtlinie einverstanden.<\/p>\n<h2>Mailing-Liste<\/h2>\n<p>Die Eintragung in unsere Mailingliste ist f\u00fcr Website-Besucher optional. Sie haben die M\u00f6glichkeit, ihre E-Mail-Adresse anzugeben, um sich einzutragen. Wir verwenden diese Informationen, um Sie \u00fcber Neuigkeiten von WeWhale auf dem Laufenden zu halten und\/oder um Sie zu kontaktieren, wenn wir die Richtigkeit unserer Aufzeichnungen \u00fcberpr\u00fcfen m\u00fcssen. Wir verwenden einen Drittanbieter, MailChimp, um unseren Newsletter zu versenden. Weitere Informationen finden Sie in der <a href=\"https:\/\/www.intuit.com\/privacy\/statement\/\">Datenschutzrichtlinie<\/a> von MailChimp. Sie k\u00f6nnen unseren E-Mail-Newsletter jederzeit abbestellen oder Ihre Daten und Pr\u00e4ferenzen aktualisieren, indem Sie auf die Links Abbestellen oder Pr\u00e4ferenzen aktualisieren am Ende unseres E-Mail-Newsletters klicken. Oder Sie k\u00f6nnen uns eine E-Mail an <a href=\"mailto:dataprivacy@staging.wewhale.co\">data@staging.wewhale.co<\/a> schicken.<\/p>\n<p><em>Diese Datenschutzrichtlinie wurde im Mai 2022 verfasst. Wir k\u00f6nnen diese Richtlinie gelegentlich aktualisieren. Wir empfehlen Ihnen, diese Richtlinie regelm\u00e4\u00dfig zu \u00fcberpr\u00fcfen, um die neuesten Informationen \u00fcber unsere Datenschutzpraktiken zu erhalten.<\/em>[\/vc_column_text][\/vc_column][\/vc_row]<\/p>\n<\/div>","protected":false},"excerpt":{"rendered":"<p>[vc_row row_height_percent=&#8221;0&#8243; override_padding=&#8221;yes&#8221; h_padding=&#8221;2&#8243; top_padding=&#8221;4&#8243; bottom_padding=&#8221;4&#8243; back_color=&#8221;color-309892&#8243; overlay_alpha=&#8221;50&#8243; gutter_size=&#8221;3&#8243; column_width_percent=&#8221;100&#8243; shift_y=&#8221;0&#8243; z_index=&#8221;0&#8243; uncode_shortcode_id=&#8221;680297&#8243; back_color_type=&#8221;uncode-palette&#8221;][vc_column column_width_percent=&#8221;100&#8243; gutter_size=&#8221;3&#8243; overlay_alpha=&#8221;50&#8243; shift_x=&#8221;0&#8243; shift_y=&#8221;0&#8243; shift_y_down=&#8221;0&#8243; [&hellip;]<\/p>\n","protected":false},"author":1,"featured_media":0,"parent":0,"menu_order":0,"comment_status":"closed","ping_status":"closed","template":"","meta":{"footnotes":""},"class_list":["post-829","page","type-page","status-publish","hentry"],"yoast_head":"<!-- This site is optimized with the Yoast SEO Premium plugin v23.2 (Yoast SEO v23.2) - https:\/\/yoast.com\/wordpress\/plugins\/seo\/ -->\n<title>Datenschutzrichtlinie - WeWhale<\/title>\n<meta name=\"description\" content=\"Die Datenschutzrichtlinie gibt Auskunft dar\u00fcber, wie wir mit Daten umgehen, die wir von Website-Besuchern erheben, sowie mit pers\u00f6nlichen Informationen, die \u00fcber unsere Website \u00fcbermittelt werden.\" \/>\n<meta name=\"robots\" content=\"index, follow, max-snippet:-1, max-image-preview:large, max-video-preview:-1\" \/>\n<link rel=\"canonical\" href=\"https:\/\/staging.wewhale.co\/de\/privacy-policy\/\" \/>\n<meta property=\"og:locale\" content=\"de_DE\" \/>\n<meta property=\"og:type\" content=\"article\" \/>\n<meta property=\"og:title\" content=\"Datenschutzrichtlinie\" \/>\n<meta property=\"og:description\" content=\"Die Datenschutzrichtlinie gibt Auskunft dar\u00fcber, wie wir mit Daten umgehen, die wir von Website-Besuchern erheben, sowie mit pers\u00f6nlichen Informationen, die \u00fcber unsere Website \u00fcbermittelt werden.\" \/>\n<meta property=\"og:url\" content=\"https:\/\/staging.wewhale.co\/de\/privacy-policy\/\" \/>\n<meta property=\"og:site_name\" content=\"WeWhale\" \/>\n<meta property=\"article:modified_time\" content=\"2023-04-06T10:02:29+00:00\" \/>\n<meta name=\"twitter:card\" content=\"summary_large_image\" \/>\n<meta name=\"twitter:site\" content=\"@WeWhaleCo\" \/>\n<meta name=\"twitter:label1\" content=\"Gesch\u00e4tzte Lesezeit\" \/>\n\t<meta name=\"twitter:data1\" content=\"5\u00a0Minuten\" \/>\n<script type=\"application\/ld+json\" class=\"yoast-schema-graph\">{\"@context\":\"https:\/\/schema.org\",\"@graph\":[{\"@type\":\"WebPage\",\"@id\":\"https:\/\/staging.wewhale.co\/de\/privacy-policy\/\",\"url\":\"https:\/\/staging.wewhale.co\/de\/privacy-policy\/\",\"name\":\"Datenschutzrichtlinie - WeWhale\",\"isPartOf\":{\"@id\":\"https:\/\/staging.wewhale.co\/de\/#website\"},\"datePublished\":\"2022-05-13T14:22:13+00:00\",\"dateModified\":\"2023-04-06T10:02:29+00:00\",\"description\":\"Die Datenschutzrichtlinie gibt Auskunft dar\u00fcber, wie wir mit Daten umgehen, die wir von Website-Besuchern erheben, sowie mit pers\u00f6nlichen Informationen, die \u00fcber unsere Website \u00fcbermittelt werden.\",\"breadcrumb\":{\"@id\":\"https:\/\/staging.wewhale.co\/de\/privacy-policy\/#breadcrumb\"},\"inLanguage\":\"de\",\"potentialAction\":[{\"@type\":\"ReadAction\",\"target\":[\"https:\/\/staging.wewhale.co\/de\/privacy-policy\/\"]}]},{\"@type\":\"BreadcrumbList\",\"@id\":\"https:\/\/staging.wewhale.co\/de\/privacy-policy\/#breadcrumb\",\"itemListElement\":[{\"@type\":\"ListItem\",\"position\":1,\"name\":\"Home\",\"item\":\"https:\/\/staging.wewhale.co\/de\/wewhale-home-2\/\"},{\"@type\":\"ListItem\",\"position\":2,\"name\":\"Datenschutzrichtlinie\"}]},{\"@type\":\"WebSite\",\"@id\":\"https:\/\/staging.wewhale.co\/de\/#website\",\"url\":\"https:\/\/staging.wewhale.co\/de\/\",\"name\":\"WeWhale\",\"description\":\"\",\"publisher\":{\"@id\":\"https:\/\/staging.wewhale.co\/de\/#organization\"},\"potentialAction\":[{\"@type\":\"SearchAction\",\"target\":{\"@type\":\"EntryPoint\",\"urlTemplate\":\"https:\/\/staging.wewhale.co\/de\/?s={search_term_string}\"},\"query-input\":\"required name=search_term_string\"}],\"inLanguage\":\"de\"},{\"@type\":\"Organization\",\"@id\":\"https:\/\/staging.wewhale.co\/de\/#organization\",\"name\":\"WeWhale\",\"url\":\"https:\/\/staging.wewhale.co\/de\/\",\"logo\":{\"@type\":\"ImageObject\",\"inLanguage\":\"de\",\"@id\":\"https:\/\/staging.wewhale.co\/de\/#\/schema\/logo\/image\/\",\"url\":\"https:\/\/staging.wewhale.co\/wp-content\/uploads\/2022\/06\/wewhale_stamp_rgb.png\",\"contentUrl\":\"https:\/\/staging.wewhale.co\/wp-content\/uploads\/2022\/06\/wewhale_stamp_rgb.png\",\"width\":1000,\"height\":1000,\"caption\":\"WeWhale\"},\"image\":{\"@id\":\"https:\/\/staging.wewhale.co\/de\/#\/schema\/logo\/image\/\"},\"sameAs\":[\"https:\/\/x.com\/WeWhaleCo\"]}]}<\/script>\n<!-- \/ Yoast SEO Premium plugin. -->","yoast_head_json":{"title":"Datenschutzrichtlinie - WeWhale","description":"Die Datenschutzrichtlinie gibt Auskunft dar\u00fcber, wie wir mit Daten umgehen, die wir von Website-Besuchern erheben, sowie mit pers\u00f6nlichen Informationen, die \u00fcber unsere Website \u00fcbermittelt werden.","robots":{"index":"index","follow":"follow","max-snippet":"max-snippet:-1","max-image-preview":"max-image-preview:large","max-video-preview":"max-video-preview:-1"},"canonical":"https:\/\/staging.wewhale.co\/de\/privacy-policy\/","og_locale":"de_DE","og_type":"article","og_title":"Datenschutzrichtlinie","og_description":"Die Datenschutzrichtlinie gibt Auskunft dar\u00fcber, wie wir mit Daten umgehen, die wir von Website-Besuchern erheben, sowie mit pers\u00f6nlichen Informationen, die \u00fcber unsere Website \u00fcbermittelt werden.","og_url":"https:\/\/staging.wewhale.co\/de\/privacy-policy\/","og_site_name":"WeWhale","article_modified_time":"2023-04-06T10:02:29+00:00","twitter_card":"summary_large_image","twitter_site":"@WeWhaleCo","twitter_misc":{"Gesch\u00e4tzte Lesezeit":"5\u00a0Minuten"},"schema":{"@context":"https:\/\/schema.org","@graph":[{"@type":"WebPage","@id":"https:\/\/staging.wewhale.co\/de\/privacy-policy\/","url":"https:\/\/staging.wewhale.co\/de\/privacy-policy\/","name":"Datenschutzrichtlinie - WeWhale","isPartOf":{"@id":"https:\/\/staging.wewhale.co\/de\/#website"},"datePublished":"2022-05-13T14:22:13+00:00","dateModified":"2023-04-06T10:02:29+00:00","description":"Die Datenschutzrichtlinie gibt Auskunft dar\u00fcber, wie wir mit Daten umgehen, die wir von Website-Besuchern erheben, sowie mit pers\u00f6nlichen Informationen, die \u00fcber unsere Website \u00fcbermittelt werden.","breadcrumb":{"@id":"https:\/\/staging.wewhale.co\/de\/privacy-policy\/#breadcrumb"},"inLanguage":"de","potentialAction":[{"@type":"ReadAction","target":["https:\/\/staging.wewhale.co\/de\/privacy-policy\/"]}]},{"@type":"BreadcrumbList","@id":"https:\/\/staging.wewhale.co\/de\/privacy-policy\/#breadcrumb","itemListElement":[{"@type":"ListItem","position":1,"name":"Home","item":"https:\/\/staging.wewhale.co\/de\/wewhale-home-2\/"},{"@type":"ListItem","position":2,"name":"Datenschutzrichtlinie"}]},{"@type":"WebSite","@id":"https:\/\/staging.wewhale.co\/de\/#website","url":"https:\/\/staging.wewhale.co\/de\/","name":"WeWhale","description":"","publisher":{"@id":"https:\/\/staging.wewhale.co\/de\/#organization"},"potentialAction":[{"@type":"SearchAction","target":{"@type":"EntryPoint","urlTemplate":"https:\/\/staging.wewhale.co\/de\/?s={search_term_string}"},"query-input":"required name=search_term_string"}],"inLanguage":"de"},{"@type":"Organization","@id":"https:\/\/staging.wewhale.co\/de\/#organization","name":"WeWhale","url":"https:\/\/staging.wewhale.co\/de\/","logo":{"@type":"ImageObject","inLanguage":"de","@id":"https:\/\/staging.wewhale.co\/de\/#\/schema\/logo\/image\/","url":"https:\/\/staging.wewhale.co\/wp-content\/uploads\/2022\/06\/wewhale_stamp_rgb.png","contentUrl":"https:\/\/staging.wewhale.co\/wp-content\/uploads\/2022\/06\/wewhale_stamp_rgb.png","width":1000,"height":1000,"caption":"WeWhale"},"image":{"@id":"https:\/\/staging.wewhale.co\/de\/#\/schema\/logo\/image\/"},"sameAs":["https:\/\/x.com\/WeWhaleCo"]}]}},"_links":{"self":[{"href":"https:\/\/staging.wewhale.co\/de\/wp-json\/wp\/v2\/pages\/829","targetHints":{"allow":["GET"]}}],"collection":[{"href":"https:\/\/staging.wewhale.co\/de\/wp-json\/wp\/v2\/pages"}],"about":[{"href":"https:\/\/staging.wewhale.co\/de\/wp-json\/wp\/v2\/types\/page"}],"author":[{"embeddable":true,"href":"https:\/\/staging.wewhale.co\/de\/wp-json\/wp\/v2\/users\/1"}],"replies":[{"embeddable":true,"href":"https:\/\/staging.wewhale.co\/de\/wp-json\/wp\/v2\/comments?post=829"}],"version-history":[{"count":18,"href":"https:\/\/staging.wewhale.co\/de\/wp-json\/wp\/v2\/pages\/829\/revisions"}],"predecessor-version":[{"id":4095,"href":"https:\/\/staging.wewhale.co\/de\/wp-json\/wp\/v2\/pages\/829\/revisions\/4095"}],"wp:attachment":[{"href":"https:\/\/staging.wewhale.co\/de\/wp-json\/wp\/v2\/media?parent=829"}],"curies":[{"name":"wp","href":"https:\/\/api.w.org\/{rel}","templated":true}]}}