{"id":844,"date":"2022-05-13T15:20:52","date_gmt":"2022-05-13T14:20:52","guid":{"rendered":"https:\/\/staging.wewhale.co\/wiki-whale-2\/"},"modified":"2024-08-28T14:56:01","modified_gmt":"2024-08-28T13:56:01","slug":"wiki-whale-2","status":"publish","type":"page","link":"https:\/\/staging.wewhale.co\/de\/wiki-whale-2\/","title":{"rendered":"Wiki-Whale"},"content":{"rendered":"<div class=\"wpb-content-wrapper\"><p>[vc_row row_height_percent=&#8221;80&#8243; override_padding=&#8221;yes&#8221; h_padding=&#8221;2&#8243; top_padding=&#8221;4&#8243; bottom_padding=&#8221;4&#8243; back_image=&#8221;3157&#8243; parallax=&#8221;yes&#8221; overlay_color=&#8221;color-180534&#8243; overlay_alpha=&#8221;30&#8243; gutter_size=&#8221;3&#8243; column_width_percent=&#8221;100&#8243; shift_y=&#8221;0&#8243; z_index=&#8221;0&#8243; uncode_shortcode_id=&#8221;939843&#8243; overlay_color_type=&#8221;uncode-palette&#8221; row_height_pixel=&#8221;400&#8243;][vc_column column_width_percent=&#8221;100&#8243; position_vertical=&#8221;middle&#8221; align_horizontal=&#8221;align_center&#8221; gutter_size=&#8221;3&#8243; style=&#8221;dark&#8221; overlay_alpha=&#8221;50&#8243; shift_x=&#8221;0&#8243; shift_y=&#8221;0&#8243; shift_y_down=&#8221;0&#8243; z_index=&#8221;0&#8243; medium_width=&#8221;0&#8243; mobile_width=&#8221;0&#8243; width=&#8221;1\/1&#8243; uncode_shortcode_id=&#8221;182583&#8243;][vc_custom_heading heading_semantic=&#8221;h1&#8243; text_size=&#8221;h1&#8243; uncode_shortcode_id=&#8221;448075&#8243;]Wiki-Whale[\/vc_custom_heading][vc_column_text text_lead=&#8221;yes&#8221; uncode_shortcode_id=&#8221;598283&#8243;]Tauchen Sie ein in unsere Wiki-Wal-Beitr\u00e4ge &#8211; alles \u00fcber die erstaunlichen Wale und Delfine, die in unseren Ozeanen leben![\/vc_column_text][\/vc_column][\/vc_row][vc_row unlock_row_content=&#8221;yes&#8221; row_height_percent=&#8221;0&#8243; override_padding=&#8221;yes&#8221; h_padding=&#8221;4&#8243; top_padding=&#8221;4&#8243; bottom_padding=&#8221;4&#8243; back_color=&#8221;color-114550&#8243; overlay_alpha=&#8221;50&#8243; gutter_size=&#8221;3&#8243; column_width_percent=&#8221;100&#8243; shift_y=&#8221;0&#8243; z_index=&#8221;0&#8243; uncode_shortcode_id=&#8221;222174&#8243; back_color_type=&#8221;uncode-palette&#8221;][vc_column column_width_percent=&#8221;100&#8243; align_horizontal=&#8221;align_center&#8221; gutter_size=&#8221;3&#8243; overlay_alpha=&#8221;50&#8243; shift_x=&#8221;0&#8243; shift_y=&#8221;0&#8243; shift_y_down=&#8221;0&#8243; z_index=&#8221;0&#8243; medium_width=&#8221;0&#8243; mobile_width=&#8221;0&#8243; width=&#8221;1\/1&#8243; uncode_shortcode_id=&#8221;609067&#8243;][uncode_index el_id=&#8221;index-594591&#8243; isotope_mode=&#8221;fitRows&#8221; loop=&#8221;size:1|order_by:rand|post_type:post|categories:158,273,318,384,426,437,811,74,75|taxonomy_count:10&#8243; style_preset=&#8221;metro&#8221; gutter_size=&#8221;3&#8243; post_items=&#8221;media|featured|onpost|original,category|nobg|relative|hide-icon,title,detail-734273,link|link|small_size&#8221; page_items=&#8221;media|featured|onpost|original,category|nobg|relative|hide-icon,detail-138804,detail-132266&#8243; screen_lg=&#8221;1000&#8243; screen_md=&#8221;600&#8243; screen_sm=&#8221;480&#8243; single_text=&#8221;lateral&#8221; single_width=&#8221;12&#8243; single_image_position=&#8221;right&#8221; single_image_size=&#8221;8&#8243; single_overlay_opacity=&#8221;1&#8243; single_h_align_mobile=&#8221;left&#8221; single_vertical_text=&#8221;middle&#8221; single_padding=&#8221;4&#8243; single_title_semantic=&#8221;h2&#8243; single_title_dimension=&#8221;h2&#8243; single_border=&#8221;yes&#8221; uncode_shortcode_id=&#8221;167412&#8243;][\/vc_column][\/vc_row][vc_row unlock_row_content=&#8221;yes&#8221; row_height_percent=&#8221;0&#8243; override_padding=&#8221;yes&#8221; h_padding=&#8221;4&#8243; top_padding=&#8221;4&#8243; bottom_padding=&#8221;4&#8243; overlay_alpha=&#8221;50&#8243; gutter_size=&#8221;3&#8243; column_width_percent=&#8221;100&#8243; shift_y=&#8221;0&#8243; z_index=&#8221;0&#8243; uncode_shortcode_id=&#8221;171360&#8243;][vc_column column_width_percent=&#8221;100&#8243; align_horizontal=&#8221;align_center&#8221; gutter_size=&#8221;3&#8243; overlay_alpha=&#8221;50&#8243; shift_x=&#8221;0&#8243; shift_y=&#8221;0&#8243; shift_y_down=&#8221;0&#8243; z_index=&#8221;0&#8243; medium_width=&#8221;0&#8243; mobile_width=&#8221;0&#8243; width=&#8221;1\/1&#8243; uncode_shortcode_id=&#8221;609067&#8243;][uncode_index el_id=&#8221;index-594591&#8243; isotope_mode=&#8221;fitRows&#8221; loop=&#8221;size:All|order_by:date|post_type:post|categories:158,273,318,384,426,437,811,74,75|taxonomy_count:10&#8243; index_back_color=&#8221;color-xsdn&#8221; filtering=&#8221;yes&#8221; filtering_full_width=&#8221;yes&#8221; filtering_position=&#8221;center&#8221; filtering_uppercase=&#8221;yes&#8221; filter_mobile_dropdown=&#8221;yes&#8221; infinite=&#8221;yes&#8221; gutter_size=&#8221;3&#8243; post_items=&#8221;media|featured|onpost|original,category|nobg|relative|hide-icon,title,detail-734273,link|link|small_size&#8221; page_items=&#8221;media|featured|onpost|original,category|nobg|relative|hide-icon,detail-138804,detail-132266&#8243; screen_lg=&#8221;1000&#8243; screen_md=&#8221;600&#8243; screen_sm=&#8221;480&#8243; images_size=&#8221;three-two&#8221; single_overlay_opacity=&#8221;1&#8243; single_padding=&#8221;1&#8243; single_title_dimension=&#8221;h3&#8243; single_text_lead=&#8221;small&#8221; single_border=&#8221;yes&#8221; uncode_shortcode_id=&#8221;928146&#8243; filter_all_text=&#8221;All categories&#8221; filter_mobile_dropdown_text=&#8221;Categories&#8221; index_back_color_type=&#8221;uncode-palette&#8221;][\/vc_column][\/vc_row]<\/p>\n<\/div>","protected":false},"excerpt":{"rendered":"<p>[vc_row row_height_percent=&#8221;80&#8243; override_padding=&#8221;yes&#8221; h_padding=&#8221;2&#8243; top_padding=&#8221;4&#8243; bottom_padding=&#8221;4&#8243; back_image=&#8221;3157&#8243; parallax=&#8221;yes&#8221; overlay_color=&#8221;color-180534&#8243; overlay_alpha=&#8221;30&#8243; gutter_size=&#8221;3&#8243; column_width_percent=&#8221;100&#8243; shift_y=&#8221;0&#8243; z_index=&#8221;0&#8243; uncode_shortcode_id=&#8221;939843&#8243; overlay_color_type=&#8221;uncode-palette&#8221; row_height_pixel=&#8221;400&#8243;][vc_column column_width_percent=&#8221;100&#8243; position_vertical=&#8221;middle&#8221; align_horizontal=&#8221;align_center&#8221; [&hellip;]<\/p>\n","protected":false},"author":1,"featured_media":0,"parent":0,"menu_order":0,"comment_status":"closed","ping_status":"closed","template":"","meta":{"footnotes":""},"class_list":["post-844","page","type-page","status-publish","hentry"],"yoast_head":"<!-- This site is optimized with the Yoast SEO Premium plugin v23.2 (Yoast SEO v23.2) - https:\/\/yoast.com\/wordpress\/plugins\/seo\/ -->\n<title>Wiki-Whale - WeWhale<\/title>\n<meta name=\"description\" content=\"M\u00f6chten Sie mehr \u00fcber die Wale und Delfine unseres Ozeans erfahren? Unsere Wiki-Whale-Beitr\u00e4ge sind vollgepackt mit Informationen, um deine Neugierde auf Wale zu stillen.\" \/>\n<meta name=\"robots\" content=\"index, follow, max-snippet:-1, max-image-preview:large, max-video-preview:-1\" \/>\n<link rel=\"canonical\" href=\"https:\/\/staging.wewhale.co\/de\/wiki-whale-2\/\" \/>\n<meta property=\"og:locale\" content=\"de_DE\" \/>\n<meta property=\"og:type\" content=\"article\" \/>\n<meta property=\"og:title\" content=\"Wiki-Whale\" \/>\n<meta property=\"og:description\" content=\"M\u00f6chten Sie mehr \u00fcber die Wale und Delfine unseres Ozeans erfahren? Unsere Wiki-Whale-Beitr\u00e4ge sind vollgepackt mit Informationen, um deine Neugierde auf Wale zu stillen.\" \/>\n<meta property=\"og:url\" content=\"https:\/\/staging.wewhale.co\/de\/wiki-whale-2\/\" \/>\n<meta property=\"og:site_name\" content=\"WeWhale\" \/>\n<meta property=\"article:modified_time\" content=\"2024-08-28T13:56:01+00:00\" \/>\n<meta name=\"twitter:card\" content=\"summary_large_image\" \/>\n<meta name=\"twitter:site\" content=\"@WeWhaleCo\" \/>\n<meta name=\"twitter:label1\" content=\"Gesch\u00e4tzte Lesezeit\" \/>\n\t<meta name=\"twitter:data1\" content=\"1\u00a0Minute\" \/>\n<script type=\"application\/ld+json\" class=\"yoast-schema-graph\">{\"@context\":\"https:\/\/schema.org\",\"@graph\":[{\"@type\":\"WebPage\",\"@id\":\"https:\/\/staging.wewhale.co\/de\/wiki-whale-2\/\",\"url\":\"https:\/\/staging.wewhale.co\/de\/wiki-whale-2\/\",\"name\":\"Wiki-Whale - WeWhale\",\"isPartOf\":{\"@id\":\"https:\/\/staging.wewhale.co\/de\/#website\"},\"datePublished\":\"2022-05-13T14:20:52+00:00\",\"dateModified\":\"2024-08-28T13:56:01+00:00\",\"description\":\"M\u00f6chten Sie mehr \u00fcber die Wale und Delfine unseres Ozeans erfahren? Unsere Wiki-Whale-Beitr\u00e4ge sind vollgepackt mit Informationen, um deine Neugierde auf Wale zu stillen.\",\"breadcrumb\":{\"@id\":\"https:\/\/staging.wewhale.co\/de\/wiki-whale-2\/#breadcrumb\"},\"inLanguage\":\"de\",\"potentialAction\":[{\"@type\":\"ReadAction\",\"target\":[\"https:\/\/staging.wewhale.co\/de\/wiki-whale-2\/\"]}]},{\"@type\":\"BreadcrumbList\",\"@id\":\"https:\/\/staging.wewhale.co\/de\/wiki-whale-2\/#breadcrumb\",\"itemListElement\":[{\"@type\":\"ListItem\",\"position\":1,\"name\":\"Home\",\"item\":\"https:\/\/staging.wewhale.co\/de\/wewhale-home-2\/\"},{\"@type\":\"ListItem\",\"position\":2,\"name\":\"Wiki-Whale\"}]},{\"@type\":\"WebSite\",\"@id\":\"https:\/\/staging.wewhale.co\/de\/#website\",\"url\":\"https:\/\/staging.wewhale.co\/de\/\",\"name\":\"WeWhale\",\"description\":\"\",\"publisher\":{\"@id\":\"https:\/\/staging.wewhale.co\/de\/#organization\"},\"potentialAction\":[{\"@type\":\"SearchAction\",\"target\":{\"@type\":\"EntryPoint\",\"urlTemplate\":\"https:\/\/staging.wewhale.co\/de\/?s={search_term_string}\"},\"query-input\":\"required name=search_term_string\"}],\"inLanguage\":\"de\"},{\"@type\":\"Organization\",\"@id\":\"https:\/\/staging.wewhale.co\/de\/#organization\",\"name\":\"WeWhale\",\"url\":\"https:\/\/staging.wewhale.co\/de\/\",\"logo\":{\"@type\":\"ImageObject\",\"inLanguage\":\"de\",\"@id\":\"https:\/\/staging.wewhale.co\/de\/#\/schema\/logo\/image\/\",\"url\":\"https:\/\/staging.wewhale.co\/wp-content\/uploads\/2022\/06\/wewhale_stamp_rgb.png\",\"contentUrl\":\"https:\/\/staging.wewhale.co\/wp-content\/uploads\/2022\/06\/wewhale_stamp_rgb.png\",\"width\":1000,\"height\":1000,\"caption\":\"WeWhale\"},\"image\":{\"@id\":\"https:\/\/staging.wewhale.co\/de\/#\/schema\/logo\/image\/\"},\"sameAs\":[\"https:\/\/x.com\/WeWhaleCo\"]}]}<\/script>\n<!-- \/ Yoast SEO Premium plugin. -->","yoast_head_json":{"title":"Wiki-Whale - WeWhale","description":"M\u00f6chten Sie mehr \u00fcber die Wale und Delfine unseres Ozeans erfahren? Unsere Wiki-Whale-Beitr\u00e4ge sind vollgepackt mit Informationen, um deine Neugierde auf Wale zu stillen.","robots":{"index":"index","follow":"follow","max-snippet":"max-snippet:-1","max-image-preview":"max-image-preview:large","max-video-preview":"max-video-preview:-1"},"canonical":"https:\/\/staging.wewhale.co\/de\/wiki-whale-2\/","og_locale":"de_DE","og_type":"article","og_title":"Wiki-Whale","og_description":"M\u00f6chten Sie mehr \u00fcber die Wale und Delfine unseres Ozeans erfahren? Unsere Wiki-Whale-Beitr\u00e4ge sind vollgepackt mit Informationen, um deine Neugierde auf Wale zu stillen.","og_url":"https:\/\/staging.wewhale.co\/de\/wiki-whale-2\/","og_site_name":"WeWhale","article_modified_time":"2024-08-28T13:56:01+00:00","twitter_card":"summary_large_image","twitter_site":"@WeWhaleCo","twitter_misc":{"Gesch\u00e4tzte Lesezeit":"1\u00a0Minute"},"schema":{"@context":"https:\/\/schema.org","@graph":[{"@type":"WebPage","@id":"https:\/\/staging.wewhale.co\/de\/wiki-whale-2\/","url":"https:\/\/staging.wewhale.co\/de\/wiki-whale-2\/","name":"Wiki-Whale - WeWhale","isPartOf":{"@id":"https:\/\/staging.wewhale.co\/de\/#website"},"datePublished":"2022-05-13T14:20:52+00:00","dateModified":"2024-08-28T13:56:01+00:00","description":"M\u00f6chten Sie mehr \u00fcber die Wale und Delfine unseres Ozeans erfahren? Unsere Wiki-Whale-Beitr\u00e4ge sind vollgepackt mit Informationen, um deine Neugierde auf Wale zu stillen.","breadcrumb":{"@id":"https:\/\/staging.wewhale.co\/de\/wiki-whale-2\/#breadcrumb"},"inLanguage":"de","potentialAction":[{"@type":"ReadAction","target":["https:\/\/staging.wewhale.co\/de\/wiki-whale-2\/"]}]},{"@type":"BreadcrumbList","@id":"https:\/\/staging.wewhale.co\/de\/wiki-whale-2\/#breadcrumb","itemListElement":[{"@type":"ListItem","position":1,"name":"Home","item":"https:\/\/staging.wewhale.co\/de\/wewhale-home-2\/"},{"@type":"ListItem","position":2,"name":"Wiki-Whale"}]},{"@type":"WebSite","@id":"https:\/\/staging.wewhale.co\/de\/#website","url":"https:\/\/staging.wewhale.co\/de\/","name":"WeWhale","description":"","publisher":{"@id":"https:\/\/staging.wewhale.co\/de\/#organization"},"potentialAction":[{"@type":"SearchAction","target":{"@type":"EntryPoint","urlTemplate":"https:\/\/staging.wewhale.co\/de\/?s={search_term_string}"},"query-input":"required name=search_term_string"}],"inLanguage":"de"},{"@type":"Organization","@id":"https:\/\/staging.wewhale.co\/de\/#organization","name":"WeWhale","url":"https:\/\/staging.wewhale.co\/de\/","logo":{"@type":"ImageObject","inLanguage":"de","@id":"https:\/\/staging.wewhale.co\/de\/#\/schema\/logo\/image\/","url":"https:\/\/staging.wewhale.co\/wp-content\/uploads\/2022\/06\/wewhale_stamp_rgb.png","contentUrl":"https:\/\/staging.wewhale.co\/wp-content\/uploads\/2022\/06\/wewhale_stamp_rgb.png","width":1000,"height":1000,"caption":"WeWhale"},"image":{"@id":"https:\/\/staging.wewhale.co\/de\/#\/schema\/logo\/image\/"},"sameAs":["https:\/\/x.com\/WeWhaleCo"]}]}},"_links":{"self":[{"href":"https:\/\/staging.wewhale.co\/de\/wp-json\/wp\/v2\/pages\/844","targetHints":{"allow":["GET"]}}],"collection":[{"href":"https:\/\/staging.wewhale.co\/de\/wp-json\/wp\/v2\/pages"}],"about":[{"href":"https:\/\/staging.wewhale.co\/de\/wp-json\/wp\/v2\/types\/page"}],"author":[{"embeddable":true,"href":"https:\/\/staging.wewhale.co\/de\/wp-json\/wp\/v2\/users\/1"}],"replies":[{"embeddable":true,"href":"https:\/\/staging.wewhale.co\/de\/wp-json\/wp\/v2\/comments?post=844"}],"version-history":[{"count":27,"href":"https:\/\/staging.wewhale.co\/de\/wp-json\/wp\/v2\/pages\/844\/revisions"}],"predecessor-version":[{"id":115556,"href":"https:\/\/staging.wewhale.co\/de\/wp-json\/wp\/v2\/pages\/844\/revisions\/115556"}],"wp:attachment":[{"href":"https:\/\/staging.wewhale.co\/de\/wp-json\/wp\/v2\/media?parent=844"}],"curies":[{"name":"wp","href":"https:\/\/api.w.org\/{rel}","templated":true}]}}