{"id":110991,"date":"2023-06-30T09:31:40","date_gmt":"2023-06-30T07:31:40","guid":{"rendered":"https:\/\/staging.wewhale.co\/payment-methods\/"},"modified":"2023-08-31T13:47:25","modified_gmt":"2023-08-31T11:47:25","slug":"payment-methods","status":"publish","type":"page","link":"https:\/\/staging.wewhale.co\/es\/payment-methods\/","title":{"rendered":"M\u00e9todos de Pago"},"content":{"rendered":"<p><strong>Tipos de pago<\/strong><\/p>\n<p>Le ofrecemos los siguientes tipos de pago. Simplemente explore la lista para encontrar el mejor tipo de pago para usted. Los costos de env\u00edo pueden variar seg\u00fan el tipo de pago seleccionado. Los precios proporcionados en las respectivas ofertas son finales e incluyen todos los componentes del precio (incluidos los impuestos aplicables, como el impuesto al valor agregado, IVA). Otros impuestos (por ejemplo, los aplicables a compras dentro de la Comunidad) y\/o aranceles (por ejemplo, aranceles aduaneros) solo se incurren en relaci\u00f3n con transacciones transfronterizas y deben pagarse a las respectivas autoridades aduaneras y\/o tributarias, no al vendedor. Los costos de env\u00edo y entrega no est\u00e1n incluidos en el precio de compra y se pueden ver en la p\u00e1gina de &#8220;Costos de env\u00edo&#8221;. Se indican por separado durante el proceso de pedido y deben ser pagados por usted adem\u00e1s del precio de compra.<\/p>\n<p><em>Tarjeta de cr\u00e9dito<\/em><\/p>\n<p>Pago con tarjeta de cr\u00e9dito sin complicaciones.<\/p>\n<p><em>PayPal<\/em><\/p>\n<p>El pago es a\u00fan m\u00e1s r\u00e1pido y sencillo con su cuenta de PayPal.<\/p>\n","protected":false},"excerpt":{"rendered":"<p>Tipos de pago Le ofrecemos los siguientes tipos de pago. Simplemente explore la lista para encontrar el mejor tipo de [&hellip;]<\/p>\n","protected":false},"author":2,"featured_media":0,"parent":0,"menu_order":0,"comment_status":"closed","ping_status":"closed","template":"","meta":{"footnotes":""},"class_list":["post-110991","page","type-page","status-publish","hentry"],"yoast_head":"<!-- This site is optimized with the Yoast SEO Premium plugin v23.2 (Yoast SEO v23.2) - https:\/\/yoast.com\/wordpress\/plugins\/seo\/ -->\n<title>M\u00e9todos de Pago - WeWhale<\/title>\n<meta name=\"description\" content=\"Informaci\u00f3n sobre M\u00e9todos de Pago para la Tienda en L\u00ednea de WeWhale\" \/>\n<meta name=\"robots\" content=\"index, follow, max-snippet:-1, max-image-preview:large, max-video-preview:-1\" \/>\n<link rel=\"canonical\" href=\"https:\/\/staging.wewhale.co\/es\/payment-methods\/\" \/>\n<meta property=\"og:locale\" content=\"es_ES\" \/>\n<meta property=\"og:type\" content=\"article\" \/>\n<meta property=\"og:title\" content=\"M\u00e9todos de Pago\" \/>\n<meta property=\"og:description\" content=\"Informaci\u00f3n sobre M\u00e9todos de Pago para la Tienda en L\u00ednea de WeWhale\" \/>\n<meta property=\"og:url\" content=\"https:\/\/staging.wewhale.co\/es\/payment-methods\/\" \/>\n<meta property=\"og:site_name\" content=\"WeWhale\" \/>\n<meta property=\"article:modified_time\" content=\"2023-08-31T11:47:25+00:00\" \/>\n<meta name=\"twitter:card\" content=\"summary_large_image\" \/>\n<meta name=\"twitter:site\" content=\"@WeWhaleCo\" \/>\n<meta name=\"twitter:label1\" content=\"Tiempo de lectura\" \/>\n\t<meta name=\"twitter:data1\" content=\"1 minuto\" \/>\n<script type=\"application\/ld+json\" class=\"yoast-schema-graph\">{\"@context\":\"https:\/\/schema.org\",\"@graph\":[{\"@type\":\"WebPage\",\"@id\":\"https:\/\/staging.wewhale.co\/es\/payment-methods\/\",\"url\":\"https:\/\/staging.wewhale.co\/es\/payment-methods\/\",\"name\":\"M\u00e9todos de Pago - WeWhale\",\"isPartOf\":{\"@id\":\"https:\/\/staging.wewhale.co\/es\/#website\"},\"datePublished\":\"2023-06-30T07:31:40+00:00\",\"dateModified\":\"2023-08-31T11:47:25+00:00\",\"description\":\"Informaci\u00f3n sobre M\u00e9todos de Pago para la Tienda en L\u00ednea de WeWhale\",\"breadcrumb\":{\"@id\":\"https:\/\/staging.wewhale.co\/es\/payment-methods\/#breadcrumb\"},\"inLanguage\":\"es\",\"potentialAction\":[{\"@type\":\"ReadAction\",\"target\":[\"https:\/\/staging.wewhale.co\/es\/payment-methods\/\"]}]},{\"@type\":\"BreadcrumbList\",\"@id\":\"https:\/\/staging.wewhale.co\/es\/payment-methods\/#breadcrumb\",\"itemListElement\":[{\"@type\":\"ListItem\",\"position\":1,\"name\":\"Home\",\"item\":\"https:\/\/staging.wewhale.co\/es\/wewhale-inicio\/\"},{\"@type\":\"ListItem\",\"position\":2,\"name\":\"M\u00e9todos de Pago\"}]},{\"@type\":\"WebSite\",\"@id\":\"https:\/\/staging.wewhale.co\/es\/#website\",\"url\":\"https:\/\/staging.wewhale.co\/es\/\",\"name\":\"WeWhale\",\"description\":\"\",\"publisher\":{\"@id\":\"https:\/\/staging.wewhale.co\/es\/#organization\"},\"potentialAction\":[{\"@type\":\"SearchAction\",\"target\":{\"@type\":\"EntryPoint\",\"urlTemplate\":\"https:\/\/staging.wewhale.co\/es\/?s={search_term_string}\"},\"query-input\":\"required name=search_term_string\"}],\"inLanguage\":\"es\"},{\"@type\":\"Organization\",\"@id\":\"https:\/\/staging.wewhale.co\/es\/#organization\",\"name\":\"WeWhale\",\"url\":\"https:\/\/staging.wewhale.co\/es\/\",\"logo\":{\"@type\":\"ImageObject\",\"inLanguage\":\"es\",\"@id\":\"https:\/\/staging.wewhale.co\/es\/#\/schema\/logo\/image\/\",\"url\":\"https:\/\/staging.wewhale.co\/wp-content\/uploads\/2022\/06\/wewhale_stamp_rgb.png\",\"contentUrl\":\"https:\/\/staging.wewhale.co\/wp-content\/uploads\/2022\/06\/wewhale_stamp_rgb.png\",\"width\":1000,\"height\":1000,\"caption\":\"WeWhale\"},\"image\":{\"@id\":\"https:\/\/staging.wewhale.co\/es\/#\/schema\/logo\/image\/\"},\"sameAs\":[\"https:\/\/x.com\/WeWhaleCo\"]}]}<\/script>\n<!-- \/ Yoast SEO Premium plugin. -->","yoast_head_json":{"title":"M\u00e9todos de Pago - WeWhale","description":"Informaci\u00f3n sobre M\u00e9todos de Pago para la Tienda en L\u00ednea de WeWhale","robots":{"index":"index","follow":"follow","max-snippet":"max-snippet:-1","max-image-preview":"max-image-preview:large","max-video-preview":"max-video-preview:-1"},"canonical":"https:\/\/staging.wewhale.co\/es\/payment-methods\/","og_locale":"es_ES","og_type":"article","og_title":"M\u00e9todos de Pago","og_description":"Informaci\u00f3n sobre M\u00e9todos de Pago para la Tienda en L\u00ednea de WeWhale","og_url":"https:\/\/staging.wewhale.co\/es\/payment-methods\/","og_site_name":"WeWhale","article_modified_time":"2023-08-31T11:47:25+00:00","twitter_card":"summary_large_image","twitter_site":"@WeWhaleCo","twitter_misc":{"Tiempo de lectura":"1 minuto"},"schema":{"@context":"https:\/\/schema.org","@graph":[{"@type":"WebPage","@id":"https:\/\/staging.wewhale.co\/es\/payment-methods\/","url":"https:\/\/staging.wewhale.co\/es\/payment-methods\/","name":"M\u00e9todos de Pago - WeWhale","isPartOf":{"@id":"https:\/\/staging.wewhale.co\/es\/#website"},"datePublished":"2023-06-30T07:31:40+00:00","dateModified":"2023-08-31T11:47:25+00:00","description":"Informaci\u00f3n sobre M\u00e9todos de Pago para la Tienda en L\u00ednea de WeWhale","breadcrumb":{"@id":"https:\/\/staging.wewhale.co\/es\/payment-methods\/#breadcrumb"},"inLanguage":"es","potentialAction":[{"@type":"ReadAction","target":["https:\/\/staging.wewhale.co\/es\/payment-methods\/"]}]},{"@type":"BreadcrumbList","@id":"https:\/\/staging.wewhale.co\/es\/payment-methods\/#breadcrumb","itemListElement":[{"@type":"ListItem","position":1,"name":"Home","item":"https:\/\/staging.wewhale.co\/es\/wewhale-inicio\/"},{"@type":"ListItem","position":2,"name":"M\u00e9todos de Pago"}]},{"@type":"WebSite","@id":"https:\/\/staging.wewhale.co\/es\/#website","url":"https:\/\/staging.wewhale.co\/es\/","name":"WeWhale","description":"","publisher":{"@id":"https:\/\/staging.wewhale.co\/es\/#organization"},"potentialAction":[{"@type":"SearchAction","target":{"@type":"EntryPoint","urlTemplate":"https:\/\/staging.wewhale.co\/es\/?s={search_term_string}"},"query-input":"required name=search_term_string"}],"inLanguage":"es"},{"@type":"Organization","@id":"https:\/\/staging.wewhale.co\/es\/#organization","name":"WeWhale","url":"https:\/\/staging.wewhale.co\/es\/","logo":{"@type":"ImageObject","inLanguage":"es","@id":"https:\/\/staging.wewhale.co\/es\/#\/schema\/logo\/image\/","url":"https:\/\/staging.wewhale.co\/wp-content\/uploads\/2022\/06\/wewhale_stamp_rgb.png","contentUrl":"https:\/\/staging.wewhale.co\/wp-content\/uploads\/2022\/06\/wewhale_stamp_rgb.png","width":1000,"height":1000,"caption":"WeWhale"},"image":{"@id":"https:\/\/staging.wewhale.co\/es\/#\/schema\/logo\/image\/"},"sameAs":["https:\/\/x.com\/WeWhaleCo"]}]}},"_links":{"self":[{"href":"https:\/\/staging.wewhale.co\/es\/wp-json\/wp\/v2\/pages\/110991","targetHints":{"allow":["GET"]}}],"collection":[{"href":"https:\/\/staging.wewhale.co\/es\/wp-json\/wp\/v2\/pages"}],"about":[{"href":"https:\/\/staging.wewhale.co\/es\/wp-json\/wp\/v2\/types\/page"}],"author":[{"embeddable":true,"href":"https:\/\/staging.wewhale.co\/es\/wp-json\/wp\/v2\/users\/2"}],"replies":[{"embeddable":true,"href":"https:\/\/staging.wewhale.co\/es\/wp-json\/wp\/v2\/comments?post=110991"}],"version-history":[{"count":1,"href":"https:\/\/staging.wewhale.co\/es\/wp-json\/wp\/v2\/pages\/110991\/revisions"}],"predecessor-version":[{"id":111375,"href":"https:\/\/staging.wewhale.co\/es\/wp-json\/wp\/v2\/pages\/110991\/revisions\/111375"}],"wp:attachment":[{"href":"https:\/\/staging.wewhale.co\/es\/wp-json\/wp\/v2\/media?parent=110991"}],"curies":[{"name":"wp","href":"https:\/\/api.w.org\/{rel}","templated":true}]}}