{"id":112982,"date":"2024-01-29T10:44:23","date_gmt":"2024-01-29T10:44:23","guid":{"rendered":"https:\/\/staging.wewhale.co\/?page_id=112982"},"modified":"2024-07-17T15:26:16","modified_gmt":"2024-07-17T14:26:16","slug":"programa-de-conservacion-lanzarote","status":"publish","type":"page","link":"https:\/\/staging.wewhale.co\/es\/programa-de-conservacion-lanzarote\/","title":{"rendered":"Programa de Conservaci\u00f3n en Lanzarote"},"content":{"rendered":"<div class=\"wpb-content-wrapper\"><p>[vc_row unlock_row_content=&#8221;yes&#8221; row_height_percent=&#8221;40&#8243; override_padding=&#8221;yes&#8221; h_padding=&#8221;2&#8243; top_padding=&#8221;4&#8243; bottom_padding=&#8221;2&#8243; back_color=&#8221;color-180534&#8243; back_image=&#8221;112611&#8243; back_position=&#8221;center center&#8221; overlay_color=&#8221;color-180534&#8243; overlay_alpha=&#8221;0&#8243; gutter_size=&#8221;3&#8243; column_width_percent=&#8221;100&#8243; shift_y=&#8221;0&#8243; z_index=&#8221;0&#8243; uncode_shortcode_id=&#8221;247845&#8243; overlay_color_type=&#8221;uncode-palette&#8221; back_color_type=&#8221;uncode-palette&#8221;][vc_column column_width_percent=&#8221;100&#8243; align_horizontal=&#8221;align_center&#8221; gutter_size=&#8221;2&#8243; style=&#8221;dark&#8221; overlay_alpha=&#8221;50&#8243; shift_x=&#8221;0&#8243; shift_y=&#8221;0&#8243; shift_y_down=&#8221;0&#8243; z_index=&#8221;0&#8243; medium_width=&#8221;0&#8243; mobile_width=&#8221;0&#8243; width=&#8221;1\/1&#8243; uncode_shortcode_id=&#8221;711861&#8243;][vc_single_image media=&#8221;139&#8243; media_width_use_pixel=&#8221;yes&#8221; alignment=&#8221;center&#8221; uncode_shortcode_id=&#8221;111104&#8243; media_width_pixel=&#8221;100&#8243;][vc_custom_heading heading_semantic=&#8221;h1&#8243; text_size=&#8221;h1&#8243; uncode_shortcode_id=&#8221;990680&#8243;]<strong>Programa de Conservaci\u00f3n en Lanzarote<\/strong>[\/vc_custom_heading][\/vc_column][\/vc_row][vc_row unlock_row=&#8221;&#8221; row_height_percent=&#8221;90&#8243; overlay_alpha=&#8221;50&#8243; equal_height=&#8221;yes&#8221; gutter_size=&#8221;2&#8243; column_width_percent=&#8221;100&#8243; shift_y=&#8221;0&#8243; z_index=&#8221;0&#8243; uncode_shortcode_id=&#8221;204705&#8243; css=&#8221;.vc_custom_1708526414715{margin-top: 30px !important;margin-bottom: -30px !important;}&#8221;][vc_column column_width_percent=&#8221;100&#8243; align_horizontal=&#8221;align_center&#8221; gutter_size=&#8221;2&#8243; expand_height=&#8221;yes&#8221; overlay_alpha=&#8221;50&#8243; shift_x=&#8221;0&#8243; shift_y=&#8221;0&#8243; shift_y_down=&#8221;0&#8243; z_index=&#8221;0&#8243; medium_width=&#8221;0&#8243; mobile_width=&#8221;0&#8243; width=&#8221;1\/2&#8243; uncode_shortcode_id=&#8221;146898&#8243;][vc_single_image media=&#8221;112618&#8243; media_width_percent=&#8221;100&#8243; media_ratio=&#8221;four-five&#8221; uncode_shortcode_id=&#8221;548740&#8243;][vc_single_image media=&#8221;112621&#8243; media_width_percent=&#8221;100&#8243; media_ratio=&#8221;three-two&#8221; alignment=&#8221;center&#8221; uncode_shortcode_id=&#8221;446225&#8243;][\/vc_column][vc_column width=&#8221;1\/2&#8243;][vc_custom_heading heading_semantic=&#8221;h3&#8243; uncode_shortcode_id=&#8221;875456&#8243;]\u00bfEst\u00e1s interesado en involucrarte en la protecci\u00f3n de ballenas y delfines en las Islas Canarias?[\/vc_custom_heading][vc_column_text uncode_shortcode_id=&#8221;268711&#8243;]Ofrecemos un programa de voluntariado en conservaci\u00f3n en Lanzarote, con duraciones de 1 a 6 semanas, donde podr\u00e1s formar parte de un movimiento y misi\u00f3n \u00fanicos para hacer que los viajes de observaci\u00f3n de ballenas sean libres de ruido y emisiones.<\/p>\n<p>Aprender\u00e1s m\u00e1s sobre las especies de ballenas y delfines, ayudar\u00e1s a crear conciencia sobre los desaf\u00edos que enfrentan y obteniendo experiencia pr\u00e1ctica trabajando con el equipo de WeWhale.[\/vc_column_text][vc_column_text uncode_shortcode_id=&#8221;110637&#8243;]<\/p>\n<h3><strong>Aspectos destacados<\/strong><\/h3>\n<ul>\n<li>Experimenta ballenas y delfines en su h\u00e1bitat natural en Lanzarote (\u00a1las Islas Canarias son uno de los pocos lugares en el mundo donde puedes observar y estudiar ballenas y delfines todo el a\u00f1o!)<\/li>\n<li>Estudia especies comunes en Lanzarote, incluyendo delfines moteados atl\u00e1nticos, delfines de Risso, delfines de dientes rugosos y Zifios<\/li>\n<li>\u00danete a un movimiento y misi\u00f3n \u00fanicos para hacer que los viajes de observaci\u00f3n de ballenas sean libres de ruido y emisiones<\/li>\n<li>Obt\u00e9n conocimientos y aprendizajes, y s\u00e9 parte del trabajo de conservaci\u00f3n y protecci\u00f3n de cet\u00e1ceos<\/li>\n<li>Sum\u00e9rgete en la cultura espa\u00f1ola y en la incre\u00edble isla de Lanzarote<\/li>\n<\/ul>\n<p>[\/vc_column_text][vc_column_text uncode_shortcode_id=&#8221;589605&#8243;]<\/p>\n<h3>\u00bfQu\u00e9 har\u00e1s en el programa?<\/h3>\n<ul>\n<li>Ser\u00e1s parte de nuestro equipo en el lugar (capit\u00e1n y bi\u00f3logo) para apoyarlos en sus operaciones diarias<\/li>\n<li>Ayudar\u00e1s a nuestro bi\u00f3logo en el desarrollo de materiales educativos<\/li>\n<li>Tomar\u00e1s fotos, videos y grabaciones de hidr\u00f3fonos de cet\u00e1ceos a bordo durante nuestras experiencias<\/li>\n<li>Prepar\u00e1s y analizar\u00e1s los datos recopilados para su uso en nuestras investigaciones y campa\u00f1as de concienciaci\u00f3n<\/li>\n<li>Mantenimiento del catamar\u00e1n &#8216;La Santa Maria&#8217;: el primer catamar\u00e1n libre de ruido y emisiones para la observaci\u00f3n de ballenas y delfines en la UE<\/li>\n<li>Participar\u00e1s en eventos locales de conservaci\u00f3n marina<\/li>\n<li>Pasar\u00e1s un d\u00eda en el Centro de Investigaci\u00f3n de Cet\u00e1ceos de las Islas Canarias, obteniendo informaci\u00f3n sobre diversas especies de cet\u00e1ceos<\/li>\n<\/ul>\n<p>[\/vc_column_text][\/vc_column][\/vc_row][vc_row unlock_row_content=&#8221;yes&#8221; row_height_percent=&#8221;0&#8243; override_padding=&#8221;yes&#8221; h_padding=&#8221;0&#8243; top_padding=&#8221;3&#8243; bottom_padding=&#8221;0&#8243; overlay_alpha=&#8221;50&#8243; gutter_size=&#8221;3&#8243; column_width_percent=&#8221;100&#8243; shift_y=&#8221;0&#8243; z_index=&#8221;0&#8243; uncode_shortcode_id=&#8221;100453&#8243; front_end_with_slider=&#8221;true&#8221;][vc_column column_width_percent=&#8221;100&#8243; gutter_size=&#8221;3&#8243; overlay_alpha=&#8221;50&#8243; shift_x=&#8221;0&#8243; shift_y=&#8221;0&#8243; shift_y_down=&#8221;0&#8243; z_index=&#8221;0&#8243; medium_width=&#8221;0&#8243; mobile_width=&#8221;0&#8243; width=&#8221;1\/1&#8243; uncode_shortcode_id=&#8221;555542&#8243; css=&#8221;.vc_custom_1708524513053{border-top-width: -20px !important;padding-top: -10px !important;}&#8221;][vc_gallery el_id=&#8221;gallery-101239&#8243; type=&#8221;carousel&#8221; medias=&#8221;112625,112628,112631,112634,112637,112640,112643,112655,112661,112664,112667,112673,112679,112676,112682,112685,112688,112670,112729&#8243; carousel_lg=&#8221;3&#8243; carousel_md=&#8221;3&#8243; carousel_sm=&#8221;1&#8243; thumb_size=&#8221;one-one&#8221; gutter_size=&#8221;0&#8243; media_items=&#8221;media|lightbox|original&#8221; carousel_interval=&#8221;3000&#8243; carousel_navspeed=&#8221;400&#8243; carousel_loop=&#8221;yes&#8221; stage_padding=&#8221;0&#8243; single_overlay_opacity=&#8221;50&#8243; single_padding=&#8221;2&#8243; single_border=&#8221;yes&#8221; uncode_shortcode_id=&#8221;349759&#8243; items=&#8221;eyIxNDc3X2kiOnsic2luZ2xlX3dpZHRoIjoiMiJ9LCIxNDQ0X2kiOnsic2luZ2xlX3dpZHRoIjoiNiJ9LCIxNDcxX2kiOnsic2luZ2xlX3dpZHRoIjoiNSJ9LCIxOTBfaSI6eyJzaW5nbGVfd2lkdGgiOiIzIn0sIjE0MzhfaSI6eyJzaW5nbGVfd2lkdGgiOiI2In0sIjE0NDdfaSI6eyJzaW5nbGVfd2lkdGgiOiI2In0sIjE0NTBfaSI6eyJzaW5nbGVfd2lkdGgiOiI0In0sIjE5Ml9pIjp7InNpbmdsZV93aWR0aCI6IjQifSwiMTQ1Nl9pIjp7InNpbmdsZV93aWR0aCI6IjYifSwiMzA1MV9pIjp7InNpbmdsZV93aWR0aCI6IjMifSwiMzA2MF9pIjp7InNpbmdsZV93aWR0aCI6IjUifSwiMzA2Nl9pIjp7InNpbmdsZV93aWR0aCI6IjUifSwiMzA1N19pIjp7InNpbmdsZV93aWR0aCI6IjMifSwiMzA0OF9pIjp7InNpbmdsZV93aWR0aCI6IjMifSwiMzgyMl9pIjp7InNpbmdsZV93aWR0aCI6IjUifSwiMzgyNV9pIjp7InNpbmdsZV93aWR0aCI6IjcifSwiNDI4OV9pIjp7InNpbmdsZV93aWR0aCI6IjgifSwiNDI2OF9pIjp7InNpbmdsZV93aWR0aCI6IjYifSwiNDI4MF9pIjp7InNpbmdsZV93aWR0aCI6IjYifX0=&#8221;][\/vc_column][\/vc_row][vc_row row_height_percent=&#8221;0&#8243; override_padding=&#8221;yes&#8221; h_padding=&#8221;2&#8243; top_padding=&#8221;2&#8243; bottom_padding=&#8221;2&#8243; overlay_alpha=&#8221;50&#8243; equal_height=&#8221;yes&#8221; gutter_size=&#8221;3&#8243; column_width_percent=&#8221;100&#8243; preserve_border=&#8221;yes&#8221; preserve_border_tablet=&#8221;yes&#8221; preserve_border_mobile=&#8221;yes&#8221; shift_y=&#8221;0&#8243; z_index=&#8221;0&#8243; uncode_shortcode_id=&#8221;100767&#8243; front_end_with_slider=&#8221;true&#8221; css=&#8221;.vc_custom_1710338314535{margin-bottom: 20px !important;padding-left: 30px !important;}&#8221;][vc_column column_width_percent=&#8221;75&#8243; gutter_size=&#8221;3&#8243; overlay_alpha=&#8221;50&#8243; shift_x=&#8221;0&#8243; shift_y=&#8221;0&#8243; shift_y_down=&#8221;0&#8243; z_index=&#8221;0&#8243; medium_width=&#8221;0&#8243; mobile_width=&#8221;0&#8243; width=&#8221;1\/1&#8243; uncode_shortcode_id=&#8221;159575&#8243;][vc_column_text uncode_shortcode_id=&#8221;545460&#8243;]<\/p>\n<h2><strong>\u00bfQu\u00e9 incluimos?<\/strong><\/h2>\n<ul>\n<li>Expediciones diarias de observaci\u00f3n de ballenas y delfines<\/li>\n<li>Comida y bebidas en las expediciones diarias<\/li>\n<li>Alojamiento proporcionado por nosotros en la WeWhale Ocean House en Puerto del Carmen (a 10 minutos de Puerto Calero, hogar de nuestro catamar\u00e1n &#8216;La Santa Maria&#8217;)<\/li>\n<li>Traslado al aeropuerto (recogida y entrega)<\/li>\n<li>Uso gratuito de bicicletas<\/li>\n<\/ul>\n<p>Este programa est\u00e1 abierto todo el a\u00f1o y puede comenzar en cualquier fecha espec\u00edfica (sujeto a disponibilidad).<\/p>\n<p>Este es un programa de pago; del costo, el 22.5% se destina al trabajo de la <em><strong><a href=\"https:\/\/staging.wewhale.co\/es\/asociacion\/\" target=\"_blank\" rel=\"noopener\">Asociaci\u00f3n WeWhale.<\/a><\/strong><\/em><\/p>\n<p>Precio disponible bajo petici\u00f3n: ponte en contacto con nosotros para obtener m\u00e1s informaci\u00f3n y presentar tu solicitud.[\/vc_column_text][vc_row_inner row_inner_height_percent=&#8221;0&#8243; overlay_alpha=&#8221;50&#8243; gutter_size=&#8221;3&#8243; preserve_border=&#8221;yes&#8221; preserve_border_tablet=&#8221;yes&#8221; preserve_border_mobile=&#8221;yes&#8221; shift_y=&#8221;0&#8243; z_index=&#8221;0&#8243; limit_content=&#8221;&#8221; uncode_shortcode_id=&#8221;123817&#8243;][vc_column_inner column_width_percent=&#8221;100&#8243; position_vertical=&#8221;middle&#8221; align_horizontal=&#8221;align_center&#8221; gutter_size=&#8221;3&#8243; overlay_alpha=&#8221;50&#8243; shift_x=&#8221;0&#8243; shift_y=&#8221;0&#8243; shift_y_down=&#8221;0&#8243; z_index=&#8221;0&#8243; medium_width=&#8221;0&#8243; mobile_width=&#8221;0&#8243; width=&#8221;1\/1&#8243; uncode_shortcode_id=&#8221;203180&#8243;][vc_raw_html]W3NnX3BvcHVwIGlkPSIxMTI0NDYiIGluc2lkZXBvcHVwPSJvbiJdCjxidXR0b24gY2xhc3M9InNncGItaHRtbC1jdXN0b20tYnV0dG9uIHNncGItaHRtbC1jdXN0b20tYnV0dG9uLTIzNzc3IiBzdHlsZT0id2lkdGg6IDIwMHB4OyBoZWlnaHQ6IDQwcHg7IGJvcmRlci13aWR0aDogMXB4OyBib3JkZXItcmFkaXVzOiA0cHg7IGJvcmRlci1jb2xvcjogIzE1NDE1NDsgYmFja2dyb3VuZC1jb2xvcjogIzE1NDE1NDsgY29sb3I6ICNmZmZmZmY7IHBhZGRpbmc6IDA7IGZvbnQtc2l6ZTogMTRweDsgZm9udC13ZWlnaHQ6IDgwMDsiIGRhdGEtb3B0aW9ucz0iJTdCJTIyc2dwYi1jdXN0b20tYnRuLXRpdGxlJTIyOiUyMlByb2dyYW1tZSUyMGlucXVpcnklMjIsJTIyc2dwYi1jdXN0b20tYnRuLXdpZHRoJTIyOiUyMjIyMHB4JTIyLCUyMnNncGItY3VzdG9tLWJ0bi1oZWlnaHQlMjI6JTIyNjBweCUyMiwlMjJzZ3BiLWN1c3RvbS1idG4tYm9yZGVyLXdpZHRoJTIyOiUyMjFweCUyMiwlMjJzZ3BiLWN1c3RvbS1idG4tYm9yZGVyLXJhZGl1cyUyMjolMjI0cHglMjIsJTIyc2dwYi1jdXN0b20tYnRuLWJvcmRlci1jb2xvciUyMjolMjIjMTU0MTU0JTIyLCUyMnVuZGVmaW5lZCUyMjolMjJDYW5jZWwlMjIsJTIyc2dwYi1jdXN0b20tYnRuLWJnLWNvbG9yJTIyOiUyMiM0NTczODYlMjIsJTIyc2dwYi1jdXN0b20tYnRuLXRleHQtY29sb3IlMjI6JTIyI0ZGRkZGRiUyMiwlMjJzZ3BiLWN1c3RvbS1idXR0b24lMjI6JTIyb3BlblBvcHVwJTIyLCUyMnNncGItY3VzdG9tLWJ1dHRvbi1wb3B1cCUyMjolMjIxMTI0NDYlMjIsJTIyc2dwYi1jdXN0b20tYnV0dG9uLWNvcHktdG8tY2xpcGJvYXJkLXRleHQlMjI6JTIyc29tZSUyMHRleHQlMjBoZXJlJTIyLCUyMnNncGItY3VzdG9tLWJ1dHRvbi1jb3B5LXRvLWNsaXBib2FyZC1tZXNzYWdlJTIyOiUyMkNvcGllZCUyMHRvJTIwY2xpcGJvYXJkISUyMiwlMjJzZ3BiLWN1c3RvbS1idXR0b24tcmVkaXJlY3QtVVJMJTIyOiUyMiUyMiU3RCI+Q09OU1VMVEE8L2J1dHRvbj4KCjxzdHlsZT4KLnNncGItaHRtbC1jdXN0b20tYnV0dG9uLTIzNzc3OmhvdmVyIHsKICAgIGJhY2tncm91bmQtY29sb3I6ICNGRkZGRkYgIWltcG9ydGFudDsgLyogQmFja2dyb3VuZCBjb2xvciBvbiBob3ZlciBpcyB3aGl0ZSAqLwogICAgY29sb3I6ICMxNTQxNTQgIWltcG9ydGFudDsgLyogVGV4dCBjb2xvciBvbiBob3ZlciBtYXRjaGVzIHRoZSBvcmlnaW5hbCBiYWNrZ3JvdW5kIGNvbG9yICovCiAgICBib3JkZXI6IDFweCBzb2xpZCAjMTU0MTU0ICFpbXBvcnRhbnQ7IC8qIDFweCBib3JkZXIgb2YgY29sb3IgIzE1NDE1NCBvbiBob3ZlciAqLwp9Cjwvc3R5bGU+CgpbL3NnX3BvcHVwXQ==[\/vc_raw_html][\/vc_column_inner][\/vc_row_inner][\/vc_column][\/vc_row][vc_section][vc_row][vc_column width=&#8221;1\/1&#8243;][uncode_block id=&#8221;112579&#8243;][\/vc_column][\/vc_row][vc_row][vc_column width=&#8221;1\/1&#8243;][uncode_block id=&#8221;112524&#8243;][\/vc_column][\/vc_row][\/vc_section]<\/p>\n<\/div>","protected":false},"excerpt":{"rendered":"<p>[vc_row unlock_row_content=&#8221;yes&#8221; row_height_percent=&#8221;40&#8243; override_padding=&#8221;yes&#8221; h_padding=&#8221;2&#8243; top_padding=&#8221;4&#8243; bottom_padding=&#8221;2&#8243; back_color=&#8221;color-180534&#8243; back_image=&#8221;112611&#8243; back_position=&#8221;center center&#8221; overlay_color=&#8221;color-180534&#8243; overlay_alpha=&#8221;0&#8243; gutter_size=&#8221;3&#8243; column_width_percent=&#8221;100&#8243; shift_y=&#8221;0&#8243; z_index=&#8221;0&#8243; uncode_shortcode_id=&#8221;247845&#8243; overlay_color_type=&#8221;uncode-palette&#8221; back_color_type=&#8221;uncode-palette&#8221;][vc_column [&hellip;]<\/p>\n","protected":false},"author":2,"featured_media":0,"parent":0,"menu_order":0,"comment_status":"closed","ping_status":"closed","template":"","meta":{"footnotes":""},"class_list":["post-112982","page","type-page","status-publish","hentry"],"yoast_head":"<!-- This site is optimized with the Yoast SEO Premium plugin v23.2 (Yoast SEO v23.2) - https:\/\/yoast.com\/wordpress\/plugins\/seo\/ -->\n<title>Programa de Conservaci\u00f3n en Lanzarote - WeWhale<\/title>\n<meta name=\"description\" content=\"\u00danete al Programa de Conservaci\u00f3n de Lanzarote, un movimiento y misi\u00f3n \u00fanicos para proteger y cuidar a las ballenas y delfines.\" \/>\n<meta name=\"robots\" content=\"index, follow, max-snippet:-1, max-image-preview:large, max-video-preview:-1\" \/>\n<link rel=\"canonical\" href=\"https:\/\/staging.wewhale.co\/es\/programa-de-conservacion-lanzarote\/\" \/>\n<meta property=\"og:locale\" content=\"es_ES\" \/>\n<meta property=\"og:type\" content=\"article\" \/>\n<meta property=\"og:title\" content=\"Programa de Conservaci\u00f3n en Lanzarote\" \/>\n<meta property=\"og:description\" content=\"\u00danete al Programa de Conservaci\u00f3n de Lanzarote, un movimiento y misi\u00f3n \u00fanicos para proteger y cuidar a las ballenas y delfines.\" \/>\n<meta property=\"og:url\" content=\"https:\/\/staging.wewhale.co\/es\/programa-de-conservacion-lanzarote\/\" \/>\n<meta property=\"og:site_name\" content=\"WeWhale\" \/>\n<meta property=\"article:modified_time\" content=\"2024-07-17T14:26:16+00:00\" \/>\n<meta name=\"twitter:card\" content=\"summary_large_image\" \/>\n<meta name=\"twitter:site\" content=\"@WeWhaleCo\" \/>\n<meta name=\"twitter:label1\" content=\"Tiempo de lectura\" \/>\n\t<meta name=\"twitter:data1\" content=\"3 minutos\" \/>\n<script type=\"application\/ld+json\" class=\"yoast-schema-graph\">{\"@context\":\"https:\/\/schema.org\",\"@graph\":[{\"@type\":\"WebPage\",\"@id\":\"https:\/\/staging.wewhale.co\/es\/programa-de-conservacion-lanzarote\/\",\"url\":\"https:\/\/staging.wewhale.co\/es\/programa-de-conservacion-lanzarote\/\",\"name\":\"Programa de Conservaci\u00f3n en Lanzarote - WeWhale\",\"isPartOf\":{\"@id\":\"https:\/\/staging.wewhale.co\/es\/#website\"},\"datePublished\":\"2024-01-29T10:44:23+00:00\",\"dateModified\":\"2024-07-17T14:26:16+00:00\",\"description\":\"\u00danete al Programa de Conservaci\u00f3n de Lanzarote, un movimiento y misi\u00f3n \u00fanicos para proteger y cuidar a las ballenas y delfines.\",\"breadcrumb\":{\"@id\":\"https:\/\/staging.wewhale.co\/es\/programa-de-conservacion-lanzarote\/#breadcrumb\"},\"inLanguage\":\"es\",\"potentialAction\":[{\"@type\":\"ReadAction\",\"target\":[\"https:\/\/staging.wewhale.co\/es\/programa-de-conservacion-lanzarote\/\"]}]},{\"@type\":\"BreadcrumbList\",\"@id\":\"https:\/\/staging.wewhale.co\/es\/programa-de-conservacion-lanzarote\/#breadcrumb\",\"itemListElement\":[{\"@type\":\"ListItem\",\"position\":1,\"name\":\"Home\",\"item\":\"https:\/\/staging.wewhale.co\/es\/wewhale-inicio\/\"},{\"@type\":\"ListItem\",\"position\":2,\"name\":\"Programa de Conservaci\u00f3n en Lanzarote\"}]},{\"@type\":\"WebSite\",\"@id\":\"https:\/\/staging.wewhale.co\/es\/#website\",\"url\":\"https:\/\/staging.wewhale.co\/es\/\",\"name\":\"WeWhale\",\"description\":\"\",\"publisher\":{\"@id\":\"https:\/\/staging.wewhale.co\/es\/#organization\"},\"potentialAction\":[{\"@type\":\"SearchAction\",\"target\":{\"@type\":\"EntryPoint\",\"urlTemplate\":\"https:\/\/staging.wewhale.co\/es\/?s={search_term_string}\"},\"query-input\":\"required name=search_term_string\"}],\"inLanguage\":\"es\"},{\"@type\":\"Organization\",\"@id\":\"https:\/\/staging.wewhale.co\/es\/#organization\",\"name\":\"WeWhale\",\"url\":\"https:\/\/staging.wewhale.co\/es\/\",\"logo\":{\"@type\":\"ImageObject\",\"inLanguage\":\"es\",\"@id\":\"https:\/\/staging.wewhale.co\/es\/#\/schema\/logo\/image\/\",\"url\":\"https:\/\/staging.wewhale.co\/wp-content\/uploads\/2022\/06\/wewhale_stamp_rgb.png\",\"contentUrl\":\"https:\/\/staging.wewhale.co\/wp-content\/uploads\/2022\/06\/wewhale_stamp_rgb.png\",\"width\":1000,\"height\":1000,\"caption\":\"WeWhale\"},\"image\":{\"@id\":\"https:\/\/staging.wewhale.co\/es\/#\/schema\/logo\/image\/\"},\"sameAs\":[\"https:\/\/x.com\/WeWhaleCo\"]}]}<\/script>\n<!-- \/ Yoast SEO Premium plugin. -->","yoast_head_json":{"title":"Programa de Conservaci\u00f3n en Lanzarote - WeWhale","description":"\u00danete al Programa de Conservaci\u00f3n de Lanzarote, un movimiento y misi\u00f3n \u00fanicos para proteger y cuidar a las ballenas y delfines.","robots":{"index":"index","follow":"follow","max-snippet":"max-snippet:-1","max-image-preview":"max-image-preview:large","max-video-preview":"max-video-preview:-1"},"canonical":"https:\/\/staging.wewhale.co\/es\/programa-de-conservacion-lanzarote\/","og_locale":"es_ES","og_type":"article","og_title":"Programa de Conservaci\u00f3n en Lanzarote","og_description":"\u00danete al Programa de Conservaci\u00f3n de Lanzarote, un movimiento y misi\u00f3n \u00fanicos para proteger y cuidar a las ballenas y delfines.","og_url":"https:\/\/staging.wewhale.co\/es\/programa-de-conservacion-lanzarote\/","og_site_name":"WeWhale","article_modified_time":"2024-07-17T14:26:16+00:00","twitter_card":"summary_large_image","twitter_site":"@WeWhaleCo","twitter_misc":{"Tiempo de lectura":"3 minutos"},"schema":{"@context":"https:\/\/schema.org","@graph":[{"@type":"WebPage","@id":"https:\/\/staging.wewhale.co\/es\/programa-de-conservacion-lanzarote\/","url":"https:\/\/staging.wewhale.co\/es\/programa-de-conservacion-lanzarote\/","name":"Programa de Conservaci\u00f3n en Lanzarote - WeWhale","isPartOf":{"@id":"https:\/\/staging.wewhale.co\/es\/#website"},"datePublished":"2024-01-29T10:44:23+00:00","dateModified":"2024-07-17T14:26:16+00:00","description":"\u00danete al Programa de Conservaci\u00f3n de Lanzarote, un movimiento y misi\u00f3n \u00fanicos para proteger y cuidar a las ballenas y delfines.","breadcrumb":{"@id":"https:\/\/staging.wewhale.co\/es\/programa-de-conservacion-lanzarote\/#breadcrumb"},"inLanguage":"es","potentialAction":[{"@type":"ReadAction","target":["https:\/\/staging.wewhale.co\/es\/programa-de-conservacion-lanzarote\/"]}]},{"@type":"BreadcrumbList","@id":"https:\/\/staging.wewhale.co\/es\/programa-de-conservacion-lanzarote\/#breadcrumb","itemListElement":[{"@type":"ListItem","position":1,"name":"Home","item":"https:\/\/staging.wewhale.co\/es\/wewhale-inicio\/"},{"@type":"ListItem","position":2,"name":"Programa de Conservaci\u00f3n en Lanzarote"}]},{"@type":"WebSite","@id":"https:\/\/staging.wewhale.co\/es\/#website","url":"https:\/\/staging.wewhale.co\/es\/","name":"WeWhale","description":"","publisher":{"@id":"https:\/\/staging.wewhale.co\/es\/#organization"},"potentialAction":[{"@type":"SearchAction","target":{"@type":"EntryPoint","urlTemplate":"https:\/\/staging.wewhale.co\/es\/?s={search_term_string}"},"query-input":"required name=search_term_string"}],"inLanguage":"es"},{"@type":"Organization","@id":"https:\/\/staging.wewhale.co\/es\/#organization","name":"WeWhale","url":"https:\/\/staging.wewhale.co\/es\/","logo":{"@type":"ImageObject","inLanguage":"es","@id":"https:\/\/staging.wewhale.co\/es\/#\/schema\/logo\/image\/","url":"https:\/\/staging.wewhale.co\/wp-content\/uploads\/2022\/06\/wewhale_stamp_rgb.png","contentUrl":"https:\/\/staging.wewhale.co\/wp-content\/uploads\/2022\/06\/wewhale_stamp_rgb.png","width":1000,"height":1000,"caption":"WeWhale"},"image":{"@id":"https:\/\/staging.wewhale.co\/es\/#\/schema\/logo\/image\/"},"sameAs":["https:\/\/x.com\/WeWhaleCo"]}]}},"_links":{"self":[{"href":"https:\/\/staging.wewhale.co\/es\/wp-json\/wp\/v2\/pages\/112982","targetHints":{"allow":["GET"]}}],"collection":[{"href":"https:\/\/staging.wewhale.co\/es\/wp-json\/wp\/v2\/pages"}],"about":[{"href":"https:\/\/staging.wewhale.co\/es\/wp-json\/wp\/v2\/types\/page"}],"author":[{"embeddable":true,"href":"https:\/\/staging.wewhale.co\/es\/wp-json\/wp\/v2\/users\/2"}],"replies":[{"embeddable":true,"href":"https:\/\/staging.wewhale.co\/es\/wp-json\/wp\/v2\/comments?post=112982"}],"version-history":[{"count":13,"href":"https:\/\/staging.wewhale.co\/es\/wp-json\/wp\/v2\/pages\/112982\/revisions"}],"predecessor-version":[{"id":115046,"href":"https:\/\/staging.wewhale.co\/es\/wp-json\/wp\/v2\/pages\/112982\/revisions\/115046"}],"wp:attachment":[{"href":"https:\/\/staging.wewhale.co\/es\/wp-json\/wp\/v2\/media?parent=112982"}],"curies":[{"name":"wp","href":"https:\/\/api.w.org\/{rel}","templated":true}]}}