{"id":114165,"date":"2024-05-24T11:29:32","date_gmt":"2024-05-24T10:29:32","guid":{"rendered":"https:\/\/staging.wewhale.co\/experiencias\/atardecer-en-lanzarote-experiencia-grupal-compartida\/"},"modified":"2024-10-01T12:19:24","modified_gmt":"2024-10-01T11:19:24","slug":"atardecer-en-lanzarote-experiencia-grupal-compartida","status":"publish","type":"page","link":"https:\/\/staging.wewhale.co\/es\/experiencias\/atardecer-en-lanzarote-experiencia-grupal-compartida\/","title":{"rendered":"Atardecer en Lanzarote (Experiencia grupal compartida)"},"content":{"rendered":"<div class=\"wpb-content-wrapper\"><p>[vc_row unlock_row_content=&#8221;yes&#8221; row_height_percent=&#8221;40&#8243; override_padding=&#8221;yes&#8221; h_padding=&#8221;2&#8243; top_padding=&#8221;4&#8243; bottom_padding=&#8221;2&#8243; back_image=&#8221;4301&#8243; back_position=&#8221;center center&#8221; parallax=&#8221;yes&#8221; overlay_color=&#8221;color-180534&#8243; overlay_alpha=&#8221;30&#8243; gutter_size=&#8221;3&#8243; column_width_percent=&#8221;100&#8243; shift_y=&#8221;0&#8243; z_index=&#8221;0&#8243; uncode_shortcode_id=&#8221;397966&#8243; overlay_color_type=&#8221;uncode-palette&#8221;][vc_column column_width_percent=&#8221;100&#8243; align_horizontal=&#8221;align_center&#8221; gutter_size=&#8221;2&#8243; style=&#8221;dark&#8221; overlay_alpha=&#8221;50&#8243; shift_x=&#8221;0&#8243; shift_y=&#8221;0&#8243; shift_y_down=&#8221;0&#8243; z_index=&#8221;0&#8243; medium_width=&#8221;0&#8243; mobile_width=&#8221;0&#8243; width=&#8221;1\/1&#8243; uncode_shortcode_id=&#8221;711861&#8243;][vc_single_image media=&#8221;139&#8243; media_width_use_pixel=&#8221;yes&#8221; alignment=&#8221;center&#8221; uncode_shortcode_id=&#8221;111104&#8243; media_width_pixel=&#8221;100&#8243;][vc_custom_heading heading_semantic=&#8221;h1&#8243; text_size=&#8221;h1&#8243; uncode_shortcode_id=&#8221;192232&#8243;]Atardecer en Lanzarote[\/vc_custom_heading][vc_custom_heading uncode_shortcode_id=&#8221;155695&#8243;](Experiencia grupal compartida)[\/vc_custom_heading][\/vc_column][\/vc_row][vc_row unlock_row_content=&#8221;yes&#8221; row_height_percent=&#8221;0&#8243; override_padding=&#8221;yes&#8221; h_padding=&#8221;2&#8243; top_padding=&#8221;4&#8243; bottom_padding=&#8221;4&#8243; overlay_alpha=&#8221;50&#8243; gutter_size=&#8221;3&#8243; column_width_percent=&#8221;100&#8243; shift_y=&#8221;0&#8243; z_index=&#8221;0&#8243; uncode_shortcode_id=&#8221;130434&#8243;][vc_column column_width_percent=&#8221;100&#8243; align_horizontal=&#8221;align_center&#8221; gutter_size=&#8221;3&#8243; overlay_alpha=&#8221;50&#8243; shift_x=&#8221;0&#8243; shift_y=&#8221;0&#8243; shift_y_down=&#8221;0&#8243; z_index=&#8221;0&#8243; medium_width=&#8221;0&#8243; mobile_width=&#8221;0&#8243; width=&#8221;1\/12&#8243; uncode_shortcode_id=&#8221;324484&#8243;][\/vc_column][vc_column width=&#8221;4\/12&#8243;][vc_single_image media=&#8221;111427&#8243; media_width_use_pixel=&#8221;yes&#8221; alignment=&#8221;center&#8221; uncode_shortcode_id=&#8221;243242&#8243; media_width_pixel=&#8221;600&#8243;][vc_raw_html]PCEtLSBGYXJlSGFyYm9yIGNhbGVuZGFyIG9mIGl0ZW0gIzQ2MDE4OCAtLT4KPHNjcmlwdCBzcmM9Imh0dHBzOi8vZmFyZWhhcmJvci5jb20vZW1iZWRzL3NjcmlwdC9jYWxlbmRhci93ZXdoYWxlLWNhbmFyaWFzLXNsL2l0ZW1zLzQ2MDE4OC8\/ZmFsbGJhY2s9c2ltcGxlJmFtcDtmdWxsLWl0ZW1zPXllcyZhbXA7Zmxvdz05MTYxNTEiPjwvc2NyaXB0Pg==[\/vc_raw_html][\/vc_column][vc_column width=&#8221;5\/12&#8243;][vc_custom_heading heading_semantic=&#8221;h3&#8243; uncode_shortcode_id=&#8221;115006&#8243;]Disfruta de un recorrido al atardecer en nuestro catamar\u00e1n 100% el\u00e9ctrico &#8216;La Santa Mar\u00eda&#8217;, navegando silenciosamente por la costa de Lanzarote, donde podremos avistar especies de delfines como el Delf\u00edn Moteado del Atl\u00e1ntico y el Delf\u00edn Com\u00fan.[\/vc_custom_heading][vc_column_text uncode_shortcode_id=&#8221;101556&#8243;]Durante nuestra experiencia al atardecer, partimos desde Puerto Calero con un m\u00e1ximo de 12 invitados a bordo. Mientras disfrutas de nuestro espacioso deck de 108 m\u00b2, podr\u00e1s presenciar uno de los atardeceres m\u00e1s hermosos de la isla en un ambiente relajado. Durante este tiempo, tendr\u00e1s la oportunidad de relajarte con una refrescante \u2018Ocean Beer\u2019, una de nuestras bebidas org\u00e1nicas, y snacks como frutos secos.<\/p>\n<p>Nuestro equipo proporcionar\u00e1 informaci\u00f3n valiosa sobre ballenas y delfines, las diferentes especies que se encuentran en las Islas Canarias, y hay una alta probabilidad (80% de avistamientos) de que tambi\u00e9n encontremos algunos delfines en un lugar especial donde suelen tener su \u2018cena\u2019.<\/p>\n<p>Los delfines se sienten atra\u00eddos por \u2018La Santa Mar\u00eda\u2019 (el nombre de nuestro catamar\u00e1n) debido a nuestro silencioso sistema de propulsi\u00f3n el\u00e9ctrica. Esto tambi\u00e9n nos da la oportunidad de usar el hidr\u00f3fono para escuchar a estos encantadores animales.<\/p>\n<p>Los delfines son muy sensibles al ruido y no les gusta ser molestados mientras se alimentan o descansan. Por lo tanto, es muy importante una observaci\u00f3n respetuosa y silenciosa.<\/p>\n<p>El recorrido al atardecer dura aproximadamente 2,5 horas y se ofrece durante todo el a\u00f1o.<\/p>\n<p>Este tour se realiza en ingl\u00e9s, espa\u00f1ol y franc\u00e9s.<\/p>\n<p>El punto de partida es Puerto Calero, Muelle F22, y navegamos a lo largo de la costa, pasando por lugares emblem\u00e1ticos como Playa Quemada o las monta\u00f1as de Fem\u00e9s.<\/p>\n<p>Rango de edad para el tour: Sin restricciones de edad<\/p>\n<p>Precio para personas de 5 a 12 a\u00f1os: 60 EUR<br \/>\nLos ni\u00f1os menores de 5 a\u00f1os tienen entrada gratuita<\/p>\n<p>Precio para personas de 13 a\u00f1os en adelante: 75 EUR<\/p>\n<p>Echa un vistazo a \u2018La Santa Mar\u00eda\u2019 en un video presentado por Gonzalo, nuestro gu\u00eda en <br \/>Lanzarote: <a href=\"https:\/\/youtu.be\/jIvh2q6X4Wk\" target=\"_blank\" rel=\"noopener\">Video Link<\/a><\/p>\n<p>Mira c\u00f3mo los delfines nos acompa\u00f1an gracias a la evitaci\u00f3n de ruidos: <a href=\"https:\/\/youtu.be\/FGMQ6Qqyr8Q\" target=\"_blank\" rel=\"noopener\">[Enlace del Video]<\/a>[\/vc_column_text][vc_column_text uncode_shortcode_id=&#8221;150676&#8243;]<\/p>\n<h3>\u00bfSab\u00edas que?<\/h3>\n<p>Comprando experiencias de observaci\u00f3n de cet\u00e1ceos de WeWhale contribuye directamente a la protecci\u00f3n de los animales. Dentro del grupo WeWhale, donamos el 7,5 % de cada ticket a proyectos por nuestra organizaci\u00f3n,<br \/><a href=\"https:\/\/staging.wewhale.co\/es\/asociacion\/\">WeWhale Association<\/a>.[\/vc_column_text][vc_column_text uncode_shortcode_id=&#8221;161638&#8243;]\u00bfTodav\u00eda tienes preguntas? Puede que encuentres la respuesta en nuestras <a href=\"https:\/\/staging.wewhale.co\/es\/preguntas-frecuentes\/\">Preguntas Frecuentes<\/a> o simplemente escr\u00edbenos un WhatsApp o ll\u00e1manos al +34 674 030 974.[\/vc_column_text][\/vc_column][vc_column width=&#8221;2\/12&#8243;][\/vc_column][\/vc_row][vc_row unlock_row_content=&#8221;yes&#8221; row_height_percent=&#8221;0&#8243; override_padding=&#8221;yes&#8221; h_padding=&#8221;0&#8243; top_padding=&#8221;3&#8243; bottom_padding=&#8221;0&#8243; overlay_alpha=&#8221;50&#8243; gutter_size=&#8221;3&#8243; column_width_percent=&#8221;100&#8243; shift_y=&#8221;0&#8243; z_index=&#8221;0&#8243; uncode_shortcode_id=&#8221;100453&#8243;][vc_column width=&#8221;1\/1&#8243;][vc_gallery el_id=&#8221;gallery-101235&#8243; medias=&#8221;3825,4268,4304,4289,112611&#8243; style_preset=&#8221;metro&#8221; gutter_size=&#8221;0&#8243; media_items=&#8221;media|lightbox|original&#8221; screen_lg=&#8221;&#8221; screen_md=&#8221;&#8221; screen_sm=&#8221;&#8221; single_overlay_opacity=&#8221;50&#8243; single_padding=&#8221;2&#8243; single_border=&#8221;yes&#8221; uncode_shortcode_id=&#8221;930384&#8243; items=&#8221;eyIxNDc3X2kiOnsic2luZ2xlX3dpZHRoIjoiMiJ9LCIxNDQ0X2kiOnsic2luZ2xlX3dpZHRoIjoiNiJ9LCIxNDcxX2kiOnsic2luZ2xlX3dpZHRoIjoiNSJ9LCIxOTBfaSI6eyJzaW5nbGVfd2lkdGgiOiIzIn0sIjE0MzhfaSI6eyJzaW5nbGVfd2lkdGgiOiI2In0sIjE0NDdfaSI6eyJzaW5nbGVfd2lkdGgiOiI2In0sIjE0NTBfaSI6eyJzaW5nbGVfd2lkdGgiOiI0In0sIjE5Ml9pIjp7InNpbmdsZV93aWR0aCI6IjQifSwiMTQ1Nl9pIjp7InNpbmdsZV93aWR0aCI6IjYifSwiMzA1MV9pIjp7InNpbmdsZV93aWR0aCI6IjUifSwiMzA2MF9pIjp7InNpbmdsZV93aWR0aCI6IjUifSwiMzA2Nl9pIjp7InNpbmdsZV93aWR0aCI6IjMifSwiMzA1N19pIjp7InNpbmdsZV93aWR0aCI6IjMifSwiMzA0OF9pIjp7InNpbmdsZV93aWR0aCI6IjMifSwiMzgyMl9pIjp7InNpbmdsZV93aWR0aCI6IjcifSwiMzgyNV9pIjp7InNpbmdsZV93aWR0aCI6IjUifSwiMTEzNzk3X2kiOnsic2luZ2xlX3dpZHRoIjoiNiJ9LCIxMTM3OTRfaSI6eyJzaW5nbGVfd2lkdGgiOiI2In0sIjQyNjhfaSI6eyJzaW5nbGVfd2lkdGgiOiIzIn0sIjQyODlfaSI6eyJzaW5nbGVfd2lkdGgiOiI1In0sIjExMjY0MF9pIjp7InNpbmdsZV93aWR0aCI6IjcifSwiMTEyNjExX2kiOnsic2luZ2xlX3dpZHRoIjoiNyJ9fQ==&#8221;][\/vc_column][\/vc_row][vc_row unlock_row_content=&#8221;yes&#8221; row_height_percent=&#8221;0&#8243; overlay_alpha=&#8221;50&#8243; gutter_size=&#8221;3&#8243; column_width_percent=&#8221;100&#8243; shift_y=&#8221;0&#8243; z_index=&#8221;0&#8243; uncode_shortcode_id=&#8221;183127&#8243;][vc_column width=&#8221;1\/1&#8243;][uncode_block id=&#8221;3234&#8243;][\/vc_column][\/vc_row][vc_row unlock_row_content=&#8221;yes&#8221; row_height_percent=&#8221;0&#8243; overlay_alpha=&#8221;50&#8243; gutter_size=&#8221;3&#8243; column_width_percent=&#8221;100&#8243; shift_y=&#8221;0&#8243; z_index=&#8221;0&#8243; uncode_shortcode_id=&#8221;740749&#8243;][vc_column width=&#8221;1\/1&#8243;][uncode_block id=&#8221;4807&#8243; inside_column=&#8221;yes&#8221;][\/vc_column][\/vc_row][vc_row unlock_row_content=&#8221;yes&#8221; row_height_percent=&#8221;0&#8243; overlay_alpha=&#8221;50&#8243; gutter_size=&#8221;3&#8243; column_width_percent=&#8221;100&#8243; shift_y=&#8221;0&#8243; z_index=&#8221;0&#8243; uncode_shortcode_id=&#8221;154691&#8243;][vc_column width=&#8221;1\/1&#8243;][uncode_block id=&#8221;4973&#8243;][\/vc_column][\/vc_row]<\/p>\n<\/div>","protected":false},"excerpt":{"rendered":"<p>[vc_row unlock_row_content=&#8221;yes&#8221; row_height_percent=&#8221;40&#8243; override_padding=&#8221;yes&#8221; h_padding=&#8221;2&#8243; top_padding=&#8221;4&#8243; bottom_padding=&#8221;2&#8243; back_image=&#8221;4301&#8243; back_position=&#8221;center center&#8221; parallax=&#8221;yes&#8221; overlay_color=&#8221;color-180534&#8243; overlay_alpha=&#8221;30&#8243; gutter_size=&#8221;3&#8243; column_width_percent=&#8221;100&#8243; shift_y=&#8221;0&#8243; z_index=&#8221;0&#8243; uncode_shortcode_id=&#8221;397966&#8243; overlay_color_type=&#8221;uncode-palette&#8221;][vc_column column_width_percent=&#8221;100&#8243; [&hellip;]<\/p>\n","protected":false},"author":2,"featured_media":4303,"parent":3323,"menu_order":0,"comment_status":"closed","ping_status":"closed","template":"","meta":{"footnotes":""},"class_list":["post-114165","page","type-page","status-publish","has-post-thumbnail","hentry","page_category-lanzarote-es"],"yoast_head":"<!-- This site is optimized with the Yoast SEO Premium plugin v23.2 (Yoast SEO v23.2) - https:\/\/yoast.com\/wordpress\/plugins\/seo\/ -->\n<title>Atardecer en Lanzarote (Experiencia grupal compartida) - WeWhale<\/title>\n<meta name=\"description\" content=\"Disfruta de un recorrido al atardecer en nuestro catamar\u00e1n 100% el\u00e9ctrico &#039;La Santa Mar\u00eda&#039;, navegando silenciosamente por la costa de Lanzarote,\" \/>\n<meta name=\"robots\" content=\"index, follow, max-snippet:-1, max-image-preview:large, max-video-preview:-1\" \/>\n<link rel=\"canonical\" href=\"https:\/\/staging.wewhale.co\/es\/experiencias\/atardecer-en-lanzarote-experiencia-grupal-compartida\/\" \/>\n<meta property=\"og:locale\" content=\"es_ES\" \/>\n<meta property=\"og:type\" content=\"article\" \/>\n<meta property=\"og:title\" content=\"Atardecer en Lanzarote (Experiencia grupal compartida)\" \/>\n<meta property=\"og:description\" content=\"Disfruta de un recorrido al atardecer en nuestro catamar\u00e1n 100% el\u00e9ctrico &#039;La Santa Mar\u00eda&#039;, navegando silenciosamente por la costa de Lanzarote,\" \/>\n<meta property=\"og:url\" content=\"https:\/\/staging.wewhale.co\/es\/experiencias\/atardecer-en-lanzarote-experiencia-grupal-compartida\/\" \/>\n<meta property=\"og:site_name\" content=\"WeWhale\" \/>\n<meta property=\"article:modified_time\" content=\"2024-10-01T11:19:24+00:00\" \/>\n<meta property=\"og:image\" content=\"https:\/\/staging.wewhale.co\/wp-content\/uploads\/2023\/04\/IMG20230420195133.jpg\" \/>\n\t<meta property=\"og:image:width\" content=\"1600\" \/>\n\t<meta property=\"og:image:height\" content=\"1200\" \/>\n\t<meta property=\"og:image:type\" content=\"image\/jpeg\" \/>\n<meta name=\"twitter:card\" content=\"summary_large_image\" \/>\n<meta name=\"twitter:site\" content=\"@WeWhaleCo\" \/>\n<meta name=\"twitter:label1\" content=\"Tiempo de lectura\" \/>\n\t<meta name=\"twitter:data1\" content=\"3 minutos\" \/>\n<script type=\"application\/ld+json\" class=\"yoast-schema-graph\">{\"@context\":\"https:\/\/schema.org\",\"@graph\":[{\"@type\":\"WebPage\",\"@id\":\"https:\/\/staging.wewhale.co\/es\/experiencias\/atardecer-en-lanzarote-experiencia-grupal-compartida\/\",\"url\":\"https:\/\/staging.wewhale.co\/es\/experiencias\/atardecer-en-lanzarote-experiencia-grupal-compartida\/\",\"name\":\"Atardecer en Lanzarote (Experiencia grupal compartida) - WeWhale\",\"isPartOf\":{\"@id\":\"https:\/\/staging.wewhale.co\/es\/#website\"},\"primaryImageOfPage\":{\"@id\":\"https:\/\/staging.wewhale.co\/es\/experiencias\/atardecer-en-lanzarote-experiencia-grupal-compartida\/#primaryimage\"},\"image\":{\"@id\":\"https:\/\/staging.wewhale.co\/es\/experiencias\/atardecer-en-lanzarote-experiencia-grupal-compartida\/#primaryimage\"},\"thumbnailUrl\":\"https:\/\/staging.wewhale.co\/wp-content\/uploads\/2023\/04\/IMG20230420195133.jpg\",\"datePublished\":\"2024-05-24T10:29:32+00:00\",\"dateModified\":\"2024-10-01T11:19:24+00:00\",\"description\":\"Disfruta de un recorrido al atardecer en nuestro catamar\u00e1n 100% el\u00e9ctrico 'La Santa Mar\u00eda', navegando silenciosamente por la costa de Lanzarote,\",\"breadcrumb\":{\"@id\":\"https:\/\/staging.wewhale.co\/es\/experiencias\/atardecer-en-lanzarote-experiencia-grupal-compartida\/#breadcrumb\"},\"inLanguage\":\"es\",\"potentialAction\":[{\"@type\":\"ReadAction\",\"target\":[\"https:\/\/staging.wewhale.co\/es\/experiencias\/atardecer-en-lanzarote-experiencia-grupal-compartida\/\"]}]},{\"@type\":\"ImageObject\",\"inLanguage\":\"es\",\"@id\":\"https:\/\/staging.wewhale.co\/es\/experiencias\/atardecer-en-lanzarote-experiencia-grupal-compartida\/#primaryimage\",\"url\":\"https:\/\/staging.wewhale.co\/wp-content\/uploads\/2023\/04\/IMG20230420195133.jpg\",\"contentUrl\":\"https:\/\/staging.wewhale.co\/wp-content\/uploads\/2023\/04\/IMG20230420195133.jpg\",\"width\":1600,\"height\":1200,\"caption\":\"Lanzarote shared sunset experience\"},{\"@type\":\"BreadcrumbList\",\"@id\":\"https:\/\/staging.wewhale.co\/es\/experiencias\/atardecer-en-lanzarote-experiencia-grupal-compartida\/#breadcrumb\",\"itemListElement\":[{\"@type\":\"ListItem\",\"position\":1,\"name\":\"Home\",\"item\":\"https:\/\/staging.wewhale.co\/es\/wewhale-inicio\/\"},{\"@type\":\"ListItem\",\"position\":2,\"name\":\"Experiencias\",\"item\":\"https:\/\/staging.wewhale.co\/es\/experiencias\/\"},{\"@type\":\"ListItem\",\"position\":3,\"name\":\"Atardecer en Lanzarote (Experiencia grupal compartida)\"}]},{\"@type\":\"WebSite\",\"@id\":\"https:\/\/staging.wewhale.co\/es\/#website\",\"url\":\"https:\/\/staging.wewhale.co\/es\/\",\"name\":\"WeWhale\",\"description\":\"\",\"publisher\":{\"@id\":\"https:\/\/staging.wewhale.co\/es\/#organization\"},\"potentialAction\":[{\"@type\":\"SearchAction\",\"target\":{\"@type\":\"EntryPoint\",\"urlTemplate\":\"https:\/\/staging.wewhale.co\/es\/?s={search_term_string}\"},\"query-input\":\"required name=search_term_string\"}],\"inLanguage\":\"es\"},{\"@type\":\"Organization\",\"@id\":\"https:\/\/staging.wewhale.co\/es\/#organization\",\"name\":\"WeWhale\",\"url\":\"https:\/\/staging.wewhale.co\/es\/\",\"logo\":{\"@type\":\"ImageObject\",\"inLanguage\":\"es\",\"@id\":\"https:\/\/staging.wewhale.co\/es\/#\/schema\/logo\/image\/\",\"url\":\"https:\/\/staging.wewhale.co\/wp-content\/uploads\/2022\/06\/wewhale_stamp_rgb.png\",\"contentUrl\":\"https:\/\/staging.wewhale.co\/wp-content\/uploads\/2022\/06\/wewhale_stamp_rgb.png\",\"width\":1000,\"height\":1000,\"caption\":\"WeWhale\"},\"image\":{\"@id\":\"https:\/\/staging.wewhale.co\/es\/#\/schema\/logo\/image\/\"},\"sameAs\":[\"https:\/\/x.com\/WeWhaleCo\"]}]}<\/script>\n<!-- \/ Yoast SEO Premium plugin. -->","yoast_head_json":{"title":"Atardecer en Lanzarote (Experiencia grupal compartida) - WeWhale","description":"Disfruta de un recorrido al atardecer en nuestro catamar\u00e1n 100% el\u00e9ctrico 'La Santa Mar\u00eda', navegando silenciosamente por la costa de Lanzarote,","robots":{"index":"index","follow":"follow","max-snippet":"max-snippet:-1","max-image-preview":"max-image-preview:large","max-video-preview":"max-video-preview:-1"},"canonical":"https:\/\/staging.wewhale.co\/es\/experiencias\/atardecer-en-lanzarote-experiencia-grupal-compartida\/","og_locale":"es_ES","og_type":"article","og_title":"Atardecer en Lanzarote (Experiencia grupal compartida)","og_description":"Disfruta de un recorrido al atardecer en nuestro catamar\u00e1n 100% el\u00e9ctrico 'La Santa Mar\u00eda', navegando silenciosamente por la costa de Lanzarote,","og_url":"https:\/\/staging.wewhale.co\/es\/experiencias\/atardecer-en-lanzarote-experiencia-grupal-compartida\/","og_site_name":"WeWhale","article_modified_time":"2024-10-01T11:19:24+00:00","og_image":[{"width":1600,"height":1200,"url":"https:\/\/staging.wewhale.co\/wp-content\/uploads\/2023\/04\/IMG20230420195133.jpg","type":"image\/jpeg"}],"twitter_card":"summary_large_image","twitter_site":"@WeWhaleCo","twitter_misc":{"Tiempo de lectura":"3 minutos"},"schema":{"@context":"https:\/\/schema.org","@graph":[{"@type":"WebPage","@id":"https:\/\/staging.wewhale.co\/es\/experiencias\/atardecer-en-lanzarote-experiencia-grupal-compartida\/","url":"https:\/\/staging.wewhale.co\/es\/experiencias\/atardecer-en-lanzarote-experiencia-grupal-compartida\/","name":"Atardecer en Lanzarote (Experiencia grupal compartida) - WeWhale","isPartOf":{"@id":"https:\/\/staging.wewhale.co\/es\/#website"},"primaryImageOfPage":{"@id":"https:\/\/staging.wewhale.co\/es\/experiencias\/atardecer-en-lanzarote-experiencia-grupal-compartida\/#primaryimage"},"image":{"@id":"https:\/\/staging.wewhale.co\/es\/experiencias\/atardecer-en-lanzarote-experiencia-grupal-compartida\/#primaryimage"},"thumbnailUrl":"https:\/\/staging.wewhale.co\/wp-content\/uploads\/2023\/04\/IMG20230420195133.jpg","datePublished":"2024-05-24T10:29:32+00:00","dateModified":"2024-10-01T11:19:24+00:00","description":"Disfruta de un recorrido al atardecer en nuestro catamar\u00e1n 100% el\u00e9ctrico 'La Santa Mar\u00eda', navegando silenciosamente por la costa de Lanzarote,","breadcrumb":{"@id":"https:\/\/staging.wewhale.co\/es\/experiencias\/atardecer-en-lanzarote-experiencia-grupal-compartida\/#breadcrumb"},"inLanguage":"es","potentialAction":[{"@type":"ReadAction","target":["https:\/\/staging.wewhale.co\/es\/experiencias\/atardecer-en-lanzarote-experiencia-grupal-compartida\/"]}]},{"@type":"ImageObject","inLanguage":"es","@id":"https:\/\/staging.wewhale.co\/es\/experiencias\/atardecer-en-lanzarote-experiencia-grupal-compartida\/#primaryimage","url":"https:\/\/staging.wewhale.co\/wp-content\/uploads\/2023\/04\/IMG20230420195133.jpg","contentUrl":"https:\/\/staging.wewhale.co\/wp-content\/uploads\/2023\/04\/IMG20230420195133.jpg","width":1600,"height":1200,"caption":"Lanzarote shared sunset experience"},{"@type":"BreadcrumbList","@id":"https:\/\/staging.wewhale.co\/es\/experiencias\/atardecer-en-lanzarote-experiencia-grupal-compartida\/#breadcrumb","itemListElement":[{"@type":"ListItem","position":1,"name":"Home","item":"https:\/\/staging.wewhale.co\/es\/wewhale-inicio\/"},{"@type":"ListItem","position":2,"name":"Experiencias","item":"https:\/\/staging.wewhale.co\/es\/experiencias\/"},{"@type":"ListItem","position":3,"name":"Atardecer en Lanzarote (Experiencia grupal compartida)"}]},{"@type":"WebSite","@id":"https:\/\/staging.wewhale.co\/es\/#website","url":"https:\/\/staging.wewhale.co\/es\/","name":"WeWhale","description":"","publisher":{"@id":"https:\/\/staging.wewhale.co\/es\/#organization"},"potentialAction":[{"@type":"SearchAction","target":{"@type":"EntryPoint","urlTemplate":"https:\/\/staging.wewhale.co\/es\/?s={search_term_string}"},"query-input":"required name=search_term_string"}],"inLanguage":"es"},{"@type":"Organization","@id":"https:\/\/staging.wewhale.co\/es\/#organization","name":"WeWhale","url":"https:\/\/staging.wewhale.co\/es\/","logo":{"@type":"ImageObject","inLanguage":"es","@id":"https:\/\/staging.wewhale.co\/es\/#\/schema\/logo\/image\/","url":"https:\/\/staging.wewhale.co\/wp-content\/uploads\/2022\/06\/wewhale_stamp_rgb.png","contentUrl":"https:\/\/staging.wewhale.co\/wp-content\/uploads\/2022\/06\/wewhale_stamp_rgb.png","width":1000,"height":1000,"caption":"WeWhale"},"image":{"@id":"https:\/\/staging.wewhale.co\/es\/#\/schema\/logo\/image\/"},"sameAs":["https:\/\/x.com\/WeWhaleCo"]}]}},"_links":{"self":[{"href":"https:\/\/staging.wewhale.co\/es\/wp-json\/wp\/v2\/pages\/114165","targetHints":{"allow":["GET"]}}],"collection":[{"href":"https:\/\/staging.wewhale.co\/es\/wp-json\/wp\/v2\/pages"}],"about":[{"href":"https:\/\/staging.wewhale.co\/es\/wp-json\/wp\/v2\/types\/page"}],"author":[{"embeddable":true,"href":"https:\/\/staging.wewhale.co\/es\/wp-json\/wp\/v2\/users\/2"}],"replies":[{"embeddable":true,"href":"https:\/\/staging.wewhale.co\/es\/wp-json\/wp\/v2\/comments?post=114165"}],"version-history":[{"count":34,"href":"https:\/\/staging.wewhale.co\/es\/wp-json\/wp\/v2\/pages\/114165\/revisions"}],"predecessor-version":[{"id":115831,"href":"https:\/\/staging.wewhale.co\/es\/wp-json\/wp\/v2\/pages\/114165\/revisions\/115831"}],"up":[{"embeddable":true,"href":"https:\/\/staging.wewhale.co\/es\/wp-json\/wp\/v2\/pages\/3323"}],"wp:featuredmedia":[{"embeddable":true,"href":"https:\/\/staging.wewhale.co\/es\/wp-json\/wp\/v2\/media\/4303"}],"wp:attachment":[{"href":"https:\/\/staging.wewhale.co\/es\/wp-json\/wp\/v2\/media?parent=114165"}],"curies":[{"name":"wp","href":"https:\/\/api.w.org\/{rel}","templated":true}]}}