{"id":114233,"date":"2024-05-15T12:35:14","date_gmt":"2024-05-15T10:35:14","guid":{"rendered":"https:\/\/staging.wewhale.co\/experiencias\/atardecer-en-denia-experiencia-privada\/"},"modified":"2024-06-05T11:23:58","modified_gmt":"2024-06-05T09:23:58","slug":"atardecer-en-denia-experiencia-privada","status":"publish","type":"page","link":"https:\/\/staging.wewhale.co\/es\/experiencias\/atardecer-en-denia-experiencia-privada\/","title":{"rendered":"Atardecer en Denia (Experiencia privada)"},"content":{"rendered":"<div class=\"wpb-content-wrapper\"><p>[vc_row unlock_row_content=&#8221;yes&#8221; row_height_percent=&#8221;40&#8243; override_padding=&#8221;yes&#8221; h_padding=&#8221;2&#8243; top_padding=&#8221;4&#8243; bottom_padding=&#8221;2&#8243; back_image=&#8221;113824&#8243; back_position=&#8221;center center&#8221; parallax=&#8221;yes&#8221; overlay_color=&#8221;color-180534&#8243; overlay_alpha=&#8221;30&#8243; gutter_size=&#8221;3&#8243; column_width_percent=&#8221;100&#8243; shift_y=&#8221;0&#8243; z_index=&#8221;0&#8243; uncode_shortcode_id=&#8221;156997&#8243; overlay_color_type=&#8221;uncode-palette&#8221;][vc_column column_width_percent=&#8221;100&#8243; align_horizontal=&#8221;align_center&#8221; gutter_size=&#8221;2&#8243; style=&#8221;dark&#8221; overlay_alpha=&#8221;50&#8243; shift_x=&#8221;0&#8243; shift_y=&#8221;0&#8243; shift_y_down=&#8221;0&#8243; z_index=&#8221;0&#8243; medium_width=&#8221;0&#8243; mobile_width=&#8221;0&#8243; width=&#8221;1\/1&#8243; uncode_shortcode_id=&#8221;711861&#8243;][vc_single_image media=&#8221;139&#8243; media_width_use_pixel=&#8221;yes&#8221; alignment=&#8221;center&#8221; uncode_shortcode_id=&#8221;189634&#8243; media_width_pixel=&#8221;100&#8243;][vc_custom_heading heading_semantic=&#8221;h1&#8243; text_size=&#8221;h1&#8243; uncode_shortcode_id=&#8221;584173&#8243;]Experiencia al atardecer en Denia[\/vc_custom_heading][vc_custom_heading uncode_shortcode_id=&#8221;116056&#8243;](Experiencia Privada)[\/vc_custom_heading][\/vc_column][\/vc_row][vc_row unlock_row_content=&#8221;yes&#8221; row_height_percent=&#8221;0&#8243; override_padding=&#8221;yes&#8221; h_padding=&#8221;2&#8243; top_padding=&#8221;4&#8243; bottom_padding=&#8221;4&#8243; overlay_alpha=&#8221;50&#8243; gutter_size=&#8221;3&#8243; column_width_percent=&#8221;100&#8243; shift_y=&#8221;0&#8243; z_index=&#8221;0&#8243; uncode_shortcode_id=&#8221;130434&#8243;][vc_column column_width_percent=&#8221;100&#8243; align_horizontal=&#8221;align_center&#8221; gutter_size=&#8221;3&#8243; overlay_alpha=&#8221;50&#8243; shift_x=&#8221;0&#8243; shift_y=&#8221;0&#8243; shift_y_down=&#8221;0&#8243; z_index=&#8221;0&#8243; medium_width=&#8221;0&#8243; mobile_width=&#8221;0&#8243; width=&#8221;1\/12&#8243; uncode_shortcode_id=&#8221;324484&#8243;][\/vc_column][vc_column width=&#8221;4\/12&#8243;][vc_single_image media=&#8221;113828&#8243; media_width_use_pixel=&#8221;yes&#8221; alignment=&#8221;center&#8221; uncode_shortcode_id=&#8221;154725&#8243; media_width_pixel=&#8221;600&#8243;][vc_raw_html]PCEtLSBGYXJlSGFyYm9yIGNhbGVuZGFyIG9mIGl0ZW0gIzU1MDY1NSAtLT4KPHNjcmlwdCBzcmM9Imh0dHBzOi8vZmFyZWhhcmJvci5jb20vZW1iZWRzL3NjcmlwdC9jYWxlbmRhci1zbWFsbC93ZXdoYWxlLWNhbmFyaWFzLXNsL2l0ZW1zLzU1MDY1NS8\/ZmFsbGJhY2s9c2ltcGxlJmFtcDtmdWxsLWl0ZW1zPXllcyZhbXA7Zmxvdz1ubyI+PC9zY3JpcHQ+[\/vc_raw_html][\/vc_column][vc_column width=&#8221;5\/12&#8243;][vc_custom_heading heading_semantic=&#8221;h3&#8243; uncode_shortcode_id=&#8221;563963&#8243;]<span class=\"TextRun MacChromeBold SCXW140160292 BCX0\" lang=\"EN-GB\" xml:lang=\"EN-GB\" data-contrast=\"none\"><span class=\"NormalTextRun SCXW140160292 BCX0\">T<\/span><span class=\"NormalTextRun SCXW140160292 BCX0\">e invitamos a subir<\/span> <span class=\"NormalTextRun SCXW140160292 BCX0\">a bord<\/span><span class=\"NormalTextRun SCXW140160292 BCX0\">o de<\/span> <span class=\"SpellingError SCXW140160292 BCX0\">la experiencia <\/span> <span class=\"NormalTextRun SCXW140160292 BCX0\">al atardecer de<\/span> <span class=\"NormalTextRun SCXW140160292 BCX0\">WeWhale<\/span> <span class=\"NormalTextRun SCXW140160292 BCX0\">en Denia, un viaje que ofrece una forma ideal de cerrar tu d\u00eda con una aventura privada de observaci\u00f3n de ballenas y delfines en nuestro velero el\u00e9ctrico<\/span><span class=\"NormalTextRun SCXW140160292 BCX0\">.<\/span><\/span> [\/vc_custom_heading][vc_column_text uncode_shortcode_id=&#8221;167359&#8243;]<span data-contrast=\"none\">Durante esta experiencia personalizada, nuestro bi\u00f3logo marino a bordo te brindar\u00e1 conocimientos \u00fanicos sobre el mundo de los cet\u00e1ceos. Aprende sobre la importancia de la costa de Denia como el principal destino de avistamiento de ballenas a lo largo de la costa valenciana.<\/span><\/p>\n<p><span data-contrast=\"none\">Nuestro velero, &#8216;El Som Mar&#8217;, 100% el\u00e9ctrico, garantiza un encuentro inmersivo con la vida marina. Equipado con una c\u00e1mara de 360 grados y un hidr\u00f3fono, mejorar\u00e1s tu visibilidad y te sumergir\u00e1s en los cautivadores sonidos de ballenas o delfines, creando una atm\u00f3sfera de di\u00e1logo.<\/span><\/p>\n<p><span data-contrast=\"none\">Tendr\u00e1s la oportunidad de presenciar una rica variedad de animales marinos al caer la noche. En el Mediterr\u00e1neo, se han identificado 22 especies de cet\u00e1ceos, con seis de ellas manteniendo poblaciones estables: <\/span><span data-contrast=\"auto\">el <a href=\"https:\/\/staging.wewhale.co\/es\/2022\/06\/16\/deep-dive-into-fin-whales\/\" target=\"_blank\" rel=\"noopener\">Rorcual<\/a>, el <a href=\"https:\/\/staging.wewhale.co\/es\/2024\/01\/11\/inmersion-profunda-en-los-delfines-nariz-de-botella\/\" target=\"_blank\" rel=\"noopener\">Delf\u00edn Mular<\/a>, los <a href=\"https:\/\/staging.wewhale.co\/es\/2022\/09\/01\/inmersion-profunda-en-los-cachalotes\/\" target=\"_blank\" rel=\"noopener\">Cachalotes<\/a>, la <a href=\"https:\/\/staging.wewhale.co\/es\/2022\/08\/11\/inmersion-profunda-en-las-ballenas-piloto\/\" target=\"_blank\" rel=\"noopener\">Ballena Piloto<\/a>, el <a href=\"https:\/\/staging.wewhale.co\/es\/2023\/08\/03\/inmersion-profunda-en-los-delfines-de-risso\/\" target=\"_blank\" rel=\"noopener\">Calder\u00f3n Gris<\/a> y el <a href=\"https:\/\/staging.wewhale.co\/es\/2023\/05\/25\/inmersion-profunda-en-delfin-comun\/\" target=\"_blank\" rel=\"noopener\">Delf\u00edn Com\u00fan<\/a><\/span><span data-contrast=\"none\">. <\/span><\/p>\n<p><span data-contrast=\"none\">Durante la excursi\u00f3n, tendr\u00e1s acceso a bebidas y aperitivos, cortes\u00eda de nuestras colaboraciones con proyectos que resuenan con nuestros valores.<\/span><\/p>\n<p><span data-contrast=\"none\">El equipo contribuye activamente a los esfuerzos de conservaci\u00f3n del oc\u00e9ano utilizando redes para limpiar la basura marina y vigilando a los animales atrapados en l\u00edneas de pesca. Adem\u00e1s, nuestro equipo est\u00e1 realizando una vigilancia en la zona en busca de posibles delitos contra la vida silvestre, como el acoso hacia grupos de delfines o ballenas.<\/span><\/p>\n<p><b><span data-contrast=\"auto\">Lo que necesitas saber:<\/span><\/b><\/p>\n<ul>\n<li data-leveltext=\"\uf0b7\" data-font=\"Symbol\" data-listid=\"6\" data-list-defn-props=\"{\" aria-setsize=\"-1\" data-aria-posinset=\"1\" data-aria-level=\"1\"><span data-contrast=\"auto\">Este tour guiado est\u00e1 disponible en ingl\u00e9s y espa\u00f1ol<\/span><\/li>\n<li data-leveltext=\"\uf0b7\" data-font=\"Symbol\" data-listid=\"6\" data-list-defn-props=\"{\" aria-setsize=\"-1\" data-aria-posinset=\"2\" data-aria-level=\"1\"><span data-contrast=\"auto\">Salimos de Marina El Portet Denia<\/span> <span data-ccp-props=\"{\">(Pontoon 5 number 40)<\/span><\/li>\n<li data-leveltext=\"\uf0b7\" data-font=\"Symbol\" data-listid=\"6\" data-list-defn-props=\"{\" aria-setsize=\"-1\" data-aria-posinset=\"3\" data-aria-level=\"1\"><span data-contrast=\"auto\">Duraci\u00f3n: Aproximadamente 2.5 horas en el mar<\/span><\/li>\n<li data-leveltext=\"\uf0b7\" data-font=\"Symbol\" data-listid=\"6\" data-list-defn-props=\"{\" aria-setsize=\"-1\" data-aria-posinset=\"4\" data-aria-level=\"1\"><span data-contrast=\"auto\">Durante el viaje, se incluyen agua, cerveza, refrescos org\u00e1nicos y fruta fresca de proveedores locales<\/span><\/li>\n<li data-leveltext=\"\uf0b7\" data-font=\"Symbol\" data-listid=\"6\" data-list-defn-props=\"{\" aria-setsize=\"-1\" data-aria-posinset=\"5\" data-aria-level=\"1\"><span data-contrast=\"auto\">No hay restricciones de edad para participar en el tour<\/span><\/li>\n<li data-leveltext=\"\uf0b7\" data-font=\"Symbol\" data-listid=\"6\" data-list-defn-props=\"{\" aria-setsize=\"-1\" data-aria-posinset=\"6\" data-aria-level=\"1\"><span data-contrast=\"auto\">Precio para el grupo (m\u00e1ximo 10 personas): 650 Eur<\/span><\/li>\n<\/ul>\n<p>[\/vc_column_text][vc_column_text uncode_shortcode_id=&#8221;174474&#8243;]<\/p>\n<h3>\u00bfSab\u00edas que?<\/h3>\n<p><span data-contrast=\"auto\">Reservar una experiencia de observaci\u00f3n de ballenas y delfines con WeWhale apoya directamente la protecci\u00f3n de ballenas y delfines, con un 7.5% de los ingresos netos de estas experiencias donados a nuestra organizaci\u00f3n sin fines de lucro, <\/span><a href=\"https:\/\/staging.wewhale.co\/es\/asociacion\/\"><span data-contrast=\"none\">la Asociaci\u00f3n WeWhale.<\/span><\/a><span data-contrast=\"auto\"> Esta contribuci\u00f3n es posible gracias a los clientes que nos eligen para su aventura de observaci\u00f3n de ballenas y delfines.<\/span><\/p>\n<p><span data-contrast=\"auto\">La misi\u00f3n de WeWhale es convertir el mundo en un lugar de observaci\u00f3n de ballenas y delfines libre de ruido y emisiones, donde los animales puedan prosperar y los humanos puedan aprender. Obt\u00e9n m\u00e1s informaci\u00f3n sobre nuestro trabajo en nuestra p\u00e1gina <a href=\"https:\/\/staging.wewhale.co\/es\/acerca\/\">Acerca<\/a> de nosotros. <\/span> [\/vc_column_text][vc_column_text uncode_shortcode_id=&#8221;147778&#8243;]\u00bfTodav\u00eda tienes preguntas? Puede que encuentres la respuesta en nuestras <a href=\"https:\/\/staging.wewhale.co\/es\/preguntas-frecuentes\/\">Preguntas Frecuentes<\/a> o simplemente escr\u00edbenos un WhatsApp o ll\u00e1manos al +34 674 030 974.[\/vc_column_text][\/vc_column][vc_column width=&#8221;2\/12&#8243;][\/vc_column][\/vc_row][vc_row unlock_row_content=&#8221;yes&#8221; row_height_percent=&#8221;0&#8243; override_padding=&#8221;yes&#8221; h_padding=&#8221;0&#8243; top_padding=&#8221;3&#8243; bottom_padding=&#8221;0&#8243; overlay_alpha=&#8221;50&#8243; gutter_size=&#8221;3&#8243; column_width_percent=&#8221;100&#8243; shift_y=&#8221;0&#8243; z_index=&#8221;0&#8243; uncode_shortcode_id=&#8221;100453&#8243;][vc_column width=&#8221;1\/1&#8243;][vc_gallery el_id=&#8221;gallery-101235&#8243; medias=&#8221;113841,113838,113835,113844,112543&#8243; style_preset=&#8221;metro&#8221; gutter_size=&#8221;0&#8243; media_items=&#8221;media|lightbox|original&#8221; screen_lg=&#8221;&#8221; screen_md=&#8221;&#8221; screen_sm=&#8221;&#8221; single_overlay_opacity=&#8221;50&#8243; single_padding=&#8221;2&#8243; single_border=&#8221;yes&#8221; uncode_shortcode_id=&#8221;289192&#8243; items=&#8221;eyIxNDc3X2kiOnsic2luZ2xlX3dpZHRoIjoiMiJ9LCIxNDQ0X2kiOnsic2luZ2xlX3dpZHRoIjoiNiJ9LCIxNDcxX2kiOnsic2luZ2xlX3dpZHRoIjoiNSJ9LCIxOTBfaSI6eyJzaW5nbGVfd2lkdGgiOiIzIn0sIjE0MzhfaSI6eyJzaW5nbGVfd2lkdGgiOiI2In0sIjE0NDdfaSI6eyJzaW5nbGVfd2lkdGgiOiI2In0sIjE0NTBfaSI6eyJzaW5nbGVfd2lkdGgiOiI0In0sIjE5Ml9pIjp7InNpbmdsZV93aWR0aCI6IjQifSwiMTQ1Nl9pIjp7InNpbmdsZV93aWR0aCI6IjYifSwiMzA1MV9pIjp7InNpbmdsZV93aWR0aCI6IjMifSwiMzA2MF9pIjp7InNpbmdsZV93aWR0aCI6IjUifSwiMzA2Nl9pIjp7InNpbmdsZV93aWR0aCI6IjUifSwiMzA1N19pIjp7InNpbmdsZV93aWR0aCI6IjMifSwiMzA0OF9pIjp7InNpbmdsZV93aWR0aCI6IjMifSwiMzgyMl9pIjp7InNpbmdsZV93aWR0aCI6IjUifSwiMzgyNV9pIjp7InNpbmdsZV93aWR0aCI6IjcifSwiMTEzODM4X2kiOnsic2luZ2xlX3dpZHRoIjoiNCJ9LCIxMTM4MzVfaSI6eyJzaW5nbGVfd2lkdGgiOiI0In0sIjExMzg0MV9pIjp7InNpbmdsZV93aWR0aCI6IjQifSwiMTEzODQ0X2kiOnsic2luZ2xlX3dpZHRoIjoiNiJ9LCIxMTM4MzJfaSI6eyJzaW5nbGVfd2lkdGgiOiI2In0sIjExMjU0M19pIjp7InNpbmdsZV93aWR0aCI6IjYifX0=&#8221;][\/vc_column][\/vc_row][vc_row][vc_column width=&#8221;1\/1&#8243;][uncode_block id=&#8221;113994&#8243;][\/vc_column][\/vc_row][vc_row unlock_row_content=&#8221;yes&#8221; row_height_percent=&#8221;0&#8243; override_padding=&#8221;yes&#8221; h_padding=&#8221;2&#8243; top_padding=&#8221;3&#8243; bottom_padding=&#8221;3&#8243; overlay_alpha=&#8221;50&#8243; gutter_size=&#8221;3&#8243; column_width_percent=&#8221;100&#8243; shift_y=&#8221;0&#8243; z_index=&#8221;0&#8243; uncode_shortcode_id=&#8221;147448&#8243;][vc_column column_width_percent=&#8221;100&#8243; align_horizontal=&#8221;align_center&#8221; gutter_size=&#8221;3&#8243; overlay_alpha=&#8221;50&#8243; shift_x=&#8221;0&#8243; shift_y=&#8221;0&#8243; shift_y_down=&#8221;0&#8243; z_index=&#8221;0&#8243; medium_width=&#8221;0&#8243; mobile_width=&#8221;0&#8243; width=&#8221;1\/1&#8243; uncode_shortcode_id=&#8221;120214&#8243;][vc_custom_heading uncode_shortcode_id=&#8221;178010&#8243;]Impresiones de la visita[\/vc_custom_heading][vc_gallery el_id=&#8221;gallery-205674&#8243; type=&#8221;carousel&#8221; medias=&#8221;113853,113856,113787,114005,113859,114008,113744,113735,113862,113800,114011,113770,113692,113759,113756,113683,113704,114014,113813,114017,114020&#8243; carousel_lg=&#8221;4&#8243; carousel_md=&#8221;3&#8243; carousel_sm=&#8221;1&#8243; thumb_size=&#8221;four-three&#8221; gutter_size=&#8221;2&#8243; media_items=&#8221;media|lightbox|poster&#8221; carousel_height=&#8221;equal&#8221; carousel_interval=&#8221;3000&#8243; carousel_navspeed=&#8221;400&#8243; carousel_loop=&#8221;yes&#8221; carousel_overflow=&#8221;yes&#8221; carousel_dots=&#8221;yes&#8221; carousel_dots_mobile=&#8221;yes&#8221; stage_padding=&#8221;0&#8243; single_overlay_opacity=&#8221;1&#8243; single_padding=&#8221;2&#8243; uncode_shortcode_id=&#8221;537899&#8243;][\/vc_column][\/vc_row]<\/p>\n<\/div>","protected":false},"excerpt":{"rendered":"<p>[vc_row unlock_row_content=&#8221;yes&#8221; row_height_percent=&#8221;40&#8243; override_padding=&#8221;yes&#8221; h_padding=&#8221;2&#8243; top_padding=&#8221;4&#8243; bottom_padding=&#8221;2&#8243; back_image=&#8221;113824&#8243; back_position=&#8221;center center&#8221; parallax=&#8221;yes&#8221; overlay_color=&#8221;color-180534&#8243; overlay_alpha=&#8221;30&#8243; gutter_size=&#8221;3&#8243; column_width_percent=&#8221;100&#8243; shift_y=&#8221;0&#8243; z_index=&#8221;0&#8243; uncode_shortcode_id=&#8221;156997&#8243; overlay_color_type=&#8221;uncode-palette&#8221;][vc_column column_width_percent=&#8221;100&#8243; [&hellip;]<\/p>\n","protected":false},"author":3,"featured_media":113826,"parent":3323,"menu_order":0,"comment_status":"closed","ping_status":"closed","template":"","meta":{"footnotes":""},"class_list":["post-114233","page","type-page","status-publish","has-post-thumbnail","hentry","page_category-denia-2"],"yoast_head":"<!-- This site is optimized with the Yoast SEO Premium plugin v23.2 (Yoast SEO v23.2) - https:\/\/yoast.com\/wordpress\/plugins\/seo\/ -->\n<title>Atardecer en Denia (Experiencia privada) - WeWhale<\/title>\n<meta name=\"description\" content=\"En la experiencia privada al atardecer en Denia, disfrutar\u00e1s de un viaje \u00fanico a bordo de nuestro velero 100% el\u00e9ctrico para la observaci\u00f3n de ballenas y delfines.\" \/>\n<meta name=\"robots\" content=\"index, follow, max-snippet:-1, max-image-preview:large, max-video-preview:-1\" \/>\n<link rel=\"canonical\" href=\"https:\/\/staging.wewhale.co\/es\/experiencias\/atardecer-en-denia-experiencia-privada\/\" \/>\n<meta property=\"og:locale\" content=\"es_ES\" \/>\n<meta property=\"og:type\" content=\"article\" \/>\n<meta property=\"og:title\" content=\"Atardecer en Denia (Experiencia privada)\" \/>\n<meta property=\"og:description\" content=\"En la experiencia privada al atardecer en Denia, disfrutar\u00e1s de un viaje \u00fanico a bordo de nuestro velero 100% el\u00e9ctrico para la observaci\u00f3n de ballenas y delfines.\" \/>\n<meta property=\"og:url\" content=\"https:\/\/staging.wewhale.co\/es\/experiencias\/atardecer-en-denia-experiencia-privada\/\" \/>\n<meta property=\"og:site_name\" content=\"WeWhale\" \/>\n<meta property=\"article:modified_time\" content=\"2024-06-05T09:23:58+00:00\" \/>\n<meta property=\"og:image\" content=\"https:\/\/staging.wewhale.co\/wp-content\/uploads\/2024\/05\/Captura-de-pantalla-2024-02-08-162506-1024x589.png\" \/>\n\t<meta property=\"og:image:width\" content=\"1024\" \/>\n\t<meta property=\"og:image:height\" content=\"589\" \/>\n\t<meta property=\"og:image:type\" content=\"image\/png\" \/>\n<meta name=\"twitter:card\" content=\"summary_large_image\" \/>\n<meta name=\"twitter:site\" content=\"@WeWhaleCo\" \/>\n<meta name=\"twitter:label1\" content=\"Tiempo de lectura\" \/>\n\t<meta name=\"twitter:data1\" content=\"3 minutos\" \/>\n<script type=\"application\/ld+json\" class=\"yoast-schema-graph\">{\"@context\":\"https:\/\/schema.org\",\"@graph\":[{\"@type\":\"WebPage\",\"@id\":\"https:\/\/staging.wewhale.co\/es\/experiencias\/atardecer-en-denia-experiencia-privada\/\",\"url\":\"https:\/\/staging.wewhale.co\/es\/experiencias\/atardecer-en-denia-experiencia-privada\/\",\"name\":\"Atardecer en Denia (Experiencia privada) - WeWhale\",\"isPartOf\":{\"@id\":\"https:\/\/staging.wewhale.co\/es\/#website\"},\"primaryImageOfPage\":{\"@id\":\"https:\/\/staging.wewhale.co\/es\/experiencias\/atardecer-en-denia-experiencia-privada\/#primaryimage\"},\"image\":{\"@id\":\"https:\/\/staging.wewhale.co\/es\/experiencias\/atardecer-en-denia-experiencia-privada\/#primaryimage\"},\"thumbnailUrl\":\"https:\/\/staging.wewhale.co\/wp-content\/uploads\/2024\/05\/Captura-de-pantalla-2024-02-08-162506.png\",\"datePublished\":\"2024-05-15T10:35:14+00:00\",\"dateModified\":\"2024-06-05T09:23:58+00:00\",\"description\":\"En la experiencia privada al atardecer en Denia, disfrutar\u00e1s de un viaje \u00fanico a bordo de nuestro velero 100% el\u00e9ctrico para la observaci\u00f3n de ballenas y delfines.\",\"breadcrumb\":{\"@id\":\"https:\/\/staging.wewhale.co\/es\/experiencias\/atardecer-en-denia-experiencia-privada\/#breadcrumb\"},\"inLanguage\":\"es\",\"potentialAction\":[{\"@type\":\"ReadAction\",\"target\":[\"https:\/\/staging.wewhale.co\/es\/experiencias\/atardecer-en-denia-experiencia-privada\/\"]}]},{\"@type\":\"ImageObject\",\"inLanguage\":\"es\",\"@id\":\"https:\/\/staging.wewhale.co\/es\/experiencias\/atardecer-en-denia-experiencia-privada\/#primaryimage\",\"url\":\"https:\/\/staging.wewhale.co\/wp-content\/uploads\/2024\/05\/Captura-de-pantalla-2024-02-08-162506.png\",\"contentUrl\":\"https:\/\/staging.wewhale.co\/wp-content\/uploads\/2024\/05\/Captura-de-pantalla-2024-02-08-162506.png\",\"width\":1596,\"height\":918,\"caption\":\"Denia private sunset experience\"},{\"@type\":\"BreadcrumbList\",\"@id\":\"https:\/\/staging.wewhale.co\/es\/experiencias\/atardecer-en-denia-experiencia-privada\/#breadcrumb\",\"itemListElement\":[{\"@type\":\"ListItem\",\"position\":1,\"name\":\"Home\",\"item\":\"https:\/\/staging.wewhale.co\/es\/wewhale-inicio\/\"},{\"@type\":\"ListItem\",\"position\":2,\"name\":\"Experiencias\",\"item\":\"https:\/\/staging.wewhale.co\/es\/experiencias\/\"},{\"@type\":\"ListItem\",\"position\":3,\"name\":\"Atardecer en Denia (Experiencia privada)\"}]},{\"@type\":\"WebSite\",\"@id\":\"https:\/\/staging.wewhale.co\/es\/#website\",\"url\":\"https:\/\/staging.wewhale.co\/es\/\",\"name\":\"WeWhale\",\"description\":\"\",\"publisher\":{\"@id\":\"https:\/\/staging.wewhale.co\/es\/#organization\"},\"potentialAction\":[{\"@type\":\"SearchAction\",\"target\":{\"@type\":\"EntryPoint\",\"urlTemplate\":\"https:\/\/staging.wewhale.co\/es\/?s={search_term_string}\"},\"query-input\":\"required name=search_term_string\"}],\"inLanguage\":\"es\"},{\"@type\":\"Organization\",\"@id\":\"https:\/\/staging.wewhale.co\/es\/#organization\",\"name\":\"WeWhale\",\"url\":\"https:\/\/staging.wewhale.co\/es\/\",\"logo\":{\"@type\":\"ImageObject\",\"inLanguage\":\"es\",\"@id\":\"https:\/\/staging.wewhale.co\/es\/#\/schema\/logo\/image\/\",\"url\":\"https:\/\/staging.wewhale.co\/wp-content\/uploads\/2022\/06\/wewhale_stamp_rgb.png\",\"contentUrl\":\"https:\/\/staging.wewhale.co\/wp-content\/uploads\/2022\/06\/wewhale_stamp_rgb.png\",\"width\":1000,\"height\":1000,\"caption\":\"WeWhale\"},\"image\":{\"@id\":\"https:\/\/staging.wewhale.co\/es\/#\/schema\/logo\/image\/\"},\"sameAs\":[\"https:\/\/x.com\/WeWhaleCo\"]}]}<\/script>\n<!-- \/ Yoast SEO Premium plugin. -->","yoast_head_json":{"title":"Atardecer en Denia (Experiencia privada) - WeWhale","description":"En la experiencia privada al atardecer en Denia, disfrutar\u00e1s de un viaje \u00fanico a bordo de nuestro velero 100% el\u00e9ctrico para la observaci\u00f3n de ballenas y delfines.","robots":{"index":"index","follow":"follow","max-snippet":"max-snippet:-1","max-image-preview":"max-image-preview:large","max-video-preview":"max-video-preview:-1"},"canonical":"https:\/\/staging.wewhale.co\/es\/experiencias\/atardecer-en-denia-experiencia-privada\/","og_locale":"es_ES","og_type":"article","og_title":"Atardecer en Denia (Experiencia privada)","og_description":"En la experiencia privada al atardecer en Denia, disfrutar\u00e1s de un viaje \u00fanico a bordo de nuestro velero 100% el\u00e9ctrico para la observaci\u00f3n de ballenas y delfines.","og_url":"https:\/\/staging.wewhale.co\/es\/experiencias\/atardecer-en-denia-experiencia-privada\/","og_site_name":"WeWhale","article_modified_time":"2024-06-05T09:23:58+00:00","og_image":[{"width":1024,"height":589,"url":"https:\/\/staging.wewhale.co\/wp-content\/uploads\/2024\/05\/Captura-de-pantalla-2024-02-08-162506-1024x589.png","type":"image\/png"}],"twitter_card":"summary_large_image","twitter_site":"@WeWhaleCo","twitter_misc":{"Tiempo de lectura":"3 minutos"},"schema":{"@context":"https:\/\/schema.org","@graph":[{"@type":"WebPage","@id":"https:\/\/staging.wewhale.co\/es\/experiencias\/atardecer-en-denia-experiencia-privada\/","url":"https:\/\/staging.wewhale.co\/es\/experiencias\/atardecer-en-denia-experiencia-privada\/","name":"Atardecer en Denia (Experiencia privada) - WeWhale","isPartOf":{"@id":"https:\/\/staging.wewhale.co\/es\/#website"},"primaryImageOfPage":{"@id":"https:\/\/staging.wewhale.co\/es\/experiencias\/atardecer-en-denia-experiencia-privada\/#primaryimage"},"image":{"@id":"https:\/\/staging.wewhale.co\/es\/experiencias\/atardecer-en-denia-experiencia-privada\/#primaryimage"},"thumbnailUrl":"https:\/\/staging.wewhale.co\/wp-content\/uploads\/2024\/05\/Captura-de-pantalla-2024-02-08-162506.png","datePublished":"2024-05-15T10:35:14+00:00","dateModified":"2024-06-05T09:23:58+00:00","description":"En la experiencia privada al atardecer en Denia, disfrutar\u00e1s de un viaje \u00fanico a bordo de nuestro velero 100% el\u00e9ctrico para la observaci\u00f3n de ballenas y delfines.","breadcrumb":{"@id":"https:\/\/staging.wewhale.co\/es\/experiencias\/atardecer-en-denia-experiencia-privada\/#breadcrumb"},"inLanguage":"es","potentialAction":[{"@type":"ReadAction","target":["https:\/\/staging.wewhale.co\/es\/experiencias\/atardecer-en-denia-experiencia-privada\/"]}]},{"@type":"ImageObject","inLanguage":"es","@id":"https:\/\/staging.wewhale.co\/es\/experiencias\/atardecer-en-denia-experiencia-privada\/#primaryimage","url":"https:\/\/staging.wewhale.co\/wp-content\/uploads\/2024\/05\/Captura-de-pantalla-2024-02-08-162506.png","contentUrl":"https:\/\/staging.wewhale.co\/wp-content\/uploads\/2024\/05\/Captura-de-pantalla-2024-02-08-162506.png","width":1596,"height":918,"caption":"Denia private sunset experience"},{"@type":"BreadcrumbList","@id":"https:\/\/staging.wewhale.co\/es\/experiencias\/atardecer-en-denia-experiencia-privada\/#breadcrumb","itemListElement":[{"@type":"ListItem","position":1,"name":"Home","item":"https:\/\/staging.wewhale.co\/es\/wewhale-inicio\/"},{"@type":"ListItem","position":2,"name":"Experiencias","item":"https:\/\/staging.wewhale.co\/es\/experiencias\/"},{"@type":"ListItem","position":3,"name":"Atardecer en Denia (Experiencia privada)"}]},{"@type":"WebSite","@id":"https:\/\/staging.wewhale.co\/es\/#website","url":"https:\/\/staging.wewhale.co\/es\/","name":"WeWhale","description":"","publisher":{"@id":"https:\/\/staging.wewhale.co\/es\/#organization"},"potentialAction":[{"@type":"SearchAction","target":{"@type":"EntryPoint","urlTemplate":"https:\/\/staging.wewhale.co\/es\/?s={search_term_string}"},"query-input":"required name=search_term_string"}],"inLanguage":"es"},{"@type":"Organization","@id":"https:\/\/staging.wewhale.co\/es\/#organization","name":"WeWhale","url":"https:\/\/staging.wewhale.co\/es\/","logo":{"@type":"ImageObject","inLanguage":"es","@id":"https:\/\/staging.wewhale.co\/es\/#\/schema\/logo\/image\/","url":"https:\/\/staging.wewhale.co\/wp-content\/uploads\/2022\/06\/wewhale_stamp_rgb.png","contentUrl":"https:\/\/staging.wewhale.co\/wp-content\/uploads\/2022\/06\/wewhale_stamp_rgb.png","width":1000,"height":1000,"caption":"WeWhale"},"image":{"@id":"https:\/\/staging.wewhale.co\/es\/#\/schema\/logo\/image\/"},"sameAs":["https:\/\/x.com\/WeWhaleCo"]}]}},"_links":{"self":[{"href":"https:\/\/staging.wewhale.co\/es\/wp-json\/wp\/v2\/pages\/114233","targetHints":{"allow":["GET"]}}],"collection":[{"href":"https:\/\/staging.wewhale.co\/es\/wp-json\/wp\/v2\/pages"}],"about":[{"href":"https:\/\/staging.wewhale.co\/es\/wp-json\/wp\/v2\/types\/page"}],"author":[{"embeddable":true,"href":"https:\/\/staging.wewhale.co\/es\/wp-json\/wp\/v2\/users\/3"}],"replies":[{"embeddable":true,"href":"https:\/\/staging.wewhale.co\/es\/wp-json\/wp\/v2\/comments?post=114233"}],"version-history":[{"count":15,"href":"https:\/\/staging.wewhale.co\/es\/wp-json\/wp\/v2\/pages\/114233\/revisions"}],"predecessor-version":[{"id":114464,"href":"https:\/\/staging.wewhale.co\/es\/wp-json\/wp\/v2\/pages\/114233\/revisions\/114464"}],"up":[{"embeddable":true,"href":"https:\/\/staging.wewhale.co\/es\/wp-json\/wp\/v2\/pages\/3323"}],"wp:featuredmedia":[{"embeddable":true,"href":"https:\/\/staging.wewhale.co\/es\/wp-json\/wp\/v2\/media\/113826"}],"wp:attachment":[{"href":"https:\/\/staging.wewhale.co\/es\/wp-json\/wp\/v2\/media?parent=114233"}],"curies":[{"name":"wp","href":"https:\/\/api.w.org\/{rel}","templated":true}]}}