{"id":114251,"date":"2024-05-08T17:42:45","date_gmt":"2024-05-08T15:42:45","guid":{"rendered":"https:\/\/staging.wewhale.co\/experiencias\/observacion-de-ballenas-y-delfines-en-denia-experiencia-grupal-compartida\/"},"modified":"2024-06-11T13:31:25","modified_gmt":"2024-06-11T11:31:25","slug":"observacion-de-ballenas-y-delfines-en-denia-experiencia-grupal-compartida","status":"publish","type":"page","link":"https:\/\/staging.wewhale.co\/es\/experiencias\/observacion-de-ballenas-y-delfines-en-denia-experiencia-grupal-compartida\/","title":{"rendered":"Observaci\u00f3n de ballenas y delfines en Denia (Experiencia grupal compartida)"},"content":{"rendered":"<div class=\"wpb-content-wrapper\"><p>[vc_row unlock_row_content=&#8221;yes&#8221; row_height_percent=&#8221;40&#8243; override_padding=&#8221;yes&#8221; h_padding=&#8221;2&#8243; top_padding=&#8221;4&#8243; bottom_padding=&#8221;2&#8243; back_image=&#8221;113683&#8243; back_position=&#8221;center center&#8221; parallax=&#8221;yes&#8221; overlay_color=&#8221;color-180534&#8243; overlay_alpha=&#8221;30&#8243; gutter_size=&#8221;3&#8243; column_width_percent=&#8221;100&#8243; shift_y=&#8221;0&#8243; z_index=&#8221;0&#8243; uncode_shortcode_id=&#8221;109759&#8243; overlay_color_type=&#8221;uncode-palette&#8221;][vc_column column_width_percent=&#8221;100&#8243; align_horizontal=&#8221;align_center&#8221; gutter_size=&#8221;2&#8243; style=&#8221;dark&#8221; overlay_alpha=&#8221;50&#8243; shift_x=&#8221;0&#8243; shift_y=&#8221;0&#8243; shift_y_down=&#8221;0&#8243; z_index=&#8221;0&#8243; medium_width=&#8221;0&#8243; mobile_width=&#8221;0&#8243; width=&#8221;1\/1&#8243; uncode_shortcode_id=&#8221;711861&#8243;][vc_single_image media=&#8221;139&#8243; media_width_use_pixel=&#8221;yes&#8221; alignment=&#8221;center&#8221; uncode_shortcode_id=&#8221;111104&#8243; media_width_pixel=&#8221;100&#8243;][vc_custom_heading heading_semantic=&#8221;h1&#8243; text_size=&#8221;h1&#8243; uncode_shortcode_id=&#8221;184399&#8243;]Observaci\u00f3n de ballenas y delfines en Denia[\/vc_custom_heading][vc_custom_heading uncode_shortcode_id=&#8221;191327&#8243;](Experiencia grupal compartida)[\/vc_custom_heading][\/vc_column][\/vc_row][vc_row unlock_row_content=&#8221;yes&#8221; row_height_percent=&#8221;0&#8243; override_padding=&#8221;yes&#8221; h_padding=&#8221;2&#8243; top_padding=&#8221;4&#8243; bottom_padding=&#8221;4&#8243; overlay_alpha=&#8221;50&#8243; gutter_size=&#8221;3&#8243; column_width_percent=&#8221;100&#8243; shift_y=&#8221;0&#8243; z_index=&#8221;0&#8243; uncode_shortcode_id=&#8221;130434&#8243;][vc_column column_width_percent=&#8221;100&#8243; align_horizontal=&#8221;align_center&#8221; gutter_size=&#8221;3&#8243; overlay_alpha=&#8221;50&#8243; shift_x=&#8221;0&#8243; shift_y=&#8221;0&#8243; shift_y_down=&#8221;0&#8243; z_index=&#8221;0&#8243; medium_width=&#8221;0&#8243; mobile_width=&#8221;0&#8243; width=&#8221;1\/12&#8243; uncode_shortcode_id=&#8221;324484&#8243;][\/vc_column][vc_column width=&#8221;4\/12&#8243;][vc_single_image media=&#8221;113688&#8243; media_width_use_pixel=&#8221;yes&#8221; alignment=&#8221;center&#8221; uncode_shortcode_id=&#8221;394421&#8243; media_width_pixel=&#8221;600&#8243;][vc_raw_html]PCEtLSBGYXJlSGFyYm9yIGNhbGVuZGFyIG9mIGl0ZW0gIzU1MDY0OSAtLT4KPHNjcmlwdCBzcmM9Imh0dHBzOi8vZmFyZWhhcmJvci5jb20vZW1iZWRzL3NjcmlwdC9jYWxlbmRhci1zbWFsbC93ZXdoYWxlLWNhbmFyaWFzLXNsL2l0ZW1zLzU1MDY0OS8\/ZmFsbGJhY2s9c2ltcGxlJmFtcDtmdWxsLWl0ZW1zPXllcyZhbXA7Zmxvdz1ubyI+PC9zY3JpcHQ+[\/vc_raw_html][\/vc_column][vc_column width=&#8221;5\/12&#8243;][vc_custom_heading heading_semantic=&#8221;h3&#8243; uncode_shortcode_id=&#8221;212498&#8243;]<span class=\"TextRun MacChromeBold SCXW83883774 BCX0\" lang=\"EN-IE\" xml:lang=\"EN-IE\" data-contrast=\"auto\"><span class=\"NormalTextRun SCXW83883774 BCX0\">Emb\u00e1rcate en la experiencia matutina de WeWhale en<\/span> <span class=\"NormalTextRun SCXW83883774 BCX0\">Denia<\/span><span class=\"NormalTextRun SCXW83883774 BCX0\">, un cautivador<\/span> <span class=\"NormalTextRun SCXW83883774 BCX0\">viaje de 4<\/span> <span class=\"NormalTextRun SCXW83883774 BCX0\">horas donde te unir\u00e1s a una aventura \u00fanica<\/span> <span class=\"NormalTextRun SCXW83883774 BCX0\">de observaci\u00f3n<\/span> <span class=\"NormalTextRun SCXW83883774 BCX0\">de ballenas y delfines a<\/span> <span class=\"NormalTextRun SCXW83883774 BCX0\">bordo de nuestro velero el\u00e9ctrico.<\/span><\/span> [\/vc_custom_heading][vc_column_text uncode_shortcode_id=&#8221;427675&#8243;]<span data-contrast=\"auto\">Disfrutar\u00e1s de una \u201cmasterclass\u201d pr\u00e1ctica dirigida por nuestro bi\u00f3logo marino a bordo, donde aprender\u00e1s todo sobre los cet\u00e1ceos y comprender\u00e1s la importancia de la costa de Denia como el punto de observaci\u00f3n de ballenas y delfines m\u00e1s grande de la costa valenciana. <\/span><\/p>\n<p><span data-contrast=\"auto\">Nuestro velero el\u00e9ctrico, &#8216;El Som Mar&#8217;, es perfecto para 10 personas, creando una experiencia inmersiva, con equipos a bordo como una c\u00e1mara de 360 grados y un hidr\u00f3fono. Estas herramientas no solo mejoran la visibilidad, sino que tambi\u00e9n te permiten escuchar los cautivadores sonidos de ballenas o delfines, creando una atm\u00f3sfera casi conversacional.<\/span><\/p>\n<p><span data-contrast=\"auto\">Durante este viaje, tendr\u00e1s la oportunidad de encontrarte con una variada variedad de vida marina. En el Mediterr\u00e1neo, hay 22 especies de cet\u00e1ceos catalogadas, con seis manteniendo poblaciones regulares: el <a href=\"https:\/\/staging.wewhale.co\/es\/2022\/06\/16\/deep-dive-into-fin-whales\/\" target=\"_blank\" rel=\"noopener\">Rorcual<\/a>, el <a href=\"https:\/\/staging.wewhale.co\/es\/2024\/01\/11\/inmersion-profunda-en-los-delfines-nariz-de-botella\/\" target=\"_blank\" rel=\"noopener\">Delf\u00edn Mular,<\/a> los <a href=\"https:\/\/staging.wewhale.co\/es\/2022\/09\/01\/inmersion-profunda-en-los-cachalotes\/\" target=\"_blank\" rel=\"noopener\">Cachalotes<\/a>, la <a href=\"https:\/\/staging.wewhale.co\/es\/2022\/08\/11\/inmersion-profunda-en-las-ballenas-piloto\/\" target=\"_blank\" rel=\"noopener\">Ballena Piloto<\/a>, el <a href=\"https:\/\/staging.wewhale.co\/es\/2023\/08\/03\/inmersion-profunda-en-los-delfines-de-risso\/\" target=\"_blank\" rel=\"noopener\">Calder\u00f3n Gris<\/a> y el <a href=\"https:\/\/staging.wewhale.co\/es\/2023\/05\/25\/inmersion-profunda-en-delfin-comun\/\" target=\"_blank\" rel=\"noopener\">Delf\u00edn Com\u00fan<\/a>.<\/span><\/p>\n<p><span data-contrast=\"auto\">Nuestro equipo desempe\u00f1a un papel activo en la preservaci\u00f3n del medio ambiente marino utilizando redes para eliminar la basura marina, vigilando a los cet\u00e1ceos, tortugas o aves marinas atrapadas en aparejos de pesca, y previniendo delitos contra la vida silvestre como el acoso hacia delfines y ballenas durante el tour.<\/span><\/p>\n<p><span data-contrast=\"auto\">A lo largo de la excursi\u00f3n, disfrutar\u00e1s de bebidas y aperitivos, gracias a nuestras colaboraciones con proyectos que comparten nuestros valores. <\/span><span data-contrast=\"auto\">Estas colaboraciones no se tratan solo de negocios; se trata de compartir valores y presentarte productos que realmente marcan la diferencia en el mundo.<\/span><\/p>\n<p><b><span data-contrast=\"none\">Lo que necesitas saber:<\/span><\/b><\/p>\n<ul>\n<li data-leveltext=\"\uf0b7\" data-font=\"Symbol\" data-listid=\"6\" data-list-defn-props=\"{\" aria-setsize=\"-1\" data-aria-posinset=\"1\" data-aria-level=\"1\"><span data-contrast=\"none\">Este tour guiado est\u00e1 disponible en ingl\u00e9s y espa\u00f1ol<\/span><\/li>\n<li data-leveltext=\"\uf0b7\" data-font=\"Symbol\" data-listid=\"6\" data-list-defn-props=\"{\" aria-setsize=\"-1\" data-aria-posinset=\"2\" data-aria-level=\"1\"><span data-contrast=\"none\">Salimos de Marina El Portet Denia<\/span> <span data-ccp-props=\"{\">(Pontoon 5 number 40)<\/span><\/li>\n<li data-leveltext=\"\uf0b7\" data-font=\"Symbol\" data-listid=\"6\" data-list-defn-props=\"{\" aria-setsize=\"-1\" data-aria-posinset=\"3\" data-aria-level=\"1\"><span data-contrast=\"none\">Duraci\u00f3n: Aproximadamente cuatro horas en el mar<\/span><\/li>\n<li data-leveltext=\"\uf0b7\" data-font=\"Symbol\" data-listid=\"6\" data-list-defn-props=\"{\" aria-setsize=\"-1\" data-aria-posinset=\"4\" data-aria-level=\"1\"><span data-contrast=\"none\">Durante el viaje, se incluyen agua, cerveza, refrescos org\u00e1nicos y fruta fresca de proveedores locales<\/span><\/li>\n<li data-leveltext=\"\uf0b7\" data-font=\"Symbol\" data-listid=\"6\" data-list-defn-props=\"{\" aria-setsize=\"-1\" data-aria-posinset=\"4\" data-aria-level=\"1\"><span data-contrast=\"none\">No hay restricciones de edad para participar en el tour<\/span><\/li>\n<li data-leveltext=\"\uf0b7\" data-font=\"Symbol\" data-listid=\"6\" data-list-defn-props=\"{\" aria-setsize=\"-1\" data-aria-posinset=\"4\" data-aria-level=\"1\"><span data-contrast=\"none\">Precio para personas de 5 a 12 a\u00f1os: 75 EUR <span class=\"s12\">(los ni\u00f1os menores de 5 a\u00f1os participan gratis<\/span><span class=\"s12\">)<\/span><\/span><\/li>\n<li data-leveltext=\"\uf0b7\" data-font=\"Symbol\" data-listid=\"6\" data-list-defn-props=\"{\" aria-setsize=\"-1\" data-aria-posinset=\"4\" data-aria-level=\"1\"><span data-contrast=\"none\">Precio para personas de 13 a\u00f1os en adelante: 95 EUR<\/span><\/li>\n<\/ul>\n<p>[\/vc_column_text][vc_column_text uncode_shortcode_id=&#8221;543054&#8243;]<\/p>\n<h3>\u00bfSab\u00edas que?<\/h3>\n<p><span data-contrast=\"auto\">Reservar una experiencia de observaci\u00f3n de ballenas y delfines con WeWhale apoya directamente la protecci\u00f3n de ballenas y delfines, con un 7.5% de los ingresos netos de estas experiencias donados a nuestra organizaci\u00f3n sin fines de lucro, <\/span><a href=\"https:\/\/staging.wewhale.co\/es\/asociacion\/\"><span data-contrast=\"none\">la Asociaci\u00f3n WeWhale.<\/span><\/a><span data-contrast=\"auto\"> Esta contribuci\u00f3n es posible gracias a los clientes que nos eligen para su aventura de observaci\u00f3n de ballenas y delfines.<\/span><\/p>\n<p><span data-contrast=\"auto\">La misi\u00f3n de WeWhale es convertir el mundo en un lugar de observaci\u00f3n de ballenas y delfines libre de ruido y emisiones, donde los animales puedan prosperar y los humanos puedan aprender. Obt\u00e9n m\u00e1s informaci\u00f3n sobre nuestro trabajo en nuestra p\u00e1gina <a href=\"https:\/\/staging.wewhale.co\/es\/acerca\/\">Acerca<\/a> de nosotros.<\/span> [\/vc_column_text][vc_column_text uncode_shortcode_id=&#8221;147778&#8243;]\u00bfTodav\u00eda tienes preguntas? Puede que encuentres la respuesta en nuestras <a href=\"https:\/\/staging.wewhale.co\/es\/preguntas-frecuentes\/\">Preguntas Frecuentes<\/a> o simplemente escr\u00edbenos un WhatsApp o ll\u00e1manos al +34 674 030 974.[\/vc_column_text][\/vc_column][vc_column width=&#8221;2\/12&#8243;][\/vc_column][\/vc_row][vc_row unlock_row_content=&#8221;yes&#8221; row_height_percent=&#8221;0&#8243; override_padding=&#8221;yes&#8221; h_padding=&#8221;0&#8243; top_padding=&#8221;3&#8243; bottom_padding=&#8221;0&#8243; overlay_alpha=&#8221;50&#8243; gutter_size=&#8221;3&#8243; column_width_percent=&#8221;100&#8243; shift_y=&#8221;0&#8243; z_index=&#8221;0&#8243; uncode_shortcode_id=&#8221;100453&#8243;][vc_column width=&#8221;1\/1&#8243;][vc_gallery el_id=&#8221;gallery-101235&#8243; medias=&#8221;113698,113692,113695,113701,113704&#8243; style_preset=&#8221;metro&#8221; gutter_size=&#8221;0&#8243; media_items=&#8221;media|lightbox|original&#8221; screen_lg=&#8221;&#8221; screen_md=&#8221;&#8221; screen_sm=&#8221;&#8221; single_overlay_opacity=&#8221;50&#8243; single_padding=&#8221;2&#8243; single_border=&#8221;yes&#8221; uncode_shortcode_id=&#8221;110093&#8243; items=&#8221;eyIxNDc3X2kiOnsic2luZ2xlX3dpZHRoIjoiMiJ9LCIxNDQ0X2kiOnsic2luZ2xlX3dpZHRoIjoiNiJ9LCIxNDcxX2kiOnsic2luZ2xlX3dpZHRoIjoiNSJ9LCIxOTBfaSI6eyJzaW5nbGVfd2lkdGgiOiIzIn0sIjE0MzhfaSI6eyJzaW5nbGVfd2lkdGgiOiI2In0sIjE0NDdfaSI6eyJzaW5nbGVfd2lkdGgiOiI2In0sIjE0NTBfaSI6eyJzaW5nbGVfd2lkdGgiOiI0In0sIjE5Ml9pIjp7InNpbmdsZV93aWR0aCI6IjQifSwiMTQ1Nl9pIjp7InNpbmdsZV93aWR0aCI6IjYifSwiMzA1MV9pIjp7InNpbmdsZV93aWR0aCI6IjMifSwiMzA2MF9pIjp7InNpbmdsZV93aWR0aCI6IjUifSwiMzA2Nl9pIjp7InNpbmdsZV93aWR0aCI6IjUifSwiMzA1N19pIjp7InNpbmdsZV93aWR0aCI6IjMifSwiMzA0OF9pIjp7InNpbmdsZV93aWR0aCI6IjMifSwiMzgyMl9pIjp7InNpbmdsZV93aWR0aCI6IjUifSwiMzgyNV9pIjp7InNpbmdsZV93aWR0aCI6IjcifSwiMTEzNzAxX2kiOnsic2luZ2xlX3dpZHRoIjoiNiJ9LCIxMTM3MDRfaSI6eyJzaW5nbGVfd2lkdGgiOiI2In19&#8243;][\/vc_column][\/vc_row][vc_row][vc_column width=&#8221;1\/1&#8243;][uncode_block id=&#8221;113994&#8243;][\/vc_column][\/vc_row][vc_row unlock_row_content=&#8221;yes&#8221; row_height_percent=&#8221;0&#8243; override_padding=&#8221;yes&#8221; h_padding=&#8221;2&#8243; top_padding=&#8221;3&#8243; bottom_padding=&#8221;3&#8243; overlay_alpha=&#8221;50&#8243; gutter_size=&#8221;3&#8243; column_width_percent=&#8221;100&#8243; shift_y=&#8221;0&#8243; z_index=&#8221;0&#8243; uncode_shortcode_id=&#8221;147448&#8243;][vc_column column_width_percent=&#8221;100&#8243; align_horizontal=&#8221;align_center&#8221; gutter_size=&#8221;3&#8243; overlay_alpha=&#8221;50&#8243; shift_x=&#8221;0&#8243; shift_y=&#8221;0&#8243; shift_y_down=&#8221;0&#8243; z_index=&#8221;0&#8243; medium_width=&#8221;0&#8243; mobile_width=&#8221;0&#8243; width=&#8221;1\/1&#8243; uncode_shortcode_id=&#8221;120214&#8243;][vc_custom_heading uncode_shortcode_id=&#8221;178010&#8243;]Impresiones de la visita[\/vc_custom_heading][vc_gallery el_id=&#8221;gallery-205674&#8243; type=&#8221;carousel&#8221; medias=&#8221;113711,113683,113717,113797,113714,113770,114011,113704,113750,114020,113767,114005,113764,113835,114008,113756,113853,114017,113813,114014&#8243; carousel_lg=&#8221;4&#8243; carousel_md=&#8221;3&#8243; carousel_sm=&#8221;1&#8243; thumb_size=&#8221;four-three&#8221; gutter_size=&#8221;2&#8243; media_items=&#8221;media|lightbox|poster&#8221; carousel_height=&#8221;equal&#8221; carousel_interval=&#8221;3000&#8243; carousel_navspeed=&#8221;400&#8243; carousel_loop=&#8221;yes&#8221; carousel_overflow=&#8221;yes&#8221; carousel_dots=&#8221;yes&#8221; carousel_dots_mobile=&#8221;yes&#8221; stage_padding=&#8221;0&#8243; single_overlay_opacity=&#8221;1&#8243; single_padding=&#8221;2&#8243; uncode_shortcode_id=&#8221;199347&#8243;][\/vc_column][\/vc_row]<\/p>\n<\/div>","protected":false},"excerpt":{"rendered":"<p>[vc_row unlock_row_content=&#8221;yes&#8221; row_height_percent=&#8221;40&#8243; override_padding=&#8221;yes&#8221; h_padding=&#8221;2&#8243; top_padding=&#8221;4&#8243; bottom_padding=&#8221;2&#8243; back_image=&#8221;113683&#8243; back_position=&#8221;center center&#8221; parallax=&#8221;yes&#8221; overlay_color=&#8221;color-180534&#8243; overlay_alpha=&#8221;30&#8243; gutter_size=&#8221;3&#8243; column_width_percent=&#8221;100&#8243; shift_y=&#8221;0&#8243; z_index=&#8221;0&#8243; uncode_shortcode_id=&#8221;109759&#8243; overlay_color_type=&#8221;uncode-palette&#8221;][vc_column column_width_percent=&#8221;100&#8243; [&hellip;]<\/p>\n","protected":false},"author":3,"featured_media":114302,"parent":3323,"menu_order":0,"comment_status":"closed","ping_status":"closed","template":"","meta":{"footnotes":""},"class_list":["post-114251","page","type-page","status-publish","has-post-thumbnail","hentry","page_category-denia-2"],"yoast_head":"<!-- This site is optimized with the Yoast SEO Premium plugin v23.2 (Yoast SEO v23.2) - https:\/\/yoast.com\/wordpress\/plugins\/seo\/ -->\n<title>Observaci\u00f3n de ballenas y delfines en Denia (Experiencia grupal compartida) - WeWhale<\/title>\n<meta name=\"description\" content=\"\u00danete a nosotros para nuestra observaci\u00f3n de ballenas y delfines en Denia, una aventura \u00fanica y un viaje de 4 horas a bordo de nuestro velero el\u00e9ctrico.\" \/>\n<meta name=\"robots\" content=\"index, follow, max-snippet:-1, max-image-preview:large, max-video-preview:-1\" \/>\n<link rel=\"canonical\" href=\"https:\/\/staging.wewhale.co\/es\/experiencias\/observacion-de-ballenas-y-delfines-en-denia-experiencia-grupal-compartida\/\" \/>\n<meta property=\"og:locale\" content=\"es_ES\" \/>\n<meta property=\"og:type\" content=\"article\" \/>\n<meta property=\"og:title\" content=\"Observaci\u00f3n de ballenas y delfines en Denia (Experiencia grupal compartida)\" \/>\n<meta property=\"og:description\" content=\"\u00danete a nosotros para nuestra observaci\u00f3n de ballenas y delfines en Denia, una aventura \u00fanica y un viaje de 4 horas a bordo de nuestro velero el\u00e9ctrico.\" \/>\n<meta property=\"og:url\" content=\"https:\/\/staging.wewhale.co\/es\/experiencias\/observacion-de-ballenas-y-delfines-en-denia-experiencia-grupal-compartida\/\" \/>\n<meta property=\"og:site_name\" content=\"WeWhale\" \/>\n<meta property=\"article:modified_time\" content=\"2024-06-11T11:31:25+00:00\" \/>\n<meta property=\"og:image\" content=\"https:\/\/staging.wewhale.co\/wp-content\/uploads\/2024\/05\/IMG_2952-scaled.jpg\" \/>\n\t<meta property=\"og:image:width\" content=\"2560\" \/>\n\t<meta property=\"og:image:height\" content=\"1920\" \/>\n\t<meta property=\"og:image:type\" content=\"image\/jpeg\" \/>\n<meta name=\"twitter:card\" content=\"summary_large_image\" \/>\n<meta name=\"twitter:site\" content=\"@WeWhaleCo\" \/>\n<meta name=\"twitter:label1\" content=\"Tiempo de lectura\" \/>\n\t<meta name=\"twitter:data1\" content=\"4 minutos\" \/>\n<script type=\"application\/ld+json\" class=\"yoast-schema-graph\">{\"@context\":\"https:\/\/schema.org\",\"@graph\":[{\"@type\":\"WebPage\",\"@id\":\"https:\/\/staging.wewhale.co\/es\/experiencias\/observacion-de-ballenas-y-delfines-en-denia-experiencia-grupal-compartida\/\",\"url\":\"https:\/\/staging.wewhale.co\/es\/experiencias\/observacion-de-ballenas-y-delfines-en-denia-experiencia-grupal-compartida\/\",\"name\":\"Observaci\u00f3n de ballenas y delfines en Denia (Experiencia grupal compartida) - WeWhale\",\"isPartOf\":{\"@id\":\"https:\/\/staging.wewhale.co\/es\/#website\"},\"primaryImageOfPage\":{\"@id\":\"https:\/\/staging.wewhale.co\/es\/experiencias\/observacion-de-ballenas-y-delfines-en-denia-experiencia-grupal-compartida\/#primaryimage\"},\"image\":{\"@id\":\"https:\/\/staging.wewhale.co\/es\/experiencias\/observacion-de-ballenas-y-delfines-en-denia-experiencia-grupal-compartida\/#primaryimage\"},\"thumbnailUrl\":\"https:\/\/staging.wewhale.co\/wp-content\/uploads\/2024\/05\/IMG_2952-scaled.jpg\",\"datePublished\":\"2024-05-08T15:42:45+00:00\",\"dateModified\":\"2024-06-11T11:31:25+00:00\",\"description\":\"\u00danete a nosotros para nuestra observaci\u00f3n de ballenas y delfines en Denia, una aventura \u00fanica y un viaje de 4 horas a bordo de nuestro velero el\u00e9ctrico.\",\"breadcrumb\":{\"@id\":\"https:\/\/staging.wewhale.co\/es\/experiencias\/observacion-de-ballenas-y-delfines-en-denia-experiencia-grupal-compartida\/#breadcrumb\"},\"inLanguage\":\"es\",\"potentialAction\":[{\"@type\":\"ReadAction\",\"target\":[\"https:\/\/staging.wewhale.co\/es\/experiencias\/observacion-de-ballenas-y-delfines-en-denia-experiencia-grupal-compartida\/\"]}]},{\"@type\":\"ImageObject\",\"inLanguage\":\"es\",\"@id\":\"https:\/\/staging.wewhale.co\/es\/experiencias\/observacion-de-ballenas-y-delfines-en-denia-experiencia-grupal-compartida\/#primaryimage\",\"url\":\"https:\/\/staging.wewhale.co\/wp-content\/uploads\/2024\/05\/IMG_2952-scaled.jpg\",\"contentUrl\":\"https:\/\/staging.wewhale.co\/wp-content\/uploads\/2024\/05\/IMG_2952-scaled.jpg\",\"width\":2560,\"height\":1920,\"caption\":\"Denia Whale & Dolphin Observation\"},{\"@type\":\"BreadcrumbList\",\"@id\":\"https:\/\/staging.wewhale.co\/es\/experiencias\/observacion-de-ballenas-y-delfines-en-denia-experiencia-grupal-compartida\/#breadcrumb\",\"itemListElement\":[{\"@type\":\"ListItem\",\"position\":1,\"name\":\"Home\",\"item\":\"https:\/\/staging.wewhale.co\/es\/wewhale-inicio\/\"},{\"@type\":\"ListItem\",\"position\":2,\"name\":\"Experiencias\",\"item\":\"https:\/\/staging.wewhale.co\/es\/experiencias\/\"},{\"@type\":\"ListItem\",\"position\":3,\"name\":\"Observaci\u00f3n de ballenas y delfines en Denia (Experiencia grupal compartida)\"}]},{\"@type\":\"WebSite\",\"@id\":\"https:\/\/staging.wewhale.co\/es\/#website\",\"url\":\"https:\/\/staging.wewhale.co\/es\/\",\"name\":\"WeWhale\",\"description\":\"\",\"publisher\":{\"@id\":\"https:\/\/staging.wewhale.co\/es\/#organization\"},\"potentialAction\":[{\"@type\":\"SearchAction\",\"target\":{\"@type\":\"EntryPoint\",\"urlTemplate\":\"https:\/\/staging.wewhale.co\/es\/?s={search_term_string}\"},\"query-input\":\"required name=search_term_string\"}],\"inLanguage\":\"es\"},{\"@type\":\"Organization\",\"@id\":\"https:\/\/staging.wewhale.co\/es\/#organization\",\"name\":\"WeWhale\",\"url\":\"https:\/\/staging.wewhale.co\/es\/\",\"logo\":{\"@type\":\"ImageObject\",\"inLanguage\":\"es\",\"@id\":\"https:\/\/staging.wewhale.co\/es\/#\/schema\/logo\/image\/\",\"url\":\"https:\/\/staging.wewhale.co\/wp-content\/uploads\/2022\/06\/wewhale_stamp_rgb.png\",\"contentUrl\":\"https:\/\/staging.wewhale.co\/wp-content\/uploads\/2022\/06\/wewhale_stamp_rgb.png\",\"width\":1000,\"height\":1000,\"caption\":\"WeWhale\"},\"image\":{\"@id\":\"https:\/\/staging.wewhale.co\/es\/#\/schema\/logo\/image\/\"},\"sameAs\":[\"https:\/\/x.com\/WeWhaleCo\"]}]}<\/script>\n<!-- \/ Yoast SEO Premium plugin. -->","yoast_head_json":{"title":"Observaci\u00f3n de ballenas y delfines en Denia (Experiencia grupal compartida) - WeWhale","description":"\u00danete a nosotros para nuestra observaci\u00f3n de ballenas y delfines en Denia, una aventura \u00fanica y un viaje de 4 horas a bordo de nuestro velero el\u00e9ctrico.","robots":{"index":"index","follow":"follow","max-snippet":"max-snippet:-1","max-image-preview":"max-image-preview:large","max-video-preview":"max-video-preview:-1"},"canonical":"https:\/\/staging.wewhale.co\/es\/experiencias\/observacion-de-ballenas-y-delfines-en-denia-experiencia-grupal-compartida\/","og_locale":"es_ES","og_type":"article","og_title":"Observaci\u00f3n de ballenas y delfines en Denia (Experiencia grupal compartida)","og_description":"\u00danete a nosotros para nuestra observaci\u00f3n de ballenas y delfines en Denia, una aventura \u00fanica y un viaje de 4 horas a bordo de nuestro velero el\u00e9ctrico.","og_url":"https:\/\/staging.wewhale.co\/es\/experiencias\/observacion-de-ballenas-y-delfines-en-denia-experiencia-grupal-compartida\/","og_site_name":"WeWhale","article_modified_time":"2024-06-11T11:31:25+00:00","og_image":[{"width":2560,"height":1920,"url":"https:\/\/staging.wewhale.co\/wp-content\/uploads\/2024\/05\/IMG_2952-scaled.jpg","type":"image\/jpeg"}],"twitter_card":"summary_large_image","twitter_site":"@WeWhaleCo","twitter_misc":{"Tiempo de lectura":"4 minutos"},"schema":{"@context":"https:\/\/schema.org","@graph":[{"@type":"WebPage","@id":"https:\/\/staging.wewhale.co\/es\/experiencias\/observacion-de-ballenas-y-delfines-en-denia-experiencia-grupal-compartida\/","url":"https:\/\/staging.wewhale.co\/es\/experiencias\/observacion-de-ballenas-y-delfines-en-denia-experiencia-grupal-compartida\/","name":"Observaci\u00f3n de ballenas y delfines en Denia (Experiencia grupal compartida) - WeWhale","isPartOf":{"@id":"https:\/\/staging.wewhale.co\/es\/#website"},"primaryImageOfPage":{"@id":"https:\/\/staging.wewhale.co\/es\/experiencias\/observacion-de-ballenas-y-delfines-en-denia-experiencia-grupal-compartida\/#primaryimage"},"image":{"@id":"https:\/\/staging.wewhale.co\/es\/experiencias\/observacion-de-ballenas-y-delfines-en-denia-experiencia-grupal-compartida\/#primaryimage"},"thumbnailUrl":"https:\/\/staging.wewhale.co\/wp-content\/uploads\/2024\/05\/IMG_2952-scaled.jpg","datePublished":"2024-05-08T15:42:45+00:00","dateModified":"2024-06-11T11:31:25+00:00","description":"\u00danete a nosotros para nuestra observaci\u00f3n de ballenas y delfines en Denia, una aventura \u00fanica y un viaje de 4 horas a bordo de nuestro velero el\u00e9ctrico.","breadcrumb":{"@id":"https:\/\/staging.wewhale.co\/es\/experiencias\/observacion-de-ballenas-y-delfines-en-denia-experiencia-grupal-compartida\/#breadcrumb"},"inLanguage":"es","potentialAction":[{"@type":"ReadAction","target":["https:\/\/staging.wewhale.co\/es\/experiencias\/observacion-de-ballenas-y-delfines-en-denia-experiencia-grupal-compartida\/"]}]},{"@type":"ImageObject","inLanguage":"es","@id":"https:\/\/staging.wewhale.co\/es\/experiencias\/observacion-de-ballenas-y-delfines-en-denia-experiencia-grupal-compartida\/#primaryimage","url":"https:\/\/staging.wewhale.co\/wp-content\/uploads\/2024\/05\/IMG_2952-scaled.jpg","contentUrl":"https:\/\/staging.wewhale.co\/wp-content\/uploads\/2024\/05\/IMG_2952-scaled.jpg","width":2560,"height":1920,"caption":"Denia Whale & Dolphin Observation"},{"@type":"BreadcrumbList","@id":"https:\/\/staging.wewhale.co\/es\/experiencias\/observacion-de-ballenas-y-delfines-en-denia-experiencia-grupal-compartida\/#breadcrumb","itemListElement":[{"@type":"ListItem","position":1,"name":"Home","item":"https:\/\/staging.wewhale.co\/es\/wewhale-inicio\/"},{"@type":"ListItem","position":2,"name":"Experiencias","item":"https:\/\/staging.wewhale.co\/es\/experiencias\/"},{"@type":"ListItem","position":3,"name":"Observaci\u00f3n de ballenas y delfines en Denia (Experiencia grupal compartida)"}]},{"@type":"WebSite","@id":"https:\/\/staging.wewhale.co\/es\/#website","url":"https:\/\/staging.wewhale.co\/es\/","name":"WeWhale","description":"","publisher":{"@id":"https:\/\/staging.wewhale.co\/es\/#organization"},"potentialAction":[{"@type":"SearchAction","target":{"@type":"EntryPoint","urlTemplate":"https:\/\/staging.wewhale.co\/es\/?s={search_term_string}"},"query-input":"required name=search_term_string"}],"inLanguage":"es"},{"@type":"Organization","@id":"https:\/\/staging.wewhale.co\/es\/#organization","name":"WeWhale","url":"https:\/\/staging.wewhale.co\/es\/","logo":{"@type":"ImageObject","inLanguage":"es","@id":"https:\/\/staging.wewhale.co\/es\/#\/schema\/logo\/image\/","url":"https:\/\/staging.wewhale.co\/wp-content\/uploads\/2022\/06\/wewhale_stamp_rgb.png","contentUrl":"https:\/\/staging.wewhale.co\/wp-content\/uploads\/2022\/06\/wewhale_stamp_rgb.png","width":1000,"height":1000,"caption":"WeWhale"},"image":{"@id":"https:\/\/staging.wewhale.co\/es\/#\/schema\/logo\/image\/"},"sameAs":["https:\/\/x.com\/WeWhaleCo"]}]}},"_links":{"self":[{"href":"https:\/\/staging.wewhale.co\/es\/wp-json\/wp\/v2\/pages\/114251","targetHints":{"allow":["GET"]}}],"collection":[{"href":"https:\/\/staging.wewhale.co\/es\/wp-json\/wp\/v2\/pages"}],"about":[{"href":"https:\/\/staging.wewhale.co\/es\/wp-json\/wp\/v2\/types\/page"}],"author":[{"embeddable":true,"href":"https:\/\/staging.wewhale.co\/es\/wp-json\/wp\/v2\/users\/3"}],"replies":[{"embeddable":true,"href":"https:\/\/staging.wewhale.co\/es\/wp-json\/wp\/v2\/comments?post=114251"}],"version-history":[{"count":17,"href":"https:\/\/staging.wewhale.co\/es\/wp-json\/wp\/v2\/pages\/114251\/revisions"}],"predecessor-version":[{"id":114525,"href":"https:\/\/staging.wewhale.co\/es\/wp-json\/wp\/v2\/pages\/114251\/revisions\/114525"}],"up":[{"embeddable":true,"href":"https:\/\/staging.wewhale.co\/es\/wp-json\/wp\/v2\/pages\/3323"}],"wp:featuredmedia":[{"embeddable":true,"href":"https:\/\/staging.wewhale.co\/es\/wp-json\/wp\/v2\/media\/114302"}],"wp:attachment":[{"href":"https:\/\/staging.wewhale.co\/es\/wp-json\/wp\/v2\/media?parent=114251"}],"curies":[{"name":"wp","href":"https:\/\/api.w.org\/{rel}","templated":true}]}}