{"id":3323,"date":"2023-02-28T09:43:34","date_gmt":"2023-02-28T09:43:34","guid":{"rendered":"https:\/\/staging.wewhale.co\/experiencias\/"},"modified":"2024-07-17T15:30:09","modified_gmt":"2024-07-17T14:30:09","slug":"experiencias","status":"publish","type":"page","link":"https:\/\/staging.wewhale.co\/es\/experiencias\/","title":{"rendered":"Experiencias"},"content":{"rendered":"<div class=\"wpb-content-wrapper\"><p>[vc_row row_height_percent=&#8221;80&#8243; override_padding=&#8221;yes&#8221; h_padding=&#8221;2&#8243; top_padding=&#8221;4&#8243; bottom_padding=&#8221;4&#8243; back_image=&#8221;3127&#8243; parallax=&#8221;yes&#8221; overlay_color=&#8221;color-180534&#8243; overlay_alpha=&#8221;30&#8243; gutter_size=&#8221;3&#8243; column_width_percent=&#8221;100&#8243; shift_y=&#8221;0&#8243; z_index=&#8221;0&#8243; uncode_shortcode_id=&#8221;140530&#8243; overlay_color_type=&#8221;uncode-palette&#8221; row_height_pixel=&#8221;400&#8243;][vc_column column_width_percent=&#8221;100&#8243; position_vertical=&#8221;middle&#8221; align_horizontal=&#8221;align_center&#8221; gutter_size=&#8221;3&#8243; style=&#8221;dark&#8221; overlay_alpha=&#8221;50&#8243; shift_x=&#8221;0&#8243; shift_y=&#8221;0&#8243; shift_y_down=&#8221;0&#8243; z_index=&#8221;0&#8243; medium_width=&#8221;0&#8243; mobile_width=&#8221;0&#8243; width=&#8221;1\/1&#8243; uncode_shortcode_id=&#8221;182583&#8243;][vc_custom_heading heading_semantic=&#8221;h1&#8243; text_size=&#8221;h1&#8243; uncode_shortcode_id=&#8221;760704&#8243;]Observaci\u00f3n de Ballenas y Delfines[\/vc_custom_heading][vc_column_text text_lead=&#8221;yes&#8221; uncode_shortcode_id=&#8221;357407&#8243;]Siente el oc\u00e9ano junto a nosotros y aprende sobre ballenas y delfines, en grupos peque\u00f1os o privados y sin contaminaci\u00f3n ac\u00fastica para animales ni humanos.<\/p>\n<p>\u00a1\u00danete a nosotros en la primera flota de observaci\u00f3n de ballenas del mundo completamente libre de ruido y emisiones![\/vc_column_text][\/vc_column][\/vc_row][vc_row row_height_percent=&#8221;0&#8243; override_padding=&#8221;yes&#8221; h_padding=&#8221;2&#8243; top_padding=&#8221;4&#8243; bottom_padding=&#8221;2&#8243; overlay_alpha=&#8221;50&#8243; gutter_size=&#8221;3&#8243; column_width_percent=&#8221;100&#8243; shift_y=&#8221;0&#8243; z_index=&#8221;0&#8243; uncode_shortcode_id=&#8221;831682&#8243;][vc_column column_width_percent=&#8221;100&#8243; align_horizontal=&#8221;align_center&#8221; gutter_size=&#8221;3&#8243; overlay_alpha=&#8221;50&#8243; shift_x=&#8221;0&#8243; shift_y=&#8221;0&#8243; shift_y_down=&#8221;0&#8243; z_index=&#8221;0&#8243; medium_width=&#8221;0&#8243; mobile_width=&#8221;0&#8243; width=&#8221;1\/1&#8243; uncode_shortcode_id=&#8221;159660&#8243;][vc_column_text uncode_shortcode_id=&#8221;120639&#8243;]Elige entre una experiencia grupal compartida o una experiencia privada (reserva cerrada para grupos entre amigos o familiares). Con cualquiera de las opciones, ser\u00e1s parte de un grupo peque\u00f1o (m\u00e1ximo 12 personas), aprendiendo y experimentando de los cet\u00e1ceos de una manera \u00fanica con hidr\u00f3fono y c\u00e1mara de 360 grados a bordo.[\/vc_column_text][\/vc_column][\/vc_row][vc_row unlock_row_content=&#8221;yes&#8221; row_height_percent=&#8221;0&#8243; override_padding=&#8221;yes&#8221; h_padding=&#8221;4&#8243; top_padding=&#8221;3&#8243; bottom_padding=&#8221;4&#8243; overlay_alpha=&#8221;50&#8243; gutter_size=&#8221;3&#8243; column_width_percent=&#8221;100&#8243; shift_y=&#8221;0&#8243; z_index=&#8221;0&#8243; uncode_shortcode_id=&#8221;676504&#8243; row_height_pixel=&#8221;600&#8243; row_name=&#8221;tabs&#8221;][vc_column width=&#8221;1\/1&#8243;][vc_tabs history=&#8221;yes&#8221; target=&#8221;row&#8221;][vc_tab gutter_size=&#8221;2&#8243; column_padding=&#8221;2&#8243; title=&#8221;Todas las experiencias&#8221; tab_id=&#8221;1681807018159-2-4&#8243;][uncode_index el_id=&#8221;index-594591&#8243; isotope_mode=&#8221;fitRows&#8221; loop=&#8221;size:All|order_by:title|post_type:page|tax_query:587,810,1226,1282|taxonomy_count:10&#8243; filtering=&#8221;yes&#8221; filtering_position=&#8221;center&#8221; filtering_uppercase=&#8221;yes&#8221; filter_mobile_dropdown=&#8221;yes&#8221; gutter_size=&#8221;3&#8243; page_items=&#8221;media|featured|onpost|original,category|nobg|relative|hide-icon,detail-138804,detail-129724,detail-132266,link|link|default_size&#8221; screen_lg=&#8221;1000&#8243; screen_md=&#8221;600&#8243; screen_sm=&#8221;480&#8243; images_size=&#8221;three-two&#8221; single_overlay_opacity=&#8221;1&#8243; single_padding=&#8221;2&#8243; single_title_dimension=&#8221;h2&#8243; single_text_lead=&#8221;small&#8221; custom_order=&#8221;yes&#8221; uncode_shortcode_id=&#8221;130157&#8243; filter_all_text=&#8221;Todos los destinos&#8221; filter_mobile_dropdown_text=&#8221;Destinations&#8221; order_ids=&#8221;4372,114165,3341,3347,5312,5316,5325,114251,114245,114239,114233,715,3344,1501&#8243;][\/vc_tab][vc_tab gutter_size=&#8221;2&#8243; column_padding=&#8221;2&#8243; title=&#8221;Experiencias grupales&#8221; tab_id=&#8221;1677588798-1-56&#8243; slug=&#8221;sharedgroup&#8221;][uncode_index el_id=&#8221;index-594591&#8243; isotope_mode=&#8221;fitRows&#8221; loop=&#8221;size:10|order_by:title|post_type:page|by_id:114165,114239,114251,5312,3341,115136|taxonomy_count:10&#8243; filtering=&#8221;yes&#8221; filtering_position=&#8221;center&#8221; filtering_uppercase=&#8221;yes&#8221; filter_mobile_dropdown=&#8221;yes&#8221; gutter_size=&#8221;3&#8243; page_items=&#8221;media|featured|onpost|original,category|nobg|relative|hide-icon,detail-138804,detail-129724,detail-132266,link|link|default_size&#8221; screen_lg=&#8221;1000&#8243; screen_md=&#8221;600&#8243; screen_sm=&#8221;480&#8243; images_size=&#8221;three-two&#8221; single_overlay_opacity=&#8221;1&#8243; single_padding=&#8221;2&#8243; single_title_dimension=&#8221;h2&#8243; single_text_lead=&#8221;small&#8221; custom_order=&#8221;yes&#8221; uncode_shortcode_id=&#8221;351001&#8243; filter_all_text=&#8221;Todos los destinos&#8221; filter_mobile_dropdown_text=&#8221;Destinations&#8221; order_ids=&#8221;3341,114165,5312,114251,114239,115136&#8243;][\/vc_tab][vc_tab gutter_size=&#8221;2&#8243; column_padding=&#8221;2&#8243; title=&#8221;Experiencias Privadas&#8221; tab_id=&#8221;1677588798-2-31&#8243; slug=&#8221;#private&#8221;][uncode_index el_id=&#8221;index-594591&#8243; isotope_mode=&#8221;fitRows&#8221; loop=&#8221;size:10|order_by:modified|post_type:page|by_id:114233,114245,5316,4372,3347,115125,115119|taxonomy_count:10&#8243; filtering=&#8221;yes&#8221; filtering_position=&#8221;center&#8221; filtering_uppercase=&#8221;yes&#8221; filter_mobile_dropdown=&#8221;yes&#8221; gutter_size=&#8221;3&#8243; page_items=&#8221;media|featured|onpost|original,category|nobg|relative|hide-icon,detail-138804,detail-129724,detail-132266,link|link|default_size&#8221; screen_lg=&#8221;1000&#8243; screen_md=&#8221;600&#8243; screen_sm=&#8221;480&#8243; images_size=&#8221;three-two&#8221; single_overlay_opacity=&#8221;1&#8243; single_padding=&#8221;2&#8243; single_title_dimension=&#8221;h2&#8243; single_text_lead=&#8221;small&#8221; custom_order=&#8221;yes&#8221; uncode_shortcode_id=&#8221;125742&#8243; filter_all_text=&#8221;Todos los destinos&#8221; filter_mobile_dropdown_text=&#8221;Destinations&#8221; order_ids=&#8221;3347,4372,5316,114245,114233,115125,115119&#8243;][\/vc_tab][\/vc_tabs][\/vc_column][\/vc_row]<\/p>\n<\/div>","protected":false},"excerpt":{"rendered":"<p>[vc_row row_height_percent=&#8221;80&#8243; override_padding=&#8221;yes&#8221; h_padding=&#8221;2&#8243; top_padding=&#8221;4&#8243; bottom_padding=&#8221;4&#8243; back_image=&#8221;3127&#8243; parallax=&#8221;yes&#8221; overlay_color=&#8221;color-180534&#8243; overlay_alpha=&#8221;30&#8243; gutter_size=&#8221;3&#8243; column_width_percent=&#8221;100&#8243; shift_y=&#8221;0&#8243; z_index=&#8221;0&#8243; uncode_shortcode_id=&#8221;140530&#8243; overlay_color_type=&#8221;uncode-palette&#8221; row_height_pixel=&#8221;400&#8243;][vc_column column_width_percent=&#8221;100&#8243; position_vertical=&#8221;middle&#8221; align_horizontal=&#8221;align_center&#8221; [&hellip;]<\/p>\n","protected":false},"author":1,"featured_media":0,"parent":0,"menu_order":0,"comment_status":"closed","ping_status":"closed","template":"","meta":{"footnotes":""},"class_list":["post-3323","page","type-page","status-publish","hentry"],"yoast_head":"<!-- This site is optimized with the Yoast SEO Premium plugin v23.2 (Yoast SEO v23.2) - https:\/\/yoast.com\/wordpress\/plugins\/seo\/ -->\n<title>Experiencias - WeWhale<\/title>\n<meta name=\"description\" content=\"Ofrecemos una serie de experiencias de observaci\u00f3n de cet\u00e1ceos. Elige entre una experiencia grupal compartida o una experiencia privada.\" \/>\n<meta name=\"robots\" content=\"index, follow, max-snippet:-1, max-image-preview:large, max-video-preview:-1\" \/>\n<link rel=\"canonical\" href=\"https:\/\/staging.wewhale.co\/es\/experiencias\/\" \/>\n<meta property=\"og:locale\" content=\"es_ES\" \/>\n<meta property=\"og:type\" content=\"article\" \/>\n<meta property=\"og:title\" content=\"Experiencias\" \/>\n<meta property=\"og:description\" content=\"Ofrecemos una serie de experiencias de observaci\u00f3n de cet\u00e1ceos. Elige entre una experiencia grupal compartida o una experiencia privada.\" \/>\n<meta property=\"og:url\" content=\"https:\/\/staging.wewhale.co\/es\/experiencias\/\" \/>\n<meta property=\"og:site_name\" content=\"WeWhale\" \/>\n<meta property=\"article:modified_time\" content=\"2024-07-17T14:30:09+00:00\" \/>\n<meta name=\"twitter:card\" content=\"summary_large_image\" \/>\n<meta name=\"twitter:site\" content=\"@WeWhaleCo\" \/>\n<meta name=\"twitter:label1\" content=\"Tiempo de lectura\" \/>\n\t<meta name=\"twitter:data1\" content=\"2 minutos\" \/>\n<script type=\"application\/ld+json\" class=\"yoast-schema-graph\">{\"@context\":\"https:\/\/schema.org\",\"@graph\":[{\"@type\":\"WebPage\",\"@id\":\"https:\/\/staging.wewhale.co\/es\/experiencias\/\",\"url\":\"https:\/\/staging.wewhale.co\/es\/experiencias\/\",\"name\":\"Experiencias - WeWhale\",\"isPartOf\":{\"@id\":\"https:\/\/staging.wewhale.co\/es\/#website\"},\"datePublished\":\"2023-02-28T09:43:34+00:00\",\"dateModified\":\"2024-07-17T14:30:09+00:00\",\"description\":\"Ofrecemos una serie de experiencias de observaci\u00f3n de cet\u00e1ceos. Elige entre una experiencia grupal compartida o una experiencia privada.\",\"breadcrumb\":{\"@id\":\"https:\/\/staging.wewhale.co\/es\/experiencias\/#breadcrumb\"},\"inLanguage\":\"es\",\"potentialAction\":[{\"@type\":\"ReadAction\",\"target\":[\"https:\/\/staging.wewhale.co\/es\/experiencias\/\"]}]},{\"@type\":\"BreadcrumbList\",\"@id\":\"https:\/\/staging.wewhale.co\/es\/experiencias\/#breadcrumb\",\"itemListElement\":[{\"@type\":\"ListItem\",\"position\":1,\"name\":\"Home\",\"item\":\"https:\/\/staging.wewhale.co\/es\/wewhale-inicio\/\"},{\"@type\":\"ListItem\",\"position\":2,\"name\":\"Experiencias\"}]},{\"@type\":\"WebSite\",\"@id\":\"https:\/\/staging.wewhale.co\/es\/#website\",\"url\":\"https:\/\/staging.wewhale.co\/es\/\",\"name\":\"WeWhale\",\"description\":\"\",\"publisher\":{\"@id\":\"https:\/\/staging.wewhale.co\/es\/#organization\"},\"potentialAction\":[{\"@type\":\"SearchAction\",\"target\":{\"@type\":\"EntryPoint\",\"urlTemplate\":\"https:\/\/staging.wewhale.co\/es\/?s={search_term_string}\"},\"query-input\":\"required name=search_term_string\"}],\"inLanguage\":\"es\"},{\"@type\":\"Organization\",\"@id\":\"https:\/\/staging.wewhale.co\/es\/#organization\",\"name\":\"WeWhale\",\"url\":\"https:\/\/staging.wewhale.co\/es\/\",\"logo\":{\"@type\":\"ImageObject\",\"inLanguage\":\"es\",\"@id\":\"https:\/\/staging.wewhale.co\/es\/#\/schema\/logo\/image\/\",\"url\":\"https:\/\/staging.wewhale.co\/wp-content\/uploads\/2022\/06\/wewhale_stamp_rgb.png\",\"contentUrl\":\"https:\/\/staging.wewhale.co\/wp-content\/uploads\/2022\/06\/wewhale_stamp_rgb.png\",\"width\":1000,\"height\":1000,\"caption\":\"WeWhale\"},\"image\":{\"@id\":\"https:\/\/staging.wewhale.co\/es\/#\/schema\/logo\/image\/\"},\"sameAs\":[\"https:\/\/x.com\/WeWhaleCo\"]}]}<\/script>\n<!-- \/ Yoast SEO Premium plugin. -->","yoast_head_json":{"title":"Experiencias - WeWhale","description":"Ofrecemos una serie de experiencias de observaci\u00f3n de cet\u00e1ceos. Elige entre una experiencia grupal compartida o una experiencia privada.","robots":{"index":"index","follow":"follow","max-snippet":"max-snippet:-1","max-image-preview":"max-image-preview:large","max-video-preview":"max-video-preview:-1"},"canonical":"https:\/\/staging.wewhale.co\/es\/experiencias\/","og_locale":"es_ES","og_type":"article","og_title":"Experiencias","og_description":"Ofrecemos una serie de experiencias de observaci\u00f3n de cet\u00e1ceos. Elige entre una experiencia grupal compartida o una experiencia privada.","og_url":"https:\/\/staging.wewhale.co\/es\/experiencias\/","og_site_name":"WeWhale","article_modified_time":"2024-07-17T14:30:09+00:00","twitter_card":"summary_large_image","twitter_site":"@WeWhaleCo","twitter_misc":{"Tiempo de lectura":"2 minutos"},"schema":{"@context":"https:\/\/schema.org","@graph":[{"@type":"WebPage","@id":"https:\/\/staging.wewhale.co\/es\/experiencias\/","url":"https:\/\/staging.wewhale.co\/es\/experiencias\/","name":"Experiencias - WeWhale","isPartOf":{"@id":"https:\/\/staging.wewhale.co\/es\/#website"},"datePublished":"2023-02-28T09:43:34+00:00","dateModified":"2024-07-17T14:30:09+00:00","description":"Ofrecemos una serie de experiencias de observaci\u00f3n de cet\u00e1ceos. Elige entre una experiencia grupal compartida o una experiencia privada.","breadcrumb":{"@id":"https:\/\/staging.wewhale.co\/es\/experiencias\/#breadcrumb"},"inLanguage":"es","potentialAction":[{"@type":"ReadAction","target":["https:\/\/staging.wewhale.co\/es\/experiencias\/"]}]},{"@type":"BreadcrumbList","@id":"https:\/\/staging.wewhale.co\/es\/experiencias\/#breadcrumb","itemListElement":[{"@type":"ListItem","position":1,"name":"Home","item":"https:\/\/staging.wewhale.co\/es\/wewhale-inicio\/"},{"@type":"ListItem","position":2,"name":"Experiencias"}]},{"@type":"WebSite","@id":"https:\/\/staging.wewhale.co\/es\/#website","url":"https:\/\/staging.wewhale.co\/es\/","name":"WeWhale","description":"","publisher":{"@id":"https:\/\/staging.wewhale.co\/es\/#organization"},"potentialAction":[{"@type":"SearchAction","target":{"@type":"EntryPoint","urlTemplate":"https:\/\/staging.wewhale.co\/es\/?s={search_term_string}"},"query-input":"required name=search_term_string"}],"inLanguage":"es"},{"@type":"Organization","@id":"https:\/\/staging.wewhale.co\/es\/#organization","name":"WeWhale","url":"https:\/\/staging.wewhale.co\/es\/","logo":{"@type":"ImageObject","inLanguage":"es","@id":"https:\/\/staging.wewhale.co\/es\/#\/schema\/logo\/image\/","url":"https:\/\/staging.wewhale.co\/wp-content\/uploads\/2022\/06\/wewhale_stamp_rgb.png","contentUrl":"https:\/\/staging.wewhale.co\/wp-content\/uploads\/2022\/06\/wewhale_stamp_rgb.png","width":1000,"height":1000,"caption":"WeWhale"},"image":{"@id":"https:\/\/staging.wewhale.co\/es\/#\/schema\/logo\/image\/"},"sameAs":["https:\/\/x.com\/WeWhaleCo"]}]}},"_links":{"self":[{"href":"https:\/\/staging.wewhale.co\/es\/wp-json\/wp\/v2\/pages\/3323","targetHints":{"allow":["GET"]}}],"collection":[{"href":"https:\/\/staging.wewhale.co\/es\/wp-json\/wp\/v2\/pages"}],"about":[{"href":"https:\/\/staging.wewhale.co\/es\/wp-json\/wp\/v2\/types\/page"}],"author":[{"embeddable":true,"href":"https:\/\/staging.wewhale.co\/es\/wp-json\/wp\/v2\/users\/1"}],"replies":[{"embeddable":true,"href":"https:\/\/staging.wewhale.co\/es\/wp-json\/wp\/v2\/comments?post=3323"}],"version-history":[{"count":34,"href":"https:\/\/staging.wewhale.co\/es\/wp-json\/wp\/v2\/pages\/3323\/revisions"}],"predecessor-version":[{"id":115233,"href":"https:\/\/staging.wewhale.co\/es\/wp-json\/wp\/v2\/pages\/3323\/revisions\/115233"}],"wp:attachment":[{"href":"https:\/\/staging.wewhale.co\/es\/wp-json\/wp\/v2\/media?parent=3323"}],"curies":[{"name":"wp","href":"https:\/\/api.w.org\/{rel}","templated":true}]}}