{"id":5312,"date":"2023-06-07T12:41:45","date_gmt":"2023-06-07T10:41:45","guid":{"rendered":"https:\/\/staging.wewhale.co\/experiencias\/observacion-de-ballenas-delfines-en-tenerife-experiencia-grupal-compartida\/"},"modified":"2024-01-30T12:12:55","modified_gmt":"2024-01-30T11:12:55","slug":"observacion-de-ballenas-delfines-en-tenerife-experiencia-grupal-compartida","status":"publish","type":"page","link":"https:\/\/staging.wewhale.co\/es\/experiencias\/observacion-de-ballenas-delfines-en-tenerife-experiencia-grupal-compartida\/","title":{"rendered":"Observaci\u00f3n de Ballenas &amp; Delfines en Tenerife (Experiencia grupal compartida)"},"content":{"rendered":"<div class=\"wpb-content-wrapper\"><p>[vc_row unlock_row_content=&#8221;yes&#8221; row_height_percent=&#8221;40&#8243; override_padding=&#8221;yes&#8221; h_padding=&#8221;2&#8243; top_padding=&#8221;4&#8243; bottom_padding=&#8221;2&#8243; back_image=&#8221;112201&#8243; parallax=&#8221;yes&#8221; overlay_color=&#8221;color-180534&#8243; overlay_alpha=&#8221;40&#8243; gutter_size=&#8221;3&#8243; column_width_percent=&#8221;100&#8243; shift_y=&#8221;0&#8243; z_index=&#8221;0&#8243; uncode_shortcode_id=&#8221;147270&#8243; overlay_color_type=&#8221;uncode-palette&#8221;][vc_column column_width_percent=&#8221;100&#8243; align_horizontal=&#8221;align_center&#8221; gutter_size=&#8221;2&#8243; style=&#8221;dark&#8221; overlay_alpha=&#8221;50&#8243; shift_x=&#8221;0&#8243; shift_y=&#8221;0&#8243; shift_y_down=&#8221;0&#8243; z_index=&#8221;0&#8243; medium_width=&#8221;0&#8243; mobile_width=&#8221;0&#8243; width=&#8221;1\/1&#8243; uncode_shortcode_id=&#8221;711861&#8243;][vc_single_image media=&#8221;139&#8243; media_width_use_pixel=&#8221;yes&#8221; alignment=&#8221;center&#8221; uncode_shortcode_id=&#8221;111104&#8243; media_width_pixel=&#8221;100&#8243;][vc_custom_heading heading_semantic=&#8221;h1&#8243; text_size=&#8221;h1&#8243; uncode_shortcode_id=&#8221;213874&#8243;]Observaci\u00f3n de Ballenas &amp; Delfines en Tenerife[\/vc_custom_heading][vc_custom_heading uncode_shortcode_id=&#8221;105957&#8243;](Experiencia grupal compartida)[\/vc_custom_heading][\/vc_column][\/vc_row][vc_row unlock_row_content=&#8221;yes&#8221; row_height_percent=&#8221;0&#8243; override_padding=&#8221;yes&#8221; h_padding=&#8221;2&#8243; top_padding=&#8221;4&#8243; bottom_padding=&#8221;4&#8243; overlay_alpha=&#8221;50&#8243; gutter_size=&#8221;3&#8243; column_width_percent=&#8221;100&#8243; shift_y=&#8221;0&#8243; z_index=&#8221;0&#8243; uncode_shortcode_id=&#8221;130434&#8243;][vc_column column_width_percent=&#8221;100&#8243; align_horizontal=&#8221;align_center&#8221; gutter_size=&#8221;3&#8243; overlay_alpha=&#8221;50&#8243; shift_x=&#8221;0&#8243; shift_y=&#8221;0&#8243; shift_y_down=&#8221;0&#8243; z_index=&#8221;0&#8243; medium_width=&#8221;0&#8243; mobile_width=&#8221;0&#8243; width=&#8221;1\/12&#8243; uncode_shortcode_id=&#8221;324484&#8243;][\/vc_column][vc_column width=&#8221;4\/12&#8243;][vc_single_image media=&#8221;112116&#8243; media_width_use_pixel=&#8221;yes&#8221; media_ratio=&#8221;nine-sixteen&#8221; alignment=&#8221;center&#8221; uncode_shortcode_id=&#8221;181006&#8243; media_width_pixel=&#8221;600&#8243;][vc_column_text uncode_shortcode_id=&#8221;125918&#8243;]<!-- FareHarbor calendar of item #472313 --><br \/>\n<script src=\"https:\/\/fareharbor.com\/embeds\/script\/calendar\/wewhale-canarias-sl\/items\/472313\/?fallback=simple&#038;full-items=yes&#038;flow=985870&#038;language=es\"><\/script>[\/vc_column_text][\/vc_column][vc_column width=&#8221;5\/12&#8243;][vc_custom_heading heading_semantic=&#8221;h3&#8243; uncode_shortcode_id=&#8221;113857&#8243;]\u00danete a nosotros en el \u201cEsiel\u201d, nuestra embarcaci\u00f3n h\u00edbrida (la m\u00e1s silenciosa de la isla), mientras exploramos las aguas y la vida marina de la costa oeste de Tenerife (declarada Sitio de Patrimonio de Cet\u00e1ceos en 2021). Est\u00e1s en uno de los mejores lugares del mundo para observar ballenas y delfines durante todo el a\u00f1o. \u00a1Acomp\u00e1\u00f1anos![\/vc_custom_heading][vc_column_text uncode_shortcode_id=&#8221;687498&#8243;]La excursi\u00f3n consiste en un peque\u00f1o grupo de hasta un m\u00e1ximo de 8 personas. &#8216;Esiel&#8217; est\u00e1 equipado con un hidr\u00f3fono y una c\u00e1mara de 360 grados para ofrecer las mejores impresiones posibles durante la observaci\u00f3n de ballenas y delfines.<\/p>\n<p>Las especies m\u00e1s com\u00fanmente avistadas en nuestras experiencias son los calderones tropicales de aleta corta y los delfines mulares, pero se han registrado m\u00e1s de 20 especies diferentes de cet\u00e1ceos, algunas residentes y otras migratorias, en las aguas alrededor de Tenerife.<\/p>\n<p>Nuestras experiencias tienen una alta tasa de avistamiento del 99.9% para ballenas y delfines. Cada d\u00eda es diferente, a veces encontramos una especie, otras veces podr\u00edamos ver hasta seis diferentes.<\/p>\n<p>Gracias a nuestro sistema de propulsi\u00f3n silencioso, hidr\u00f3fono y c\u00e1mara de 360 grados, vivir\u00e1s un tour de observaci\u00f3n en una atm\u00f3sfera muy especial. Nuestros hu\u00e9spedes son acompa\u00f1ados por un experimentado capit\u00e1n y bi\u00f3logo que explican todo sobre ballenas y delfines.<\/p>\n<p>Adem\u00e1s, disfrutar\u00e1s de un paseo panor\u00e1mico por la hermosa costa de &#8216;Los Acantilados de Los Gigantes&#8217;.<\/p>\n<p>Horarios: 9.30 am o 12.30 pm.<\/p>\n<p>Salimos desde el Muelle 1 en el Puerto Deportivo Los Gigantes, en la costa oeste de Tenerife, y regresamos despu\u00e9s de 2.5 horas.<\/p>\n<p>El agua, las bebidas org\u00e1nicas, los aperitivos de proveedores gourmet locales y las frutas frescas est\u00e1n incluidos en este viaje.<\/p>\n<p>Precio para personas mayores de 13 a\u00f1os: 85 euros.<\/p>\n<p>Precio para personas de 2 a 12 a\u00f1os: 75 euros.<br \/>\n(Los menores de 2 a\u00f1os entran gratis).<\/p>\n<p>Precio para residentes mayores de 13 a\u00f1os: 75 euros.<\/p>\n<p>Precio para residentes de 2 a 12 a\u00f1os: 65 euros.<br \/>\n(Los menores de 2 a\u00f1os entran gratis).[\/vc_column_text][vc_column_text uncode_shortcode_id=&#8221;211571&#8243;]<\/p>\n<h3>\u00bfSab\u00edas que?<\/h3>\n<p>Comprando experiencias de observaci\u00f3n de cet\u00e1ceos de WeWhale contribuye directamente a la protecci\u00f3n de los animales. Dentro del grupo WeWhale, donamos el 7,5 % de cada ticket a proyectos por nuestra organizaci\u00f3n hermana, <a href=\"https:\/\/staging.wewhale.co\/association\/\">WeWhale Association<\/a>.[\/vc_column_text][vc_column_text uncode_shortcode_id=&#8221;169127&#8243;]\u00bfTodav\u00eda tienes preguntas? Puede que encuentres la respuesta en nuestras <a href=\"https:\/\/staging.wewhale.co\/es\/preguntas-frecuentes\/\">Preguntas Frecuentes<\/a> o simplemente escr\u00edbenos un WhatsApp o ll\u00e1manos al +34 674 030 974.[\/vc_column_text][\/vc_column][vc_column width=&#8221;2\/12&#8243;][\/vc_column][\/vc_row][vc_row unlock_row_content=&#8221;yes&#8221; row_height_percent=&#8221;0&#8243; override_padding=&#8221;yes&#8221; h_padding=&#8221;0&#8243; top_padding=&#8221;3&#8243; bottom_padding=&#8221;0&#8243; overlay_alpha=&#8221;50&#8243; gutter_size=&#8221;3&#8243; column_width_percent=&#8221;100&#8243; shift_y=&#8221;0&#8243; z_index=&#8221;0&#8243; uncode_shortcode_id=&#8221;193642&#8243;][vc_column width=&#8221;1\/1&#8243;][vc_gallery el_id=&#8221;gallery-101235&#8243; medias=&#8221;5060,5051,5054,112112,5057&#8243; style_preset=&#8221;metro&#8221; gutter_size=&#8221;0&#8243; media_items=&#8221;media|lightbox|original&#8221; screen_lg=&#8221;&#8221; screen_md=&#8221;&#8221; screen_sm=&#8221;&#8221; single_overlay_opacity=&#8221;50&#8243; single_padding=&#8221;2&#8243; single_border=&#8221;yes&#8221; uncode_shortcode_id=&#8221;687207&#8243; items=&#8221;eyIxNDc3X2kiOnsic2luZ2xlX3dpZHRoIjoiMiJ9LCIxNDQ0X2kiOnsic2luZ2xlX3dpZHRoIjoiNiJ9LCIxNDcxX2kiOnsic2luZ2xlX3dpZHRoIjoiNSJ9LCIxOTBfaSI6eyJzaW5nbGVfd2lkdGgiOiIzIn0sIjE0MzhfaSI6eyJzaW5nbGVfd2lkdGgiOiI2In0sIjE0NDdfaSI6eyJzaW5nbGVfd2lkdGgiOiI2In0sIjE0NTBfaSI6eyJzaW5nbGVfd2lkdGgiOiI0In0sIjE5Ml9pIjp7InNpbmdsZV93aWR0aCI6IjQifSwiMTQ1Nl9pIjp7InNpbmdsZV93aWR0aCI6IjYifSwiMzA3OF9pIjp7InNpbmdsZV93aWR0aCI6IjMifSwiMzA4NF9pIjp7InNpbmdsZV93aWR0aCI6IjYifSwiMzA3NV9pIjp7InNpbmdsZV93aWR0aCI6IjMifSwiMzA4N19pIjp7InNpbmdsZV93aWR0aCI6IjYifSwiMzA5MF9pIjp7InNpbmdsZV93aWR0aCI6IjYifSwiMzgxMF9pIjp7InNpbmdsZV93aWR0aCI6IjYifSwiMzgxM19pIjp7InNpbmdsZV93aWR0aCI6IjMifSwiMzgxNl9pIjp7InNpbmdsZV93aWR0aCI6IjMifSwiMzgxOV9pIjp7InNpbmdsZV93aWR0aCI6IjMifSwiMzgwNF9pIjp7InNpbmdsZV93aWR0aCI6IjMifSwiNDI3N19pIjp7InNpbmdsZV93aWR0aCI6IjIifSwiNDMxNl9pIjp7InNpbmdsZV93aWR0aCI6IjYifSwiNDMwN19pIjp7InNpbmdsZV93aWR0aCI6IjYifSwiNDMzMV9pIjp7InNpbmdsZV93aWR0aCI6IjYifSwiNDI4M19pIjp7InNpbmdsZV93aWR0aCI6IjYifSwiNTA1MV9pIjp7InNpbmdsZV93aWR0aCI6IjcifSwiNTA2M19pIjp7InNpbmdsZV93aWR0aCI6IjMifSwiNTA2MF9pIjp7InNpbmdsZV93aWR0aCI6IjUifSwiNTA1N19pIjp7InNpbmdsZV93aWR0aCI6IjUifSwiNTA1NF9pIjp7InNpbmdsZV93aWR0aCI6IjIifSwiMTEyMTEyX2kiOnsic2luZ2xlX3dpZHRoIjoiNSJ9fQ==&#8221;][\/vc_column][\/vc_row][vc_row][vc_column width=&#8221;1\/1&#8243;][uncode_block id=&#8221;5219&#8243;][\/vc_column][\/vc_row][vc_row][vc_column width=&#8221;1\/1&#8243;][uncode_block id=&#8221;5181&#8243;][\/vc_column][\/vc_row][vc_row][vc_column width=&#8221;1\/1&#8243;][uncode_block id=&#8221;5134&#8243;][\/vc_column][\/vc_row]<\/p>\n<\/div>","protected":false},"excerpt":{"rendered":"<p>[vc_row unlock_row_content=&#8221;yes&#8221; row_height_percent=&#8221;40&#8243; override_padding=&#8221;yes&#8221; h_padding=&#8221;2&#8243; top_padding=&#8221;4&#8243; bottom_padding=&#8221;2&#8243; back_image=&#8221;112201&#8243; parallax=&#8221;yes&#8221; overlay_color=&#8221;color-180534&#8243; overlay_alpha=&#8221;40&#8243; gutter_size=&#8221;3&#8243; column_width_percent=&#8221;100&#8243; shift_y=&#8221;0&#8243; z_index=&#8221;0&#8243; uncode_shortcode_id=&#8221;147270&#8243; overlay_color_type=&#8221;uncode-palette&#8221;][vc_column column_width_percent=&#8221;100&#8243; align_horizontal=&#8221;align_center&#8221; gutter_size=&#8221;2&#8243; [&hellip;]<\/p>\n","protected":false},"author":1,"featured_media":112201,"parent":3323,"menu_order":0,"comment_status":"closed","ping_status":"closed","template":"","meta":{"footnotes":""},"class_list":["post-5312","page","type-page","status-publish","has-post-thumbnail","hentry","page_category-tenerife-es"],"yoast_head":"<!-- This site is optimized with the Yoast SEO Premium plugin v23.2 (Yoast SEO v23.2) - https:\/\/yoast.com\/wordpress\/plugins\/seo\/ -->\n<title>Observaci\u00f3n de Ballenas &amp; Delfines en Tenerife (Experiencia grupal compartida) - WeWhale<\/title>\n<meta name=\"robots\" content=\"index, follow, max-snippet:-1, max-image-preview:large, max-video-preview:-1\" \/>\n<link rel=\"canonical\" href=\"https:\/\/staging.wewhale.co\/es\/experiencias\/observacion-de-ballenas-delfines-en-tenerife-experiencia-grupal-compartida\/\" \/>\n<meta property=\"og:locale\" content=\"es_ES\" \/>\n<meta property=\"og:type\" content=\"article\" \/>\n<meta property=\"og:title\" content=\"Observaci\u00f3n de Ballenas &amp; Delfines en Tenerife (Experiencia grupal compartida)\" \/>\n<meta property=\"og:description\" content=\"[vc_row unlock_row_content=&#8221;yes&#8221; row_height_percent=&#8221;40&#8243; override_padding=&#8221;yes&#8221; h_padding=&#8221;2&#8243; top_padding=&#8221;4&#8243; bottom_padding=&#8221;2&#8243; back_image=&#8221;112201&#8243; parallax=&#8221;yes&#8221; overlay_color=&#8221;color-180534&#8243; overlay_alpha=&#8221;40&#8243; gutter_size=&#8221;3&#8243; column_width_percent=&#8221;100&#8243; shift_y=&#8221;0&#8243; z_index=&#8221;0&#8243; uncode_shortcode_id=&#8221;147270&#8243; overlay_color_type=&#8221;uncode-palette&#8221;][vc_column column_width_percent=&#8221;100&#8243; align_horizontal=&#8221;align_center&#8221; gutter_size=&#8221;2&#8243; [&hellip;]\" \/>\n<meta property=\"og:url\" content=\"https:\/\/staging.wewhale.co\/es\/experiencias\/observacion-de-ballenas-delfines-en-tenerife-experiencia-grupal-compartida\/\" \/>\n<meta property=\"og:site_name\" content=\"WeWhale\" \/>\n<meta property=\"article:modified_time\" content=\"2024-01-30T11:12:55+00:00\" \/>\n<meta property=\"og:image\" content=\"https:\/\/staging.wewhale.co\/wp-content\/uploads\/2023\/11\/pilot-whale_08.23-scaled.jpg\" \/>\n\t<meta property=\"og:image:width\" content=\"2560\" \/>\n\t<meta property=\"og:image:height\" content=\"1707\" \/>\n\t<meta property=\"og:image:type\" content=\"image\/jpeg\" \/>\n<meta name=\"twitter:card\" content=\"summary_large_image\" \/>\n<meta name=\"twitter:site\" content=\"@WeWhaleCo\" \/>\n<meta name=\"twitter:label1\" content=\"Tiempo de lectura\" \/>\n\t<meta name=\"twitter:data1\" content=\"3 minutos\" \/>\n<script type=\"application\/ld+json\" class=\"yoast-schema-graph\">{\"@context\":\"https:\/\/schema.org\",\"@graph\":[{\"@type\":\"WebPage\",\"@id\":\"https:\/\/staging.wewhale.co\/es\/experiencias\/observacion-de-ballenas-delfines-en-tenerife-experiencia-grupal-compartida\/\",\"url\":\"https:\/\/staging.wewhale.co\/es\/experiencias\/observacion-de-ballenas-delfines-en-tenerife-experiencia-grupal-compartida\/\",\"name\":\"Observaci\u00f3n de Ballenas &amp; Delfines en Tenerife (Experiencia grupal compartida) - WeWhale\",\"isPartOf\":{\"@id\":\"https:\/\/staging.wewhale.co\/es\/#website\"},\"primaryImageOfPage\":{\"@id\":\"https:\/\/staging.wewhale.co\/es\/experiencias\/observacion-de-ballenas-delfines-en-tenerife-experiencia-grupal-compartida\/#primaryimage\"},\"image\":{\"@id\":\"https:\/\/staging.wewhale.co\/es\/experiencias\/observacion-de-ballenas-delfines-en-tenerife-experiencia-grupal-compartida\/#primaryimage\"},\"thumbnailUrl\":\"https:\/\/staging.wewhale.co\/wp-content\/uploads\/2023\/11\/pilot-whale_08.23-scaled.jpg\",\"datePublished\":\"2023-06-07T10:41:45+00:00\",\"dateModified\":\"2024-01-30T11:12:55+00:00\",\"breadcrumb\":{\"@id\":\"https:\/\/staging.wewhale.co\/es\/experiencias\/observacion-de-ballenas-delfines-en-tenerife-experiencia-grupal-compartida\/#breadcrumb\"},\"inLanguage\":\"es\",\"potentialAction\":[{\"@type\":\"ReadAction\",\"target\":[\"https:\/\/staging.wewhale.co\/es\/experiencias\/observacion-de-ballenas-delfines-en-tenerife-experiencia-grupal-compartida\/\"]}]},{\"@type\":\"ImageObject\",\"inLanguage\":\"es\",\"@id\":\"https:\/\/staging.wewhale.co\/es\/experiencias\/observacion-de-ballenas-delfines-en-tenerife-experiencia-grupal-compartida\/#primaryimage\",\"url\":\"https:\/\/staging.wewhale.co\/wp-content\/uploads\/2023\/11\/pilot-whale_08.23-scaled.jpg\",\"contentUrl\":\"https:\/\/staging.wewhale.co\/wp-content\/uploads\/2023\/11\/pilot-whale_08.23-scaled.jpg\",\"width\":2560,\"height\":1707,\"caption\":\"Tenerife shared whale dolphin\"},{\"@type\":\"BreadcrumbList\",\"@id\":\"https:\/\/staging.wewhale.co\/es\/experiencias\/observacion-de-ballenas-delfines-en-tenerife-experiencia-grupal-compartida\/#breadcrumb\",\"itemListElement\":[{\"@type\":\"ListItem\",\"position\":1,\"name\":\"Home\",\"item\":\"https:\/\/staging.wewhale.co\/es\/wewhale-inicio\/\"},{\"@type\":\"ListItem\",\"position\":2,\"name\":\"Experiencias\",\"item\":\"https:\/\/staging.wewhale.co\/es\/experiencias\/\"},{\"@type\":\"ListItem\",\"position\":3,\"name\":\"Observaci\u00f3n de Ballenas &amp; Delfines en Tenerife (Experiencia grupal compartida)\"}]},{\"@type\":\"WebSite\",\"@id\":\"https:\/\/staging.wewhale.co\/es\/#website\",\"url\":\"https:\/\/staging.wewhale.co\/es\/\",\"name\":\"WeWhale\",\"description\":\"\",\"publisher\":{\"@id\":\"https:\/\/staging.wewhale.co\/es\/#organization\"},\"potentialAction\":[{\"@type\":\"SearchAction\",\"target\":{\"@type\":\"EntryPoint\",\"urlTemplate\":\"https:\/\/staging.wewhale.co\/es\/?s={search_term_string}\"},\"query-input\":\"required name=search_term_string\"}],\"inLanguage\":\"es\"},{\"@type\":\"Organization\",\"@id\":\"https:\/\/staging.wewhale.co\/es\/#organization\",\"name\":\"WeWhale\",\"url\":\"https:\/\/staging.wewhale.co\/es\/\",\"logo\":{\"@type\":\"ImageObject\",\"inLanguage\":\"es\",\"@id\":\"https:\/\/staging.wewhale.co\/es\/#\/schema\/logo\/image\/\",\"url\":\"https:\/\/staging.wewhale.co\/wp-content\/uploads\/2022\/06\/wewhale_stamp_rgb.png\",\"contentUrl\":\"https:\/\/staging.wewhale.co\/wp-content\/uploads\/2022\/06\/wewhale_stamp_rgb.png\",\"width\":1000,\"height\":1000,\"caption\":\"WeWhale\"},\"image\":{\"@id\":\"https:\/\/staging.wewhale.co\/es\/#\/schema\/logo\/image\/\"},\"sameAs\":[\"https:\/\/x.com\/WeWhaleCo\"]}]}<\/script>\n<!-- \/ Yoast SEO Premium plugin. -->","yoast_head_json":{"title":"Observaci\u00f3n de Ballenas &amp; Delfines en Tenerife (Experiencia grupal compartida) - WeWhale","robots":{"index":"index","follow":"follow","max-snippet":"max-snippet:-1","max-image-preview":"max-image-preview:large","max-video-preview":"max-video-preview:-1"},"canonical":"https:\/\/staging.wewhale.co\/es\/experiencias\/observacion-de-ballenas-delfines-en-tenerife-experiencia-grupal-compartida\/","og_locale":"es_ES","og_type":"article","og_title":"Observaci\u00f3n de Ballenas &amp; Delfines en Tenerife (Experiencia grupal compartida)","og_description":"[vc_row unlock_row_content=&#8221;yes&#8221; row_height_percent=&#8221;40&#8243; override_padding=&#8221;yes&#8221; h_padding=&#8221;2&#8243; top_padding=&#8221;4&#8243; bottom_padding=&#8221;2&#8243; back_image=&#8221;112201&#8243; parallax=&#8221;yes&#8221; overlay_color=&#8221;color-180534&#8243; overlay_alpha=&#8221;40&#8243; gutter_size=&#8221;3&#8243; column_width_percent=&#8221;100&#8243; shift_y=&#8221;0&#8243; z_index=&#8221;0&#8243; uncode_shortcode_id=&#8221;147270&#8243; overlay_color_type=&#8221;uncode-palette&#8221;][vc_column column_width_percent=&#8221;100&#8243; align_horizontal=&#8221;align_center&#8221; gutter_size=&#8221;2&#8243; [&hellip;]","og_url":"https:\/\/staging.wewhale.co\/es\/experiencias\/observacion-de-ballenas-delfines-en-tenerife-experiencia-grupal-compartida\/","og_site_name":"WeWhale","article_modified_time":"2024-01-30T11:12:55+00:00","og_image":[{"width":2560,"height":1707,"url":"https:\/\/staging.wewhale.co\/wp-content\/uploads\/2023\/11\/pilot-whale_08.23-scaled.jpg","type":"image\/jpeg"}],"twitter_card":"summary_large_image","twitter_site":"@WeWhaleCo","twitter_misc":{"Tiempo de lectura":"3 minutos"},"schema":{"@context":"https:\/\/schema.org","@graph":[{"@type":"WebPage","@id":"https:\/\/staging.wewhale.co\/es\/experiencias\/observacion-de-ballenas-delfines-en-tenerife-experiencia-grupal-compartida\/","url":"https:\/\/staging.wewhale.co\/es\/experiencias\/observacion-de-ballenas-delfines-en-tenerife-experiencia-grupal-compartida\/","name":"Observaci\u00f3n de Ballenas &amp; Delfines en Tenerife (Experiencia grupal compartida) - WeWhale","isPartOf":{"@id":"https:\/\/staging.wewhale.co\/es\/#website"},"primaryImageOfPage":{"@id":"https:\/\/staging.wewhale.co\/es\/experiencias\/observacion-de-ballenas-delfines-en-tenerife-experiencia-grupal-compartida\/#primaryimage"},"image":{"@id":"https:\/\/staging.wewhale.co\/es\/experiencias\/observacion-de-ballenas-delfines-en-tenerife-experiencia-grupal-compartida\/#primaryimage"},"thumbnailUrl":"https:\/\/staging.wewhale.co\/wp-content\/uploads\/2023\/11\/pilot-whale_08.23-scaled.jpg","datePublished":"2023-06-07T10:41:45+00:00","dateModified":"2024-01-30T11:12:55+00:00","breadcrumb":{"@id":"https:\/\/staging.wewhale.co\/es\/experiencias\/observacion-de-ballenas-delfines-en-tenerife-experiencia-grupal-compartida\/#breadcrumb"},"inLanguage":"es","potentialAction":[{"@type":"ReadAction","target":["https:\/\/staging.wewhale.co\/es\/experiencias\/observacion-de-ballenas-delfines-en-tenerife-experiencia-grupal-compartida\/"]}]},{"@type":"ImageObject","inLanguage":"es","@id":"https:\/\/staging.wewhale.co\/es\/experiencias\/observacion-de-ballenas-delfines-en-tenerife-experiencia-grupal-compartida\/#primaryimage","url":"https:\/\/staging.wewhale.co\/wp-content\/uploads\/2023\/11\/pilot-whale_08.23-scaled.jpg","contentUrl":"https:\/\/staging.wewhale.co\/wp-content\/uploads\/2023\/11\/pilot-whale_08.23-scaled.jpg","width":2560,"height":1707,"caption":"Tenerife shared whale dolphin"},{"@type":"BreadcrumbList","@id":"https:\/\/staging.wewhale.co\/es\/experiencias\/observacion-de-ballenas-delfines-en-tenerife-experiencia-grupal-compartida\/#breadcrumb","itemListElement":[{"@type":"ListItem","position":1,"name":"Home","item":"https:\/\/staging.wewhale.co\/es\/wewhale-inicio\/"},{"@type":"ListItem","position":2,"name":"Experiencias","item":"https:\/\/staging.wewhale.co\/es\/experiencias\/"},{"@type":"ListItem","position":3,"name":"Observaci\u00f3n de Ballenas &amp; Delfines en Tenerife (Experiencia grupal compartida)"}]},{"@type":"WebSite","@id":"https:\/\/staging.wewhale.co\/es\/#website","url":"https:\/\/staging.wewhale.co\/es\/","name":"WeWhale","description":"","publisher":{"@id":"https:\/\/staging.wewhale.co\/es\/#organization"},"potentialAction":[{"@type":"SearchAction","target":{"@type":"EntryPoint","urlTemplate":"https:\/\/staging.wewhale.co\/es\/?s={search_term_string}"},"query-input":"required name=search_term_string"}],"inLanguage":"es"},{"@type":"Organization","@id":"https:\/\/staging.wewhale.co\/es\/#organization","name":"WeWhale","url":"https:\/\/staging.wewhale.co\/es\/","logo":{"@type":"ImageObject","inLanguage":"es","@id":"https:\/\/staging.wewhale.co\/es\/#\/schema\/logo\/image\/","url":"https:\/\/staging.wewhale.co\/wp-content\/uploads\/2022\/06\/wewhale_stamp_rgb.png","contentUrl":"https:\/\/staging.wewhale.co\/wp-content\/uploads\/2022\/06\/wewhale_stamp_rgb.png","width":1000,"height":1000,"caption":"WeWhale"},"image":{"@id":"https:\/\/staging.wewhale.co\/es\/#\/schema\/logo\/image\/"},"sameAs":["https:\/\/x.com\/WeWhaleCo"]}]}},"_links":{"self":[{"href":"https:\/\/staging.wewhale.co\/es\/wp-json\/wp\/v2\/pages\/5312","targetHints":{"allow":["GET"]}}],"collection":[{"href":"https:\/\/staging.wewhale.co\/es\/wp-json\/wp\/v2\/pages"}],"about":[{"href":"https:\/\/staging.wewhale.co\/es\/wp-json\/wp\/v2\/types\/page"}],"author":[{"embeddable":true,"href":"https:\/\/staging.wewhale.co\/es\/wp-json\/wp\/v2\/users\/1"}],"replies":[{"embeddable":true,"href":"https:\/\/staging.wewhale.co\/es\/wp-json\/wp\/v2\/comments?post=5312"}],"version-history":[{"count":9,"href":"https:\/\/staging.wewhale.co\/es\/wp-json\/wp\/v2\/pages\/5312\/revisions"}],"predecessor-version":[{"id":112435,"href":"https:\/\/staging.wewhale.co\/es\/wp-json\/wp\/v2\/pages\/5312\/revisions\/112435"}],"up":[{"embeddable":true,"href":"https:\/\/staging.wewhale.co\/es\/wp-json\/wp\/v2\/pages\/3323"}],"wp:featuredmedia":[{"embeddable":true,"href":"https:\/\/staging.wewhale.co\/es\/wp-json\/wp\/v2\/media\/112201"}],"wp:attachment":[{"href":"https:\/\/staging.wewhale.co\/es\/wp-json\/wp\/v2\/media?parent=5312"}],"curies":[{"name":"wp","href":"https:\/\/api.w.org\/{rel}","templated":true}]}}