{"id":5316,"date":"2023-06-07T12:44:01","date_gmt":"2023-06-07T10:44:01","guid":{"rendered":"https:\/\/staging.wewhale.co\/experiencias\/observacion-de-ballenas-delfines-en-tenerife-experiencia-privada\/"},"modified":"2023-11-30T11:16:33","modified_gmt":"2023-11-30T10:16:33","slug":"observacion-de-ballenas-delfines-en-tenerife-experiencia-privada","status":"publish","type":"page","link":"https:\/\/staging.wewhale.co\/es\/experiencias\/observacion-de-ballenas-delfines-en-tenerife-experiencia-privada\/","title":{"rendered":"Observaci\u00f3n de Ballenas &amp; Delfines en Tenerife (Experiencia Privada)"},"content":{"rendered":"<div class=\"wpb-content-wrapper\"><p>[vc_row unlock_row_content=&#8221;yes&#8221; row_height_percent=&#8221;40&#8243; override_padding=&#8221;yes&#8221; h_padding=&#8221;2&#8243; top_padding=&#8221;4&#8243; bottom_padding=&#8221;2&#8243; back_image=&#8221;5109&#8243; parallax=&#8221;yes&#8221; overlay_color=&#8221;color-180534&#8243; overlay_alpha=&#8221;40&#8243; gutter_size=&#8221;3&#8243; column_width_percent=&#8221;100&#8243; shift_y=&#8221;0&#8243; z_index=&#8221;0&#8243; uncode_shortcode_id=&#8221;108211&#8243; overlay_color_type=&#8221;uncode-palette&#8221;][vc_column column_width_percent=&#8221;100&#8243; align_horizontal=&#8221;align_center&#8221; gutter_size=&#8221;2&#8243; style=&#8221;dark&#8221; overlay_alpha=&#8221;50&#8243; shift_x=&#8221;0&#8243; shift_y=&#8221;0&#8243; shift_y_down=&#8221;0&#8243; z_index=&#8221;0&#8243; medium_width=&#8221;0&#8243; mobile_width=&#8221;0&#8243; width=&#8221;1\/1&#8243; uncode_shortcode_id=&#8221;711861&#8243;][vc_single_image media=&#8221;139&#8243; media_width_use_pixel=&#8221;yes&#8221; alignment=&#8221;center&#8221; uncode_shortcode_id=&#8221;111104&#8243; media_width_pixel=&#8221;100&#8243;][vc_custom_heading heading_semantic=&#8221;h1&#8243; text_size=&#8221;h1&#8243; uncode_shortcode_id=&#8221;111932&#8243;]Observaci\u00f3n de Ballenas &amp; Delfines en Tenerife[\/vc_custom_heading][vc_custom_heading uncode_shortcode_id=&#8221;137644&#8243;](Experiencia Privada)[\/vc_custom_heading][\/vc_column][\/vc_row][vc_row unlock_row_content=&#8221;yes&#8221; row_height_percent=&#8221;0&#8243; override_padding=&#8221;yes&#8221; h_padding=&#8221;2&#8243; top_padding=&#8221;4&#8243; bottom_padding=&#8221;4&#8243; overlay_alpha=&#8221;50&#8243; gutter_size=&#8221;3&#8243; column_width_percent=&#8221;100&#8243; shift_y=&#8221;0&#8243; z_index=&#8221;0&#8243; uncode_shortcode_id=&#8221;130434&#8243;][vc_column column_width_percent=&#8221;100&#8243; align_horizontal=&#8221;align_center&#8221; gutter_size=&#8221;3&#8243; overlay_alpha=&#8221;50&#8243; shift_x=&#8221;0&#8243; shift_y=&#8221;0&#8243; shift_y_down=&#8221;0&#8243; z_index=&#8221;0&#8243; medium_width=&#8221;0&#8243; mobile_width=&#8221;0&#8243; width=&#8221;1\/12&#8243; uncode_shortcode_id=&#8221;324484&#8243;][\/vc_column][vc_column width=&#8221;4\/12&#8243;][vc_single_image media=&#8221;112132&#8243; media_width_use_pixel=&#8221;yes&#8221; media_ratio=&#8221;nine-sixteen&#8221; alignment=&#8221;center&#8221; uncode_shortcode_id=&#8221;590249&#8243; media_width_pixel=&#8221;600&#8243;][vc_column_text uncode_shortcode_id=&#8221;762971&#8243;]<!-- FareHarbor calendar of item #472311 --><br \/>\n<script src=\"https:\/\/fareharbor.com\/embeds\/script\/calendar\/wewhale-canarias-sl\/items\/472311\/?fallback=simple&#038;full-items=yes&#038;flow=985870&#038;language=es\"><\/script>[\/vc_column_text][\/vc_column][vc_column width=&#8221;5\/12&#8243;][vc_custom_heading heading_semantic=&#8221;h3&#8243; uncode_shortcode_id=&#8221;202890&#8243;]Reserva nuestra experiencia privada, con una reserva exclusiva para ti, tus amigos y\/o familia a bordo de &#8216;Esiel&#8217;, nuestra embarcaci\u00f3n h\u00edbrida (la m\u00e1s silenciosa de la isla). Exploramos las aguas y la vida salvaje de la costa oeste de Tenerife, un Sitio de Patrimonio de Cet\u00e1ceos y uno de los mejores lugares del mundo para observar ballenas y delfines durante todo el a\u00f1o.[\/vc_custom_heading][vc_column_text uncode_shortcode_id=&#8221;105503&#8243;]Nuestra tripulaci\u00f3n de patr\u00f3n y bi\u00f3logo te acompa\u00f1ar\u00e1n durante todo el viaje y te permitir\u00e1n sumergirte en la fascinante vida marina de Tenerife mientras disfrutas de la m\u00e1xima privacidad.<\/p>\n<p>Exploraremos y escucharemos a varias especies majestuosas de ballenas y delfines. Las especies m\u00e1s comunes que ver\u00e1s en nuestras experiencias son los calderones tropicales y los delfines mulares. Se han registrado m\u00e1s de 20 especies diferentes de cet\u00e1ceos, algunas residentes y otras migratorias, en las aguas alrededor de Tenerife.<\/p>\n<p>Nuestra embarcaci\u00f3n cuenta con un hidr\u00f3fono y una c\u00e1mara de 360 grados a bordo, lo que garantiza una experiencia \u00fanica. Para esta reserva privada, pueden subir a bordo un m\u00e1ximo de 8 personas.<\/p>\n<p>Adem\u00e1s, disfrutar\u00e1s de un paseo esc\u00e9nico a lo largo de la hermosa costa de &#8216;Los Acantilados de Los Gigantes&#8217;.<\/p>\n<p>Horarios: 9.30 am o 12.30 pm.<\/p>\n<p>Salimos desde el Pont\u00f3n 1 en el Puerto Deportivo Los Gigantes, en la costa oeste de Tenerife, y regresamos despu\u00e9s de 2.5 horas.<\/p>\n<p>Agua, refrescos org\u00e1nicos, aperitivos, frutas frescas y s\u00e1ndwiches de proveedores gourmet locales est\u00e1n incluidos.<\/p>\n<p>Precio: 700 euros.[\/vc_column_text][vc_column_text uncode_shortcode_id=&#8221;211571&#8243;]<\/p>\n<h3>\u00bfSab\u00edas que?<\/h3>\n<p>Comprando experiencias de observaci\u00f3n de cet\u00e1ceos de WeWhale contribuye directamente a la protecci\u00f3n de los animales. Dentro del grupo WeWhale, donamos el 7,5 % de cada ticket a proyectos por nuestra organizaci\u00f3n hermana, <a href=\"https:\/\/staging.wewhale.co\/association\/\">WeWhale Association<\/a>.[\/vc_column_text][vc_column_text uncode_shortcode_id=&#8221;169127&#8243;]\u00bfTodav\u00eda tienes preguntas? Puede que encuentres la respuesta en nuestras <a href=\"https:\/\/staging.wewhale.co\/es\/preguntas-frecuentes\/\">Preguntas Frecuentes<\/a> o simplemente escr\u00edbenos un WhatsApp o ll\u00e1manos al +34 674 030 974.[\/vc_column_text][\/vc_column][vc_column width=&#8221;2\/12&#8243;][\/vc_column][\/vc_row][vc_row unlock_row_content=&#8221;yes&#8221; row_height_percent=&#8221;0&#8243; override_padding=&#8221;yes&#8221; h_padding=&#8221;0&#8243; top_padding=&#8221;3&#8243; bottom_padding=&#8221;0&#8243; overlay_alpha=&#8221;50&#8243; gutter_size=&#8221;3&#8243; column_width_percent=&#8221;100&#8243; shift_y=&#8221;0&#8243; z_index=&#8221;0&#8243; uncode_shortcode_id=&#8221;193642&#8243;][vc_column width=&#8221;1\/1&#8243;][vc_gallery el_id=&#8221;gallery-101235&#8243; medias=&#8221;5121,5106,5111,112116,5252&#8243; style_preset=&#8221;metro&#8221; gutter_size=&#8221;0&#8243; media_items=&#8221;media|lightbox|original&#8221; screen_lg=&#8221;&#8221; screen_md=&#8221;&#8221; screen_sm=&#8221;&#8221; single_overlay_opacity=&#8221;50&#8243; single_padding=&#8221;2&#8243; single_border=&#8221;yes&#8221; uncode_shortcode_id=&#8221;123224&#8243; items=&#8221;eyIxNDc3X2kiOnsic2luZ2xlX3dpZHRoIjoiMiJ9LCIxNDQ0X2kiOnsic2luZ2xlX3dpZHRoIjoiNiJ9LCIxNDcxX2kiOnsic2luZ2xlX3dpZHRoIjoiNSJ9LCIxOTBfaSI6eyJzaW5nbGVfd2lkdGgiOiIzIn0sIjE0MzhfaSI6eyJzaW5nbGVfd2lkdGgiOiI2In0sIjE0NDdfaSI6eyJzaW5nbGVfd2lkdGgiOiI2In0sIjE0NTBfaSI6eyJzaW5nbGVfd2lkdGgiOiI0In0sIjE5Ml9pIjp7InNpbmdsZV93aWR0aCI6IjQifSwiMTQ1Nl9pIjp7InNpbmdsZV93aWR0aCI6IjYifSwiMzA3OF9pIjp7InNpbmdsZV93aWR0aCI6IjMifSwiMzA4NF9pIjp7InNpbmdsZV93aWR0aCI6IjYifSwiMzA3NV9pIjp7InNpbmdsZV93aWR0aCI6IjMifSwiMzA4N19pIjp7InNpbmdsZV93aWR0aCI6IjYifSwiMzA5MF9pIjp7InNpbmdsZV93aWR0aCI6IjYifSwiMzgxMF9pIjp7InNpbmdsZV93aWR0aCI6IjYifSwiMzgxM19pIjp7InNpbmdsZV93aWR0aCI6IjMifSwiMzgxNl9pIjp7InNpbmdsZV93aWR0aCI6IjMifSwiMzgxOV9pIjp7InNpbmdsZV93aWR0aCI6IjMifSwiMzgwNF9pIjp7InNpbmdsZV93aWR0aCI6IjMifSwiNDI3N19pIjp7InNpbmdsZV93aWR0aCI6IjIifSwiNDMxNl9pIjp7InNpbmdsZV93aWR0aCI6IjYifSwiNDMwN19pIjp7InNpbmdsZV93aWR0aCI6IjYifSwiNDMzMV9pIjp7InNpbmdsZV93aWR0aCI6IjYifSwiNDI4M19pIjp7InNpbmdsZV93aWR0aCI6IjYifSwiNTExOF9pIjp7InNpbmdsZV93aWR0aCI6IjMifSwiNTEyMV9pIjp7InNpbmdsZV93aWR0aCI6IjkifSwiNTEwMF9pIjp7InNpbmdsZV93aWR0aCI6IjMifSwiNTEwNl9pIjp7InNpbmdsZV93aWR0aCI6IjMifSwiNTExMl9pIjp7InNpbmdsZV93aWR0aCI6IjMifX0=&#8221;][\/vc_column][\/vc_row][vc_row][vc_column width=&#8221;1\/1&#8243;][uncode_block id=&#8221;5219&#8243;][\/vc_column][\/vc_row][vc_row][vc_column width=&#8221;1\/1&#8243;][uncode_block id=&#8221;5249&#8243;][\/vc_column][\/vc_row][vc_row][vc_column width=&#8221;1\/1&#8243;][uncode_block id=&#8221;5134&#8243;][\/vc_column][\/vc_row]<\/p>\n<\/div>","protected":false},"excerpt":{"rendered":"<p>[vc_row unlock_row_content=&#8221;yes&#8221; row_height_percent=&#8221;40&#8243; override_padding=&#8221;yes&#8221; h_padding=&#8221;2&#8243; top_padding=&#8221;4&#8243; bottom_padding=&#8221;2&#8243; back_image=&#8221;5109&#8243; parallax=&#8221;yes&#8221; overlay_color=&#8221;color-180534&#8243; overlay_alpha=&#8221;40&#8243; gutter_size=&#8221;3&#8243; column_width_percent=&#8221;100&#8243; shift_y=&#8221;0&#8243; z_index=&#8221;0&#8243; uncode_shortcode_id=&#8221;108211&#8243; overlay_color_type=&#8221;uncode-palette&#8221;][vc_column column_width_percent=&#8221;100&#8243; align_horizontal=&#8221;align_center&#8221; gutter_size=&#8221;2&#8243; [&hellip;]<\/p>\n","protected":false},"author":1,"featured_media":5111,"parent":3323,"menu_order":0,"comment_status":"closed","ping_status":"closed","template":"","meta":{"footnotes":""},"class_list":["post-5316","page","type-page","status-publish","has-post-thumbnail","hentry","page_category-tenerife-es"],"yoast_head":"<!-- This site is optimized with the Yoast SEO Premium plugin v23.2 (Yoast SEO v23.2) - https:\/\/yoast.com\/wordpress\/plugins\/seo\/ -->\n<title>Observaci\u00f3n de Ballenas &amp; Delfines en Tenerife (Experiencia Privada) - WeWhale<\/title>\n<meta name=\"robots\" content=\"index, follow, max-snippet:-1, max-image-preview:large, max-video-preview:-1\" \/>\n<link rel=\"canonical\" href=\"https:\/\/staging.wewhale.co\/es\/experiencias\/observacion-de-ballenas-delfines-en-tenerife-experiencia-privada\/\" \/>\n<meta property=\"og:locale\" content=\"es_ES\" \/>\n<meta property=\"og:type\" content=\"article\" \/>\n<meta property=\"og:title\" content=\"Observaci\u00f3n de Ballenas &amp; Delfines en Tenerife (Experiencia Privada)\" \/>\n<meta property=\"og:description\" content=\"[vc_row unlock_row_content=&#8221;yes&#8221; row_height_percent=&#8221;40&#8243; override_padding=&#8221;yes&#8221; h_padding=&#8221;2&#8243; top_padding=&#8221;4&#8243; bottom_padding=&#8221;2&#8243; back_image=&#8221;5109&#8243; parallax=&#8221;yes&#8221; overlay_color=&#8221;color-180534&#8243; overlay_alpha=&#8221;40&#8243; gutter_size=&#8221;3&#8243; column_width_percent=&#8221;100&#8243; shift_y=&#8221;0&#8243; z_index=&#8221;0&#8243; uncode_shortcode_id=&#8221;108211&#8243; overlay_color_type=&#8221;uncode-palette&#8221;][vc_column column_width_percent=&#8221;100&#8243; align_horizontal=&#8221;align_center&#8221; gutter_size=&#8221;2&#8243; [&hellip;]\" \/>\n<meta property=\"og:url\" content=\"https:\/\/staging.wewhale.co\/es\/experiencias\/observacion-de-ballenas-delfines-en-tenerife-experiencia-privada\/\" \/>\n<meta property=\"og:site_name\" content=\"WeWhale\" \/>\n<meta property=\"article:modified_time\" content=\"2023-11-30T10:16:33+00:00\" \/>\n<meta property=\"og:image\" content=\"https:\/\/staging.wewhale.co\/wp-content\/uploads\/2023\/06\/DSC_0353.jpg\" \/>\n\t<meta property=\"og:image:width\" content=\"1800\" \/>\n\t<meta property=\"og:image:height\" content=\"1200\" \/>\n\t<meta property=\"og:image:type\" content=\"image\/jpeg\" \/>\n<meta name=\"twitter:card\" content=\"summary_large_image\" \/>\n<meta name=\"twitter:site\" content=\"@WeWhaleCo\" \/>\n<meta name=\"twitter:label1\" content=\"Tiempo de lectura\" \/>\n\t<meta name=\"twitter:data1\" content=\"2 minutos\" \/>\n<script type=\"application\/ld+json\" class=\"yoast-schema-graph\">{\"@context\":\"https:\/\/schema.org\",\"@graph\":[{\"@type\":\"WebPage\",\"@id\":\"https:\/\/staging.wewhale.co\/es\/experiencias\/observacion-de-ballenas-delfines-en-tenerife-experiencia-privada\/\",\"url\":\"https:\/\/staging.wewhale.co\/es\/experiencias\/observacion-de-ballenas-delfines-en-tenerife-experiencia-privada\/\",\"name\":\"Observaci\u00f3n de Ballenas &amp; Delfines en Tenerife (Experiencia Privada) - WeWhale\",\"isPartOf\":{\"@id\":\"https:\/\/staging.wewhale.co\/es\/#website\"},\"primaryImageOfPage\":{\"@id\":\"https:\/\/staging.wewhale.co\/es\/experiencias\/observacion-de-ballenas-delfines-en-tenerife-experiencia-privada\/#primaryimage\"},\"image\":{\"@id\":\"https:\/\/staging.wewhale.co\/es\/experiencias\/observacion-de-ballenas-delfines-en-tenerife-experiencia-privada\/#primaryimage\"},\"thumbnailUrl\":\"https:\/\/staging.wewhale.co\/wp-content\/uploads\/2023\/06\/DSC_0353.jpg\",\"datePublished\":\"2023-06-07T10:44:01+00:00\",\"dateModified\":\"2023-11-30T10:16:33+00:00\",\"breadcrumb\":{\"@id\":\"https:\/\/staging.wewhale.co\/es\/experiencias\/observacion-de-ballenas-delfines-en-tenerife-experiencia-privada\/#breadcrumb\"},\"inLanguage\":\"es\",\"potentialAction\":[{\"@type\":\"ReadAction\",\"target\":[\"https:\/\/staging.wewhale.co\/es\/experiencias\/observacion-de-ballenas-delfines-en-tenerife-experiencia-privada\/\"]}]},{\"@type\":\"ImageObject\",\"inLanguage\":\"es\",\"@id\":\"https:\/\/staging.wewhale.co\/es\/experiencias\/observacion-de-ballenas-delfines-en-tenerife-experiencia-privada\/#primaryimage\",\"url\":\"https:\/\/staging.wewhale.co\/wp-content\/uploads\/2023\/06\/DSC_0353.jpg\",\"contentUrl\":\"https:\/\/staging.wewhale.co\/wp-content\/uploads\/2023\/06\/DSC_0353.jpg\",\"width\":1800,\"height\":1200,\"caption\":\"Tenerife private whale & dolphin observation\"},{\"@type\":\"BreadcrumbList\",\"@id\":\"https:\/\/staging.wewhale.co\/es\/experiencias\/observacion-de-ballenas-delfines-en-tenerife-experiencia-privada\/#breadcrumb\",\"itemListElement\":[{\"@type\":\"ListItem\",\"position\":1,\"name\":\"Home\",\"item\":\"https:\/\/staging.wewhale.co\/es\/wewhale-inicio\/\"},{\"@type\":\"ListItem\",\"position\":2,\"name\":\"Experiencias\",\"item\":\"https:\/\/staging.wewhale.co\/es\/experiencias\/\"},{\"@type\":\"ListItem\",\"position\":3,\"name\":\"Observaci\u00f3n de Ballenas &amp; Delfines en Tenerife (Experiencia Privada)\"}]},{\"@type\":\"WebSite\",\"@id\":\"https:\/\/staging.wewhale.co\/es\/#website\",\"url\":\"https:\/\/staging.wewhale.co\/es\/\",\"name\":\"WeWhale\",\"description\":\"\",\"publisher\":{\"@id\":\"https:\/\/staging.wewhale.co\/es\/#organization\"},\"potentialAction\":[{\"@type\":\"SearchAction\",\"target\":{\"@type\":\"EntryPoint\",\"urlTemplate\":\"https:\/\/staging.wewhale.co\/es\/?s={search_term_string}\"},\"query-input\":\"required name=search_term_string\"}],\"inLanguage\":\"es\"},{\"@type\":\"Organization\",\"@id\":\"https:\/\/staging.wewhale.co\/es\/#organization\",\"name\":\"WeWhale\",\"url\":\"https:\/\/staging.wewhale.co\/es\/\",\"logo\":{\"@type\":\"ImageObject\",\"inLanguage\":\"es\",\"@id\":\"https:\/\/staging.wewhale.co\/es\/#\/schema\/logo\/image\/\",\"url\":\"https:\/\/staging.wewhale.co\/wp-content\/uploads\/2022\/06\/wewhale_stamp_rgb.png\",\"contentUrl\":\"https:\/\/staging.wewhale.co\/wp-content\/uploads\/2022\/06\/wewhale_stamp_rgb.png\",\"width\":1000,\"height\":1000,\"caption\":\"WeWhale\"},\"image\":{\"@id\":\"https:\/\/staging.wewhale.co\/es\/#\/schema\/logo\/image\/\"},\"sameAs\":[\"https:\/\/x.com\/WeWhaleCo\"]}]}<\/script>\n<!-- \/ Yoast SEO Premium plugin. -->","yoast_head_json":{"title":"Observaci\u00f3n de Ballenas &amp; Delfines en Tenerife (Experiencia Privada) - WeWhale","robots":{"index":"index","follow":"follow","max-snippet":"max-snippet:-1","max-image-preview":"max-image-preview:large","max-video-preview":"max-video-preview:-1"},"canonical":"https:\/\/staging.wewhale.co\/es\/experiencias\/observacion-de-ballenas-delfines-en-tenerife-experiencia-privada\/","og_locale":"es_ES","og_type":"article","og_title":"Observaci\u00f3n de Ballenas &amp; Delfines en Tenerife (Experiencia Privada)","og_description":"[vc_row unlock_row_content=&#8221;yes&#8221; row_height_percent=&#8221;40&#8243; override_padding=&#8221;yes&#8221; h_padding=&#8221;2&#8243; top_padding=&#8221;4&#8243; bottom_padding=&#8221;2&#8243; back_image=&#8221;5109&#8243; parallax=&#8221;yes&#8221; overlay_color=&#8221;color-180534&#8243; overlay_alpha=&#8221;40&#8243; gutter_size=&#8221;3&#8243; column_width_percent=&#8221;100&#8243; shift_y=&#8221;0&#8243; z_index=&#8221;0&#8243; uncode_shortcode_id=&#8221;108211&#8243; overlay_color_type=&#8221;uncode-palette&#8221;][vc_column column_width_percent=&#8221;100&#8243; align_horizontal=&#8221;align_center&#8221; gutter_size=&#8221;2&#8243; [&hellip;]","og_url":"https:\/\/staging.wewhale.co\/es\/experiencias\/observacion-de-ballenas-delfines-en-tenerife-experiencia-privada\/","og_site_name":"WeWhale","article_modified_time":"2023-11-30T10:16:33+00:00","og_image":[{"width":1800,"height":1200,"url":"https:\/\/staging.wewhale.co\/wp-content\/uploads\/2023\/06\/DSC_0353.jpg","type":"image\/jpeg"}],"twitter_card":"summary_large_image","twitter_site":"@WeWhaleCo","twitter_misc":{"Tiempo de lectura":"2 minutos"},"schema":{"@context":"https:\/\/schema.org","@graph":[{"@type":"WebPage","@id":"https:\/\/staging.wewhale.co\/es\/experiencias\/observacion-de-ballenas-delfines-en-tenerife-experiencia-privada\/","url":"https:\/\/staging.wewhale.co\/es\/experiencias\/observacion-de-ballenas-delfines-en-tenerife-experiencia-privada\/","name":"Observaci\u00f3n de Ballenas &amp; Delfines en Tenerife (Experiencia Privada) - WeWhale","isPartOf":{"@id":"https:\/\/staging.wewhale.co\/es\/#website"},"primaryImageOfPage":{"@id":"https:\/\/staging.wewhale.co\/es\/experiencias\/observacion-de-ballenas-delfines-en-tenerife-experiencia-privada\/#primaryimage"},"image":{"@id":"https:\/\/staging.wewhale.co\/es\/experiencias\/observacion-de-ballenas-delfines-en-tenerife-experiencia-privada\/#primaryimage"},"thumbnailUrl":"https:\/\/staging.wewhale.co\/wp-content\/uploads\/2023\/06\/DSC_0353.jpg","datePublished":"2023-06-07T10:44:01+00:00","dateModified":"2023-11-30T10:16:33+00:00","breadcrumb":{"@id":"https:\/\/staging.wewhale.co\/es\/experiencias\/observacion-de-ballenas-delfines-en-tenerife-experiencia-privada\/#breadcrumb"},"inLanguage":"es","potentialAction":[{"@type":"ReadAction","target":["https:\/\/staging.wewhale.co\/es\/experiencias\/observacion-de-ballenas-delfines-en-tenerife-experiencia-privada\/"]}]},{"@type":"ImageObject","inLanguage":"es","@id":"https:\/\/staging.wewhale.co\/es\/experiencias\/observacion-de-ballenas-delfines-en-tenerife-experiencia-privada\/#primaryimage","url":"https:\/\/staging.wewhale.co\/wp-content\/uploads\/2023\/06\/DSC_0353.jpg","contentUrl":"https:\/\/staging.wewhale.co\/wp-content\/uploads\/2023\/06\/DSC_0353.jpg","width":1800,"height":1200,"caption":"Tenerife private whale & dolphin observation"},{"@type":"BreadcrumbList","@id":"https:\/\/staging.wewhale.co\/es\/experiencias\/observacion-de-ballenas-delfines-en-tenerife-experiencia-privada\/#breadcrumb","itemListElement":[{"@type":"ListItem","position":1,"name":"Home","item":"https:\/\/staging.wewhale.co\/es\/wewhale-inicio\/"},{"@type":"ListItem","position":2,"name":"Experiencias","item":"https:\/\/staging.wewhale.co\/es\/experiencias\/"},{"@type":"ListItem","position":3,"name":"Observaci\u00f3n de Ballenas &amp; Delfines en Tenerife (Experiencia Privada)"}]},{"@type":"WebSite","@id":"https:\/\/staging.wewhale.co\/es\/#website","url":"https:\/\/staging.wewhale.co\/es\/","name":"WeWhale","description":"","publisher":{"@id":"https:\/\/staging.wewhale.co\/es\/#organization"},"potentialAction":[{"@type":"SearchAction","target":{"@type":"EntryPoint","urlTemplate":"https:\/\/staging.wewhale.co\/es\/?s={search_term_string}"},"query-input":"required name=search_term_string"}],"inLanguage":"es"},{"@type":"Organization","@id":"https:\/\/staging.wewhale.co\/es\/#organization","name":"WeWhale","url":"https:\/\/staging.wewhale.co\/es\/","logo":{"@type":"ImageObject","inLanguage":"es","@id":"https:\/\/staging.wewhale.co\/es\/#\/schema\/logo\/image\/","url":"https:\/\/staging.wewhale.co\/wp-content\/uploads\/2022\/06\/wewhale_stamp_rgb.png","contentUrl":"https:\/\/staging.wewhale.co\/wp-content\/uploads\/2022\/06\/wewhale_stamp_rgb.png","width":1000,"height":1000,"caption":"WeWhale"},"image":{"@id":"https:\/\/staging.wewhale.co\/es\/#\/schema\/logo\/image\/"},"sameAs":["https:\/\/x.com\/WeWhaleCo"]}]}},"_links":{"self":[{"href":"https:\/\/staging.wewhale.co\/es\/wp-json\/wp\/v2\/pages\/5316","targetHints":{"allow":["GET"]}}],"collection":[{"href":"https:\/\/staging.wewhale.co\/es\/wp-json\/wp\/v2\/pages"}],"about":[{"href":"https:\/\/staging.wewhale.co\/es\/wp-json\/wp\/v2\/types\/page"}],"author":[{"embeddable":true,"href":"https:\/\/staging.wewhale.co\/es\/wp-json\/wp\/v2\/users\/1"}],"replies":[{"embeddable":true,"href":"https:\/\/staging.wewhale.co\/es\/wp-json\/wp\/v2\/comments?post=5316"}],"version-history":[{"count":7,"href":"https:\/\/staging.wewhale.co\/es\/wp-json\/wp\/v2\/pages\/5316\/revisions"}],"predecessor-version":[{"id":112197,"href":"https:\/\/staging.wewhale.co\/es\/wp-json\/wp\/v2\/pages\/5316\/revisions\/112197"}],"up":[{"embeddable":true,"href":"https:\/\/staging.wewhale.co\/es\/wp-json\/wp\/v2\/pages\/3323"}],"wp:featuredmedia":[{"embeddable":true,"href":"https:\/\/staging.wewhale.co\/es\/wp-json\/wp\/v2\/media\/5111"}],"wp:attachment":[{"href":"https:\/\/staging.wewhale.co\/es\/wp-json\/wp\/v2\/media?parent=5316"}],"curies":[{"name":"wp","href":"https:\/\/api.w.org\/{rel}","templated":true}]}}