{"id":635,"date":"2022-05-31T16:15:19","date_gmt":"2022-05-31T14:15:19","guid":{"rendered":"https:\/\/staging.wewhale.co\/asociacion\/"},"modified":"2024-03-13T23:26:39","modified_gmt":"2024-03-13T22:26:39","slug":"asociacion","status":"publish","type":"page","link":"https:\/\/staging.wewhale.co\/es\/asociacion\/","title":{"rendered":"Asociaci\u00f3n"},"content":{"rendered":"<div class=\"wpb-content-wrapper\"><p>[vc_row row_height_percent=&#8221;40&#8243; override_padding=&#8221;yes&#8221; h_padding=&#8221;2&#8243; top_padding=&#8221;4&#8243; bottom_padding=&#8221;4&#8243; back_color=&#8221;color-309892&#8243; back_image=&#8221;39&#8243; parallax=&#8221;yes&#8221; overlay_alpha=&#8221;50&#8243; gutter_size=&#8221;3&#8243; column_width_percent=&#8221;100&#8243; shift_y=&#8221;0&#8243; z_index=&#8221;0&#8243; uncode_shortcode_id=&#8221;211866&#8243; back_color_type=&#8221;uncode-palette&#8221;][vc_column column_width_percent=&#8221;100&#8243; position_vertical=&#8221;middle&#8221; align_horizontal=&#8221;align_center&#8221; gutter_size=&#8221;3&#8243; style=&#8221;dark&#8221; overlay_alpha=&#8221;50&#8243; shift_x=&#8221;0&#8243; shift_y=&#8221;0&#8243; shift_y_down=&#8221;0&#8243; z_index=&#8221;0&#8243; medium_width=&#8221;0&#8243; mobile_width=&#8221;0&#8243; width=&#8221;1\/1&#8243; uncode_shortcode_id=&#8221;162519&#8243;][vc_custom_heading heading_semantic=&#8221;h1&#8243; text_size=&#8221;h1&#8243; uncode_shortcode_id=&#8221;189409&#8243;]Asociaci\u00f3n WeWhale[\/vc_custom_heading][\/vc_column][\/vc_row][vc_row row_height_percent=&#8221;0&#8243; override_padding=&#8221;yes&#8221; h_padding=&#8221;2&#8243; top_padding=&#8221;3&#8243; bottom_padding=&#8221;4&#8243; overlay_alpha=&#8221;50&#8243; gutter_size=&#8221;3&#8243; column_width_percent=&#8221;100&#8243; shift_y=&#8221;0&#8243; z_index=&#8221;0&#8243; uncode_shortcode_id=&#8221;881819&#8243;][vc_column width=&#8221;1\/1&#8243;][vc_column_text uncode_shortcode_id=&#8221;168747&#8243; text_color_type=&#8221;uncode-palette&#8221; text_color_solid=&#8221;#ff0000&#8243; border_color_type=&#8221;uncode-palette&#8221; border_color_solid=&#8221;#ff0000&#8243;]La asociaci\u00f3n de WeWhale fue fundada en 2021 por Janek Andre con la misi\u00f3n de crear conciencia y protecci\u00f3n para los cet\u00e1ceos de nuestros oc\u00e9anos.<\/p>\n<p>La Asociaci\u00f3n WeWhale identifica y procesa activamente delitos contra la vida silvestre que involucran a ballenas y delfines, al mismo tiempo que participa en iniciativas de conservaci\u00f3n tanto globales como locales.<\/p>\n<p>El enfoque se centra en los siguientes proyectos y misiones:<\/p>\n<ul>\n<li style=\"text-align: left;\">Terminar con las pr\u00e1cticas irresponsables de observaci\u00f3n de ballenas y delfines.<\/li>\n<li style=\"text-align: left;\">Detener la caza de ballenas.<\/li>\n<li style=\"text-align: left;\">Acabar con la cautividad.<\/li>\n<li style=\"text-align: left;\">Poner fin a las colisiones de barcos y las lesiones a los animales.<\/li>\n<\/ul>\n<p>Puedes obtener m\u00e1s informaci\u00f3n sobre la Asociaci\u00f3n WeWhale visitando <a href=\"https:\/\/www.wewhale.org\/\" target=\"_blank\" rel=\"noopener\">su sitio web dedicado<\/a>.<\/p>\n<p>Adem\u00e1s, actualmente estamos llevando a cabo una campa\u00f1a <strong>para salvar la Orca Ib\u00e9rica<\/strong>, una subpoblaci\u00f3n de Orcas (Orcinus orca), que est\u00e1 <strong>en peligro cr\u00edtico de extinci\u00f3n<\/strong> seg\u00fan la Lista Roja de la UICN (solo quedan aproximadamente 35-40 individuos).<\/p>\n<p>Dado que la Orca Ib\u00e9rica ya se enfrenta a muchos retos como el tr\u00e1fico mar\u00edtimo, la contaminaci\u00f3n ac\u00fastica, la contaminaci\u00f3n qu\u00edmica, los efluentes industriales y militares, ahora tambi\u00e9n se enfrenta a agresiones y ataques de algunos navegantes recreativos.<\/p>\n<p>Con el fin de proteger esta subespecie en peligro, estamos lanzando un barco y equipo de vigilancia para garantizar que no se les cause ning\u00fan da\u00f1o a estos animales. Si alguna persona los ataca, se tomar\u00e1n medidas legales contra esas personas.<\/p>\n<p>Puedes obtener m\u00e1s informaci\u00f3n sobre esta campa\u00f1a espec\u00edfica en <strong><a href=\"https:\/\/save-the-iberian-orca.org\/es\/inicio\" target=\"_blank\" rel=\"noopener\">www.save-the-iberian-orca.org<\/a><\/strong><\/p>\n<p>La Asociaci\u00f3n WeWhale es una <strong>organizaci\u00f3n sin fines de lucro.<\/strong>[\/vc_column_text][\/vc_column][\/vc_row]<\/p>\n<\/div>","protected":false},"excerpt":{"rendered":"<p>[vc_row row_height_percent=&#8221;40&#8243; override_padding=&#8221;yes&#8221; h_padding=&#8221;2&#8243; top_padding=&#8221;4&#8243; bottom_padding=&#8221;4&#8243; back_color=&#8221;color-309892&#8243; back_image=&#8221;39&#8243; parallax=&#8221;yes&#8221; overlay_alpha=&#8221;50&#8243; gutter_size=&#8221;3&#8243; column_width_percent=&#8221;100&#8243; shift_y=&#8221;0&#8243; z_index=&#8221;0&#8243; uncode_shortcode_id=&#8221;211866&#8243; back_color_type=&#8221;uncode-palette&#8221;][vc_column column_width_percent=&#8221;100&#8243; position_vertical=&#8221;middle&#8221; align_horizontal=&#8221;align_center&#8221; gutter_size=&#8221;3&#8243; [&hellip;]<\/p>\n","protected":false},"author":1,"featured_media":0,"parent":0,"menu_order":0,"comment_status":"closed","ping_status":"closed","template":"","meta":{"footnotes":""},"class_list":["post-635","page","type-page","status-publish","hentry"],"yoast_head":"<!-- This site is optimized with the Yoast SEO Premium plugin v23.2 (Yoast SEO v23.2) - https:\/\/yoast.com\/wordpress\/plugins\/seo\/ -->\n<title>Asociaci\u00f3n - WeWhale<\/title>\n<meta name=\"description\" content=\"La asociaci\u00f3n de WeWhale fue fundada en 2021 con la misi\u00f3n de crear conciencia y protecci\u00f3n para los cet\u00e1ceos de nuestros oc\u00e9anos\" \/>\n<meta name=\"robots\" content=\"index, follow, max-snippet:-1, max-image-preview:large, max-video-preview:-1\" \/>\n<link rel=\"canonical\" href=\"https:\/\/staging.wewhale.co\/es\/asociacion\/\" \/>\n<meta property=\"og:locale\" content=\"es_ES\" \/>\n<meta property=\"og:type\" content=\"article\" \/>\n<meta property=\"og:title\" content=\"Asociaci\u00f3n\" \/>\n<meta property=\"og:description\" content=\"La asociaci\u00f3n de WeWhale fue fundada en 2021 con la misi\u00f3n de crear conciencia y protecci\u00f3n para los cet\u00e1ceos de nuestros oc\u00e9anos\" \/>\n<meta property=\"og:url\" content=\"https:\/\/staging.wewhale.co\/es\/asociacion\/\" \/>\n<meta property=\"og:site_name\" content=\"WeWhale\" \/>\n<meta property=\"article:modified_time\" content=\"2024-03-13T22:26:39+00:00\" \/>\n<meta name=\"twitter:card\" content=\"summary_large_image\" \/>\n<meta name=\"twitter:site\" content=\"@WeWhaleCo\" \/>\n<meta name=\"twitter:label1\" content=\"Tiempo de lectura\" \/>\n\t<meta name=\"twitter:data1\" content=\"2 minutos\" \/>\n<script type=\"application\/ld+json\" class=\"yoast-schema-graph\">{\"@context\":\"https:\/\/schema.org\",\"@graph\":[{\"@type\":\"WebPage\",\"@id\":\"https:\/\/staging.wewhale.co\/es\/asociacion\/\",\"url\":\"https:\/\/staging.wewhale.co\/es\/asociacion\/\",\"name\":\"Asociaci\u00f3n - WeWhale\",\"isPartOf\":{\"@id\":\"https:\/\/staging.wewhale.co\/es\/#website\"},\"datePublished\":\"2022-05-31T14:15:19+00:00\",\"dateModified\":\"2024-03-13T22:26:39+00:00\",\"description\":\"La asociaci\u00f3n de WeWhale fue fundada en 2021 con la misi\u00f3n de crear conciencia y protecci\u00f3n para los cet\u00e1ceos de nuestros oc\u00e9anos\",\"breadcrumb\":{\"@id\":\"https:\/\/staging.wewhale.co\/es\/asociacion\/#breadcrumb\"},\"inLanguage\":\"es\",\"potentialAction\":[{\"@type\":\"ReadAction\",\"target\":[\"https:\/\/staging.wewhale.co\/es\/asociacion\/\"]}]},{\"@type\":\"BreadcrumbList\",\"@id\":\"https:\/\/staging.wewhale.co\/es\/asociacion\/#breadcrumb\",\"itemListElement\":[{\"@type\":\"ListItem\",\"position\":1,\"name\":\"Home\",\"item\":\"https:\/\/staging.wewhale.co\/es\/wewhale-inicio\/\"},{\"@type\":\"ListItem\",\"position\":2,\"name\":\"Asociaci\u00f3n\"}]},{\"@type\":\"WebSite\",\"@id\":\"https:\/\/staging.wewhale.co\/es\/#website\",\"url\":\"https:\/\/staging.wewhale.co\/es\/\",\"name\":\"WeWhale\",\"description\":\"\",\"publisher\":{\"@id\":\"https:\/\/staging.wewhale.co\/es\/#organization\"},\"potentialAction\":[{\"@type\":\"SearchAction\",\"target\":{\"@type\":\"EntryPoint\",\"urlTemplate\":\"https:\/\/staging.wewhale.co\/es\/?s={search_term_string}\"},\"query-input\":\"required name=search_term_string\"}],\"inLanguage\":\"es\"},{\"@type\":\"Organization\",\"@id\":\"https:\/\/staging.wewhale.co\/es\/#organization\",\"name\":\"WeWhale\",\"url\":\"https:\/\/staging.wewhale.co\/es\/\",\"logo\":{\"@type\":\"ImageObject\",\"inLanguage\":\"es\",\"@id\":\"https:\/\/staging.wewhale.co\/es\/#\/schema\/logo\/image\/\",\"url\":\"https:\/\/staging.wewhale.co\/wp-content\/uploads\/2022\/06\/wewhale_stamp_rgb.png\",\"contentUrl\":\"https:\/\/staging.wewhale.co\/wp-content\/uploads\/2022\/06\/wewhale_stamp_rgb.png\",\"width\":1000,\"height\":1000,\"caption\":\"WeWhale\"},\"image\":{\"@id\":\"https:\/\/staging.wewhale.co\/es\/#\/schema\/logo\/image\/\"},\"sameAs\":[\"https:\/\/x.com\/WeWhaleCo\"]}]}<\/script>\n<!-- \/ Yoast SEO Premium plugin. -->","yoast_head_json":{"title":"Asociaci\u00f3n - WeWhale","description":"La asociaci\u00f3n de WeWhale fue fundada en 2021 con la misi\u00f3n de crear conciencia y protecci\u00f3n para los cet\u00e1ceos de nuestros oc\u00e9anos","robots":{"index":"index","follow":"follow","max-snippet":"max-snippet:-1","max-image-preview":"max-image-preview:large","max-video-preview":"max-video-preview:-1"},"canonical":"https:\/\/staging.wewhale.co\/es\/asociacion\/","og_locale":"es_ES","og_type":"article","og_title":"Asociaci\u00f3n","og_description":"La asociaci\u00f3n de WeWhale fue fundada en 2021 con la misi\u00f3n de crear conciencia y protecci\u00f3n para los cet\u00e1ceos de nuestros oc\u00e9anos","og_url":"https:\/\/staging.wewhale.co\/es\/asociacion\/","og_site_name":"WeWhale","article_modified_time":"2024-03-13T22:26:39+00:00","twitter_card":"summary_large_image","twitter_site":"@WeWhaleCo","twitter_misc":{"Tiempo de lectura":"2 minutos"},"schema":{"@context":"https:\/\/schema.org","@graph":[{"@type":"WebPage","@id":"https:\/\/staging.wewhale.co\/es\/asociacion\/","url":"https:\/\/staging.wewhale.co\/es\/asociacion\/","name":"Asociaci\u00f3n - WeWhale","isPartOf":{"@id":"https:\/\/staging.wewhale.co\/es\/#website"},"datePublished":"2022-05-31T14:15:19+00:00","dateModified":"2024-03-13T22:26:39+00:00","description":"La asociaci\u00f3n de WeWhale fue fundada en 2021 con la misi\u00f3n de crear conciencia y protecci\u00f3n para los cet\u00e1ceos de nuestros oc\u00e9anos","breadcrumb":{"@id":"https:\/\/staging.wewhale.co\/es\/asociacion\/#breadcrumb"},"inLanguage":"es","potentialAction":[{"@type":"ReadAction","target":["https:\/\/staging.wewhale.co\/es\/asociacion\/"]}]},{"@type":"BreadcrumbList","@id":"https:\/\/staging.wewhale.co\/es\/asociacion\/#breadcrumb","itemListElement":[{"@type":"ListItem","position":1,"name":"Home","item":"https:\/\/staging.wewhale.co\/es\/wewhale-inicio\/"},{"@type":"ListItem","position":2,"name":"Asociaci\u00f3n"}]},{"@type":"WebSite","@id":"https:\/\/staging.wewhale.co\/es\/#website","url":"https:\/\/staging.wewhale.co\/es\/","name":"WeWhale","description":"","publisher":{"@id":"https:\/\/staging.wewhale.co\/es\/#organization"},"potentialAction":[{"@type":"SearchAction","target":{"@type":"EntryPoint","urlTemplate":"https:\/\/staging.wewhale.co\/es\/?s={search_term_string}"},"query-input":"required name=search_term_string"}],"inLanguage":"es"},{"@type":"Organization","@id":"https:\/\/staging.wewhale.co\/es\/#organization","name":"WeWhale","url":"https:\/\/staging.wewhale.co\/es\/","logo":{"@type":"ImageObject","inLanguage":"es","@id":"https:\/\/staging.wewhale.co\/es\/#\/schema\/logo\/image\/","url":"https:\/\/staging.wewhale.co\/wp-content\/uploads\/2022\/06\/wewhale_stamp_rgb.png","contentUrl":"https:\/\/staging.wewhale.co\/wp-content\/uploads\/2022\/06\/wewhale_stamp_rgb.png","width":1000,"height":1000,"caption":"WeWhale"},"image":{"@id":"https:\/\/staging.wewhale.co\/es\/#\/schema\/logo\/image\/"},"sameAs":["https:\/\/x.com\/WeWhaleCo"]}]}},"_links":{"self":[{"href":"https:\/\/staging.wewhale.co\/es\/wp-json\/wp\/v2\/pages\/635","targetHints":{"allow":["GET"]}}],"collection":[{"href":"https:\/\/staging.wewhale.co\/es\/wp-json\/wp\/v2\/pages"}],"about":[{"href":"https:\/\/staging.wewhale.co\/es\/wp-json\/wp\/v2\/types\/page"}],"author":[{"embeddable":true,"href":"https:\/\/staging.wewhale.co\/es\/wp-json\/wp\/v2\/users\/1"}],"replies":[{"embeddable":true,"href":"https:\/\/staging.wewhale.co\/es\/wp-json\/wp\/v2\/comments?post=635"}],"version-history":[{"count":15,"href":"https:\/\/staging.wewhale.co\/es\/wp-json\/wp\/v2\/pages\/635\/revisions"}],"predecessor-version":[{"id":113216,"href":"https:\/\/staging.wewhale.co\/es\/wp-json\/wp\/v2\/pages\/635\/revisions\/113216"}],"wp:attachment":[{"href":"https:\/\/staging.wewhale.co\/es\/wp-json\/wp\/v2\/media?parent=635"}],"curies":[{"name":"wp","href":"https:\/\/api.w.org\/{rel}","templated":true}]}}