{"id":646,"date":"2022-05-13T15:19:34","date_gmt":"2022-05-13T13:19:34","guid":{"rendered":"https:\/\/staging.wewhale.co\/acerca\/"},"modified":"2023-11-01T17:05:27","modified_gmt":"2023-11-01T16:05:27","slug":"acerca","status":"publish","type":"page","link":"https:\/\/staging.wewhale.co\/es\/acerca\/","title":{"rendered":"Acerca de nosotros"},"content":{"rendered":"<div class=\"wpb-content-wrapper\"><p>[vc_row row_height_percent=&#8221;40&#8243; override_padding=&#8221;yes&#8221; h_padding=&#8221;2&#8243; top_padding=&#8221;4&#8243; bottom_padding=&#8221;4&#8243; back_color=&#8221;color-309892&#8243; back_image=&#8221;447&#8243; parallax=&#8221;yes&#8221; overlay_alpha=&#8221;50&#8243; gutter_size=&#8221;3&#8243; column_width_percent=&#8221;100&#8243; shift_y=&#8221;0&#8243; z_index=&#8221;0&#8243; uncode_shortcode_id=&#8221;142396&#8243; back_color_type=&#8221;uncode-palette&#8221;][vc_column column_width_percent=&#8221;100&#8243; position_vertical=&#8221;middle&#8221; align_horizontal=&#8221;align_center&#8221; gutter_size=&#8221;3&#8243; style=&#8221;dark&#8221; overlay_alpha=&#8221;50&#8243; shift_x=&#8221;0&#8243; shift_y=&#8221;0&#8243; shift_y_down=&#8221;0&#8243; z_index=&#8221;0&#8243; medium_width=&#8221;0&#8243; mobile_width=&#8221;0&#8243; width=&#8221;1\/1&#8243; uncode_shortcode_id=&#8221;162519&#8243;][vc_custom_heading heading_semantic=&#8221;h1&#8243; text_size=&#8221;h1&#8243; uncode_shortcode_id=&#8221;187552&#8243;]Acerca de nosotros[\/vc_custom_heading][vc_column_text text_lead=&#8221;yes&#8221; uncode_shortcode_id=&#8221;206935&#8243;]WeWhale anima a la sociedad a acercarse al mundo de las ballenas y los delfines al ofrecer experiencias de observaci\u00f3n de cet\u00e1ceos que contribuyen directamente a la protecci\u00f3n de los mismos.[\/vc_column_text][\/vc_column][\/vc_row][vc_row row_height_percent=&#8221;0&#8243; override_padding=&#8221;yes&#8221; h_padding=&#8221;2&#8243; top_padding=&#8221;3&#8243; bottom_padding=&#8221;2&#8243; overlay_alpha=&#8221;50&#8243; gutter_size=&#8221;3&#8243; column_width_percent=&#8221;100&#8243; shift_y=&#8221;0&#8243; z_index=&#8221;0&#8243; uncode_shortcode_id=&#8221;581268&#8243;][vc_column width=&#8221;1\/1&#8243;][vc_column_text uncode_shortcode_id=&#8221;190784&#8243;]<\/p>\n<p style=\"text-align: center;\"><strong>&#8220;Ballenas y delfines son seres espirituales y muy inteligentes, por lo que tenemos la responsabilidad de cuidarlos.<\/strong><br \/>\n<strong>Como plataforma que conecta a los cet\u00e1ceos con los humanos tenemos la responsabilidad de cuidar todo lo que hacemos.<br \/>\nResponsabilidad significa, pase lo que pase, integridad con el oc\u00e9ano&#8221;.<\/strong><\/p>\n<p style=\"text-align: right;\"><strong>-El fundador de WeWhale, Janek Andre<\/strong><\/p>\n<p>[\/vc_column_text][vc_column_text uncode_shortcode_id=&#8221;203262&#8243;]<span data-contrast=\"none\">WeWhale fue creado por Janek Andre, con la finalidad de construir la primera flota mundial de observaci\u00f3n de cet\u00e1ceos libre de ruidos y emisiones. <\/span><\/p>\n<p><span data-contrast=\"none\">Nuestra forma de trabajar se basa en que el avistamiento de las ballenas y delfines sirva para concienciar al p\u00fablico sobre la vida de los cet\u00e1ceos. Sin embargo, creemos que los avistamientos no se pueden realizar con ferris o barcos de motores di\u00e9sel y\/o gasolina. <\/span><\/p>\n<p><span data-contrast=\"none\">La \u00fanica forma de ofrecer tours de observaci\u00f3n siendo respetuosos con el medio ambiente y los animales es ir un paso m\u00e1s all\u00e1 y remodelar las embarcaciones para convertirlas en barcos silenciosos y neutros en CO2. De esta forma los animales no se ven afectados por la contaminaci\u00f3n ac\u00fastica, los oc\u00e9anos no son contaminados por lubricantes y las personas no sufren mareos por los olores de los gases de escape o por ruido del motor.<\/span><\/p>\n<p><span data-contrast=\"none\">Nuestro equipo est\u00e1 motivado para acercarnos un poco m\u00e1s al mundo de los cet\u00e1ceos y la belleza del oc\u00e9ano, llevando a nuestros clientes al mar en peque\u00f1os grupos, explicando sus maravillas y la importancia de sus habitantes. <\/span><\/p>\n<p><span data-contrast=\"none\">Con cada reserva de una experiencia de WeWhale, se ayuda directamente a financiar proyectos de protecci\u00f3n de cet\u00e1ceos, ya que parte de nuestras ganancias va destinada a nuestra organizaci\u00f3n hermana <a href=\"https:\/\/staging.wewhale.co\/es\/asociacion\/\">WeWhale Association<\/a>.<\/span>[\/vc_column_text][\/vc_column][\/vc_row][vc_row unlock_row_content=&#8221;yes&#8221; row_height_percent=&#8221;0&#8243; override_padding=&#8221;yes&#8221; h_padding=&#8221;2&#8243; top_padding=&#8221;4&#8243; bottom_padding=&#8221;4&#8243; back_color=&#8221;color-114550&#8243; overlay_alpha=&#8221;50&#8243; gutter_size=&#8221;3&#8243; column_width_percent=&#8221;100&#8243; shift_y=&#8221;0&#8243; z_index=&#8221;0&#8243; uncode_shortcode_id=&#8221;666525&#8243; back_color_type=&#8221;uncode-palette&#8221;][vc_column column_width_percent=&#8221;100&#8243; align_horizontal=&#8221;align_center&#8221; gutter_size=&#8221;3&#8243; overlay_alpha=&#8221;50&#8243; shift_x=&#8221;0&#8243; shift_y=&#8221;0&#8243; shift_y_down=&#8221;0&#8243; z_index=&#8221;0&#8243; medium_width=&#8221;0&#8243; mobile_width=&#8221;0&#8243; width=&#8221;2\/12&#8243; uncode_shortcode_id=&#8221;219716&#8243;][\/vc_column][vc_column column_width_percent=&#8221;100&#8243; align_horizontal=&#8221;align_center&#8221; gutter_size=&#8221;2&#8243; overlay_alpha=&#8221;50&#8243; shift_x=&#8221;0&#8243; shift_y=&#8221;0&#8243; shift_y_down=&#8221;0&#8243; z_index=&#8221;0&#8243; medium_width=&#8221;0&#8243; mobile_width=&#8221;0&#8243; width=&#8221;8\/12&#8243; uncode_shortcode_id=&#8221;787677&#8243;][vc_row_inner][vc_column_inner column_width_percent=&#8221;100&#8243; align_horizontal=&#8221;align_center&#8221; gutter_size=&#8221;2&#8243; overlay_alpha=&#8221;50&#8243; shift_x=&#8221;0&#8243; shift_y=&#8221;0&#8243; shift_y_down=&#8221;0&#8243; z_index=&#8221;0&#8243; medium_width=&#8221;0&#8243; mobile_width=&#8221;0&#8243; width=&#8221;5\/12&#8243; uncode_shortcode_id=&#8221;346505&#8243;][vc_single_image media=&#8221;22&#8243; media_width_use_pixel=&#8221;yes&#8221; alignment=&#8221;center&#8221; uncode_shortcode_id=&#8221;131336&#8243; media_width_pixel=&#8221;180&#8243;][vc_custom_heading uncode_shortcode_id=&#8221;687277&#8243;]Nuestra Misi\u00f3n[\/vc_custom_heading][vc_column_text uncode_shortcode_id=&#8221;721495&#8243;]<span class=\"TextRun SCXW187820966 BCX0\" lang=\"EN-US\" xml:lang=\"EN-US\" data-contrast=\"none\"><span class=\"NormalTextRun SCXW187820966 BCX0\" data-ccp-parastyle=\"Normal (Web)\">Que las observaciones de cet\u00e1ceos sean libres de ruidos y emisiones<\/span><span class=\"NormalTextRun SCXW187820966 BCX0\" data-ccp-parastyle=\"Normal (Web)\">,<\/span> <span class=\"NormalTextRun SCXW187820966 BCX0\" data-ccp-parastyle=\"Normal (Web)\">en un mundo<\/span> <span class=\"NormalTextRun SCXW187820966 BCX0\" data-ccp-parastyle=\"Normal (Web)\">donde los animales<\/span> <span class=\"NormalTextRun SCXW187820966 BCX0\" data-ccp-parastyle=\"Normal (Web)\">puedan prosperar, y los humanos podamos aprender.<\/span><\/span>[\/vc_column_text][\/vc_column_inner][vc_column_inner width=&#8221;2\/12&#8243;][\/vc_column_inner][vc_column_inner column_width_percent=&#8221;100&#8243; align_horizontal=&#8221;align_center&#8221; gutter_size=&#8221;2&#8243; overlay_alpha=&#8221;50&#8243; shift_x=&#8221;0&#8243; shift_y=&#8221;0&#8243; shift_y_down=&#8221;0&#8243; z_index=&#8221;0&#8243; medium_width=&#8221;0&#8243; mobile_width=&#8221;0&#8243; width=&#8221;5\/12&#8243; uncode_shortcode_id=&#8221;909812&#8243;][vc_single_image media=&#8221;24&#8243; media_width_use_pixel=&#8221;yes&#8221; alignment=&#8221;center&#8221; uncode_shortcode_id=&#8221;605845&#8243; media_width_pixel=&#8221;180&#8243;][vc_custom_heading uncode_shortcode_id=&#8221;103446&#8243;]Nuestra Visi\u00f3n[\/vc_custom_heading][vc_column_text uncode_shortcode_id=&#8221;745260&#8243;]<span class=\"NormalTextRun SCXW219407699 BCX0\" data-ccp-parastyle=\"Normal (Web)\">U<\/span><span class=\"NormalTextRun SCXW219407699 BCX0\" data-ccp-parastyle=\"Normal (Web)\">n<\/span> <span class=\"NormalTextRun SCXW219407699 BCX0\" data-ccp-parastyle=\"Normal (Web)\">oc\u00e9ano sin ruido<\/span><span class=\"NormalTextRun SCXW219407699 BCX0\" data-ccp-parastyle=\"Normal (Web)\">,<\/span> <span class=\"NormalTextRun SCXW219407699 BCX0\" data-ccp-parastyle=\"Normal (Web)\">sin contaminaci\u00f3n<\/span> <span class=\"NormalTextRun SCXW219407699 BCX0\" data-ccp-parastyle=\"Normal (Web)\">ambiental<\/span> <span class=\"NormalTextRun SCXW219407699 BCX0\" data-ccp-parastyle=\"Normal (Web)\">ni<\/span> <span class=\"NormalTextRun SCXW219407699 BCX0\" data-ccp-parastyle=\"Normal (Web)\">da\u00f1o a los cet\u00e1ceos,<\/span> <span class=\"NormalTextRun SCXW219407699 BCX0\" data-ccp-parastyle=\"Normal (Web)\">estableciendo WeWhale<\/span> <span class=\"NormalTextRun SCXW219407699 BCX0\" data-ccp-parastyle=\"Normal (Web)\">como<\/span> <span class=\"NormalTextRun SCXW219407699 BCX0\" data-ccp-parastyle=\"Normal (Web)\">pionero en el<\/span> c<span class=\"NormalTextRun SCXW219407699 BCX0\" data-ccp-parastyle=\"Normal (Web)\">ambio hacia una<\/span> <span class=\"NormalTextRun SCXW219407699 BCX0\" data-ccp-parastyle=\"Normal (Web)\">econom\u00eda azul<\/span> <span class=\"NormalTextRun SCXW219407699 BCX0\" data-ccp-parastyle=\"Normal (Web)\">sostenible<\/span>.[\/vc_column_text][\/vc_column_inner][\/vc_row_inner][\/vc_column][vc_column width=&#8221;2\/12&#8243;][\/vc_column][\/vc_row][vc_row][vc_column width=&#8221;1\/1&#8243;][uncode_block id=&#8221;111872&#8243;][\/vc_column][\/vc_row][vc_row row_height_percent=&#8221;0&#8243; override_padding=&#8221;yes&#8221; h_padding=&#8221;2&#8243; top_padding=&#8221;4&#8243; bottom_padding=&#8221;4&#8243; back_color=&#8221;color-309892&#8243; overlay_alpha=&#8221;50&#8243; gutter_size=&#8221;3&#8243; column_width_percent=&#8221;100&#8243; shift_y=&#8221;0&#8243; z_index=&#8221;0&#8243; inverted_device_order=&#8221;yes&#8221; uncode_shortcode_id=&#8221;179436&#8243; back_color_type=&#8221;uncode-palette&#8221;][vc_column column_width_percent=&#8221;100&#8243; gutter_size=&#8221;3&#8243; overlay_alpha=&#8221;50&#8243; shift_x=&#8221;0&#8243; shift_y=&#8221;0&#8243; shift_y_down=&#8221;0&#8243; z_index=&#8221;0&#8243; medium_width=&#8221;0&#8243; mobile_width=&#8221;0&#8243; width=&#8221;2\/6&#8243; uncode_shortcode_id=&#8221;179270&#8243;][vc_single_image media=&#8221;513&#8243; media_width_use_pixel=&#8221;yes&#8221; alignment=&#8221;center&#8221; uncode_shortcode_id=&#8221;150406&#8243; media_width_pixel=&#8221;200&#8243;][\/vc_column][vc_column column_width_percent=&#8221;100&#8243; gutter_size=&#8221;3&#8243; overlay_alpha=&#8221;50&#8243; shift_x=&#8221;0&#8243; shift_y=&#8221;0&#8243; shift_y_down=&#8221;0&#8243; z_index=&#8221;0&#8243; medium_width=&#8221;0&#8243; mobile_width=&#8221;0&#8243; width=&#8221;4\/6&#8243; uncode_shortcode_id=&#8221;213485&#8243; css=&#8221;.vc_custom_1654170841421{padding-bottom: 40px !important;}&#8221;][vc_custom_heading uncode_shortcode_id=&#8221;773235&#8243;]Nuestros charter[\/vc_custom_heading][vc_column_text uncode_shortcode_id=&#8221;196067&#8243;]Nuestra organizaci\u00f3n se gu\u00eda por los siguientes estatutos <span class=\"TextRun SCXW151109075 BCX0\" lang=\"EN-US\" data-contrast=\"none\"><span class=\"NormalTextRun SCXW151109075 BCX0\" data-ccp-parastyle=\"Normal (Web)\">para garantizar<\/span> <span class=\"NormalTextRun SCXW151109075 BCX0\" data-ccp-parastyle=\"Normal (Web)\">la plena<\/span> <span class=\"NormalTextRun SCXW151109075 BCX0\" data-ccp-parastyle=\"Normal (Web)\">integridad con el oc\u00e9ano y sus majestuosos habitantes:<\/span><\/span><\/p>\n<ol>\n<li><span data-contrast=\"none\">Utilizar tecnolog\u00edas de propulsi\u00f3n libres de ruidos y emisiones (viento, electricidad-verde, hidr\u00f3geno-verde, sol)<\/span><\/li>\n<li><span data-contrast=\"none\">Realizar experiencias silenciosas: sin ruidos que molesten a los cet\u00e1ceos y humanos<\/span><\/li>\n<li><span data-contrast=\"none\">No causar da\u00f1o o peligro a los animales<\/span><\/li>\n<li><span data-contrast=\"none\">Peque\u00f1os grupos de personas<\/span><\/li>\n<li><span data-contrast=\"none\">Brindar informaci\u00f3n sobre biolog\u00eda marina y conocimientos sobre cet\u00e1ceos<\/span><\/li>\n<li><span data-contrast=\"none\">Sin generar basura<\/span><\/li>\n<li><span data-contrast=\"none\">Apoyar a la comunidad local y costera <\/span><\/li>\n<li><span data-contrast=\"none\">Contribuir a la ciencia y la educaci\u00f3n<\/span><\/li>\n<li><span data-contrast=\"none\">Integridad del equipo<\/span><\/li>\n<li><span data-contrast=\"none\">Certificaci\u00f3n<\/span><\/li>\n<\/ol>\n<p>[\/vc_column_text][\/vc_column][\/vc_row][vc_row row_height_percent=&#8221;0&#8243; override_padding=&#8221;yes&#8221; h_padding=&#8221;2&#8243; top_padding=&#8221;4&#8243; bottom_padding=&#8221;2&#8243; overlay_alpha=&#8221;50&#8243; gutter_size=&#8221;3&#8243; column_width_percent=&#8221;100&#8243; shift_y=&#8221;0&#8243; z_index=&#8221;0&#8243; uncode_shortcode_id=&#8221;943675&#8243;][vc_column width=&#8221;1\/1&#8243;][vc_custom_heading uncode_shortcode_id=&#8221;123709&#8243;]Conoce a nuestro equipo[\/vc_custom_heading][vc_column_text uncode_shortcode_id=&#8221;212648&#8243;]\u00bfTienes curiosidad por saber qui\u00e9n est\u00e1 involucrado en WeWhale? Visite nuestra <a href=\"https:\/\/staging.wewhale.co\/es\/equipo\/\">p\u00e1gina especial<\/a> para descubrir m\u00e1s sobre el equipo de la organizaci\u00f3n, apasionados por la conciencia y la protecci\u00f3n de las ballenas.[\/vc_column_text][\/vc_column][\/vc_row][vc_row unlock_row_content=&#8221;yes&#8221; row_height_percent=&#8221;0&#8243; override_padding=&#8221;yes&#8221; h_padding=&#8221;6&#8243; top_padding=&#8221;2&#8243; bottom_padding=&#8221;2&#8243; overlay_alpha=&#8221;50&#8243; gutter_size=&#8221;3&#8243; column_width_percent=&#8221;100&#8243; shift_y=&#8221;0&#8243; z_index=&#8221;0&#8243; uncode_shortcode_id=&#8221;341661&#8243;][vc_column width=&#8221;1\/3&#8243;][vc_single_image media=&#8221;511&#8243; media_width_percent=&#8221;100&#8243; media_ratio=&#8221;one-one&#8221; uncode_shortcode_id=&#8221;546806&#8243;][\/vc_column][vc_column width=&#8221;1\/3&#8243;][vc_single_image media=&#8221;512&#8243; media_width_percent=&#8221;100&#8243; media_ratio=&#8221;one-one&#8221; uncode_shortcode_id=&#8221;111968&#8243;][\/vc_column][vc_column width=&#8221;1\/3&#8243;][vc_single_image media=&#8221;3257&#8243; media_width_percent=&#8221;100&#8243; uncode_shortcode_id=&#8221;199639&#8243;][\/vc_column][\/vc_row][vc_row row_height_percent=&#8221;0&#8243; override_padding=&#8221;yes&#8221; h_padding=&#8221;2&#8243; top_padding=&#8221;2&#8243; bottom_padding=&#8221;4&#8243; overlay_alpha=&#8221;50&#8243; gutter_size=&#8221;3&#8243; column_width_percent=&#8221;100&#8243; shift_y=&#8221;0&#8243; z_index=&#8221;0&#8243; uncode_shortcode_id=&#8221;154841&#8243;][vc_column width=&#8221;1\/1&#8243;][vc_custom_heading uncode_shortcode_id=&#8221;419026&#8243;]Informaci\u00f3n de la empresa[\/vc_custom_heading][vc_column_text uncode_shortcode_id=&#8221;170805&#8243;]WeWhale es una empresa registrada con sede en Dubl\u00edn, Irlanda, con una oficina regional en C\u00e1diz, Espa\u00f1a y su filial WeWhale Canarias S.L. en Lanzarote. Nuestro domicilio social es 151 Thomas St, The Liberties, Dubl\u00edn, D08 PY5E, Irlanda y Calle la graciosa numero 4 piso 18, 35510, Puerto del Carmen, T\u00edas, Lanzarote.<\/p>\n<p>Our CEO and Founder is Janek Andre.[\/vc_column_text][\/vc_column][\/vc_row]<\/p>\n<\/div>","protected":false},"excerpt":{"rendered":"<p>[vc_row row_height_percent=&#8221;40&#8243; override_padding=&#8221;yes&#8221; h_padding=&#8221;2&#8243; top_padding=&#8221;4&#8243; bottom_padding=&#8221;4&#8243; back_color=&#8221;color-309892&#8243; back_image=&#8221;447&#8243; parallax=&#8221;yes&#8221; overlay_alpha=&#8221;50&#8243; gutter_size=&#8221;3&#8243; column_width_percent=&#8221;100&#8243; shift_y=&#8221;0&#8243; z_index=&#8221;0&#8243; uncode_shortcode_id=&#8221;142396&#8243; back_color_type=&#8221;uncode-palette&#8221;][vc_column column_width_percent=&#8221;100&#8243; position_vertical=&#8221;middle&#8221; align_horizontal=&#8221;align_center&#8221; gutter_size=&#8221;3&#8243; [&hellip;]<\/p>\n","protected":false},"author":1,"featured_media":0,"parent":0,"menu_order":0,"comment_status":"closed","ping_status":"closed","template":"","meta":{"footnotes":""},"class_list":["post-646","page","type-page","status-publish","hentry"],"yoast_head":"<!-- This site is optimized with the Yoast SEO Premium plugin v23.2 (Yoast SEO v23.2) - https:\/\/yoast.com\/wordpress\/plugins\/seo\/ -->\n<title>Acerca de nosotros - WeWhale<\/title>\n<meta name=\"description\" content=\"WeWhale ofrece experiencias ecol\u00f3gicas de observaci\u00f3n de ballenas, crea conciencia sobre las ballenas y contribuye activamente a la protecci\u00f3n de los cet\u00e1ceos\" \/>\n<meta name=\"robots\" content=\"index, follow, max-snippet:-1, max-image-preview:large, max-video-preview:-1\" \/>\n<link rel=\"canonical\" href=\"https:\/\/staging.wewhale.co\/es\/acerca\/\" \/>\n<meta property=\"og:locale\" content=\"es_ES\" \/>\n<meta property=\"og:type\" content=\"article\" \/>\n<meta property=\"og:title\" content=\"Acerca de nosotros\" \/>\n<meta property=\"og:description\" content=\"WeWhale ofrece experiencias ecol\u00f3gicas de observaci\u00f3n de ballenas, crea conciencia sobre las ballenas y contribuye activamente a la protecci\u00f3n de los cet\u00e1ceos\" \/>\n<meta property=\"og:url\" content=\"https:\/\/staging.wewhale.co\/es\/acerca\/\" \/>\n<meta property=\"og:site_name\" content=\"WeWhale\" \/>\n<meta property=\"article:modified_time\" content=\"2023-11-01T16:05:27+00:00\" \/>\n<meta name=\"twitter:card\" content=\"summary_large_image\" \/>\n<meta name=\"twitter:site\" content=\"@WeWhaleCo\" \/>\n<meta name=\"twitter:label1\" content=\"Tiempo de lectura\" \/>\n\t<meta name=\"twitter:data1\" content=\"4 minutos\" \/>\n<script type=\"application\/ld+json\" class=\"yoast-schema-graph\">{\"@context\":\"https:\/\/schema.org\",\"@graph\":[{\"@type\":\"WebPage\",\"@id\":\"https:\/\/staging.wewhale.co\/es\/acerca\/\",\"url\":\"https:\/\/staging.wewhale.co\/es\/acerca\/\",\"name\":\"Acerca de nosotros - WeWhale\",\"isPartOf\":{\"@id\":\"https:\/\/staging.wewhale.co\/es\/#website\"},\"datePublished\":\"2022-05-13T13:19:34+00:00\",\"dateModified\":\"2023-11-01T16:05:27+00:00\",\"description\":\"WeWhale ofrece experiencias ecol\u00f3gicas de observaci\u00f3n de ballenas, crea conciencia sobre las ballenas y contribuye activamente a la protecci\u00f3n de los cet\u00e1ceos\",\"breadcrumb\":{\"@id\":\"https:\/\/staging.wewhale.co\/es\/acerca\/#breadcrumb\"},\"inLanguage\":\"es\",\"potentialAction\":[{\"@type\":\"ReadAction\",\"target\":[\"https:\/\/staging.wewhale.co\/es\/acerca\/\"]}]},{\"@type\":\"BreadcrumbList\",\"@id\":\"https:\/\/staging.wewhale.co\/es\/acerca\/#breadcrumb\",\"itemListElement\":[{\"@type\":\"ListItem\",\"position\":1,\"name\":\"Home\",\"item\":\"https:\/\/staging.wewhale.co\/es\/wewhale-inicio\/\"},{\"@type\":\"ListItem\",\"position\":2,\"name\":\"Acerca de nosotros\"}]},{\"@type\":\"WebSite\",\"@id\":\"https:\/\/staging.wewhale.co\/es\/#website\",\"url\":\"https:\/\/staging.wewhale.co\/es\/\",\"name\":\"WeWhale\",\"description\":\"\",\"publisher\":{\"@id\":\"https:\/\/staging.wewhale.co\/es\/#organization\"},\"potentialAction\":[{\"@type\":\"SearchAction\",\"target\":{\"@type\":\"EntryPoint\",\"urlTemplate\":\"https:\/\/staging.wewhale.co\/es\/?s={search_term_string}\"},\"query-input\":\"required name=search_term_string\"}],\"inLanguage\":\"es\"},{\"@type\":\"Organization\",\"@id\":\"https:\/\/staging.wewhale.co\/es\/#organization\",\"name\":\"WeWhale\",\"url\":\"https:\/\/staging.wewhale.co\/es\/\",\"logo\":{\"@type\":\"ImageObject\",\"inLanguage\":\"es\",\"@id\":\"https:\/\/staging.wewhale.co\/es\/#\/schema\/logo\/image\/\",\"url\":\"https:\/\/staging.wewhale.co\/wp-content\/uploads\/2022\/06\/wewhale_stamp_rgb.png\",\"contentUrl\":\"https:\/\/staging.wewhale.co\/wp-content\/uploads\/2022\/06\/wewhale_stamp_rgb.png\",\"width\":1000,\"height\":1000,\"caption\":\"WeWhale\"},\"image\":{\"@id\":\"https:\/\/staging.wewhale.co\/es\/#\/schema\/logo\/image\/\"},\"sameAs\":[\"https:\/\/x.com\/WeWhaleCo\"]}]}<\/script>\n<!-- \/ Yoast SEO Premium plugin. -->","yoast_head_json":{"title":"Acerca de nosotros - WeWhale","description":"WeWhale ofrece experiencias ecol\u00f3gicas de observaci\u00f3n de ballenas, crea conciencia sobre las ballenas y contribuye activamente a la protecci\u00f3n de los cet\u00e1ceos","robots":{"index":"index","follow":"follow","max-snippet":"max-snippet:-1","max-image-preview":"max-image-preview:large","max-video-preview":"max-video-preview:-1"},"canonical":"https:\/\/staging.wewhale.co\/es\/acerca\/","og_locale":"es_ES","og_type":"article","og_title":"Acerca de nosotros","og_description":"WeWhale ofrece experiencias ecol\u00f3gicas de observaci\u00f3n de ballenas, crea conciencia sobre las ballenas y contribuye activamente a la protecci\u00f3n de los cet\u00e1ceos","og_url":"https:\/\/staging.wewhale.co\/es\/acerca\/","og_site_name":"WeWhale","article_modified_time":"2023-11-01T16:05:27+00:00","twitter_card":"summary_large_image","twitter_site":"@WeWhaleCo","twitter_misc":{"Tiempo de lectura":"4 minutos"},"schema":{"@context":"https:\/\/schema.org","@graph":[{"@type":"WebPage","@id":"https:\/\/staging.wewhale.co\/es\/acerca\/","url":"https:\/\/staging.wewhale.co\/es\/acerca\/","name":"Acerca de nosotros - WeWhale","isPartOf":{"@id":"https:\/\/staging.wewhale.co\/es\/#website"},"datePublished":"2022-05-13T13:19:34+00:00","dateModified":"2023-11-01T16:05:27+00:00","description":"WeWhale ofrece experiencias ecol\u00f3gicas de observaci\u00f3n de ballenas, crea conciencia sobre las ballenas y contribuye activamente a la protecci\u00f3n de los cet\u00e1ceos","breadcrumb":{"@id":"https:\/\/staging.wewhale.co\/es\/acerca\/#breadcrumb"},"inLanguage":"es","potentialAction":[{"@type":"ReadAction","target":["https:\/\/staging.wewhale.co\/es\/acerca\/"]}]},{"@type":"BreadcrumbList","@id":"https:\/\/staging.wewhale.co\/es\/acerca\/#breadcrumb","itemListElement":[{"@type":"ListItem","position":1,"name":"Home","item":"https:\/\/staging.wewhale.co\/es\/wewhale-inicio\/"},{"@type":"ListItem","position":2,"name":"Acerca de nosotros"}]},{"@type":"WebSite","@id":"https:\/\/staging.wewhale.co\/es\/#website","url":"https:\/\/staging.wewhale.co\/es\/","name":"WeWhale","description":"","publisher":{"@id":"https:\/\/staging.wewhale.co\/es\/#organization"},"potentialAction":[{"@type":"SearchAction","target":{"@type":"EntryPoint","urlTemplate":"https:\/\/staging.wewhale.co\/es\/?s={search_term_string}"},"query-input":"required name=search_term_string"}],"inLanguage":"es"},{"@type":"Organization","@id":"https:\/\/staging.wewhale.co\/es\/#organization","name":"WeWhale","url":"https:\/\/staging.wewhale.co\/es\/","logo":{"@type":"ImageObject","inLanguage":"es","@id":"https:\/\/staging.wewhale.co\/es\/#\/schema\/logo\/image\/","url":"https:\/\/staging.wewhale.co\/wp-content\/uploads\/2022\/06\/wewhale_stamp_rgb.png","contentUrl":"https:\/\/staging.wewhale.co\/wp-content\/uploads\/2022\/06\/wewhale_stamp_rgb.png","width":1000,"height":1000,"caption":"WeWhale"},"image":{"@id":"https:\/\/staging.wewhale.co\/es\/#\/schema\/logo\/image\/"},"sameAs":["https:\/\/x.com\/WeWhaleCo"]}]}},"_links":{"self":[{"href":"https:\/\/staging.wewhale.co\/es\/wp-json\/wp\/v2\/pages\/646","targetHints":{"allow":["GET"]}}],"collection":[{"href":"https:\/\/staging.wewhale.co\/es\/wp-json\/wp\/v2\/pages"}],"about":[{"href":"https:\/\/staging.wewhale.co\/es\/wp-json\/wp\/v2\/types\/page"}],"author":[{"embeddable":true,"href":"https:\/\/staging.wewhale.co\/es\/wp-json\/wp\/v2\/users\/1"}],"replies":[{"embeddable":true,"href":"https:\/\/staging.wewhale.co\/es\/wp-json\/wp\/v2\/comments?post=646"}],"version-history":[{"count":82,"href":"https:\/\/staging.wewhale.co\/es\/wp-json\/wp\/v2\/pages\/646\/revisions"}],"predecessor-version":[{"id":111944,"href":"https:\/\/staging.wewhale.co\/es\/wp-json\/wp\/v2\/pages\/646\/revisions\/111944"}],"wp:attachment":[{"href":"https:\/\/staging.wewhale.co\/es\/wp-json\/wp\/v2\/media?parent=646"}],"curies":[{"name":"wp","href":"https:\/\/api.w.org\/{rel}","templated":true}]}}