{"id":655,"date":"2022-05-25T12:34:33","date_gmt":"2022-05-25T10:34:33","guid":{"rendered":"https:\/\/staging.wewhale.co\/conviertase-en-socio-de-wewhale\/"},"modified":"2023-09-06T17:37:12","modified_gmt":"2023-09-06T15:37:12","slug":"conviertase-en-socio-de-wewhale","status":"publish","type":"page","link":"https:\/\/staging.wewhale.co\/es\/conviertase-en-socio-de-wewhale\/","title":{"rendered":"Convi\u00e9rtase en socio de WeWhale"},"content":{"rendered":"<div class=\"wpb-content-wrapper\"><p>[vc_row row_height_percent=&#8221;40&#8243; back_image=&#8221;111459&#8243; back_position=&#8221;center bottom&#8221; parallax=&#8221;yes&#8221; overlay_alpha=&#8221;50&#8243; gutter_size=&#8221;3&#8243; column_width_percent=&#8221;100&#8243; shift_y=&#8221;0&#8243; z_index=&#8221;0&#8243; uncode_shortcode_id=&#8221;175611&#8243; shape_dividers=&#8221;&#8221;][vc_column width=&#8221;1\/1&#8243;][\/vc_column][\/vc_row][vc_row row_height_percent=&#8221;0&#8243; override_padding=&#8221;yes&#8221; h_padding=&#8221;0&#8243; top_padding=&#8221;2&#8243; bottom_padding=&#8221;2&#8243; overlay_alpha=&#8221;50&#8243; gutter_size=&#8221;3&#8243; column_width_percent=&#8221;100&#8243; shift_y=&#8221;0&#8243; z_index=&#8221;0&#8243; uncode_shortcode_id=&#8221;148545&#8243;][vc_column column_width_percent=&#8221;100&#8243; gutter_size=&#8221;3&#8243; back_color=&#8221;color-xsdn&#8221; overlay_alpha=&#8221;50&#8243; shift_x=&#8221;0&#8243; shift_y=&#8221;-5&#8243; shift_y_down=&#8221;0&#8243; z_index=&#8221;0&#8243; medium_width=&#8221;0&#8243; mobile_width=&#8221;0&#8243; width=&#8221;1\/1&#8243; uncode_shortcode_id=&#8221;108425&#8243; back_color_type=&#8221;uncode-palette&#8221;][vc_custom_heading heading_semantic=&#8221;h1&#8243; text_size=&#8221;h1&#8243; uncode_shortcode_id=&#8221;117659&#8243;]Convi\u00e9rtate en socio de WeWhale[\/vc_custom_heading][vc_column_text uncode_shortcode_id=&#8221;837995&#8243;]Estamos construyendo una red de socios de WeWhale que tienen una visi\u00f3n compartida del futuro de la observaci\u00f3n de ballenas y delfines, creando conciencia sobre el tema y ayudando a proteger el futuro de los cet\u00e1ceos.<\/p>\n<p>Creemos que la observaci\u00f3n de cet\u00e1ceos es clave para crear conciencia sobre dichos animales y, como resultado, movilizar a las personas para que actuen e favor de la protecci\u00f3n.<\/p>\n<p>Y creemos en un avistamiento limpio. Libre de ruidos, poluci\u00f3n y contaminaci\u00f3n. Estamos creando la primera flota mundial de observaci\u00f3n de ballenas y delfines silenciosa que est\u00e9 totalmente libre de emisiones y que utilice las \u00faltimas tecnolog\u00edas de sistemas de motores el\u00e9ctricos, solares y e\u00f3licos.<\/p>\n<p>Estamos buscando socios en todas las partes del mundo donde se pueda crear conciencia sobre estos majestuosos animales.[\/vc_column_text][vc_custom_heading uncode_shortcode_id=&#8221;122664&#8243;]\u00bfC\u00f3mo funciona?[\/vc_custom_heading][vc_column_text uncode_shortcode_id=&#8221;204675&#8243;]Es posible que eres un operador de avistamiento de cet\u00e1ceos y te gustar\u00eda actualizar tu barco para que sea m\u00e1s sostenible con el medio ambiente, m\u00e1s amigable con los animales y para que puedas brindar a tus clientes una experiencia silenciosa.<\/p>\n<p>Podemos hablar sobre las opciones para modernizar tu embarcaci\u00f3n, como parte del acuerdo para convertirse en socio de WeWhale.<\/p>\n<p>\u00bfO eres un patr\u00f3n o capit\u00e1n que quiere establecer su propio negocio pero a\u00fan no tiene un barco y le gustar\u00eda convertirse en socio? Esa tambi\u00e9n es una opci\u00f3n y podemos hablar en conjunto sobre los pr\u00f3ximos pasos.<\/p>\n<p>\u00bfO no tienes ninguna experiencia mar\u00edtima pero est\u00e1s interesado en unirte a WeWhale con tu propio barco? Estamos encantados de hablar contigo sobre una posible soluci\u00f3n.[\/vc_column_text][vc_custom_heading uncode_shortcode_id=&#8221;579035&#8243;]\u00bfSab\u00edas que?[\/vc_custom_heading][vc_column_text uncode_shortcode_id=&#8221;139166&#8243;]Los socios de WeWhale se benefician de ser parte de la organizaci\u00f3n paraguas: organizamos todo, desde la b\u00fasqueda de un barco, la financiaci\u00f3n y la modernizaci\u00f3n, la marca hasta las ventas y el marketing.<\/p>\n<p>Promocionamos todos los tours y experiencias en nuestro sitio web y en nuestro marketing, incluido un sistema de reservas. Dej\u00e1ndote m\u00e1s tiempo para concentrarte en los avistamientos.[\/vc_column_text][\/vc_column][\/vc_row][vc_row row_height_percent=&#8221;0&#8243; override_padding=&#8221;yes&#8221; h_padding=&#8221;2&#8243; top_padding=&#8221;4&#8243; bottom_padding=&#8221;4&#8243; back_color=&#8221;color-309892&#8243; overlay_alpha=&#8221;50&#8243; gutter_size=&#8221;3&#8243; column_width_percent=&#8221;100&#8243; shift_y=&#8221;0&#8243; z_index=&#8221;0&#8243; uncode_shortcode_id=&#8221;733815&#8243; back_color_type=&#8221;uncode-palette&#8221;][vc_column column_width_percent=&#8221;100&#8243; align_horizontal=&#8221;align_center&#8221; gutter_size=&#8221;3&#8243; overlay_alpha=&#8221;50&#8243; shift_x=&#8221;0&#8243; shift_y=&#8221;0&#8243; shift_y_down=&#8221;0&#8243; z_index=&#8221;0&#8243; medium_width=&#8221;0&#8243; mobile_width=&#8221;0&#8243; width=&#8221;1\/1&#8243; uncode_shortcode_id=&#8221;511305&#8243;][vc_custom_heading uncode_shortcode_id=&#8221;873574&#8243;]Ponte en contacto con nosotros[\/vc_custom_heading][vc_column_text uncode_shortcode_id=&#8221;861587&#8243;]\u00bfInteresado en subir a bordo?<\/p>\n<p>Estaremos encantados de hablar contigo sobre c\u00f3mo funciona el sistema de socios de WeWhale y responderte cualquier pregunta. Env\u00edanos un correo electr\u00f3nico a <a href=\"mailto:partner@staging.wewhale.co\">partner@staging.wewhale.co<\/a> o llama \/ Whatsapp a +34 674 030 974.[\/vc_column_text][\/vc_column][\/vc_row]<\/p>\n<\/div>","protected":false},"excerpt":{"rendered":"<p>[vc_row row_height_percent=&#8221;40&#8243; back_image=&#8221;111459&#8243; back_position=&#8221;center bottom&#8221; parallax=&#8221;yes&#8221; overlay_alpha=&#8221;50&#8243; gutter_size=&#8221;3&#8243; column_width_percent=&#8221;100&#8243; shift_y=&#8221;0&#8243; z_index=&#8221;0&#8243; uncode_shortcode_id=&#8221;175611&#8243; shape_dividers=&#8221;&#8221;][vc_column width=&#8221;1\/1&#8243;][\/vc_column][\/vc_row][vc_row row_height_percent=&#8221;0&#8243; override_padding=&#8221;yes&#8221; h_padding=&#8221;0&#8243; top_padding=&#8221;2&#8243; bottom_padding=&#8221;2&#8243; overlay_alpha=&#8221;50&#8243; [&hellip;]<\/p>\n","protected":false},"author":1,"featured_media":0,"parent":0,"menu_order":0,"comment_status":"closed","ping_status":"closed","template":"","meta":{"footnotes":""},"class_list":["post-655","page","type-page","status-publish","hentry"],"yoast_head":"<!-- This site is optimized with the Yoast SEO Premium plugin v23.2 (Yoast SEO v23.2) - https:\/\/yoast.com\/wordpress\/plugins\/seo\/ -->\n<title>Convi\u00e9rtase en socio de WeWhale - WeWhale<\/title>\n<meta name=\"description\" content=\"Descubre c\u00f3mo convertirse en uno de nuestros socios de WeWhale. Estamos construyendo una red de partners con una visi\u00f3n compartida del futuro de la observaci\u00f3n de ballenas y delfines.\" \/>\n<meta name=\"robots\" content=\"index, follow, max-snippet:-1, max-image-preview:large, max-video-preview:-1\" \/>\n<link rel=\"canonical\" href=\"https:\/\/staging.wewhale.co\/es\/conviertase-en-socio-de-wewhale\/\" \/>\n<meta property=\"og:locale\" content=\"es_ES\" \/>\n<meta property=\"og:type\" content=\"article\" \/>\n<meta property=\"og:title\" content=\"Convi\u00e9rtase en socio de WeWhale\" \/>\n<meta property=\"og:description\" content=\"Descubre c\u00f3mo convertirse en uno de nuestros socios de WeWhale. Estamos construyendo una red de partners con una visi\u00f3n compartida del futuro de la observaci\u00f3n de ballenas y delfines.\" \/>\n<meta property=\"og:url\" content=\"https:\/\/staging.wewhale.co\/es\/conviertase-en-socio-de-wewhale\/\" \/>\n<meta property=\"og:site_name\" content=\"WeWhale\" \/>\n<meta property=\"article:modified_time\" content=\"2023-09-06T15:37:12+00:00\" \/>\n<meta name=\"twitter:card\" content=\"summary_large_image\" \/>\n<meta name=\"twitter:site\" content=\"@WeWhaleCo\" \/>\n<meta name=\"twitter:label1\" content=\"Tiempo de lectura\" \/>\n\t<meta name=\"twitter:data1\" content=\"2 minutos\" \/>\n<script type=\"application\/ld+json\" class=\"yoast-schema-graph\">{\"@context\":\"https:\/\/schema.org\",\"@graph\":[{\"@type\":\"WebPage\",\"@id\":\"https:\/\/staging.wewhale.co\/es\/conviertase-en-socio-de-wewhale\/\",\"url\":\"https:\/\/staging.wewhale.co\/es\/conviertase-en-socio-de-wewhale\/\",\"name\":\"Convi\u00e9rtase en socio de WeWhale - WeWhale\",\"isPartOf\":{\"@id\":\"https:\/\/staging.wewhale.co\/es\/#website\"},\"datePublished\":\"2022-05-25T10:34:33+00:00\",\"dateModified\":\"2023-09-06T15:37:12+00:00\",\"description\":\"Descubre c\u00f3mo convertirse en uno de nuestros socios de WeWhale. Estamos construyendo una red de partners con una visi\u00f3n compartida del futuro de la observaci\u00f3n de ballenas y delfines.\",\"breadcrumb\":{\"@id\":\"https:\/\/staging.wewhale.co\/es\/conviertase-en-socio-de-wewhale\/#breadcrumb\"},\"inLanguage\":\"es\",\"potentialAction\":[{\"@type\":\"ReadAction\",\"target\":[\"https:\/\/staging.wewhale.co\/es\/conviertase-en-socio-de-wewhale\/\"]}]},{\"@type\":\"BreadcrumbList\",\"@id\":\"https:\/\/staging.wewhale.co\/es\/conviertase-en-socio-de-wewhale\/#breadcrumb\",\"itemListElement\":[{\"@type\":\"ListItem\",\"position\":1,\"name\":\"Home\",\"item\":\"https:\/\/staging.wewhale.co\/es\/wewhale-inicio\/\"},{\"@type\":\"ListItem\",\"position\":2,\"name\":\"Convi\u00e9rtase en socio de WeWhale\"}]},{\"@type\":\"WebSite\",\"@id\":\"https:\/\/staging.wewhale.co\/es\/#website\",\"url\":\"https:\/\/staging.wewhale.co\/es\/\",\"name\":\"WeWhale\",\"description\":\"\",\"publisher\":{\"@id\":\"https:\/\/staging.wewhale.co\/es\/#organization\"},\"potentialAction\":[{\"@type\":\"SearchAction\",\"target\":{\"@type\":\"EntryPoint\",\"urlTemplate\":\"https:\/\/staging.wewhale.co\/es\/?s={search_term_string}\"},\"query-input\":\"required name=search_term_string\"}],\"inLanguage\":\"es\"},{\"@type\":\"Organization\",\"@id\":\"https:\/\/staging.wewhale.co\/es\/#organization\",\"name\":\"WeWhale\",\"url\":\"https:\/\/staging.wewhale.co\/es\/\",\"logo\":{\"@type\":\"ImageObject\",\"inLanguage\":\"es\",\"@id\":\"https:\/\/staging.wewhale.co\/es\/#\/schema\/logo\/image\/\",\"url\":\"https:\/\/staging.wewhale.co\/wp-content\/uploads\/2022\/06\/wewhale_stamp_rgb.png\",\"contentUrl\":\"https:\/\/staging.wewhale.co\/wp-content\/uploads\/2022\/06\/wewhale_stamp_rgb.png\",\"width\":1000,\"height\":1000,\"caption\":\"WeWhale\"},\"image\":{\"@id\":\"https:\/\/staging.wewhale.co\/es\/#\/schema\/logo\/image\/\"},\"sameAs\":[\"https:\/\/x.com\/WeWhaleCo\"]}]}<\/script>\n<!-- \/ Yoast SEO Premium plugin. -->","yoast_head_json":{"title":"Convi\u00e9rtase en socio de WeWhale - WeWhale","description":"Descubre c\u00f3mo convertirse en uno de nuestros socios de WeWhale. Estamos construyendo una red de partners con una visi\u00f3n compartida del futuro de la observaci\u00f3n de ballenas y delfines.","robots":{"index":"index","follow":"follow","max-snippet":"max-snippet:-1","max-image-preview":"max-image-preview:large","max-video-preview":"max-video-preview:-1"},"canonical":"https:\/\/staging.wewhale.co\/es\/conviertase-en-socio-de-wewhale\/","og_locale":"es_ES","og_type":"article","og_title":"Convi\u00e9rtase en socio de WeWhale","og_description":"Descubre c\u00f3mo convertirse en uno de nuestros socios de WeWhale. Estamos construyendo una red de partners con una visi\u00f3n compartida del futuro de la observaci\u00f3n de ballenas y delfines.","og_url":"https:\/\/staging.wewhale.co\/es\/conviertase-en-socio-de-wewhale\/","og_site_name":"WeWhale","article_modified_time":"2023-09-06T15:37:12+00:00","twitter_card":"summary_large_image","twitter_site":"@WeWhaleCo","twitter_misc":{"Tiempo de lectura":"2 minutos"},"schema":{"@context":"https:\/\/schema.org","@graph":[{"@type":"WebPage","@id":"https:\/\/staging.wewhale.co\/es\/conviertase-en-socio-de-wewhale\/","url":"https:\/\/staging.wewhale.co\/es\/conviertase-en-socio-de-wewhale\/","name":"Convi\u00e9rtase en socio de WeWhale - WeWhale","isPartOf":{"@id":"https:\/\/staging.wewhale.co\/es\/#website"},"datePublished":"2022-05-25T10:34:33+00:00","dateModified":"2023-09-06T15:37:12+00:00","description":"Descubre c\u00f3mo convertirse en uno de nuestros socios de WeWhale. Estamos construyendo una red de partners con una visi\u00f3n compartida del futuro de la observaci\u00f3n de ballenas y delfines.","breadcrumb":{"@id":"https:\/\/staging.wewhale.co\/es\/conviertase-en-socio-de-wewhale\/#breadcrumb"},"inLanguage":"es","potentialAction":[{"@type":"ReadAction","target":["https:\/\/staging.wewhale.co\/es\/conviertase-en-socio-de-wewhale\/"]}]},{"@type":"BreadcrumbList","@id":"https:\/\/staging.wewhale.co\/es\/conviertase-en-socio-de-wewhale\/#breadcrumb","itemListElement":[{"@type":"ListItem","position":1,"name":"Home","item":"https:\/\/staging.wewhale.co\/es\/wewhale-inicio\/"},{"@type":"ListItem","position":2,"name":"Convi\u00e9rtase en socio de WeWhale"}]},{"@type":"WebSite","@id":"https:\/\/staging.wewhale.co\/es\/#website","url":"https:\/\/staging.wewhale.co\/es\/","name":"WeWhale","description":"","publisher":{"@id":"https:\/\/staging.wewhale.co\/es\/#organization"},"potentialAction":[{"@type":"SearchAction","target":{"@type":"EntryPoint","urlTemplate":"https:\/\/staging.wewhale.co\/es\/?s={search_term_string}"},"query-input":"required name=search_term_string"}],"inLanguage":"es"},{"@type":"Organization","@id":"https:\/\/staging.wewhale.co\/es\/#organization","name":"WeWhale","url":"https:\/\/staging.wewhale.co\/es\/","logo":{"@type":"ImageObject","inLanguage":"es","@id":"https:\/\/staging.wewhale.co\/es\/#\/schema\/logo\/image\/","url":"https:\/\/staging.wewhale.co\/wp-content\/uploads\/2022\/06\/wewhale_stamp_rgb.png","contentUrl":"https:\/\/staging.wewhale.co\/wp-content\/uploads\/2022\/06\/wewhale_stamp_rgb.png","width":1000,"height":1000,"caption":"WeWhale"},"image":{"@id":"https:\/\/staging.wewhale.co\/es\/#\/schema\/logo\/image\/"},"sameAs":["https:\/\/x.com\/WeWhaleCo"]}]}},"_links":{"self":[{"href":"https:\/\/staging.wewhale.co\/es\/wp-json\/wp\/v2\/pages\/655","targetHints":{"allow":["GET"]}}],"collection":[{"href":"https:\/\/staging.wewhale.co\/es\/wp-json\/wp\/v2\/pages"}],"about":[{"href":"https:\/\/staging.wewhale.co\/es\/wp-json\/wp\/v2\/types\/page"}],"author":[{"embeddable":true,"href":"https:\/\/staging.wewhale.co\/es\/wp-json\/wp\/v2\/users\/1"}],"replies":[{"embeddable":true,"href":"https:\/\/staging.wewhale.co\/es\/wp-json\/wp\/v2\/comments?post=655"}],"version-history":[{"count":13,"href":"https:\/\/staging.wewhale.co\/es\/wp-json\/wp\/v2\/pages\/655\/revisions"}],"predecessor-version":[{"id":111461,"href":"https:\/\/staging.wewhale.co\/es\/wp-json\/wp\/v2\/pages\/655\/revisions\/111461"}],"wp:attachment":[{"href":"https:\/\/staging.wewhale.co\/es\/wp-json\/wp\/v2\/media?parent=655"}],"curies":[{"name":"wp","href":"https:\/\/api.w.org\/{rel}","templated":true}]}}