{"id":737,"date":"2022-05-13T15:21:41","date_gmt":"2022-05-13T13:21:41","guid":{"rendered":"https:\/\/staging.wewhale.co\/aviso-legal\/"},"modified":"2022-11-02T20:37:15","modified_gmt":"2022-11-02T20:37:15","slug":"aviso-legal","status":"publish","type":"page","link":"https:\/\/staging.wewhale.co\/es\/aviso-legal\/","title":{"rendered":"Aviso Legal"},"content":{"rendered":"<div class=\"wpb-content-wrapper\"><p>[vc_row row_height_percent=&#8221;0&#8243; override_padding=&#8221;yes&#8221; h_padding=&#8221;2&#8243; top_padding=&#8221;4&#8243; bottom_padding=&#8221;4&#8243; back_color=&#8221;color-309892&#8243; overlay_alpha=&#8221;50&#8243; gutter_size=&#8221;3&#8243; column_width_percent=&#8221;100&#8243; shift_y=&#8221;0&#8243; z_index=&#8221;0&#8243; uncode_shortcode_id=&#8221;680297&#8243; back_color_type=&#8221;uncode-palette&#8221;][vc_column column_width_percent=&#8221;100&#8243; gutter_size=&#8221;3&#8243; overlay_alpha=&#8221;50&#8243; shift_x=&#8221;0&#8243; shift_y=&#8221;0&#8243; shift_y_down=&#8221;0&#8243; z_index=&#8221;0&#8243; medium_width=&#8221;0&#8243; mobile_width=&#8221;0&#8243; width=&#8221;1\/1&#8243; uncode_shortcode_id=&#8221;893695&#8243;][vc_custom_heading heading_semantic=&#8221;h1&#8243; text_size=&#8221;h1&#8243; uncode_shortcode_id=&#8221;119546&#8243;]Aviso Legal[\/vc_custom_heading][\/vc_column][\/vc_row][vc_row row_height_percent=&#8221;0&#8243; override_padding=&#8221;yes&#8221; h_padding=&#8221;2&#8243; top_padding=&#8221;3&#8243; bottom_padding=&#8221;4&#8243; overlay_alpha=&#8221;50&#8243; gutter_size=&#8221;3&#8243; column_width_percent=&#8221;100&#8243; shift_y=&#8221;0&#8243; z_index=&#8221;0&#8243; uncode_shortcode_id=&#8221;310145&#8243;][vc_column width=&#8221;1\/1&#8243;][vc_column_text uncode_shortcode_id=&#8221;108706&#8243;]<\/p>\n<h2>General<\/h2>\n<p>El proveedor de este sitio web www.wewhale.co es:<\/p>\n<p>WeWhale Ltd, 151 Thomas St, The Liberties, Dublin, D08 PY5E, Irlanda.<\/p>\n<p>Al acceder a nuestro sitio, se considerar\u00e1 que ha aceptado los siguientes t\u00e9rminos en su totalidad. Los t\u00e9rminos se regir\u00e1n e interpretar\u00e1n de acuerdo con el derecho irland\u00e9s, europeo e internacional, seg\u00fan corresponda.<\/p>\n<h2>Limitaci\u00f3n de responsabilidad<\/h2>\n<p>La informaci\u00f3n contenida en este sitio est\u00e1 destinada a proporcionar informaci\u00f3n sobre nuestros servicios, as\u00ed como una gu\u00eda \u00fatil para ballenas y delfines a escala global. No puede considerarse como informaci\u00f3n definitiva sobre el tema y, como tal, no aceptamos ninguna responsabilidad por los da\u00f1os debidos al uso de la informaci\u00f3n contenida en este sitio web.<br \/>\nEn la m\u00e1xima medida permitida por la ley aplicable, ni WeWhale ni ning\u00fan socio, asociado, consultor, empleado, afiliado u otros representantes de los mismos ser\u00e1n responsables de la p\u00e9rdida o da\u00f1o que surja de o en relaci\u00f3n con su uso de los Materiales o cualquier instalaci\u00f3n o servicio ofrecido a trav\u00e9s de este sitio web (incluyendo, pero no limitado a, p\u00e9rdida o da\u00f1os indirectos o consecuentes, p\u00e9rdida de datos, ingresos, ganancias u oportunidades, p\u00e9rdida o da\u00f1o a la propiedad y reclamaciones de terceros) incluso si WeWhale ha sido advertido de dicha p\u00e9rdida o da\u00f1os o dicha p\u00e9rdida de da\u00f1os era razonablemente previsible.<\/p>\n<p>Las referencias generales y espec\u00edficas en este sitio web a un socio o socios se interpretar\u00e1n en consecuencia.<\/p>\n<h2>Derechos de autor<\/h2>\n<p>Los derechos de autor y otros derechos de propiedad intelectual de todo el material en este sitio, incluidos el texto, los gr\u00e1ficos y las fotograf\u00edas, son propiedad y\/o est\u00e1n licenciados por WeWhale Ltd. a menos que se indique lo contrario Se le permite imprimir y descargar extractos de este sitio siempre que no se editen de ninguna manera, se utilicen s\u00f3lo con fines no comerciales y se acrediten a &#8220;www.wewhale.co&#8221;.<br \/>\nSe le permite imprimir y descargar extractos de este sitio siempre que no se editen de ninguna manera, se utilicen s\u00f3lo con fines no comerciales y se acrediten a &#8220;www.wewhale.co&#8221;. Utilice la direcci\u00f3n de correo electr\u00f3nico <a href=\"mailto:contact@staging.wewhale.co\">contact@staging.wewhale.co<\/a> para solicitar el permiso.<\/p>\n<h2>Exenci\u00f3n de responsabilidad<\/h2>\n<p>Este sitio web est\u00e1 disponible sin ninguna representaci\u00f3n o garant\u00eda de ning\u00fan tipo, ya sea expresa o impl\u00edcita WeWhale no hace representaciones, garant\u00edas o compromisos sobre ninguno de los Materiales o cualquier contenido o informaci\u00f3n en cualquier otro sitio web al que se haga referencia o al que se acceda por enlace de hipertexto o de otra manera a trav\u00e9s de este sitio web (&#8220;sitio de terceros&#8221;). WeWhale no respalda ni aprueba el contenido de ning\u00fan sitio de terceros, ni WeWhale tendr\u00e1 ninguna responsabilidad en relaci\u00f3n con ning\u00fan sitio de terceros.<\/p>\n<h2>Pol\u00edtica de Privacidad<\/h2>\n<p>Visite nuestra <a href=\"https:\/\/staging.wewhale.co\/es\/politica-de-privacidad\/\">p\u00e1gina de Pol\u00edtica de privacidad<\/a> para obtener m\u00e1s informaci\u00f3n.[\/vc_column_text][\/vc_column][\/vc_row]<\/p>\n<\/div>","protected":false},"excerpt":{"rendered":"<p>[vc_row row_height_percent=&#8221;0&#8243; override_padding=&#8221;yes&#8221; h_padding=&#8221;2&#8243; top_padding=&#8221;4&#8243; bottom_padding=&#8221;4&#8243; back_color=&#8221;color-309892&#8243; overlay_alpha=&#8221;50&#8243; gutter_size=&#8221;3&#8243; column_width_percent=&#8221;100&#8243; shift_y=&#8221;0&#8243; z_index=&#8221;0&#8243; uncode_shortcode_id=&#8221;680297&#8243; back_color_type=&#8221;uncode-palette&#8221;][vc_column column_width_percent=&#8221;100&#8243; gutter_size=&#8221;3&#8243; overlay_alpha=&#8221;50&#8243; shift_x=&#8221;0&#8243; shift_y=&#8221;0&#8243; shift_y_down=&#8221;0&#8243; [&hellip;]<\/p>\n","protected":false},"author":1,"featured_media":0,"parent":0,"menu_order":0,"comment_status":"closed","ping_status":"closed","template":"","meta":{"footnotes":""},"class_list":["post-737","page","type-page","status-publish","hentry"],"yoast_head":"<!-- This site is optimized with the Yoast SEO Premium plugin v23.2 (Yoast SEO v23.2) - https:\/\/yoast.com\/wordpress\/plugins\/seo\/ -->\n<title>Aviso Legal - WeWhale<\/title>\n<meta name=\"description\" content=\"Aviso legal sobre el uso de este sitio web, incluida la limitaci\u00f3n de responsabilidad, derechos de autor, exenci\u00f3n de responsabilidad y enlace a nuestra pol\u00edtica de privacidad.\" \/>\n<meta name=\"robots\" content=\"index, follow, max-snippet:-1, max-image-preview:large, max-video-preview:-1\" \/>\n<link rel=\"canonical\" href=\"https:\/\/staging.wewhale.co\/es\/aviso-legal\/\" \/>\n<meta property=\"og:locale\" content=\"es_ES\" \/>\n<meta property=\"og:type\" content=\"article\" \/>\n<meta property=\"og:title\" content=\"Aviso Legal\" \/>\n<meta property=\"og:description\" content=\"Aviso legal sobre el uso de este sitio web, incluida la limitaci\u00f3n de responsabilidad, derechos de autor, exenci\u00f3n de responsabilidad y enlace a nuestra pol\u00edtica de privacidad.\" \/>\n<meta property=\"og:url\" content=\"https:\/\/staging.wewhale.co\/es\/aviso-legal\/\" \/>\n<meta property=\"og:site_name\" content=\"WeWhale\" \/>\n<meta property=\"article:modified_time\" content=\"2022-11-02T20:37:15+00:00\" \/>\n<meta name=\"twitter:card\" content=\"summary_large_image\" \/>\n<meta name=\"twitter:site\" content=\"@WeWhaleCo\" \/>\n<meta name=\"twitter:label1\" content=\"Tiempo de lectura\" \/>\n\t<meta name=\"twitter:data1\" content=\"3 minutos\" \/>\n<script type=\"application\/ld+json\" class=\"yoast-schema-graph\">{\"@context\":\"https:\/\/schema.org\",\"@graph\":[{\"@type\":\"WebPage\",\"@id\":\"https:\/\/staging.wewhale.co\/es\/aviso-legal\/\",\"url\":\"https:\/\/staging.wewhale.co\/es\/aviso-legal\/\",\"name\":\"Aviso Legal - WeWhale\",\"isPartOf\":{\"@id\":\"https:\/\/staging.wewhale.co\/es\/#website\"},\"datePublished\":\"2022-05-13T13:21:41+00:00\",\"dateModified\":\"2022-11-02T20:37:15+00:00\",\"description\":\"Aviso legal sobre el uso de este sitio web, incluida la limitaci\u00f3n de responsabilidad, derechos de autor, exenci\u00f3n de responsabilidad y enlace a nuestra pol\u00edtica de privacidad.\",\"breadcrumb\":{\"@id\":\"https:\/\/staging.wewhale.co\/es\/aviso-legal\/#breadcrumb\"},\"inLanguage\":\"es\",\"potentialAction\":[{\"@type\":\"ReadAction\",\"target\":[\"https:\/\/staging.wewhale.co\/es\/aviso-legal\/\"]}]},{\"@type\":\"BreadcrumbList\",\"@id\":\"https:\/\/staging.wewhale.co\/es\/aviso-legal\/#breadcrumb\",\"itemListElement\":[{\"@type\":\"ListItem\",\"position\":1,\"name\":\"Home\",\"item\":\"https:\/\/staging.wewhale.co\/es\/wewhale-inicio\/\"},{\"@type\":\"ListItem\",\"position\":2,\"name\":\"Aviso Legal\"}]},{\"@type\":\"WebSite\",\"@id\":\"https:\/\/staging.wewhale.co\/es\/#website\",\"url\":\"https:\/\/staging.wewhale.co\/es\/\",\"name\":\"WeWhale\",\"description\":\"\",\"publisher\":{\"@id\":\"https:\/\/staging.wewhale.co\/es\/#organization\"},\"potentialAction\":[{\"@type\":\"SearchAction\",\"target\":{\"@type\":\"EntryPoint\",\"urlTemplate\":\"https:\/\/staging.wewhale.co\/es\/?s={search_term_string}\"},\"query-input\":\"required name=search_term_string\"}],\"inLanguage\":\"es\"},{\"@type\":\"Organization\",\"@id\":\"https:\/\/staging.wewhale.co\/es\/#organization\",\"name\":\"WeWhale\",\"url\":\"https:\/\/staging.wewhale.co\/es\/\",\"logo\":{\"@type\":\"ImageObject\",\"inLanguage\":\"es\",\"@id\":\"https:\/\/staging.wewhale.co\/es\/#\/schema\/logo\/image\/\",\"url\":\"https:\/\/staging.wewhale.co\/wp-content\/uploads\/2022\/06\/wewhale_stamp_rgb.png\",\"contentUrl\":\"https:\/\/staging.wewhale.co\/wp-content\/uploads\/2022\/06\/wewhale_stamp_rgb.png\",\"width\":1000,\"height\":1000,\"caption\":\"WeWhale\"},\"image\":{\"@id\":\"https:\/\/staging.wewhale.co\/es\/#\/schema\/logo\/image\/\"},\"sameAs\":[\"https:\/\/x.com\/WeWhaleCo\"]}]}<\/script>\n<!-- \/ Yoast SEO Premium plugin. -->","yoast_head_json":{"title":"Aviso Legal - WeWhale","description":"Aviso legal sobre el uso de este sitio web, incluida la limitaci\u00f3n de responsabilidad, derechos de autor, exenci\u00f3n de responsabilidad y enlace a nuestra pol\u00edtica de privacidad.","robots":{"index":"index","follow":"follow","max-snippet":"max-snippet:-1","max-image-preview":"max-image-preview:large","max-video-preview":"max-video-preview:-1"},"canonical":"https:\/\/staging.wewhale.co\/es\/aviso-legal\/","og_locale":"es_ES","og_type":"article","og_title":"Aviso Legal","og_description":"Aviso legal sobre el uso de este sitio web, incluida la limitaci\u00f3n de responsabilidad, derechos de autor, exenci\u00f3n de responsabilidad y enlace a nuestra pol\u00edtica de privacidad.","og_url":"https:\/\/staging.wewhale.co\/es\/aviso-legal\/","og_site_name":"WeWhale","article_modified_time":"2022-11-02T20:37:15+00:00","twitter_card":"summary_large_image","twitter_site":"@WeWhaleCo","twitter_misc":{"Tiempo de lectura":"3 minutos"},"schema":{"@context":"https:\/\/schema.org","@graph":[{"@type":"WebPage","@id":"https:\/\/staging.wewhale.co\/es\/aviso-legal\/","url":"https:\/\/staging.wewhale.co\/es\/aviso-legal\/","name":"Aviso Legal - WeWhale","isPartOf":{"@id":"https:\/\/staging.wewhale.co\/es\/#website"},"datePublished":"2022-05-13T13:21:41+00:00","dateModified":"2022-11-02T20:37:15+00:00","description":"Aviso legal sobre el uso de este sitio web, incluida la limitaci\u00f3n de responsabilidad, derechos de autor, exenci\u00f3n de responsabilidad y enlace a nuestra pol\u00edtica de privacidad.","breadcrumb":{"@id":"https:\/\/staging.wewhale.co\/es\/aviso-legal\/#breadcrumb"},"inLanguage":"es","potentialAction":[{"@type":"ReadAction","target":["https:\/\/staging.wewhale.co\/es\/aviso-legal\/"]}]},{"@type":"BreadcrumbList","@id":"https:\/\/staging.wewhale.co\/es\/aviso-legal\/#breadcrumb","itemListElement":[{"@type":"ListItem","position":1,"name":"Home","item":"https:\/\/staging.wewhale.co\/es\/wewhale-inicio\/"},{"@type":"ListItem","position":2,"name":"Aviso Legal"}]},{"@type":"WebSite","@id":"https:\/\/staging.wewhale.co\/es\/#website","url":"https:\/\/staging.wewhale.co\/es\/","name":"WeWhale","description":"","publisher":{"@id":"https:\/\/staging.wewhale.co\/es\/#organization"},"potentialAction":[{"@type":"SearchAction","target":{"@type":"EntryPoint","urlTemplate":"https:\/\/staging.wewhale.co\/es\/?s={search_term_string}"},"query-input":"required name=search_term_string"}],"inLanguage":"es"},{"@type":"Organization","@id":"https:\/\/staging.wewhale.co\/es\/#organization","name":"WeWhale","url":"https:\/\/staging.wewhale.co\/es\/","logo":{"@type":"ImageObject","inLanguage":"es","@id":"https:\/\/staging.wewhale.co\/es\/#\/schema\/logo\/image\/","url":"https:\/\/staging.wewhale.co\/wp-content\/uploads\/2022\/06\/wewhale_stamp_rgb.png","contentUrl":"https:\/\/staging.wewhale.co\/wp-content\/uploads\/2022\/06\/wewhale_stamp_rgb.png","width":1000,"height":1000,"caption":"WeWhale"},"image":{"@id":"https:\/\/staging.wewhale.co\/es\/#\/schema\/logo\/image\/"},"sameAs":["https:\/\/x.com\/WeWhaleCo"]}]}},"_links":{"self":[{"href":"https:\/\/staging.wewhale.co\/es\/wp-json\/wp\/v2\/pages\/737","targetHints":{"allow":["GET"]}}],"collection":[{"href":"https:\/\/staging.wewhale.co\/es\/wp-json\/wp\/v2\/pages"}],"about":[{"href":"https:\/\/staging.wewhale.co\/es\/wp-json\/wp\/v2\/types\/page"}],"author":[{"embeddable":true,"href":"https:\/\/staging.wewhale.co\/es\/wp-json\/wp\/v2\/users\/1"}],"replies":[{"embeddable":true,"href":"https:\/\/staging.wewhale.co\/es\/wp-json\/wp\/v2\/comments?post=737"}],"version-history":[{"count":9,"href":"https:\/\/staging.wewhale.co\/es\/wp-json\/wp\/v2\/pages\/737\/revisions"}],"predecessor-version":[{"id":2422,"href":"https:\/\/staging.wewhale.co\/es\/wp-json\/wp\/v2\/pages\/737\/revisions\/2422"}],"wp:attachment":[{"href":"https:\/\/staging.wewhale.co\/es\/wp-json\/wp\/v2\/media?parent=737"}],"curies":[{"name":"wp","href":"https:\/\/api.w.org\/{rel}","templated":true}]}}