{"id":746,"date":"2022-05-13T15:22:13","date_gmt":"2022-05-13T14:22:13","guid":{"rendered":"https:\/\/staging.wewhale.co\/politica-de-privacidad\/"},"modified":"2022-06-15T12:45:37","modified_gmt":"2022-06-15T11:45:37","slug":"politica-de-privacidad","status":"publish","type":"page","link":"https:\/\/staging.wewhale.co\/es\/politica-de-privacidad\/","title":{"rendered":"Pol\u00edtica de Privacidad"},"content":{"rendered":"<div class=\"wpb-content-wrapper\"><p>[vc_row row_height_percent=&#8221;0&#8243; override_padding=&#8221;yes&#8221; h_padding=&#8221;2&#8243; top_padding=&#8221;4&#8243; bottom_padding=&#8221;4&#8243; back_color=&#8221;color-309892&#8243; overlay_alpha=&#8221;50&#8243; gutter_size=&#8221;3&#8243; column_width_percent=&#8221;100&#8243; shift_y=&#8221;0&#8243; z_index=&#8221;0&#8243; uncode_shortcode_id=&#8221;680297&#8243; back_color_type=&#8221;uncode-palette&#8221;][vc_column column_width_percent=&#8221;100&#8243; gutter_size=&#8221;3&#8243; overlay_alpha=&#8221;50&#8243; shift_x=&#8221;0&#8243; shift_y=&#8221;0&#8243; shift_y_down=&#8221;0&#8243; z_index=&#8221;0&#8243; medium_width=&#8221;0&#8243; mobile_width=&#8221;0&#8243; width=&#8221;1\/1&#8243; uncode_shortcode_id=&#8221;893695&#8243;][vc_custom_heading heading_semantic=&#8221;h1&#8243; text_size=&#8221;h1&#8243; uncode_shortcode_id=&#8221;565879&#8243;]Pol\u00edtica de Privacidad[\/vc_custom_heading][\/vc_column][\/vc_row][vc_row row_height_percent=&#8221;0&#8243; override_padding=&#8221;yes&#8221; h_padding=&#8221;2&#8243; top_padding=&#8221;3&#8243; bottom_padding=&#8221;4&#8243; overlay_alpha=&#8221;50&#8243; gutter_size=&#8221;3&#8243; column_width_percent=&#8221;100&#8243; shift_y=&#8221;0&#8243; z_index=&#8221;0&#8243; uncode_shortcode_id=&#8221;310145&#8243;][vc_column width=&#8221;1\/1&#8243;][vc_column_text uncode_shortcode_id=&#8221;316152&#8243;]<\/p>\n<h2>General<\/h2>\n<p>El prop\u00f3sito de esta pol\u00edtica es proporcionar informaci\u00f3n sobre c\u00f3mo tratamos los datos que recopilamos de los visitantes de nuestro sitio web, o cuando alguien env\u00eda informaci\u00f3n personal a trav\u00e9s de nuestro sitio web. Nos comprometemos a proteger la privacidad de los usuarios de nuestro sitio web de acuerdo con las Leyes irlandesas de protecci\u00f3n de datos de 1998, 2003 y 2018.<\/p>\n<p>El sitio web contiene enlaces a otros sitios no controlados u operados por WeWhale. Se proporcionan \u00fanicamente como referencia y no constituyen una recomendaci\u00f3n. No asumimos ninguna responsabilidad por la informaci\u00f3n contenida en estos sitios, ni por ning\u00fan sitio vinculado desde estos sitios.<\/p>\n<h2>Recopilaci\u00f3n y uso de informaci\u00f3n personal<\/h2>\n<p>Con el fin de proporcionar nuestros servicios, WeWhale Ltd. requiere cierta informaci\u00f3n sobre usted y\/o cualquier persona para la que pueda estar comprando un boleto, mercanc\u00eda y cup\u00f3n de regalo. Es importante que nuestros clientes se sientan seguros de que manejaremos esta informaci\u00f3n adecuadamente. Para lograr esto, hemos establecido la siguiente Pol\u00edtica de privacidad:<\/p>\n<ul>\n<li>Solo utilizaremos la informaci\u00f3n proporcionada para el prop\u00f3sito en el que est\u00e1 destinada (es decir, organizar un tour de avistamiento de ballenas, procesar un pedido de nuestra mercanc\u00eda, etc.)<\/li>\n<li>Esta informaci\u00f3n no se divulgar\u00e1 ni se discutir\u00e1 con un tercero a menos que sea necesario para procesar su pedido\/consulta (es decir, reservar alojamiento, distribuir mercanc\u00eda solicitada, etc.)<\/li>\n<li>El acceso a esta informaci\u00f3n est\u00e1 limitado a los empleados que creemos que razonablemente necesitan entrar en contacto con esa informaci\u00f3n para brindarle servicios o para hacer su trabajo.<\/li>\n<li>Tenemos salvaguardas f\u00edsicas, electr\u00f3nicas y de procedimiento para proteger la informaci\u00f3n del cliente.<\/li>\n<\/ul>\n<p>WeWhale no recopila ning\u00fan dato personal sobre usted en este sitio web, aparte de la informaci\u00f3n que usted ofrece voluntariamente (por ejemplo, envi\u00e1ndonos un correo electr\u00f3nico, utilizando nuestro formulario de reserva en l\u00ednea o realizando una compra). Estos datos personales pueden incluir:<\/p>\n<ul>\n<li>Su nombre y datos de contacto, incluido su n\u00famero de tel\u00e9fono y direcci\u00f3n de correo electr\u00f3nico<\/li>\n<li>Los datos de su tarjeta de cr\u00e9dito\/d\u00e9bito<\/li>\n<li>Su nacionalidad (algo que utilizamos para informaci\u00f3n de marketing)<\/li>\n<li>Cualquier otro dato personal relacionado con usted que nos proporcione o que generemos sobre usted en relaci\u00f3n con su uso de este sitio web<\/li>\n<\/ul>\n<p>WeWhale compartir\u00e1 su informaci\u00f3n personal con nuestros socios tur\u00edsticos de WeWhale \u00fanicamente con el fin de organizar su recorrido ecol\u00f3gico.<\/p>\n<h2>Conservaci\u00f3n de datos personales<\/h2>\n<p>No conservaremos sus datos personales durante m\u00e1s tiempo del necesario. Conservamos sus datos personales durante el tiempo que los necesitemos para los fines descritos en esta pol\u00edtica, o para cumplir con nuestras obligaciones en virtud de la ley aplicable y, si corresponde, para tratar cualquier reclamo o disputa que pueda surgir entre usted y nosotros.<\/p>\n<h2>Recopilaci\u00f3n y uso de informaci\u00f3n t\u00e9cnica<\/h2>\n<p>Cuando visita nuestro sitio web, se conserva la siguiente informaci\u00f3n sobre esa visita:<\/p>\n<ul>\n<li>La direcci\u00f3n IP del servidor web del visitante<\/li>\n<li>El nombre de dominio de nivel superior utilizado (por ejemplo, .ie, .com, .org, .net, .es, .de)<\/li>\n<li>La direcci\u00f3n del sitio web anterior desde la que el visitante lleg\u00f3 a nosotros, incluidos los t\u00e9rminos de b\u00fasqueda utilizados<\/li>\n<li>Google Analytics que muestra el tr\u00e1fico de visitantes alrededor de este sitio web (por ejemplo, p\u00e1ginas a las que se accede y documentos descargados)<\/li>\n<li>El tipo de navegador web y sistema operativo utilizado por el visitante del sitio web<\/li>\n<\/ul>\n<p>WeWhale no har\u00e1 ning\u00fan intento de identificar a los visitantes individuales, o de asociar los detalles t\u00e9cnicos enumerados anteriormente con cualquier individuo. Es pol\u00edtica de WeWhale nunca divulgar dicha informaci\u00f3n t\u00e9cnica con respecto a los visitantes individuales del sitio web a ning\u00fan tercero (aparte de nuestro proveedor de servicios de Internet, que registra dichos datos en nuestro nombre y que est\u00e1 obligado por las disposiciones de confidencialidad a este respecto), a menos que est\u00e9 obligado a divulgar dicha informaci\u00f3n por ley.<\/p>\n<p>La informaci\u00f3n t\u00e9cnica ser\u00e1 utilizada \u00fanicamente por WeWhale, y s\u00f3lo para fines estad\u00edsticos y otros fines administrativos.<\/p>\n<h2>Pol\u00edtica de cookies<\/h2>\n<p>Una cookie es una peque\u00f1a pieza de datos en forma de un archivo de texto que puede almacenarse en su computadora o dispositivo m\u00f3vil despu\u00e9s de haber visitado un sitio web. Permite que un sitio web &#8220;recuerde&#8221; sus acciones o preferencias durante un per\u00edodo de tiempo y nos ayuda a mejorar su experiencia cada vez que lo visita. Esta es una pr\u00e1ctica est\u00e1ndar para los sitios web. Las cookies nos ayudan a comprender qu\u00e9 partes de nuestro sitio web son las m\u00e1s populares, a d\u00f3nde van nuestros visitantes y cu\u00e1nto tiempo pasan all\u00ed. Utilizamos Google Analytics para esto. Utilizamos Google Analytics para esto.<\/p>\n<p>Estos registros de seguimiento se realizan y mantienen de manera que los datos no sean identificables. Al visitar el sitio web de WeWhale, los visitantes tendr\u00e1n la oportunidad de dar su consentimiento para su uso a trav\u00e9s de una ventana emergente en pantalla. Al utilizar y navegar por el sitio web de WeWhale, usted acepta que las cookies se utilizan de acuerdo con nuestra pol\u00edtica.<\/p>\n<h2>Suscripci\u00f3n de correo<\/h2>\n<p>El registro en nuestra lista de correo es opcional para los visitantes del sitio web, que tienen la oportunidad de proporcionar su direcci\u00f3n de correo electr\u00f3nico para suscribirse. Utilizamos esa informaci\u00f3n para mantenerlo informado sobre las noticias de WeWhale y\/o para contactarlo si necesitamos verificar que nuestros registros sean correctos. Utilizamos un proveedor externo, MailChimp, para enviar nuestro bolet\u00edn. Para obtener m\u00e1s informaci\u00f3n, consulta la <a href=\"https:\/\/www.intuit.com\/privacy\/statement\/\">Pol\u00edtica de privacidad de MailChimp<\/a>. Puede darse de baja de nuestro bolet\u00edn informativo por correo electr\u00f3nico o actualizar sus datos y preferencias en cualquier momento haciendo clic en los enlaces Cancelar suscripci\u00f3n o Actualizar preferencias en la parte inferior de nuestro bolet\u00edn informativo por correo electr\u00f3nico O puede enviarnos un correo electr\u00f3nico a <a href=\"mailto:dataprivacy@staging.wewhale.co\">data@staging.wewhale.co<\/a><\/p>\n<p><em>Esta Pol\u00edtica de privacidad fue escrita en mayo de 2022. Ocasionalmente podemos actualizar esta pol\u00edtica. Le recomendamos que revise peri\u00f3dicamente esta pol\u00edtica para obtener la informaci\u00f3n m\u00e1s reciente sobre nuestras pr\u00e1cticas de privacidad.<\/em>[\/vc_column_text][\/vc_column][\/vc_row]<\/p>\n<\/div>","protected":false},"excerpt":{"rendered":"<p>[vc_row row_height_percent=&#8221;0&#8243; override_padding=&#8221;yes&#8221; h_padding=&#8221;2&#8243; top_padding=&#8221;4&#8243; bottom_padding=&#8221;4&#8243; back_color=&#8221;color-309892&#8243; overlay_alpha=&#8221;50&#8243; gutter_size=&#8221;3&#8243; column_width_percent=&#8221;100&#8243; shift_y=&#8221;0&#8243; z_index=&#8221;0&#8243; uncode_shortcode_id=&#8221;680297&#8243; back_color_type=&#8221;uncode-palette&#8221;][vc_column column_width_percent=&#8221;100&#8243; gutter_size=&#8221;3&#8243; overlay_alpha=&#8221;50&#8243; shift_x=&#8221;0&#8243; shift_y=&#8221;0&#8243; shift_y_down=&#8221;0&#8243; [&hellip;]<\/p>\n","protected":false},"author":1,"featured_media":0,"parent":0,"menu_order":0,"comment_status":"closed","ping_status":"closed","template":"","meta":{"footnotes":""},"class_list":["post-746","page","type-page","status-publish","hentry"],"yoast_head":"<!-- This site is optimized with the Yoast SEO Premium plugin v23.2 (Yoast SEO v23.2) - https:\/\/yoast.com\/wordpress\/plugins\/seo\/ -->\n<title>Pol\u00edtica de Privacidad - WeWhale<\/title>\n<meta name=\"description\" content=\"La Pol\u00edtica de privacidad proporciona informaci\u00f3n sobre c\u00f3mo tratamos los datos que recopilamos de los visitantes del sitio web y la informaci\u00f3n personal enviada a trav\u00e9s de nuestro sitio web.\" \/>\n<meta name=\"robots\" content=\"index, follow, max-snippet:-1, max-image-preview:large, max-video-preview:-1\" \/>\n<link rel=\"canonical\" href=\"https:\/\/staging.wewhale.co\/es\/politica-de-privacidad\/\" \/>\n<meta property=\"og:locale\" content=\"es_ES\" \/>\n<meta property=\"og:type\" content=\"article\" \/>\n<meta property=\"og:title\" content=\"Pol\u00edtica de Privacidad\" \/>\n<meta property=\"og:description\" content=\"La Pol\u00edtica de privacidad proporciona informaci\u00f3n sobre c\u00f3mo tratamos los datos que recopilamos de los visitantes del sitio web y la informaci\u00f3n personal enviada a trav\u00e9s de nuestro sitio web.\" \/>\n<meta property=\"og:url\" content=\"https:\/\/staging.wewhale.co\/es\/politica-de-privacidad\/\" \/>\n<meta property=\"og:site_name\" content=\"WeWhale\" \/>\n<meta property=\"article:modified_time\" content=\"2022-06-15T11:45:37+00:00\" \/>\n<meta name=\"twitter:card\" content=\"summary_large_image\" \/>\n<meta name=\"twitter:site\" content=\"@WeWhaleCo\" \/>\n<meta name=\"twitter:label1\" content=\"Tiempo de lectura\" \/>\n\t<meta name=\"twitter:data1\" content=\"6 minutos\" \/>\n<script type=\"application\/ld+json\" class=\"yoast-schema-graph\">{\"@context\":\"https:\/\/schema.org\",\"@graph\":[{\"@type\":\"WebPage\",\"@id\":\"https:\/\/staging.wewhale.co\/es\/politica-de-privacidad\/\",\"url\":\"https:\/\/staging.wewhale.co\/es\/politica-de-privacidad\/\",\"name\":\"Pol\u00edtica de Privacidad - WeWhale\",\"isPartOf\":{\"@id\":\"https:\/\/staging.wewhale.co\/es\/#website\"},\"datePublished\":\"2022-05-13T14:22:13+00:00\",\"dateModified\":\"2022-06-15T11:45:37+00:00\",\"description\":\"La Pol\u00edtica de privacidad proporciona informaci\u00f3n sobre c\u00f3mo tratamos los datos que recopilamos de los visitantes del sitio web y la informaci\u00f3n personal enviada a trav\u00e9s de nuestro sitio web.\",\"breadcrumb\":{\"@id\":\"https:\/\/staging.wewhale.co\/es\/politica-de-privacidad\/#breadcrumb\"},\"inLanguage\":\"es\",\"potentialAction\":[{\"@type\":\"ReadAction\",\"target\":[\"https:\/\/staging.wewhale.co\/es\/politica-de-privacidad\/\"]}]},{\"@type\":\"BreadcrumbList\",\"@id\":\"https:\/\/staging.wewhale.co\/es\/politica-de-privacidad\/#breadcrumb\",\"itemListElement\":[{\"@type\":\"ListItem\",\"position\":1,\"name\":\"Home\",\"item\":\"https:\/\/staging.wewhale.co\/es\/wewhale-inicio\/\"},{\"@type\":\"ListItem\",\"position\":2,\"name\":\"Pol\u00edtica de Privacidad\"}]},{\"@type\":\"WebSite\",\"@id\":\"https:\/\/staging.wewhale.co\/es\/#website\",\"url\":\"https:\/\/staging.wewhale.co\/es\/\",\"name\":\"WeWhale\",\"description\":\"\",\"publisher\":{\"@id\":\"https:\/\/staging.wewhale.co\/es\/#organization\"},\"potentialAction\":[{\"@type\":\"SearchAction\",\"target\":{\"@type\":\"EntryPoint\",\"urlTemplate\":\"https:\/\/staging.wewhale.co\/es\/?s={search_term_string}\"},\"query-input\":\"required name=search_term_string\"}],\"inLanguage\":\"es\"},{\"@type\":\"Organization\",\"@id\":\"https:\/\/staging.wewhale.co\/es\/#organization\",\"name\":\"WeWhale\",\"url\":\"https:\/\/staging.wewhale.co\/es\/\",\"logo\":{\"@type\":\"ImageObject\",\"inLanguage\":\"es\",\"@id\":\"https:\/\/staging.wewhale.co\/es\/#\/schema\/logo\/image\/\",\"url\":\"https:\/\/staging.wewhale.co\/wp-content\/uploads\/2022\/06\/wewhale_stamp_rgb.png\",\"contentUrl\":\"https:\/\/staging.wewhale.co\/wp-content\/uploads\/2022\/06\/wewhale_stamp_rgb.png\",\"width\":1000,\"height\":1000,\"caption\":\"WeWhale\"},\"image\":{\"@id\":\"https:\/\/staging.wewhale.co\/es\/#\/schema\/logo\/image\/\"},\"sameAs\":[\"https:\/\/x.com\/WeWhaleCo\"]}]}<\/script>\n<!-- \/ Yoast SEO Premium plugin. -->","yoast_head_json":{"title":"Pol\u00edtica de Privacidad - WeWhale","description":"La Pol\u00edtica de privacidad proporciona informaci\u00f3n sobre c\u00f3mo tratamos los datos que recopilamos de los visitantes del sitio web y la informaci\u00f3n personal enviada a trav\u00e9s de nuestro sitio web.","robots":{"index":"index","follow":"follow","max-snippet":"max-snippet:-1","max-image-preview":"max-image-preview:large","max-video-preview":"max-video-preview:-1"},"canonical":"https:\/\/staging.wewhale.co\/es\/politica-de-privacidad\/","og_locale":"es_ES","og_type":"article","og_title":"Pol\u00edtica de Privacidad","og_description":"La Pol\u00edtica de privacidad proporciona informaci\u00f3n sobre c\u00f3mo tratamos los datos que recopilamos de los visitantes del sitio web y la informaci\u00f3n personal enviada a trav\u00e9s de nuestro sitio web.","og_url":"https:\/\/staging.wewhale.co\/es\/politica-de-privacidad\/","og_site_name":"WeWhale","article_modified_time":"2022-06-15T11:45:37+00:00","twitter_card":"summary_large_image","twitter_site":"@WeWhaleCo","twitter_misc":{"Tiempo de lectura":"6 minutos"},"schema":{"@context":"https:\/\/schema.org","@graph":[{"@type":"WebPage","@id":"https:\/\/staging.wewhale.co\/es\/politica-de-privacidad\/","url":"https:\/\/staging.wewhale.co\/es\/politica-de-privacidad\/","name":"Pol\u00edtica de Privacidad - WeWhale","isPartOf":{"@id":"https:\/\/staging.wewhale.co\/es\/#website"},"datePublished":"2022-05-13T14:22:13+00:00","dateModified":"2022-06-15T11:45:37+00:00","description":"La Pol\u00edtica de privacidad proporciona informaci\u00f3n sobre c\u00f3mo tratamos los datos que recopilamos de los visitantes del sitio web y la informaci\u00f3n personal enviada a trav\u00e9s de nuestro sitio web.","breadcrumb":{"@id":"https:\/\/staging.wewhale.co\/es\/politica-de-privacidad\/#breadcrumb"},"inLanguage":"es","potentialAction":[{"@type":"ReadAction","target":["https:\/\/staging.wewhale.co\/es\/politica-de-privacidad\/"]}]},{"@type":"BreadcrumbList","@id":"https:\/\/staging.wewhale.co\/es\/politica-de-privacidad\/#breadcrumb","itemListElement":[{"@type":"ListItem","position":1,"name":"Home","item":"https:\/\/staging.wewhale.co\/es\/wewhale-inicio\/"},{"@type":"ListItem","position":2,"name":"Pol\u00edtica de Privacidad"}]},{"@type":"WebSite","@id":"https:\/\/staging.wewhale.co\/es\/#website","url":"https:\/\/staging.wewhale.co\/es\/","name":"WeWhale","description":"","publisher":{"@id":"https:\/\/staging.wewhale.co\/es\/#organization"},"potentialAction":[{"@type":"SearchAction","target":{"@type":"EntryPoint","urlTemplate":"https:\/\/staging.wewhale.co\/es\/?s={search_term_string}"},"query-input":"required name=search_term_string"}],"inLanguage":"es"},{"@type":"Organization","@id":"https:\/\/staging.wewhale.co\/es\/#organization","name":"WeWhale","url":"https:\/\/staging.wewhale.co\/es\/","logo":{"@type":"ImageObject","inLanguage":"es","@id":"https:\/\/staging.wewhale.co\/es\/#\/schema\/logo\/image\/","url":"https:\/\/staging.wewhale.co\/wp-content\/uploads\/2022\/06\/wewhale_stamp_rgb.png","contentUrl":"https:\/\/staging.wewhale.co\/wp-content\/uploads\/2022\/06\/wewhale_stamp_rgb.png","width":1000,"height":1000,"caption":"WeWhale"},"image":{"@id":"https:\/\/staging.wewhale.co\/es\/#\/schema\/logo\/image\/"},"sameAs":["https:\/\/x.com\/WeWhaleCo"]}]}},"_links":{"self":[{"href":"https:\/\/staging.wewhale.co\/es\/wp-json\/wp\/v2\/pages\/746","targetHints":{"allow":["GET"]}}],"collection":[{"href":"https:\/\/staging.wewhale.co\/es\/wp-json\/wp\/v2\/pages"}],"about":[{"href":"https:\/\/staging.wewhale.co\/es\/wp-json\/wp\/v2\/types\/page"}],"author":[{"embeddable":true,"href":"https:\/\/staging.wewhale.co\/es\/wp-json\/wp\/v2\/users\/1"}],"replies":[{"embeddable":true,"href":"https:\/\/staging.wewhale.co\/es\/wp-json\/wp\/v2\/comments?post=746"}],"version-history":[{"count":6,"href":"https:\/\/staging.wewhale.co\/es\/wp-json\/wp\/v2\/pages\/746\/revisions"}],"predecessor-version":[{"id":1122,"href":"https:\/\/staging.wewhale.co\/es\/wp-json\/wp\/v2\/pages\/746\/revisions\/1122"}],"wp:attachment":[{"href":"https:\/\/staging.wewhale.co\/es\/wp-json\/wp\/v2\/media?parent=746"}],"curies":[{"name":"wp","href":"https:\/\/api.w.org\/{rel}","templated":true}]}}