{"id":110775,"date":"2023-06-29T19:03:45","date_gmt":"2023-06-29T17:03:45","guid":{"rendered":"https:\/\/staging.wewhale.co\/?post_type=product&#038;p=110775"},"modified":"2023-12-15T23:39:34","modified_gmt":"2023-12-15T22:39:34","slug":"wewhale-mission-jumper-ocean-grey","status":"publish","type":"product","link":"https:\/\/staging.wewhale.co\/es\/producto\/wewhale-mission-jumper-ocean-grey\/","title":{"rendered":"WeWhale Mission Jumper &#8211; Ocean Grey"},"content":{"rendered":"","protected":false},"excerpt":{"rendered":"<p>Apoya a WeWhale y a nuestra misi\u00f3n de que las observaciones de cet\u00e1ceos sean libres de ruidos y emisiones, en un mundo donde los animales puedan prosperar, y los humanos podamos aprender. El 100 % de las ganancias de nuestra l\u00ednea de ropa se destinar\u00e1 directamente a proyectos de conservaci\u00f3n de ballenas y delfines.<\/p>\n<p><a href=\"https:\/\/staging.wewhale.co\/es\/transparencia-de-precios\/\" target=\"_blank\" rel=\"noopener\">&#8220;Clica aqu\u00ed para ver c\u00f3mo se calcula el precio&#8221;<\/a><\/p>\n","protected":false},"featured_media":110787,"comment_status":"open","ping_status":"closed","template":"","meta":[],"product_cat":[957],"product_tag":[],"class_list":{"0":"post-110775","1":"product","2":"type-product","3":"status-publish","4":"has-post-thumbnail","6":"product_cat-apparel-es","8":"first","9":"instock","10":"taxable","11":"shipping-taxable","12":"purchasable","13":"product-type-variable"},"yoast_head":"<!-- This site is optimized with the Yoast SEO Premium plugin v23.2 (Yoast SEO v23.2) - https:\/\/yoast.com\/wordpress\/plugins\/seo\/ -->\n<title>WeWhale Mission Jumper - Ocean Grey - WeWhale<\/title>\n<meta name=\"robots\" content=\"index, follow, max-snippet:-1, max-image-preview:large, max-video-preview:-1\" \/>\n<link rel=\"canonical\" href=\"https:\/\/staging.wewhale.co\/es\/producto\/wewhale-mission-jumper-ocean-grey\/\" \/>\n<meta property=\"og:locale\" content=\"es_ES\" \/>\n<meta property=\"og:type\" content=\"article\" \/>\n<meta property=\"og:title\" content=\"WeWhale Mission Jumper - Ocean Grey\" \/>\n<meta property=\"og:description\" content=\"Apoya a WeWhale y a nuestra misi\u00f3n de que las observaciones de cet\u00e1ceos sean libres de ruidos y emisiones, en un mundo donde los animales puedan prosperar, y los humanos podamos aprender. El 100 % de las ganancias de nuestra l\u00ednea de ropa se destinar\u00e1 directamente a proyectos de conservaci\u00f3n de ballenas y delfines.  &quot;Clica aqu\u00ed para ver c\u00f3mo se calcula el precio&quot;\" \/>\n<meta property=\"og:url\" content=\"https:\/\/staging.wewhale.co\/es\/producto\/wewhale-mission-jumper-ocean-grey\/\" \/>\n<meta property=\"og:site_name\" content=\"WeWhale\" \/>\n<meta property=\"article:modified_time\" content=\"2023-12-15T22:39:34+00:00\" \/>\n<meta property=\"og:image\" content=\"https:\/\/staging.wewhale.co\/wp-content\/uploads\/2023\/06\/Jumper-Ocean-Grey-1.jpg\" \/>\n\t<meta property=\"og:image:width\" content=\"961\" \/>\n\t<meta property=\"og:image:height\" content=\"1201\" \/>\n\t<meta property=\"og:image:type\" content=\"image\/jpeg\" \/>\n<meta name=\"twitter:card\" content=\"summary_large_image\" \/>\n<meta name=\"twitter:site\" content=\"@WeWhaleCo\" \/>\n<script type=\"application\/ld+json\" class=\"yoast-schema-graph\">{\"@context\":\"https:\/\/schema.org\",\"@graph\":[{\"@type\":\"WebPage\",\"@id\":\"https:\/\/staging.wewhale.co\/es\/producto\/wewhale-mission-jumper-ocean-grey\/\",\"url\":\"https:\/\/staging.wewhale.co\/es\/producto\/wewhale-mission-jumper-ocean-grey\/\",\"name\":\"WeWhale Mission Jumper - Ocean Grey - WeWhale\",\"isPartOf\":{\"@id\":\"https:\/\/staging.wewhale.co\/es\/#website\"},\"primaryImageOfPage\":{\"@id\":\"https:\/\/staging.wewhale.co\/es\/producto\/wewhale-mission-jumper-ocean-grey\/#primaryimage\"},\"image\":{\"@id\":\"https:\/\/staging.wewhale.co\/es\/producto\/wewhale-mission-jumper-ocean-grey\/#primaryimage\"},\"thumbnailUrl\":\"https:\/\/staging.wewhale.co\/wp-content\/uploads\/2023\/06\/Jumper-Ocean-Grey-1.jpg\",\"datePublished\":\"2023-06-29T17:03:45+00:00\",\"dateModified\":\"2023-12-15T22:39:34+00:00\",\"breadcrumb\":{\"@id\":\"https:\/\/staging.wewhale.co\/es\/producto\/wewhale-mission-jumper-ocean-grey\/#breadcrumb\"},\"inLanguage\":\"es\",\"potentialAction\":[{\"@type\":\"ReadAction\",\"target\":[\"https:\/\/staging.wewhale.co\/es\/producto\/wewhale-mission-jumper-ocean-grey\/\"]}]},{\"@type\":\"ImageObject\",\"inLanguage\":\"es\",\"@id\":\"https:\/\/staging.wewhale.co\/es\/producto\/wewhale-mission-jumper-ocean-grey\/#primaryimage\",\"url\":\"https:\/\/staging.wewhale.co\/wp-content\/uploads\/2023\/06\/Jumper-Ocean-Grey-1.jpg\",\"contentUrl\":\"https:\/\/staging.wewhale.co\/wp-content\/uploads\/2023\/06\/Jumper-Ocean-Grey-1.jpg\",\"width\":961,\"height\":1201},{\"@type\":\"BreadcrumbList\",\"@id\":\"https:\/\/staging.wewhale.co\/es\/producto\/wewhale-mission-jumper-ocean-grey\/#breadcrumb\",\"itemListElement\":[{\"@type\":\"ListItem\",\"position\":1,\"name\":\"Home\",\"item\":\"https:\/\/staging.wewhale.co\/es\/wewhale-inicio\/\"},{\"@type\":\"ListItem\",\"position\":2,\"name\":\"Shop\",\"item\":\"https:\/\/staging.wewhale.co\/es\/shop\/\"},{\"@type\":\"ListItem\",\"position\":3,\"name\":\"WeWhale Mission Jumper &#8211; Ocean Grey\"}]},{\"@type\":\"WebSite\",\"@id\":\"https:\/\/staging.wewhale.co\/es\/#website\",\"url\":\"https:\/\/staging.wewhale.co\/es\/\",\"name\":\"WeWhale\",\"description\":\"\",\"publisher\":{\"@id\":\"https:\/\/staging.wewhale.co\/es\/#organization\"},\"potentialAction\":[{\"@type\":\"SearchAction\",\"target\":{\"@type\":\"EntryPoint\",\"urlTemplate\":\"https:\/\/staging.wewhale.co\/es\/?s={search_term_string}\"},\"query-input\":\"required name=search_term_string\"}],\"inLanguage\":\"es\"},{\"@type\":\"Organization\",\"@id\":\"https:\/\/staging.wewhale.co\/es\/#organization\",\"name\":\"WeWhale\",\"url\":\"https:\/\/staging.wewhale.co\/es\/\",\"logo\":{\"@type\":\"ImageObject\",\"inLanguage\":\"es\",\"@id\":\"https:\/\/staging.wewhale.co\/es\/#\/schema\/logo\/image\/\",\"url\":\"https:\/\/staging.wewhale.co\/wp-content\/uploads\/2022\/06\/wewhale_stamp_rgb.png\",\"contentUrl\":\"https:\/\/staging.wewhale.co\/wp-content\/uploads\/2022\/06\/wewhale_stamp_rgb.png\",\"width\":1000,\"height\":1000,\"caption\":\"WeWhale\"},\"image\":{\"@id\":\"https:\/\/staging.wewhale.co\/es\/#\/schema\/logo\/image\/\"},\"sameAs\":[\"https:\/\/x.com\/WeWhaleCo\"]}]}<\/script>\n<!-- \/ Yoast SEO Premium plugin. -->","yoast_head_json":{"title":"WeWhale Mission Jumper - Ocean Grey - WeWhale","robots":{"index":"index","follow":"follow","max-snippet":"max-snippet:-1","max-image-preview":"max-image-preview:large","max-video-preview":"max-video-preview:-1"},"canonical":"https:\/\/staging.wewhale.co\/es\/producto\/wewhale-mission-jumper-ocean-grey\/","og_locale":"es_ES","og_type":"article","og_title":"WeWhale Mission Jumper - Ocean Grey","og_description":"Apoya a WeWhale y a nuestra misi\u00f3n de que las observaciones de cet\u00e1ceos sean libres de ruidos y emisiones, en un mundo donde los animales puedan prosperar, y los humanos podamos aprender. El 100 % de las ganancias de nuestra l\u00ednea de ropa se destinar\u00e1 directamente a proyectos de conservaci\u00f3n de ballenas y delfines.  \"Clica aqu\u00ed para ver c\u00f3mo se calcula el precio\"","og_url":"https:\/\/staging.wewhale.co\/es\/producto\/wewhale-mission-jumper-ocean-grey\/","og_site_name":"WeWhale","article_modified_time":"2023-12-15T22:39:34+00:00","og_image":[{"width":961,"height":1201,"url":"https:\/\/staging.wewhale.co\/wp-content\/uploads\/2023\/06\/Jumper-Ocean-Grey-1.jpg","type":"image\/jpeg"}],"twitter_card":"summary_large_image","twitter_site":"@WeWhaleCo","schema":{"@context":"https:\/\/schema.org","@graph":[{"@type":"WebPage","@id":"https:\/\/staging.wewhale.co\/es\/producto\/wewhale-mission-jumper-ocean-grey\/","url":"https:\/\/staging.wewhale.co\/es\/producto\/wewhale-mission-jumper-ocean-grey\/","name":"WeWhale Mission Jumper - Ocean Grey - WeWhale","isPartOf":{"@id":"https:\/\/staging.wewhale.co\/es\/#website"},"primaryImageOfPage":{"@id":"https:\/\/staging.wewhale.co\/es\/producto\/wewhale-mission-jumper-ocean-grey\/#primaryimage"},"image":{"@id":"https:\/\/staging.wewhale.co\/es\/producto\/wewhale-mission-jumper-ocean-grey\/#primaryimage"},"thumbnailUrl":"https:\/\/staging.wewhale.co\/wp-content\/uploads\/2023\/06\/Jumper-Ocean-Grey-1.jpg","datePublished":"2023-06-29T17:03:45+00:00","dateModified":"2023-12-15T22:39:34+00:00","breadcrumb":{"@id":"https:\/\/staging.wewhale.co\/es\/producto\/wewhale-mission-jumper-ocean-grey\/#breadcrumb"},"inLanguage":"es","potentialAction":[{"@type":"ReadAction","target":["https:\/\/staging.wewhale.co\/es\/producto\/wewhale-mission-jumper-ocean-grey\/"]}]},{"@type":"ImageObject","inLanguage":"es","@id":"https:\/\/staging.wewhale.co\/es\/producto\/wewhale-mission-jumper-ocean-grey\/#primaryimage","url":"https:\/\/staging.wewhale.co\/wp-content\/uploads\/2023\/06\/Jumper-Ocean-Grey-1.jpg","contentUrl":"https:\/\/staging.wewhale.co\/wp-content\/uploads\/2023\/06\/Jumper-Ocean-Grey-1.jpg","width":961,"height":1201},{"@type":"BreadcrumbList","@id":"https:\/\/staging.wewhale.co\/es\/producto\/wewhale-mission-jumper-ocean-grey\/#breadcrumb","itemListElement":[{"@type":"ListItem","position":1,"name":"Home","item":"https:\/\/staging.wewhale.co\/es\/wewhale-inicio\/"},{"@type":"ListItem","position":2,"name":"Shop","item":"https:\/\/staging.wewhale.co\/es\/shop\/"},{"@type":"ListItem","position":3,"name":"WeWhale Mission Jumper &#8211; Ocean Grey"}]},{"@type":"WebSite","@id":"https:\/\/staging.wewhale.co\/es\/#website","url":"https:\/\/staging.wewhale.co\/es\/","name":"WeWhale","description":"","publisher":{"@id":"https:\/\/staging.wewhale.co\/es\/#organization"},"potentialAction":[{"@type":"SearchAction","target":{"@type":"EntryPoint","urlTemplate":"https:\/\/staging.wewhale.co\/es\/?s={search_term_string}"},"query-input":"required name=search_term_string"}],"inLanguage":"es"},{"@type":"Organization","@id":"https:\/\/staging.wewhale.co\/es\/#organization","name":"WeWhale","url":"https:\/\/staging.wewhale.co\/es\/","logo":{"@type":"ImageObject","inLanguage":"es","@id":"https:\/\/staging.wewhale.co\/es\/#\/schema\/logo\/image\/","url":"https:\/\/staging.wewhale.co\/wp-content\/uploads\/2022\/06\/wewhale_stamp_rgb.png","contentUrl":"https:\/\/staging.wewhale.co\/wp-content\/uploads\/2022\/06\/wewhale_stamp_rgb.png","width":1000,"height":1000,"caption":"WeWhale"},"image":{"@id":"https:\/\/staging.wewhale.co\/es\/#\/schema\/logo\/image\/"},"sameAs":["https:\/\/x.com\/WeWhaleCo"]}]}},"_links":{"self":[{"href":"https:\/\/staging.wewhale.co\/es\/wp-json\/wp\/v2\/product\/110775","targetHints":{"allow":["GET"]}}],"collection":[{"href":"https:\/\/staging.wewhale.co\/es\/wp-json\/wp\/v2\/product"}],"about":[{"href":"https:\/\/staging.wewhale.co\/es\/wp-json\/wp\/v2\/types\/product"}],"replies":[{"embeddable":true,"href":"https:\/\/staging.wewhale.co\/es\/wp-json\/wp\/v2\/comments?post=110775"}],"wp:featuredmedia":[{"embeddable":true,"href":"https:\/\/staging.wewhale.co\/es\/wp-json\/wp\/v2\/media\/110787"}],"wp:attachment":[{"href":"https:\/\/staging.wewhale.co\/es\/wp-json\/wp\/v2\/media?parent=110775"}],"wp:term":[{"taxonomy":"product_cat","embeddable":true,"href":"https:\/\/staging.wewhale.co\/es\/wp-json\/wp\/v2\/product_cat?post=110775"},{"taxonomy":"product_tag","embeddable":true,"href":"https:\/\/staging.wewhale.co\/es\/wp-json\/wp\/v2\/product_tag?post=110775"}],"curies":[{"name":"wp","href":"https:\/\/api.w.org\/{rel}","templated":true}]}}