{"id":113398,"date":"2024-03-18T21:09:56","date_gmt":"2024-03-18T21:09:56","guid":{"rendered":"https:\/\/staging.wewhale.co\/?post_type=product&#038;p=113398"},"modified":"2024-03-26T23:56:25","modified_gmt":"2024-03-26T22:56:25","slug":"iberian-orca-hoodie-ocean-deep-blue","status":"publish","type":"product","link":"https:\/\/staging.wewhale.co\/es\/producto\/iberian-orca-hoodie-ocean-deep-blue\/","title":{"rendered":"Iberian Orca Hoodie \u2013 Ocean Deep Blue"},"content":{"rendered":"","protected":false},"excerpt":{"rendered":"<p>Apoya a la Orca Ib\u00e9rica y su supervivencia comprando este producto. El 100% de las ganancias de la Colecci\u00f3n de la Orca Ib\u00e9rica ir\u00e1 directamente a nuestra campa\u00f1a &#8220;Salva la Orca Ib\u00e9rica&#8221;. M\u00e1s informaci\u00f3n en <a href=\"https:\/\/save-the-iberian-orca.org\/es\/inicio\" target=\"_blank\" rel=\"noopener\">www.save-the-Iberian-orca.org<\/a><br \/>\n<em><br \/>\n<a href=\"https:\/\/staging.wewhale.co\/es\/transparencia-de-precios\/\" target=\"_blank\" rel=\"noopener\">&#8220;Clica aqu\u00ed para ver c\u00f3mo se calcula el precio&#8221;<\/a><\/em><\/p>\n","protected":false},"featured_media":113404,"comment_status":"open","ping_status":"closed","template":"","meta":[],"product_cat":[957],"product_tag":[],"class_list":{"0":"post-113398","1":"product","2":"type-product","3":"status-publish","4":"has-post-thumbnail","6":"product_cat-apparel-es","8":"first","9":"outofstock","10":"taxable","11":"shipping-taxable","12":"purchasable","13":"product-type-variable"},"yoast_head":"<!-- This site is optimized with the Yoast SEO Premium plugin v23.2 (Yoast SEO v23.2) - https:\/\/yoast.com\/wordpress\/plugins\/seo\/ -->\n<title>Iberian Orca Hoodie \u2013 Ocean Deep Blue - WeWhale<\/title>\n<meta name=\"robots\" content=\"index, follow, max-snippet:-1, max-image-preview:large, max-video-preview:-1\" \/>\n<link rel=\"canonical\" href=\"https:\/\/staging.wewhale.co\/es\/producto\/iberian-orca-hoodie-ocean-deep-blue\/\" \/>\n<meta property=\"og:locale\" content=\"es_ES\" \/>\n<meta property=\"og:type\" content=\"article\" \/>\n<meta property=\"og:title\" content=\"Iberian Orca Hoodie \u2013 Ocean Deep Blue\" \/>\n<meta property=\"og:description\" content=\"Apoya a la Orca Ib\u00e9rica y su supervivencia comprando este producto. El 100% de las ganancias de la Colecci\u00f3n de la Orca Ib\u00e9rica ir\u00e1 directamente a nuestra campa\u00f1a &quot;Salva la Orca Ib\u00e9rica&quot;. M\u00e1s informaci\u00f3n en www.save-the-Iberian-orca.org &quot;Clica aqu\u00ed para ver c\u00f3mo se calcula el precio&quot;\" \/>\n<meta property=\"og:url\" content=\"https:\/\/staging.wewhale.co\/es\/producto\/iberian-orca-hoodie-ocean-deep-blue\/\" \/>\n<meta property=\"og:site_name\" content=\"WeWhale\" \/>\n<meta property=\"article:modified_time\" content=\"2024-03-26T22:56:25+00:00\" \/>\n<meta property=\"og:image\" content=\"https:\/\/staging.wewhale.co\/wp-content\/uploads\/2024\/03\/Iberian-Orca-Hoodie-Ocean-Deep-Blue-2.jpg\" \/>\n\t<meta property=\"og:image:width\" content=\"974\" \/>\n\t<meta property=\"og:image:height\" content=\"1217\" \/>\n\t<meta property=\"og:image:type\" content=\"image\/jpeg\" \/>\n<meta name=\"twitter:card\" content=\"summary_large_image\" \/>\n<meta name=\"twitter:site\" content=\"@WeWhaleCo\" \/>\n<meta name=\"twitter:label1\" content=\"Tiempo de lectura\" \/>\n\t<meta name=\"twitter:data1\" content=\"1 minuto\" \/>\n<script type=\"application\/ld+json\" class=\"yoast-schema-graph\">{\"@context\":\"https:\/\/schema.org\",\"@graph\":[{\"@type\":\"WebPage\",\"@id\":\"https:\/\/staging.wewhale.co\/es\/producto\/iberian-orca-hoodie-ocean-deep-blue\/\",\"url\":\"https:\/\/staging.wewhale.co\/es\/producto\/iberian-orca-hoodie-ocean-deep-blue\/\",\"name\":\"Iberian Orca Hoodie \u2013 Ocean Deep Blue - WeWhale\",\"isPartOf\":{\"@id\":\"https:\/\/staging.wewhale.co\/es\/#website\"},\"primaryImageOfPage\":{\"@id\":\"https:\/\/staging.wewhale.co\/es\/producto\/iberian-orca-hoodie-ocean-deep-blue\/#primaryimage\"},\"image\":{\"@id\":\"https:\/\/staging.wewhale.co\/es\/producto\/iberian-orca-hoodie-ocean-deep-blue\/#primaryimage\"},\"thumbnailUrl\":\"https:\/\/staging.wewhale.co\/wp-content\/uploads\/2024\/03\/Iberian-Orca-Hoodie-Ocean-Deep-Blue-2.jpg\",\"datePublished\":\"2024-03-18T21:09:56+00:00\",\"dateModified\":\"2024-03-26T22:56:25+00:00\",\"breadcrumb\":{\"@id\":\"https:\/\/staging.wewhale.co\/es\/producto\/iberian-orca-hoodie-ocean-deep-blue\/#breadcrumb\"},\"inLanguage\":\"es\",\"potentialAction\":[{\"@type\":\"ReadAction\",\"target\":[\"https:\/\/staging.wewhale.co\/es\/producto\/iberian-orca-hoodie-ocean-deep-blue\/\"]}]},{\"@type\":\"ImageObject\",\"inLanguage\":\"es\",\"@id\":\"https:\/\/staging.wewhale.co\/es\/producto\/iberian-orca-hoodie-ocean-deep-blue\/#primaryimage\",\"url\":\"https:\/\/staging.wewhale.co\/wp-content\/uploads\/2024\/03\/Iberian-Orca-Hoodie-Ocean-Deep-Blue-2.jpg\",\"contentUrl\":\"https:\/\/staging.wewhale.co\/wp-content\/uploads\/2024\/03\/Iberian-Orca-Hoodie-Ocean-Deep-Blue-2.jpg\",\"width\":974,\"height\":1217},{\"@type\":\"BreadcrumbList\",\"@id\":\"https:\/\/staging.wewhale.co\/es\/producto\/iberian-orca-hoodie-ocean-deep-blue\/#breadcrumb\",\"itemListElement\":[{\"@type\":\"ListItem\",\"position\":1,\"name\":\"Home\",\"item\":\"https:\/\/staging.wewhale.co\/es\/wewhale-inicio\/\"},{\"@type\":\"ListItem\",\"position\":2,\"name\":\"Shop\",\"item\":\"https:\/\/staging.wewhale.co\/es\/shop\/\"},{\"@type\":\"ListItem\",\"position\":3,\"name\":\"Iberian Orca Hoodie \u2013 Ocean Deep Blue\"}]},{\"@type\":\"WebSite\",\"@id\":\"https:\/\/staging.wewhale.co\/es\/#website\",\"url\":\"https:\/\/staging.wewhale.co\/es\/\",\"name\":\"WeWhale\",\"description\":\"\",\"publisher\":{\"@id\":\"https:\/\/staging.wewhale.co\/es\/#organization\"},\"potentialAction\":[{\"@type\":\"SearchAction\",\"target\":{\"@type\":\"EntryPoint\",\"urlTemplate\":\"https:\/\/staging.wewhale.co\/es\/?s={search_term_string}\"},\"query-input\":\"required name=search_term_string\"}],\"inLanguage\":\"es\"},{\"@type\":\"Organization\",\"@id\":\"https:\/\/staging.wewhale.co\/es\/#organization\",\"name\":\"WeWhale\",\"url\":\"https:\/\/staging.wewhale.co\/es\/\",\"logo\":{\"@type\":\"ImageObject\",\"inLanguage\":\"es\",\"@id\":\"https:\/\/staging.wewhale.co\/es\/#\/schema\/logo\/image\/\",\"url\":\"https:\/\/staging.wewhale.co\/wp-content\/uploads\/2022\/06\/wewhale_stamp_rgb.png\",\"contentUrl\":\"https:\/\/staging.wewhale.co\/wp-content\/uploads\/2022\/06\/wewhale_stamp_rgb.png\",\"width\":1000,\"height\":1000,\"caption\":\"WeWhale\"},\"image\":{\"@id\":\"https:\/\/staging.wewhale.co\/es\/#\/schema\/logo\/image\/\"},\"sameAs\":[\"https:\/\/x.com\/WeWhaleCo\"]}]}<\/script>\n<!-- \/ Yoast SEO Premium plugin. -->","yoast_head_json":{"title":"Iberian Orca Hoodie \u2013 Ocean Deep Blue - WeWhale","robots":{"index":"index","follow":"follow","max-snippet":"max-snippet:-1","max-image-preview":"max-image-preview:large","max-video-preview":"max-video-preview:-1"},"canonical":"https:\/\/staging.wewhale.co\/es\/producto\/iberian-orca-hoodie-ocean-deep-blue\/","og_locale":"es_ES","og_type":"article","og_title":"Iberian Orca Hoodie \u2013 Ocean Deep Blue","og_description":"Apoya a la Orca Ib\u00e9rica y su supervivencia comprando este producto. El 100% de las ganancias de la Colecci\u00f3n de la Orca Ib\u00e9rica ir\u00e1 directamente a nuestra campa\u00f1a \"Salva la Orca Ib\u00e9rica\". M\u00e1s informaci\u00f3n en www.save-the-Iberian-orca.org \"Clica aqu\u00ed para ver c\u00f3mo se calcula el precio\"","og_url":"https:\/\/staging.wewhale.co\/es\/producto\/iberian-orca-hoodie-ocean-deep-blue\/","og_site_name":"WeWhale","article_modified_time":"2024-03-26T22:56:25+00:00","og_image":[{"width":974,"height":1217,"url":"https:\/\/staging.wewhale.co\/wp-content\/uploads\/2024\/03\/Iberian-Orca-Hoodie-Ocean-Deep-Blue-2.jpg","type":"image\/jpeg"}],"twitter_card":"summary_large_image","twitter_site":"@WeWhaleCo","twitter_misc":{"Tiempo de lectura":"1 minuto"},"schema":{"@context":"https:\/\/schema.org","@graph":[{"@type":"WebPage","@id":"https:\/\/staging.wewhale.co\/es\/producto\/iberian-orca-hoodie-ocean-deep-blue\/","url":"https:\/\/staging.wewhale.co\/es\/producto\/iberian-orca-hoodie-ocean-deep-blue\/","name":"Iberian Orca Hoodie \u2013 Ocean Deep Blue - WeWhale","isPartOf":{"@id":"https:\/\/staging.wewhale.co\/es\/#website"},"primaryImageOfPage":{"@id":"https:\/\/staging.wewhale.co\/es\/producto\/iberian-orca-hoodie-ocean-deep-blue\/#primaryimage"},"image":{"@id":"https:\/\/staging.wewhale.co\/es\/producto\/iberian-orca-hoodie-ocean-deep-blue\/#primaryimage"},"thumbnailUrl":"https:\/\/staging.wewhale.co\/wp-content\/uploads\/2024\/03\/Iberian-Orca-Hoodie-Ocean-Deep-Blue-2.jpg","datePublished":"2024-03-18T21:09:56+00:00","dateModified":"2024-03-26T22:56:25+00:00","breadcrumb":{"@id":"https:\/\/staging.wewhale.co\/es\/producto\/iberian-orca-hoodie-ocean-deep-blue\/#breadcrumb"},"inLanguage":"es","potentialAction":[{"@type":"ReadAction","target":["https:\/\/staging.wewhale.co\/es\/producto\/iberian-orca-hoodie-ocean-deep-blue\/"]}]},{"@type":"ImageObject","inLanguage":"es","@id":"https:\/\/staging.wewhale.co\/es\/producto\/iberian-orca-hoodie-ocean-deep-blue\/#primaryimage","url":"https:\/\/staging.wewhale.co\/wp-content\/uploads\/2024\/03\/Iberian-Orca-Hoodie-Ocean-Deep-Blue-2.jpg","contentUrl":"https:\/\/staging.wewhale.co\/wp-content\/uploads\/2024\/03\/Iberian-Orca-Hoodie-Ocean-Deep-Blue-2.jpg","width":974,"height":1217},{"@type":"BreadcrumbList","@id":"https:\/\/staging.wewhale.co\/es\/producto\/iberian-orca-hoodie-ocean-deep-blue\/#breadcrumb","itemListElement":[{"@type":"ListItem","position":1,"name":"Home","item":"https:\/\/staging.wewhale.co\/es\/wewhale-inicio\/"},{"@type":"ListItem","position":2,"name":"Shop","item":"https:\/\/staging.wewhale.co\/es\/shop\/"},{"@type":"ListItem","position":3,"name":"Iberian Orca Hoodie \u2013 Ocean Deep Blue"}]},{"@type":"WebSite","@id":"https:\/\/staging.wewhale.co\/es\/#website","url":"https:\/\/staging.wewhale.co\/es\/","name":"WeWhale","description":"","publisher":{"@id":"https:\/\/staging.wewhale.co\/es\/#organization"},"potentialAction":[{"@type":"SearchAction","target":{"@type":"EntryPoint","urlTemplate":"https:\/\/staging.wewhale.co\/es\/?s={search_term_string}"},"query-input":"required name=search_term_string"}],"inLanguage":"es"},{"@type":"Organization","@id":"https:\/\/staging.wewhale.co\/es\/#organization","name":"WeWhale","url":"https:\/\/staging.wewhale.co\/es\/","logo":{"@type":"ImageObject","inLanguage":"es","@id":"https:\/\/staging.wewhale.co\/es\/#\/schema\/logo\/image\/","url":"https:\/\/staging.wewhale.co\/wp-content\/uploads\/2022\/06\/wewhale_stamp_rgb.png","contentUrl":"https:\/\/staging.wewhale.co\/wp-content\/uploads\/2022\/06\/wewhale_stamp_rgb.png","width":1000,"height":1000,"caption":"WeWhale"},"image":{"@id":"https:\/\/staging.wewhale.co\/es\/#\/schema\/logo\/image\/"},"sameAs":["https:\/\/x.com\/WeWhaleCo"]}]}},"_links":{"self":[{"href":"https:\/\/staging.wewhale.co\/es\/wp-json\/wp\/v2\/product\/113398","targetHints":{"allow":["GET"]}}],"collection":[{"href":"https:\/\/staging.wewhale.co\/es\/wp-json\/wp\/v2\/product"}],"about":[{"href":"https:\/\/staging.wewhale.co\/es\/wp-json\/wp\/v2\/types\/product"}],"replies":[{"embeddable":true,"href":"https:\/\/staging.wewhale.co\/es\/wp-json\/wp\/v2\/comments?post=113398"}],"wp:featuredmedia":[{"embeddable":true,"href":"https:\/\/staging.wewhale.co\/es\/wp-json\/wp\/v2\/media\/113404"}],"wp:attachment":[{"href":"https:\/\/staging.wewhale.co\/es\/wp-json\/wp\/v2\/media?parent=113398"}],"wp:term":[{"taxonomy":"product_cat","embeddable":true,"href":"https:\/\/staging.wewhale.co\/es\/wp-json\/wp\/v2\/product_cat?post=113398"},{"taxonomy":"product_tag","embeddable":true,"href":"https:\/\/staging.wewhale.co\/es\/wp-json\/wp\/v2\/product_tag?post=113398"}],"curies":[{"name":"wp","href":"https:\/\/api.w.org\/{rel}","templated":true}]}}